{"id":14986,"date":"2021-03-22T14:14:26","date_gmt":"2021-03-22T13:14:26","guid":{"rendered":"https:\/\/radarservice.eu\/produkt\/interferente-laser-antilaser-al-priority\/"},"modified":"2025-12-29T05:10:23","modified_gmt":"2025-12-29T04:10:23","slug":"interferente-laser-antilaser-al-priority","status":"publish","type":"product","link":"https:\/\/radarservice.eu\/es\/producto\/interferente-laser-antilaser-al-priority\/","title":{"rendered":"Interferente l\u00e1ser Antilaser AL-Priority"},"content":{"rendered":"<p>El nuevo anti-l\u00e1ser AL-Priority ha sido mejorado en comparaci\u00f3n con sus predecesores AL-G8 y AL-G9. El sensor no s\u00f3lo es m\u00e1s compacto, con 30x14x57mm, y tambi\u00e9n m\u00e1s potente, sino que adem\u00e1s puede instalarse con mayor facilidad en el veh\u00edculo gracias al trazado optimizado de los cables. Adem\u00e1s, el AL Priority es ahora un asistente de aparcamiento patentado y probado por el T\u00dcV, que incluye la marca E de conformidad, y cumple todas las normas necesarias de la industria del autom\u00f3vil para un funcionamiento sin preocupaciones en su veh\u00edculo. El ALP le ofrece un 100% de protecci\u00f3n contra los controles de velocidad con todas las pistolas l\u00e1ser utilizadas actualmente en Europa. A pesar de sus reducidas dimensiones, el ALP ofrece una protecci\u00f3n eficaz y eficiente contra los ca\u00f1ones l\u00e1ser. El cegador l\u00e1ser ALPriority puede utilizarse como sensor de aparcamiento y como inhibidor l\u00e1ser.<\/p>\n<p>Nota: Para cubrir completamente la superficie del veh\u00edculo, recomendamos la versi\u00f3n con 2 sensores para su uso en un coche o SUV. Si desea proteger la parte trasera del veh\u00edculo adem\u00e1s de la delantera, necesitar\u00e1 4 sensores. Las motocicletas s\u00f3lo necesitan la versi\u00f3n simple con un sensor o dos sensores para la protecci\u00f3n delantera y trasera.<\/p>\n<p><p><strong>Presentaci\u00f3n:<\/strong><br \/>\n+ peque\u00f1o sensor l\u00e1ser compacto<br \/>\n+ puede utilizarse como asistente de aparcamiento asistido por l\u00e1ser<br \/>.<br \/>\n+ advertencia l\u00e1ser o interferencia l\u00e1ser activa contra todas las mediciones l\u00e1ser<br \/>\n+ Certificado CE y E Mark<\/p>\n<p><strong>Alcance del suministro:<\/strong><br \/>\n* Sensor l\u00e1ser (seg\u00fan selecci\u00f3n 1 \/ 2 \/ 4 o 5 sensores)<br \/>\n* Unidad de control<br \/>\n* Juego de cables, pantalla LED y regulador de intensidad<br \/>\n* Accesorios de montaje (placa de montaje, tornillos, bridas para cables)<br \/>\n* Instrucciones de uso<br \/>\n* 2 a\u00f1os de garant\u00eda<\/p>\n","protected":false},"excerpt":{"rendered":"<p>El nuevo anti-l\u00e1ser AL-Priority ha sido mejorado en comparaci\u00f3n con sus predecesores AL-G8 y AL-G9. El sensor no s\u00f3lo es m\u00e1s compacto, con 30x14x57mm, y tambi\u00e9n m\u00e1s potente, sino que adem\u00e1s puede instalarse con mayor facilidad en el veh\u00edculo gracias al trazado optimizado de los cables. Adem\u00e1s, el AL Priority es ahora un asistente de [&#8230;]\n","protected":false},"featured_media":14987,"comment_status":"open","ping_status":"closed","template":"","meta":[],"product_brand":[],"product_cat":[913,916,912],"product_tag":[951,941,943,902,942,952],"class_list":{"0":"post-14986","1":"product","2":"type-product","3":"status-publish","4":"has-post-thumbnail","6":"product_cat-antilaser-es","7":"product_cat-interferencias-recomendadas","8":"product_cat-interferente-laser","9":"product_tag-al-priority-es","10":"product_tag-anti-laser","11":"product_tag-bloqueador-laser","12":"product_tag-europa-es","13":"product_tag-interferente-laser","14":"product_tag-pistola-laser-es","16":"first","17":"instock","18":"sale","19":"taxable","20":"shipping-taxable","21":"purchasable","22":"product-type-variable","23":"has-default-attributes"},"yoast_head":"<!-- This site is optimized with the Yoast SEO plugin v27.2 - https:\/\/yoast.com\/product\/yoast-seo-wordpress\/ -->\n<title>Interferente l\u00e1ser Antilaser AL-Priority | Radar Service<\/title>\n<meta name=\"description\" content=\"El Antilaser ALP Priority le ofrece una protecci\u00f3n del 100% contra los controles de velocidad con todas las pistolas l\u00e1ser utilizadas actualmente en Europa.\" \/>\n<meta name=\"robots\" content=\"index, follow, max-snippet:-1, max-image-preview:large, max-video-preview:-1\" \/>\n<link rel=\"canonical\" href=\"https:\/\/radarservice.eu\/es\/producto\/interferente-laser-antilaser-al-priority\/\" \/>\n<meta property=\"og:locale\" content=\"es_ES\" \/>\n<meta property=\"og:type\" content=\"article\" \/>\n<meta property=\"og:title\" content=\"Interferente l\u00e1ser Antilaser AL-Priority | Radar Service\" \/>\n<meta property=\"og:description\" content=\"El Antilaser ALP Priority le ofrece una protecci\u00f3n del 100% contra los controles de velocidad con todas las pistolas l\u00e1ser utilizadas actualmente en Europa.\" \/>\n<meta property=\"og:url\" content=\"https:\/\/radarservice.eu\/es\/producto\/interferente-laser-antilaser-al-priority\/\" \/>\n<meta property=\"og:site_name\" content=\"Radar Service\" \/>\n<meta property=\"article:modified_time\" content=\"2025-12-29T04:10:23+00:00\" \/>\n<meta property=\"og:image\" content=\"https:\/\/radarservice.eu\/wp-content\/uploads\/2019\/07\/antilaser-al-priority-1-sensor.jpg\" \/>\n\t<meta property=\"og:image:width\" content=\"582\" \/>\n\t<meta property=\"og:image:height\" content=\"432\" \/>\n\t<meta property=\"og:image:type\" content=\"image\/jpeg\" \/>\n<meta name=\"twitter:card\" content=\"summary_large_image\" \/>\n<meta name=\"twitter:label1\" content=\"Tiempo de lectura\" \/>\n\t<meta name=\"twitter:data1\" content=\"2 minutos\" \/>\n<script type=\"application\/ld+json\" class=\"yoast-schema-graph\">{\"@context\":\"https:\/\/schema.org\",\"@graph\":[{\"@type\":\"WebPage\",\"@id\":\"https:\/\/radarservice.eu\/es\/producto\/interferente-laser-antilaser-al-priority\/\",\"url\":\"https:\/\/radarservice.eu\/es\/producto\/interferente-laser-antilaser-al-priority\/\",\"name\":\"Interferente l\u00e1ser Antilaser AL-Priority | Radar Service\",\"isPartOf\":{\"@id\":\"https:\/\/radarservice.eu\/es\/#website\"},\"primaryImageOfPage\":{\"@id\":\"https:\/\/radarservice.eu\/es\/producto\/interferente-laser-antilaser-al-priority\/#primaryimage\"},\"image\":{\"@id\":\"https:\/\/radarservice.eu\/es\/producto\/interferente-laser-antilaser-al-priority\/#primaryimage\"},\"thumbnailUrl\":\"https:\/\/radarservice.eu\/wp-content\/uploads\/2019\/07\/antilaser-al-priority-1-sensor.jpg\",\"datePublished\":\"2021-03-22T13:14:26+00:00\",\"dateModified\":\"2025-12-29T04:10:23+00:00\",\"description\":\"El Antilaser ALP Priority le ofrece una protecci\u00f3n del 100% contra los controles de velocidad con todas las pistolas l\u00e1ser utilizadas actualmente en Europa.\",\"breadcrumb\":{\"@id\":\"https:\/\/radarservice.eu\/es\/producto\/interferente-laser-antilaser-al-priority\/#breadcrumb\"},\"inLanguage\":\"es\",\"potentialAction\":[{\"@type\":\"ReadAction\",\"target\":[\"https:\/\/radarservice.eu\/es\/producto\/interferente-laser-antilaser-al-priority\/\"]}]},{\"@type\":\"ImageObject\",\"inLanguage\":\"es\",\"@id\":\"https:\/\/radarservice.eu\/es\/producto\/interferente-laser-antilaser-al-priority\/#primaryimage\",\"url\":\"https:\/\/radarservice.eu\/wp-content\/uploads\/2019\/07\/antilaser-al-priority-1-sensor.jpg\",\"contentUrl\":\"https:\/\/radarservice.eu\/wp-content\/uploads\/2019\/07\/antilaser-al-priority-1-sensor.jpg\",\"width\":582,\"height\":432,\"caption\":\"Sensor Antilaser ALP de prioridad 1\"},{\"@type\":\"BreadcrumbList\",\"@id\":\"https:\/\/radarservice.eu\/es\/producto\/interferente-laser-antilaser-al-priority\/#breadcrumb\",\"itemListElement\":[{\"@type\":\"ListItem\",\"position\":1,\"name\":\"Tienda\",\"item\":\"https:\/\/radarservice.eu\/es\/tienda\/\"},{\"@type\":\"ListItem\",\"position\":2,\"name\":\"Interferente l\u00e1ser Antilaser AL-Priority\"}]},{\"@type\":\"WebSite\",\"@id\":\"https:\/\/radarservice.eu\/es\/#website\",\"url\":\"https:\/\/radarservice.eu\/es\/\",\"name\":\"Radar Service\",\"description\":\"Radar detector Laser jammer mobile fix\",\"publisher\":{\"@id\":\"https:\/\/radarservice.eu\/es\/#organization\"},\"potentialAction\":[{\"@type\":\"SearchAction\",\"target\":{\"@type\":\"EntryPoint\",\"urlTemplate\":\"https:\/\/radarservice.eu\/es\/?s={search_term_string}\"},\"query-input\":{\"@type\":\"PropertyValueSpecification\",\"valueRequired\":true,\"valueName\":\"search_term_string\"}}],\"inLanguage\":\"es\"},{\"@type\":\"Organization\",\"@id\":\"https:\/\/radarservice.eu\/es\/#organization\",\"name\":\"RadarService\",\"url\":\"https:\/\/radarservice.eu\/es\/\",\"logo\":{\"@type\":\"ImageObject\",\"inLanguage\":\"es\",\"@id\":\"https:\/\/radarservice.eu\/es\/#\/schema\/logo\/image\/\",\"url\":\"https:\/\/radarservice.eu\/wp-content\/uploads\/2021\/03\/Radar_detector_service.png\",\"contentUrl\":\"https:\/\/radarservice.eu\/wp-content\/uploads\/2021\/03\/Radar_detector_service.png\",\"width\":174,\"height\":48,\"caption\":\"RadarService\"},\"image\":{\"@id\":\"https:\/\/radarservice.eu\/es\/#\/schema\/logo\/image\/\"}}]}<\/script>\n<!-- \/ Yoast SEO plugin. -->","yoast_head_json":{"title":"Interferente l\u00e1ser Antilaser AL-Priority | Radar Service","description":"El Antilaser ALP Priority le ofrece una protecci\u00f3n del 100% contra los controles de velocidad con todas las pistolas l\u00e1ser utilizadas actualmente en Europa.","robots":{"index":"index","follow":"follow","max-snippet":"max-snippet:-1","max-image-preview":"max-image-preview:large","max-video-preview":"max-video-preview:-1"},"canonical":"https:\/\/radarservice.eu\/es\/producto\/interferente-laser-antilaser-al-priority\/","og_locale":"es_ES","og_type":"article","og_title":"Interferente l\u00e1ser Antilaser AL-Priority | Radar Service","og_description":"El Antilaser ALP Priority le ofrece una protecci\u00f3n del 100% contra los controles de velocidad con todas las pistolas l\u00e1ser utilizadas actualmente en Europa.","og_url":"https:\/\/radarservice.eu\/es\/producto\/interferente-laser-antilaser-al-priority\/","og_site_name":"Radar Service","article_modified_time":"2025-12-29T04:10:23+00:00","og_image":[{"width":582,"height":432,"url":"https:\/\/radarservice.eu\/wp-content\/uploads\/2019\/07\/antilaser-al-priority-1-sensor.jpg","type":"image\/jpeg"}],"twitter_card":"summary_large_image","twitter_misc":{"Tiempo de lectura":"2 minutos"},"schema":{"@context":"https:\/\/schema.org","@graph":[{"@type":"WebPage","@id":"https:\/\/radarservice.eu\/es\/producto\/interferente-laser-antilaser-al-priority\/","url":"https:\/\/radarservice.eu\/es\/producto\/interferente-laser-antilaser-al-priority\/","name":"Interferente l\u00e1ser Antilaser AL-Priority | Radar Service","isPartOf":{"@id":"https:\/\/radarservice.eu\/es\/#website"},"primaryImageOfPage":{"@id":"https:\/\/radarservice.eu\/es\/producto\/interferente-laser-antilaser-al-priority\/#primaryimage"},"image":{"@id":"https:\/\/radarservice.eu\/es\/producto\/interferente-laser-antilaser-al-priority\/#primaryimage"},"thumbnailUrl":"https:\/\/radarservice.eu\/wp-content\/uploads\/2019\/07\/antilaser-al-priority-1-sensor.jpg","datePublished":"2021-03-22T13:14:26+00:00","dateModified":"2025-12-29T04:10:23+00:00","description":"El Antilaser ALP Priority le ofrece una protecci\u00f3n del 100% contra los controles de velocidad con todas las pistolas l\u00e1ser utilizadas actualmente en Europa.","breadcrumb":{"@id":"https:\/\/radarservice.eu\/es\/producto\/interferente-laser-antilaser-al-priority\/#breadcrumb"},"inLanguage":"es","potentialAction":[{"@type":"ReadAction","target":["https:\/\/radarservice.eu\/es\/producto\/interferente-laser-antilaser-al-priority\/"]}]},{"@type":"ImageObject","inLanguage":"es","@id":"https:\/\/radarservice.eu\/es\/producto\/interferente-laser-antilaser-al-priority\/#primaryimage","url":"https:\/\/radarservice.eu\/wp-content\/uploads\/2019\/07\/antilaser-al-priority-1-sensor.jpg","contentUrl":"https:\/\/radarservice.eu\/wp-content\/uploads\/2019\/07\/antilaser-al-priority-1-sensor.jpg","width":582,"height":432,"caption":"Sensor Antilaser ALP de prioridad 1"},{"@type":"BreadcrumbList","@id":"https:\/\/radarservice.eu\/es\/producto\/interferente-laser-antilaser-al-priority\/#breadcrumb","itemListElement":[{"@type":"ListItem","position":1,"name":"Tienda","item":"https:\/\/radarservice.eu\/es\/tienda\/"},{"@type":"ListItem","position":2,"name":"Interferente l\u00e1ser Antilaser AL-Priority"}]},{"@type":"WebSite","@id":"https:\/\/radarservice.eu\/es\/#website","url":"https:\/\/radarservice.eu\/es\/","name":"Radar Service","description":"Radar detector Laser jammer mobile fix","publisher":{"@id":"https:\/\/radarservice.eu\/es\/#organization"},"potentialAction":[{"@type":"SearchAction","target":{"@type":"EntryPoint","urlTemplate":"https:\/\/radarservice.eu\/es\/?s={search_term_string}"},"query-input":{"@type":"PropertyValueSpecification","valueRequired":true,"valueName":"search_term_string"}}],"inLanguage":"es"},{"@type":"Organization","@id":"https:\/\/radarservice.eu\/es\/#organization","name":"RadarService","url":"https:\/\/radarservice.eu\/es\/","logo":{"@type":"ImageObject","inLanguage":"es","@id":"https:\/\/radarservice.eu\/es\/#\/schema\/logo\/image\/","url":"https:\/\/radarservice.eu\/wp-content\/uploads\/2021\/03\/Radar_detector_service.png","contentUrl":"https:\/\/radarservice.eu\/wp-content\/uploads\/2021\/03\/Radar_detector_service.png","width":174,"height":48,"caption":"RadarService"},"image":{"@id":"https:\/\/radarservice.eu\/es\/#\/schema\/logo\/image\/"}}]}},"_links":{"self":[{"href":"https:\/\/radarservice.eu\/es\/wp-json\/wp\/v2\/product\/14986","targetHints":{"allow":["GET"]}}],"collection":[{"href":"https:\/\/radarservice.eu\/es\/wp-json\/wp\/v2\/product"}],"about":[{"href":"https:\/\/radarservice.eu\/es\/wp-json\/wp\/v2\/types\/product"}],"replies":[{"embeddable":true,"href":"https:\/\/radarservice.eu\/es\/wp-json\/wp\/v2\/comments?post=14986"}],"wp:featuredmedia":[{"embeddable":true,"href":"https:\/\/radarservice.eu\/es\/wp-json\/wp\/v2\/media\/14987"}],"wp:attachment":[{"href":"https:\/\/radarservice.eu\/es\/wp-json\/wp\/v2\/media?parent=14986"}],"wp:term":[{"taxonomy":"product_brand","embeddable":true,"href":"https:\/\/radarservice.eu\/es\/wp-json\/wp\/v2\/product_brand?post=14986"},{"taxonomy":"product_cat","embeddable":true,"href":"https:\/\/radarservice.eu\/es\/wp-json\/wp\/v2\/product_cat?post=14986"},{"taxonomy":"product_tag","embeddable":true,"href":"https:\/\/radarservice.eu\/es\/wp-json\/wp\/v2\/product_tag?post=14986"}],"curies":[{"name":"wp","href":"https:\/\/api.w.org\/{rel}","templated":true}]}}