{"id":14982,"date":"2021-03-22T14:09:13","date_gmt":"2021-03-22T13:09:13","guid":{"rendered":"https:\/\/radarservice.eu\/produkt\/bloqueador-laser-antilaser-al-g9-rx\/"},"modified":"2021-03-22T14:09:13","modified_gmt":"2021-03-22T13:09:13","slug":"bloqueador-laser-antilaser-al-g9-rx","status":"publish","type":"product","link":"https:\/\/radarservice.eu\/es\/producto\/bloqueador-laser-antilaser-al-g9-rx\/","title":{"rendered":"Bloqueador l\u00e1ser Antilaser AL G9 RX"},"content":{"rendered":"<p>El nuevo anti-l\u00e1ser AL-G9 RX ha sido mejorado de nuevo en comparaci\u00f3n con su predecesor AL-G9. Para una protecci\u00f3n a\u00fan m\u00e1s eficaz contra los ca\u00f1ones l\u00e1ser, la potencia de recepci\u00f3n y transmisi\u00f3n del AL-G9RX se ha incrementado considerablemente. El cegador l\u00e1ser AL-G9 es un sistema l\u00e1ser multifuncional que puede utilizarse como sensor de aparcamiento y como inhibidor l\u00e1ser.<\/p>\n<p><p><strong>Nota:<\/strong> Para cubrir completamente el \u00e1rea del veh\u00edculo, recomendamos la versi\u00f3n con 2 sensores para su uso en un coche o SUV. Quiere proteger la parte trasera del veh\u00edculo adem\u00e1s de la delantera, necesita 4 sensores.<br \/>.<br \/>\nLas motocicletas s\u00f3lo necesitan la versi\u00f3n simple con un sensor o dos sensores para la protecci\u00f3n delantera y trasera.<\/p>\n<p><p><strong>Presentaci\u00f3n:<\/strong><br \/>\n+ sensor l\u00e1ser compacto<br \/>\n+ asistente de aparcamiento asistido por l\u00e1ser<br \/>\n+ interferencia del l\u00e1ser activo contra las mediciones del l\u00e1ser<\/p>\n<p><strong>Alcance del suministro:<\/strong><br \/>\n* Sensor(es) l\u00e1ser (seg\u00fan selecci\u00f3n 1 \/ 2 \/ 4)<br \/>\n* Unidad de control<br \/>\n* Juego de cables &amp; Pantalla LED<br \/>\n* Accesorios de montaje (placa de montaje, tornillos, bridas para cables)<br \/>\n* Manual de instrucciones<br \/>\n* 2 a\u00f1os de garant\u00eda<\/p>\n","protected":false},"excerpt":{"rendered":"<p>El nuevo anti-l\u00e1ser AL-G9 RX ha sido mejorado de nuevo en comparaci\u00f3n con su predecesor AL-G9. Para una protecci\u00f3n a\u00fan m\u00e1s eficaz contra los ca\u00f1ones l\u00e1ser, la potencia de recepci\u00f3n y transmisi\u00f3n del AL-G9RX se ha incrementado considerablemente. El cegador l\u00e1ser AL-G9 es un sistema l\u00e1ser multifuncional que puede utilizarse como sensor de aparcamiento y [&#8230;]\n","protected":false},"featured_media":14983,"comment_status":"open","ping_status":"closed","template":"","meta":[],"product_brand":[],"product_cat":[913],"product_tag":[945,941,943,942,944],"class_list":{"0":"post-14982","1":"product","2":"type-product","3":"status-publish","4":"has-post-thumbnail","6":"product_cat-antilaser-es","7":"product_tag-al-g9-rx-es","8":"product_tag-anti-laser","9":"product_tag-bloqueador-laser","10":"product_tag-interferente-laser","11":"product_tag-laserblind","13":"first","14":"outofstock","15":"taxable","16":"shipping-taxable","17":"purchasable","18":"product-type-simple"},"yoast_head":"<!-- This site is optimized with the Yoast SEO plugin v27.2 - https:\/\/yoast.com\/product\/yoast-seo-wordpress\/ -->\n<title>Bloqueador l\u00e1ser Antilaser AL G9 RX | Radar Service<\/title>\n<meta name=\"description\" content=\"Bloqueador l\u00e1ser Antilaser AL G9 RX | Radar Service\" \/>\n<meta name=\"robots\" content=\"index, follow, max-snippet:-1, max-image-preview:large, max-video-preview:-1\" \/>\n<link rel=\"canonical\" href=\"https:\/\/radarservice.eu\/es\/producto\/bloqueador-laser-antilaser-al-g9-rx\/\" \/>\n<meta property=\"og:locale\" content=\"es_ES\" \/>\n<meta property=\"og:type\" content=\"article\" \/>\n<meta property=\"og:title\" content=\"Bloqueador l\u00e1ser Antilaser AL G9 RX | Radar Service\" \/>\n<meta property=\"og:description\" content=\"Bloqueador l\u00e1ser Antilaser AL G9 RX | Radar Service\" \/>\n<meta property=\"og:url\" content=\"https:\/\/radarservice.eu\/es\/producto\/bloqueador-laser-antilaser-al-g9-rx\/\" \/>\n<meta property=\"og:site_name\" content=\"Radar Service\" \/>\n<meta property=\"og:image\" content=\"https:\/\/radarservice.eu\/wp-content\/uploads\/2020\/09\/alg_9rx.jpg\" \/>\n\t<meta property=\"og:image:width\" content=\"600\" \/>\n\t<meta property=\"og:image:height\" content=\"495\" \/>\n\t<meta property=\"og:image:type\" content=\"image\/jpeg\" \/>\n<meta name=\"twitter:card\" content=\"summary_large_image\" \/>\n<meta name=\"twitter:label1\" content=\"Tiempo de lectura\" \/>\n\t<meta name=\"twitter:data1\" content=\"1 minuto\" \/>\n<script type=\"application\/ld+json\" class=\"yoast-schema-graph\">{\"@context\":\"https:\/\/schema.org\",\"@graph\":[{\"@type\":\"WebPage\",\"@id\":\"https:\/\/radarservice.eu\/es\/producto\/bloqueador-laser-antilaser-al-g9-rx\/\",\"url\":\"https:\/\/radarservice.eu\/es\/producto\/bloqueador-laser-antilaser-al-g9-rx\/\",\"name\":\"Bloqueador l\u00e1ser Antilaser AL G9 RX | Radar Service\",\"isPartOf\":{\"@id\":\"https:\/\/radarservice.eu\/es\/#website\"},\"primaryImageOfPage\":{\"@id\":\"https:\/\/radarservice.eu\/es\/producto\/bloqueador-laser-antilaser-al-g9-rx\/#primaryimage\"},\"image\":{\"@id\":\"https:\/\/radarservice.eu\/es\/producto\/bloqueador-laser-antilaser-al-g9-rx\/#primaryimage\"},\"thumbnailUrl\":\"https:\/\/radarservice.eu\/wp-content\/uploads\/2020\/09\/alg_9rx.jpg\",\"datePublished\":\"2021-03-22T13:09:13+00:00\",\"description\":\"Bloqueador l\u00e1ser Antilaser AL G9 RX | Radar Service\",\"breadcrumb\":{\"@id\":\"https:\/\/radarservice.eu\/es\/producto\/bloqueador-laser-antilaser-al-g9-rx\/#breadcrumb\"},\"inLanguage\":\"es\",\"potentialAction\":[{\"@type\":\"ReadAction\",\"target\":[\"https:\/\/radarservice.eu\/es\/producto\/bloqueador-laser-antilaser-al-g9-rx\/\"]}]},{\"@type\":\"ImageObject\",\"inLanguage\":\"es\",\"@id\":\"https:\/\/radarservice.eu\/es\/producto\/bloqueador-laser-antilaser-al-g9-rx\/#primaryimage\",\"url\":\"https:\/\/radarservice.eu\/wp-content\/uploads\/2020\/09\/alg_9rx.jpg\",\"contentUrl\":\"https:\/\/radarservice.eu\/wp-content\/uploads\/2020\/09\/alg_9rx.jpg\",\"width\":600,\"height\":495,\"caption\":\"Antil\u00e1ser ALG 9 RX\"},{\"@type\":\"BreadcrumbList\",\"@id\":\"https:\/\/radarservice.eu\/es\/producto\/bloqueador-laser-antilaser-al-g9-rx\/#breadcrumb\",\"itemListElement\":[{\"@type\":\"ListItem\",\"position\":1,\"name\":\"Tienda\",\"item\":\"https:\/\/radarservice.eu\/es\/tienda\/\"},{\"@type\":\"ListItem\",\"position\":2,\"name\":\"Bloqueador l\u00e1ser Antilaser AL G9 RX\"}]},{\"@type\":\"WebSite\",\"@id\":\"https:\/\/radarservice.eu\/es\/#website\",\"url\":\"https:\/\/radarservice.eu\/es\/\",\"name\":\"Radar Service\",\"description\":\"Radar detector Laser jammer mobile fix\",\"publisher\":{\"@id\":\"https:\/\/radarservice.eu\/es\/#organization\"},\"potentialAction\":[{\"@type\":\"SearchAction\",\"target\":{\"@type\":\"EntryPoint\",\"urlTemplate\":\"https:\/\/radarservice.eu\/es\/?s={search_term_string}\"},\"query-input\":{\"@type\":\"PropertyValueSpecification\",\"valueRequired\":true,\"valueName\":\"search_term_string\"}}],\"inLanguage\":\"es\"},{\"@type\":\"Organization\",\"@id\":\"https:\/\/radarservice.eu\/es\/#organization\",\"name\":\"RadarService\",\"url\":\"https:\/\/radarservice.eu\/es\/\",\"logo\":{\"@type\":\"ImageObject\",\"inLanguage\":\"es\",\"@id\":\"https:\/\/radarservice.eu\/es\/#\/schema\/logo\/image\/\",\"url\":\"https:\/\/radarservice.eu\/wp-content\/uploads\/2021\/03\/Radar_detector_service.png\",\"contentUrl\":\"https:\/\/radarservice.eu\/wp-content\/uploads\/2021\/03\/Radar_detector_service.png\",\"width\":174,\"height\":48,\"caption\":\"RadarService\"},\"image\":{\"@id\":\"https:\/\/radarservice.eu\/es\/#\/schema\/logo\/image\/\"}}]}<\/script>\n<!-- \/ Yoast SEO plugin. -->","yoast_head_json":{"title":"Bloqueador l\u00e1ser Antilaser AL G9 RX | Radar Service","description":"Bloqueador l\u00e1ser Antilaser AL G9 RX | Radar Service","robots":{"index":"index","follow":"follow","max-snippet":"max-snippet:-1","max-image-preview":"max-image-preview:large","max-video-preview":"max-video-preview:-1"},"canonical":"https:\/\/radarservice.eu\/es\/producto\/bloqueador-laser-antilaser-al-g9-rx\/","og_locale":"es_ES","og_type":"article","og_title":"Bloqueador l\u00e1ser Antilaser AL G9 RX | Radar Service","og_description":"Bloqueador l\u00e1ser Antilaser AL G9 RX | Radar Service","og_url":"https:\/\/radarservice.eu\/es\/producto\/bloqueador-laser-antilaser-al-g9-rx\/","og_site_name":"Radar Service","og_image":[{"width":600,"height":495,"url":"https:\/\/radarservice.eu\/wp-content\/uploads\/2020\/09\/alg_9rx.jpg","type":"image\/jpeg"}],"twitter_card":"summary_large_image","twitter_misc":{"Tiempo de lectura":"1 minuto"},"schema":{"@context":"https:\/\/schema.org","@graph":[{"@type":"WebPage","@id":"https:\/\/radarservice.eu\/es\/producto\/bloqueador-laser-antilaser-al-g9-rx\/","url":"https:\/\/radarservice.eu\/es\/producto\/bloqueador-laser-antilaser-al-g9-rx\/","name":"Bloqueador l\u00e1ser Antilaser AL G9 RX | Radar Service","isPartOf":{"@id":"https:\/\/radarservice.eu\/es\/#website"},"primaryImageOfPage":{"@id":"https:\/\/radarservice.eu\/es\/producto\/bloqueador-laser-antilaser-al-g9-rx\/#primaryimage"},"image":{"@id":"https:\/\/radarservice.eu\/es\/producto\/bloqueador-laser-antilaser-al-g9-rx\/#primaryimage"},"thumbnailUrl":"https:\/\/radarservice.eu\/wp-content\/uploads\/2020\/09\/alg_9rx.jpg","datePublished":"2021-03-22T13:09:13+00:00","description":"Bloqueador l\u00e1ser Antilaser AL G9 RX | Radar Service","breadcrumb":{"@id":"https:\/\/radarservice.eu\/es\/producto\/bloqueador-laser-antilaser-al-g9-rx\/#breadcrumb"},"inLanguage":"es","potentialAction":[{"@type":"ReadAction","target":["https:\/\/radarservice.eu\/es\/producto\/bloqueador-laser-antilaser-al-g9-rx\/"]}]},{"@type":"ImageObject","inLanguage":"es","@id":"https:\/\/radarservice.eu\/es\/producto\/bloqueador-laser-antilaser-al-g9-rx\/#primaryimage","url":"https:\/\/radarservice.eu\/wp-content\/uploads\/2020\/09\/alg_9rx.jpg","contentUrl":"https:\/\/radarservice.eu\/wp-content\/uploads\/2020\/09\/alg_9rx.jpg","width":600,"height":495,"caption":"Antil\u00e1ser ALG 9 RX"},{"@type":"BreadcrumbList","@id":"https:\/\/radarservice.eu\/es\/producto\/bloqueador-laser-antilaser-al-g9-rx\/#breadcrumb","itemListElement":[{"@type":"ListItem","position":1,"name":"Tienda","item":"https:\/\/radarservice.eu\/es\/tienda\/"},{"@type":"ListItem","position":2,"name":"Bloqueador l\u00e1ser Antilaser AL G9 RX"}]},{"@type":"WebSite","@id":"https:\/\/radarservice.eu\/es\/#website","url":"https:\/\/radarservice.eu\/es\/","name":"Radar Service","description":"Radar detector Laser jammer mobile fix","publisher":{"@id":"https:\/\/radarservice.eu\/es\/#organization"},"potentialAction":[{"@type":"SearchAction","target":{"@type":"EntryPoint","urlTemplate":"https:\/\/radarservice.eu\/es\/?s={search_term_string}"},"query-input":{"@type":"PropertyValueSpecification","valueRequired":true,"valueName":"search_term_string"}}],"inLanguage":"es"},{"@type":"Organization","@id":"https:\/\/radarservice.eu\/es\/#organization","name":"RadarService","url":"https:\/\/radarservice.eu\/es\/","logo":{"@type":"ImageObject","inLanguage":"es","@id":"https:\/\/radarservice.eu\/es\/#\/schema\/logo\/image\/","url":"https:\/\/radarservice.eu\/wp-content\/uploads\/2021\/03\/Radar_detector_service.png","contentUrl":"https:\/\/radarservice.eu\/wp-content\/uploads\/2021\/03\/Radar_detector_service.png","width":174,"height":48,"caption":"RadarService"},"image":{"@id":"https:\/\/radarservice.eu\/es\/#\/schema\/logo\/image\/"}}]}},"_links":{"self":[{"href":"https:\/\/radarservice.eu\/es\/wp-json\/wp\/v2\/product\/14982","targetHints":{"allow":["GET"]}}],"collection":[{"href":"https:\/\/radarservice.eu\/es\/wp-json\/wp\/v2\/product"}],"about":[{"href":"https:\/\/radarservice.eu\/es\/wp-json\/wp\/v2\/types\/product"}],"replies":[{"embeddable":true,"href":"https:\/\/radarservice.eu\/es\/wp-json\/wp\/v2\/comments?post=14982"}],"wp:featuredmedia":[{"embeddable":true,"href":"https:\/\/radarservice.eu\/es\/wp-json\/wp\/v2\/media\/14983"}],"wp:attachment":[{"href":"https:\/\/radarservice.eu\/es\/wp-json\/wp\/v2\/media?parent=14982"}],"wp:term":[{"taxonomy":"product_brand","embeddable":true,"href":"https:\/\/radarservice.eu\/es\/wp-json\/wp\/v2\/product_brand?post=14982"},{"taxonomy":"product_cat","embeddable":true,"href":"https:\/\/radarservice.eu\/es\/wp-json\/wp\/v2\/product_cat?post=14982"},{"taxonomy":"product_tag","embeddable":true,"href":"https:\/\/radarservice.eu\/es\/wp-json\/wp\/v2\/product_tag?post=14982"}],"curies":[{"name":"wp","href":"https:\/\/api.w.org\/{rel}","templated":true}]}}