{"id":14980,"date":"2021-03-22T14:06:32","date_gmt":"2021-03-22T13:06:32","guid":{"rendered":"https:\/\/radarservice.eu\/produkt\/recordatorio-gps-europa\/"},"modified":"2021-03-22T14:06:32","modified_gmt":"2021-03-22T13:06:32","slug":"recordatorio-gps-europa","status":"publish","type":"product","link":"https:\/\/radarservice.eu\/es\/producto\/recordatorio-gps-europa\/","title":{"rendered":"Recordatorio GPS Europa"},"content":{"rendered":"<p>Cuando se acerca a un radar de velocidad, el recordatorio GPS emite una clara advertencia \u00f3ptica y ac\u00fastica. El aviso ac\u00fastico se realiza mediante un pitido y un anuncio de voz en alem\u00e1n. Un sensor de movimiento integrado pone autom\u00e1ticamente el recordatorio GPS en modo de espera tras 15 minutos de inactividad y lo reactiva de forma totalmente autom\u00e1tica cuando vuelves a conducir. As\u00ed, la bater\u00eda est\u00e1 protegida y alcanza su m\u00e1xima autonom\u00eda sin necesidad de recargarla.<\/p>\n<p\n\n\n<p><strong>Presentaci\u00f3n:<\/strong><br \/>\n+ Base de datos de Europa con m\u00e1s de 40.000 radares de tr\u00e1fico<br \/>\n+ aviso visual y sonoro claro<br \/>\n+ dise\u00f1o peque\u00f1o<br \/>\n+ Hasta 17 horas de energ\u00eda con la bater\u00eda de iones de litio<\/p>\n<p><strong>Alcance del suministro:<\/strong><br \/>\n* Recordatorio GPS<br \/>\n* Base de datos europea preinstalada<br \/>\n* Cable de carga para el coche (entrada 12V, salida 5V)<br \/>\n* Adaptador de 220V (salida 5,3V, 500mA)<br \/>\n* Bater\u00eda de iones de litio de 1100mA<br \/>\n* Cable de conexi\u00f3n USB<br \/>\n* Alfombra antideslizante<\/p>\n","protected":false},"excerpt":{"rendered":"<p>GPS Reminder Europe le avisa de m\u00e1s de 40.000 controles de velocidad fijos en toda Europa.<\/p>\n","protected":false},"featured_media":14981,"comment_status":"open","ping_status":"closed","template":"","meta":[],"product_brand":[],"product_cat":[931],"product_tag":[940,902,938,939],"class_list":{"0":"post-14980","1":"product","2":"type-product","3":"status-publish","4":"has-post-thumbnail","6":"product_cat-detectores-de-pdi-por-gps","7":"product_tag-aviso-de-camara-de-velocidad","8":"product_tag-europa-es","9":"product_tag-gps-warner-es","10":"product_tag-recordatorio-gps","12":"first","13":"onbackorder","14":"taxable","15":"shipping-taxable","16":"purchasable","17":"product-type-simple"},"yoast_head":"<!-- This site is optimized with the Yoast SEO plugin v27.2 - https:\/\/yoast.com\/product\/yoast-seo-wordpress\/ -->\n<title>Recordatorio GPS Europa POI Warner Europe<\/title>\n<meta name=\"description\" content=\"GPS Reminder Europe le avisa de m\u00e1s de 40.000 controles de velocidad fijos en toda Europa.\" \/>\n<meta name=\"robots\" content=\"index, follow, max-snippet:-1, max-image-preview:large, max-video-preview:-1\" \/>\n<link rel=\"canonical\" href=\"https:\/\/radarservice.eu\/es\/producto\/recordatorio-gps-europa\/\" \/>\n<meta property=\"og:locale\" content=\"es_ES\" \/>\n<meta property=\"og:type\" content=\"article\" \/>\n<meta property=\"og:title\" content=\"Recordatorio GPS Europa POI Warner Europe\" \/>\n<meta property=\"og:description\" content=\"GPS Reminder Europe le avisa de m\u00e1s de 40.000 controles de velocidad fijos en toda Europa.\" \/>\n<meta property=\"og:url\" content=\"https:\/\/radarservice.eu\/es\/producto\/recordatorio-gps-europa\/\" \/>\n<meta property=\"og:site_name\" content=\"Radar Service\" \/>\n<meta property=\"og:image\" content=\"https:\/\/radarservice.eu\/wp-content\/uploads\/2019\/07\/gps_reminder.jpg\" \/>\n\t<meta property=\"og:image:width\" content=\"500\" \/>\n\t<meta property=\"og:image:height\" content=\"222\" \/>\n\t<meta property=\"og:image:type\" content=\"image\/jpeg\" \/>\n<meta name=\"twitter:card\" content=\"summary_large_image\" \/>\n<script type=\"application\/ld+json\" class=\"yoast-schema-graph\">{\"@context\":\"https:\/\/schema.org\",\"@graph\":[{\"@type\":\"WebPage\",\"@id\":\"https:\/\/radarservice.eu\/es\/producto\/recordatorio-gps-europa\/\",\"url\":\"https:\/\/radarservice.eu\/es\/producto\/recordatorio-gps-europa\/\",\"name\":\"Recordatorio GPS Europa POI Warner Europe\",\"isPartOf\":{\"@id\":\"https:\/\/radarservice.eu\/es\/#website\"},\"primaryImageOfPage\":{\"@id\":\"https:\/\/radarservice.eu\/es\/producto\/recordatorio-gps-europa\/#primaryimage\"},\"image\":{\"@id\":\"https:\/\/radarservice.eu\/es\/producto\/recordatorio-gps-europa\/#primaryimage\"},\"thumbnailUrl\":\"https:\/\/radarservice.eu\/wp-content\/uploads\/2019\/07\/gps_reminder.jpg\",\"datePublished\":\"2021-03-22T13:06:32+00:00\",\"description\":\"GPS Reminder Europe le avisa de m\u00e1s de 40.000 controles de velocidad fijos en toda Europa.\",\"breadcrumb\":{\"@id\":\"https:\/\/radarservice.eu\/es\/producto\/recordatorio-gps-europa\/#breadcrumb\"},\"inLanguage\":\"es\",\"potentialAction\":[{\"@type\":\"ReadAction\",\"target\":[\"https:\/\/radarservice.eu\/es\/producto\/recordatorio-gps-europa\/\"]}]},{\"@type\":\"ImageObject\",\"inLanguage\":\"es\",\"@id\":\"https:\/\/radarservice.eu\/es\/producto\/recordatorio-gps-europa\/#primaryimage\",\"url\":\"https:\/\/radarservice.eu\/wp-content\/uploads\/2019\/07\/gps_reminder.jpg\",\"contentUrl\":\"https:\/\/radarservice.eu\/wp-content\/uploads\/2019\/07\/gps_reminder.jpg\",\"width\":500,\"height\":222,\"caption\":\"GPS Reminder - POI Warner para Europa\"},{\"@type\":\"BreadcrumbList\",\"@id\":\"https:\/\/radarservice.eu\/es\/producto\/recordatorio-gps-europa\/#breadcrumb\",\"itemListElement\":[{\"@type\":\"ListItem\",\"position\":1,\"name\":\"Tienda\",\"item\":\"https:\/\/radarservice.eu\/es\/tienda\/\"},{\"@type\":\"ListItem\",\"position\":2,\"name\":\"Recordatorio GPS Europa\"}]},{\"@type\":\"WebSite\",\"@id\":\"https:\/\/radarservice.eu\/es\/#website\",\"url\":\"https:\/\/radarservice.eu\/es\/\",\"name\":\"Radar Service\",\"description\":\"Radar detector Laser jammer mobile fix\",\"publisher\":{\"@id\":\"https:\/\/radarservice.eu\/es\/#organization\"},\"potentialAction\":[{\"@type\":\"SearchAction\",\"target\":{\"@type\":\"EntryPoint\",\"urlTemplate\":\"https:\/\/radarservice.eu\/es\/?s={search_term_string}\"},\"query-input\":{\"@type\":\"PropertyValueSpecification\",\"valueRequired\":true,\"valueName\":\"search_term_string\"}}],\"inLanguage\":\"es\"},{\"@type\":\"Organization\",\"@id\":\"https:\/\/radarservice.eu\/es\/#organization\",\"name\":\"RadarService\",\"url\":\"https:\/\/radarservice.eu\/es\/\",\"logo\":{\"@type\":\"ImageObject\",\"inLanguage\":\"es\",\"@id\":\"https:\/\/radarservice.eu\/es\/#\/schema\/logo\/image\/\",\"url\":\"https:\/\/radarservice.eu\/wp-content\/uploads\/2021\/03\/Radar_detector_service.png\",\"contentUrl\":\"https:\/\/radarservice.eu\/wp-content\/uploads\/2021\/03\/Radar_detector_service.png\",\"width\":174,\"height\":48,\"caption\":\"RadarService\"},\"image\":{\"@id\":\"https:\/\/radarservice.eu\/es\/#\/schema\/logo\/image\/\"}}]}<\/script>\n<!-- \/ Yoast SEO plugin. -->","yoast_head_json":{"title":"Recordatorio GPS Europa POI Warner Europe","description":"GPS Reminder Europe le avisa de m\u00e1s de 40.000 controles de velocidad fijos en toda Europa.","robots":{"index":"index","follow":"follow","max-snippet":"max-snippet:-1","max-image-preview":"max-image-preview:large","max-video-preview":"max-video-preview:-1"},"canonical":"https:\/\/radarservice.eu\/es\/producto\/recordatorio-gps-europa\/","og_locale":"es_ES","og_type":"article","og_title":"Recordatorio GPS Europa POI Warner Europe","og_description":"GPS Reminder Europe le avisa de m\u00e1s de 40.000 controles de velocidad fijos en toda Europa.","og_url":"https:\/\/radarservice.eu\/es\/producto\/recordatorio-gps-europa\/","og_site_name":"Radar Service","og_image":[{"width":500,"height":222,"url":"https:\/\/radarservice.eu\/wp-content\/uploads\/2019\/07\/gps_reminder.jpg","type":"image\/jpeg"}],"twitter_card":"summary_large_image","schema":{"@context":"https:\/\/schema.org","@graph":[{"@type":"WebPage","@id":"https:\/\/radarservice.eu\/es\/producto\/recordatorio-gps-europa\/","url":"https:\/\/radarservice.eu\/es\/producto\/recordatorio-gps-europa\/","name":"Recordatorio GPS Europa POI Warner Europe","isPartOf":{"@id":"https:\/\/radarservice.eu\/es\/#website"},"primaryImageOfPage":{"@id":"https:\/\/radarservice.eu\/es\/producto\/recordatorio-gps-europa\/#primaryimage"},"image":{"@id":"https:\/\/radarservice.eu\/es\/producto\/recordatorio-gps-europa\/#primaryimage"},"thumbnailUrl":"https:\/\/radarservice.eu\/wp-content\/uploads\/2019\/07\/gps_reminder.jpg","datePublished":"2021-03-22T13:06:32+00:00","description":"GPS Reminder Europe le avisa de m\u00e1s de 40.000 controles de velocidad fijos en toda Europa.","breadcrumb":{"@id":"https:\/\/radarservice.eu\/es\/producto\/recordatorio-gps-europa\/#breadcrumb"},"inLanguage":"es","potentialAction":[{"@type":"ReadAction","target":["https:\/\/radarservice.eu\/es\/producto\/recordatorio-gps-europa\/"]}]},{"@type":"ImageObject","inLanguage":"es","@id":"https:\/\/radarservice.eu\/es\/producto\/recordatorio-gps-europa\/#primaryimage","url":"https:\/\/radarservice.eu\/wp-content\/uploads\/2019\/07\/gps_reminder.jpg","contentUrl":"https:\/\/radarservice.eu\/wp-content\/uploads\/2019\/07\/gps_reminder.jpg","width":500,"height":222,"caption":"GPS Reminder - POI Warner para Europa"},{"@type":"BreadcrumbList","@id":"https:\/\/radarservice.eu\/es\/producto\/recordatorio-gps-europa\/#breadcrumb","itemListElement":[{"@type":"ListItem","position":1,"name":"Tienda","item":"https:\/\/radarservice.eu\/es\/tienda\/"},{"@type":"ListItem","position":2,"name":"Recordatorio GPS Europa"}]},{"@type":"WebSite","@id":"https:\/\/radarservice.eu\/es\/#website","url":"https:\/\/radarservice.eu\/es\/","name":"Radar Service","description":"Radar detector Laser jammer mobile fix","publisher":{"@id":"https:\/\/radarservice.eu\/es\/#organization"},"potentialAction":[{"@type":"SearchAction","target":{"@type":"EntryPoint","urlTemplate":"https:\/\/radarservice.eu\/es\/?s={search_term_string}"},"query-input":{"@type":"PropertyValueSpecification","valueRequired":true,"valueName":"search_term_string"}}],"inLanguage":"es"},{"@type":"Organization","@id":"https:\/\/radarservice.eu\/es\/#organization","name":"RadarService","url":"https:\/\/radarservice.eu\/es\/","logo":{"@type":"ImageObject","inLanguage":"es","@id":"https:\/\/radarservice.eu\/es\/#\/schema\/logo\/image\/","url":"https:\/\/radarservice.eu\/wp-content\/uploads\/2021\/03\/Radar_detector_service.png","contentUrl":"https:\/\/radarservice.eu\/wp-content\/uploads\/2021\/03\/Radar_detector_service.png","width":174,"height":48,"caption":"RadarService"},"image":{"@id":"https:\/\/radarservice.eu\/es\/#\/schema\/logo\/image\/"}}]}},"_links":{"self":[{"href":"https:\/\/radarservice.eu\/es\/wp-json\/wp\/v2\/product\/14980","targetHints":{"allow":["GET"]}}],"collection":[{"href":"https:\/\/radarservice.eu\/es\/wp-json\/wp\/v2\/product"}],"about":[{"href":"https:\/\/radarservice.eu\/es\/wp-json\/wp\/v2\/types\/product"}],"replies":[{"embeddable":true,"href":"https:\/\/radarservice.eu\/es\/wp-json\/wp\/v2\/comments?post=14980"}],"wp:featuredmedia":[{"embeddable":true,"href":"https:\/\/radarservice.eu\/es\/wp-json\/wp\/v2\/media\/14981"}],"wp:attachment":[{"href":"https:\/\/radarservice.eu\/es\/wp-json\/wp\/v2\/media?parent=14980"}],"wp:term":[{"taxonomy":"product_brand","embeddable":true,"href":"https:\/\/radarservice.eu\/es\/wp-json\/wp\/v2\/product_brand?post=14980"},{"taxonomy":"product_cat","embeddable":true,"href":"https:\/\/radarservice.eu\/es\/wp-json\/wp\/v2\/product_cat?post=14980"},{"taxonomy":"product_tag","embeddable":true,"href":"https:\/\/radarservice.eu\/es\/wp-json\/wp\/v2\/product_tag?post=14980"}],"curies":[{"name":"wp","href":"https:\/\/api.w.org\/{rel}","templated":true}]}}