{"id":14978,"date":"2021-03-22T14:04:19","date_gmt":"2021-03-22T13:04:19","guid":{"rendered":"https:\/\/radarservice.eu\/produkt\/localizador-de-pdi-m-europa\/"},"modified":"2021-03-22T14:04:19","modified_gmt":"2021-03-22T13:04:19","slug":"localizador-de-pdi-m-europa","status":"publish","type":"product","link":"https:\/\/radarservice.eu\/es\/producto\/localizador-de-pdi-m-europa\/","title":{"rendered":"Localizador de PDI M &#8211; Europa"},"content":{"rendered":"<p>El POI Locator M es un nuevo tipo de detector de radares que avisa a unas 35.000 estaciones de medici\u00f3n instaladas de forma permanente y a unas 50.000 m\u00f3viles en toda Europa. Con un tama\u00f1o de 7,5 x 4,5 cm, es tan grande como una caja de cerillas y puede funcionar de forma invisible (por ejemplo, en el cenicero o en la consola central). Al acercarse a un punto de medici\u00f3n de velocidad fijo o m\u00f3vil durante la conducci\u00f3n, se emite un mensaje ac\u00fastico y \u00f3ptico. El localizador de puntos de inter\u00e9s puede funcionar con corriente continua (encendedor de 12 V), as\u00ed como con la bater\u00eda recargable suministrada. La duraci\u00f3n de la bater\u00eda es suficiente incluso para un conductor frecuente y dura de media unas 13 &#8211; 14 horas.<\/p>\n<p\n\n\n<p><strong>Presentaci\u00f3n:<\/strong><br \/>\n+ m\u00e1s de 85.000 controles de velocidad m\u00f3viles y fijos<br \/>.<br \/>\n+ aviso visual y sonoro claro<br \/>\n+ dise\u00f1o peque\u00f1o<br \/>\n+ Hasta 17 horas de energ\u00eda con la bater\u00eda de iones de litio<\/p>\n<p><strong>Alcance de la entrega:<\/strong><br \/>\n* Localizador de PDI M (ya configurado y listo para usar)<br \/>\n* Base de datos europea preinstalada<br \/>\n* Cable de carga para el coche (entrada 12V, salida 5V)<br \/>\n* Adaptador de 220V (salida 5,3V, 500mA)<br \/>\n* Bater\u00eda de iones de litio de 1100mA<br \/>\n* Cable de conexi\u00f3n USB<br \/>\n* Alfombra antideslizante<\/p>\n","protected":false},"excerpt":{"rendered":"<p>El POI Locator M es un nuevo tipo de detector de radares que avisa a unas 35.000 estaciones de medici\u00f3n instaladas de forma permanente y a unas 50.000 m\u00f3viles en toda Europa. Con un tama\u00f1o de 7,5 x 4,5 cm, es tan grande como una caja de cerillas y puede funcionar de forma invisible (por [&#8230;]\n","protected":false},"featured_media":14979,"comment_status":"open","ping_status":"closed","template":"","meta":[],"product_brand":[],"product_cat":[931],"product_tag":[902,936,937,933,934,935,932],"class_list":{"0":"post-14978","1":"product","2":"type-product","3":"status-publish","4":"has-post-thumbnail","6":"product_cat-detectores-de-pdi-por-gps","7":"product_tag-europa-es","8":"product_tag-fijo","9":"product_tag-fijo-es","10":"product_tag-localizador-de-poi","11":"product_tag-localizador-de-poi-m","12":"product_tag-movil","13":"product_tag-trampas-de-velocidad","15":"first","16":"instock","17":"taxable","18":"shipping-taxable","19":"purchasable","20":"product-type-simple"},"yoast_head":"<!-- This site is optimized with the Yoast SEO plugin v27.2 - https:\/\/yoast.com\/product\/yoast-seo-wordpress\/ -->\n<title>Localizador de PDI M - Europa | Radar Service<\/title>\n<meta name=\"description\" content=\"El POI Locator M avisa de forma fiable de unos 35.000 controles de velocidad fijos y 50.000 m\u00f3viles en toda Europa.\" \/>\n<meta name=\"robots\" content=\"index, follow, max-snippet:-1, max-image-preview:large, max-video-preview:-1\" \/>\n<link rel=\"canonical\" href=\"https:\/\/radarservice.eu\/es\/producto\/localizador-de-pdi-m-europa\/\" \/>\n<meta property=\"og:locale\" content=\"es_ES\" \/>\n<meta property=\"og:type\" content=\"article\" \/>\n<meta property=\"og:title\" content=\"Localizador de PDI M - Europa | Radar Service\" \/>\n<meta property=\"og:description\" content=\"El POI Locator M avisa de forma fiable de unos 35.000 controles de velocidad fijos y 50.000 m\u00f3viles en toda Europa.\" \/>\n<meta property=\"og:url\" content=\"https:\/\/radarservice.eu\/es\/producto\/localizador-de-pdi-m-europa\/\" \/>\n<meta property=\"og:site_name\" content=\"Radar Service\" \/>\n<meta property=\"og:image\" content=\"https:\/\/radarservice.eu\/wp-content\/uploads\/2020\/09\/POILocator.jpg\" \/>\n\t<meta property=\"og:image:width\" content=\"500\" \/>\n\t<meta property=\"og:image:height\" content=\"500\" \/>\n\t<meta property=\"og:image:type\" content=\"image\/jpeg\" \/>\n<meta name=\"twitter:card\" content=\"summary_large_image\" \/>\n<meta name=\"twitter:label1\" content=\"Tiempo de lectura\" \/>\n\t<meta name=\"twitter:data1\" content=\"1 minuto\" \/>\n<script type=\"application\/ld+json\" class=\"yoast-schema-graph\">{\"@context\":\"https:\/\/schema.org\",\"@graph\":[{\"@type\":\"WebPage\",\"@id\":\"https:\/\/radarservice.eu\/es\/producto\/localizador-de-pdi-m-europa\/\",\"url\":\"https:\/\/radarservice.eu\/es\/producto\/localizador-de-pdi-m-europa\/\",\"name\":\"Localizador de PDI M - Europa | Radar Service\",\"isPartOf\":{\"@id\":\"https:\/\/radarservice.eu\/es\/#website\"},\"primaryImageOfPage\":{\"@id\":\"https:\/\/radarservice.eu\/es\/producto\/localizador-de-pdi-m-europa\/#primaryimage\"},\"image\":{\"@id\":\"https:\/\/radarservice.eu\/es\/producto\/localizador-de-pdi-m-europa\/#primaryimage\"},\"thumbnailUrl\":\"https:\/\/radarservice.eu\/wp-content\/uploads\/2020\/09\/POILocator.jpg\",\"datePublished\":\"2021-03-22T13:04:19+00:00\",\"description\":\"El POI Locator M avisa de forma fiable de unos 35.000 controles de velocidad fijos y 50.000 m\u00f3viles en toda Europa.\",\"breadcrumb\":{\"@id\":\"https:\/\/radarservice.eu\/es\/producto\/localizador-de-pdi-m-europa\/#breadcrumb\"},\"inLanguage\":\"es\",\"potentialAction\":[{\"@type\":\"ReadAction\",\"target\":[\"https:\/\/radarservice.eu\/es\/producto\/localizador-de-pdi-m-europa\/\"]}]},{\"@type\":\"ImageObject\",\"inLanguage\":\"es\",\"@id\":\"https:\/\/radarservice.eu\/es\/producto\/localizador-de-pdi-m-europa\/#primaryimage\",\"url\":\"https:\/\/radarservice.eu\/wp-content\/uploads\/2020\/09\/POILocator.jpg\",\"contentUrl\":\"https:\/\/radarservice.eu\/wp-content\/uploads\/2020\/09\/POILocator.jpg\",\"width\":500,\"height\":500,\"caption\":\"Localizador GPS de puntos de inter\u00e9s\"},{\"@type\":\"BreadcrumbList\",\"@id\":\"https:\/\/radarservice.eu\/es\/producto\/localizador-de-pdi-m-europa\/#breadcrumb\",\"itemListElement\":[{\"@type\":\"ListItem\",\"position\":1,\"name\":\"Tienda\",\"item\":\"https:\/\/radarservice.eu\/es\/tienda\/\"},{\"@type\":\"ListItem\",\"position\":2,\"name\":\"Localizador de PDI M &#8211; Europa\"}]},{\"@type\":\"WebSite\",\"@id\":\"https:\/\/radarservice.eu\/es\/#website\",\"url\":\"https:\/\/radarservice.eu\/es\/\",\"name\":\"Radar Service\",\"description\":\"Radar detector Laser jammer mobile fix\",\"publisher\":{\"@id\":\"https:\/\/radarservice.eu\/es\/#organization\"},\"potentialAction\":[{\"@type\":\"SearchAction\",\"target\":{\"@type\":\"EntryPoint\",\"urlTemplate\":\"https:\/\/radarservice.eu\/es\/?s={search_term_string}\"},\"query-input\":{\"@type\":\"PropertyValueSpecification\",\"valueRequired\":true,\"valueName\":\"search_term_string\"}}],\"inLanguage\":\"es\"},{\"@type\":\"Organization\",\"@id\":\"https:\/\/radarservice.eu\/es\/#organization\",\"name\":\"RadarService\",\"url\":\"https:\/\/radarservice.eu\/es\/\",\"logo\":{\"@type\":\"ImageObject\",\"inLanguage\":\"es\",\"@id\":\"https:\/\/radarservice.eu\/es\/#\/schema\/logo\/image\/\",\"url\":\"https:\/\/radarservice.eu\/wp-content\/uploads\/2021\/03\/Radar_detector_service.png\",\"contentUrl\":\"https:\/\/radarservice.eu\/wp-content\/uploads\/2021\/03\/Radar_detector_service.png\",\"width\":174,\"height\":48,\"caption\":\"RadarService\"},\"image\":{\"@id\":\"https:\/\/radarservice.eu\/es\/#\/schema\/logo\/image\/\"}}]}<\/script>\n<!-- \/ Yoast SEO plugin. -->","yoast_head_json":{"title":"Localizador de PDI M - Europa | Radar Service","description":"El POI Locator M avisa de forma fiable de unos 35.000 controles de velocidad fijos y 50.000 m\u00f3viles en toda Europa.","robots":{"index":"index","follow":"follow","max-snippet":"max-snippet:-1","max-image-preview":"max-image-preview:large","max-video-preview":"max-video-preview:-1"},"canonical":"https:\/\/radarservice.eu\/es\/producto\/localizador-de-pdi-m-europa\/","og_locale":"es_ES","og_type":"article","og_title":"Localizador de PDI M - Europa | Radar Service","og_description":"El POI Locator M avisa de forma fiable de unos 35.000 controles de velocidad fijos y 50.000 m\u00f3viles en toda Europa.","og_url":"https:\/\/radarservice.eu\/es\/producto\/localizador-de-pdi-m-europa\/","og_site_name":"Radar Service","og_image":[{"width":500,"height":500,"url":"https:\/\/radarservice.eu\/wp-content\/uploads\/2020\/09\/POILocator.jpg","type":"image\/jpeg"}],"twitter_card":"summary_large_image","twitter_misc":{"Tiempo de lectura":"1 minuto"},"schema":{"@context":"https:\/\/schema.org","@graph":[{"@type":"WebPage","@id":"https:\/\/radarservice.eu\/es\/producto\/localizador-de-pdi-m-europa\/","url":"https:\/\/radarservice.eu\/es\/producto\/localizador-de-pdi-m-europa\/","name":"Localizador de PDI M - Europa | Radar Service","isPartOf":{"@id":"https:\/\/radarservice.eu\/es\/#website"},"primaryImageOfPage":{"@id":"https:\/\/radarservice.eu\/es\/producto\/localizador-de-pdi-m-europa\/#primaryimage"},"image":{"@id":"https:\/\/radarservice.eu\/es\/producto\/localizador-de-pdi-m-europa\/#primaryimage"},"thumbnailUrl":"https:\/\/radarservice.eu\/wp-content\/uploads\/2020\/09\/POILocator.jpg","datePublished":"2021-03-22T13:04:19+00:00","description":"El POI Locator M avisa de forma fiable de unos 35.000 controles de velocidad fijos y 50.000 m\u00f3viles en toda Europa.","breadcrumb":{"@id":"https:\/\/radarservice.eu\/es\/producto\/localizador-de-pdi-m-europa\/#breadcrumb"},"inLanguage":"es","potentialAction":[{"@type":"ReadAction","target":["https:\/\/radarservice.eu\/es\/producto\/localizador-de-pdi-m-europa\/"]}]},{"@type":"ImageObject","inLanguage":"es","@id":"https:\/\/radarservice.eu\/es\/producto\/localizador-de-pdi-m-europa\/#primaryimage","url":"https:\/\/radarservice.eu\/wp-content\/uploads\/2020\/09\/POILocator.jpg","contentUrl":"https:\/\/radarservice.eu\/wp-content\/uploads\/2020\/09\/POILocator.jpg","width":500,"height":500,"caption":"Localizador GPS de puntos de inter\u00e9s"},{"@type":"BreadcrumbList","@id":"https:\/\/radarservice.eu\/es\/producto\/localizador-de-pdi-m-europa\/#breadcrumb","itemListElement":[{"@type":"ListItem","position":1,"name":"Tienda","item":"https:\/\/radarservice.eu\/es\/tienda\/"},{"@type":"ListItem","position":2,"name":"Localizador de PDI M &#8211; Europa"}]},{"@type":"WebSite","@id":"https:\/\/radarservice.eu\/es\/#website","url":"https:\/\/radarservice.eu\/es\/","name":"Radar Service","description":"Radar detector Laser jammer mobile fix","publisher":{"@id":"https:\/\/radarservice.eu\/es\/#organization"},"potentialAction":[{"@type":"SearchAction","target":{"@type":"EntryPoint","urlTemplate":"https:\/\/radarservice.eu\/es\/?s={search_term_string}"},"query-input":{"@type":"PropertyValueSpecification","valueRequired":true,"valueName":"search_term_string"}}],"inLanguage":"es"},{"@type":"Organization","@id":"https:\/\/radarservice.eu\/es\/#organization","name":"RadarService","url":"https:\/\/radarservice.eu\/es\/","logo":{"@type":"ImageObject","inLanguage":"es","@id":"https:\/\/radarservice.eu\/es\/#\/schema\/logo\/image\/","url":"https:\/\/radarservice.eu\/wp-content\/uploads\/2021\/03\/Radar_detector_service.png","contentUrl":"https:\/\/radarservice.eu\/wp-content\/uploads\/2021\/03\/Radar_detector_service.png","width":174,"height":48,"caption":"RadarService"},"image":{"@id":"https:\/\/radarservice.eu\/es\/#\/schema\/logo\/image\/"}}]}},"_links":{"self":[{"href":"https:\/\/radarservice.eu\/es\/wp-json\/wp\/v2\/product\/14978","targetHints":{"allow":["GET"]}}],"collection":[{"href":"https:\/\/radarservice.eu\/es\/wp-json\/wp\/v2\/product"}],"about":[{"href":"https:\/\/radarservice.eu\/es\/wp-json\/wp\/v2\/types\/product"}],"replies":[{"embeddable":true,"href":"https:\/\/radarservice.eu\/es\/wp-json\/wp\/v2\/comments?post=14978"}],"wp:featuredmedia":[{"embeddable":true,"href":"https:\/\/radarservice.eu\/es\/wp-json\/wp\/v2\/media\/14979"}],"wp:attachment":[{"href":"https:\/\/radarservice.eu\/es\/wp-json\/wp\/v2\/media?parent=14978"}],"wp:term":[{"taxonomy":"product_brand","embeddable":true,"href":"https:\/\/radarservice.eu\/es\/wp-json\/wp\/v2\/product_brand?post=14978"},{"taxonomy":"product_cat","embeddable":true,"href":"https:\/\/radarservice.eu\/es\/wp-json\/wp\/v2\/product_cat?post=14978"},{"taxonomy":"product_tag","embeddable":true,"href":"https:\/\/radarservice.eu\/es\/wp-json\/wp\/v2\/product_tag?post=14978"}],"curies":[{"name":"wp","href":"https:\/\/api.w.org\/{rel}","templated":true}]}}