{"id":14968,"date":"2021-03-22T13:58:15","date_gmt":"2021-03-22T12:58:15","guid":{"rendered":"https:\/\/radarservice.eu\/produkt\/paquete-completo-de-instalacion-de-detectores-de-radar-de-alta-gama-genevo-assist-lasertrack-flare-eso-guard-pro\/"},"modified":"2023-04-02T20:25:26","modified_gmt":"2023-04-02T18:25:26","slug":"paquete-completo-de-instalacion-de-detectores-de-radar-de-alta-gama-genevo-assist-lasertrack-flare-eso-guard-pro","status":"publish","type":"product","link":"https:\/\/radarservice.eu\/es\/producto\/paquete-completo-de-instalacion-de-detectores-de-radar-de-alta-gama-genevo-assist-lasertrack-flare-eso-guard-pro\/","title":{"rendered":"Paquete completo de instalaci\u00f3n de detectores de radar de alta gama (Genevo Assist | Lasertrack Flare | ESO Guard Pro)"},"content":{"rendered":"<p>El paquete de detectores de radar ha sido dise\u00f1ado para su instalaci\u00f3n externa y est\u00e1 compuesto por los mejores dispositivos y ganadores de pruebas. El paquete le protege al 100% de los controles de radar y las mediciones l\u00e1ser.<\/p>\n<p><p>En varias pruebas en revistas especializadas y en televisi\u00f3n, el envase logr\u00f3 convencer.<\/p>\n<p><p>Como detector de radar viene un Genevo Assist Pro HDM para proteger contra todas las medidas de radar m\u00f3vil de advertencia dependiente de la velocidad.<br \/>\nEl Genevo Assist Pro HDM consigue los mejores resultados de prealerta y tambi\u00e9n detecta las nuevas trampas de velocidad MutaRadar (MRCD \/ MRCT \/ Moving) y Gasto (RT3 \/ RT4).<br \/>\nSe utiliza un Lasertrack Flare con el software m\u00e1s reciente para proteger las mediciones l\u00e1ser. El Lasertrack Flare se instala en un discreto soporte de matr\u00edcula y, por tanto, puede instalarse de forma invisible.<br \/>\nEl inhibidor de barrera de luz ESO Guard para la defensa de los sistemas de medici\u00f3n ESO 1.0 y ESO 3.0 completan el paquete general y proporcionan una protecci\u00f3n global perfecta.<\/p>\n<p><p>Si tiene alguna pregunta sobre el asesoramiento o la configuraci\u00f3n, no dude en ponerse en contacto con nosotros <a title=\"Formulario de consulta\" href=\"https:\/\/radarservice.eu\/es\/contacte-con\/\" target=\"_blank\" rel=\"noopener noreferrer\">por escrito<\/a> o por tel\u00e9fono (+49 (0)40 \/ 228 590 32).<\/p>\n<p><strong>Presentaci\u00f3n:<\/strong><br \/>\n+ mejor detector de radar fijo para Europa<br \/>\n+ el m\u00e1s peque\u00f1o, cegador l\u00e1ser invisible<br \/>\n+ dise\u00f1o modular<br \/>\n+ banda X<br \/>\n+ banda K<br \/>\n+ banda KA<br \/>\n+ MultaRadar (MRCD \/ MRCT \/ Moving)<br \/>\n+ Gatso (RT3 \/ RT4)<br \/>\n+ Aviso de las mediciones del radar<br \/>\n+ Advertencia de las mediciones l\u00e1ser<br \/>\n+ Aviso de radar estacionario<br \/>\n+ Aviso de control de luces rojas<br \/>\n+ Advertencia para las medidas de control de la secci\u00f3n<br \/>\n+ Puede utilizarse como asistente de aparcamiento por l\u00e1ser<br \/>\n+ advertencia l\u00e1ser o interferencia l\u00e1ser activa contra todas las mediciones l\u00e1ser<br \/>\n+ funcionamiento legal como asistente de aparcamiento puro activable<br \/>\n+ interferencia ESO 3.0 barreras de luz<br \/>\n+ t\u00e9cnicamente no localizable<br \/>\n+ se\u00f1ales de alarma en alem\u00e1n<br \/>\n+ apto para su uso en Europa<br \/>\n+ Configuraci\u00f3n en PC o port\u00e1til con software de configuraci\u00f3n en alem\u00e1n<br \/>\n+ Base de datos EUROPA para radares fijos ya preinstalada<\/p>\n<p><strong>Alcance del suministro:<\/strong><br \/>\n* Antena de radar Genevo Assist Pro HDM+<br \/>\n* Bloqueador l\u00e1ser Lasertrack Flare<br \/>\n*Barrera de luz de la Guardia de la ESO<br \/>\n* M\u00f3dulo de control para receptores de radar y l\u00e1ser.<br \/>\n* Receptor GPS (con chipset SIRFIII de alta potencia de recepci\u00f3n)<br \/>\n* Altavoz<br \/>\n* Juegos de cables, interruptores con LED<br \/>\n* Kit de montaje para fijar todos los componentes<\/p>\n<p>.<\/p>\n<p><strong>Nota:<\/strong> El paquete de alta gama debe ser instalado profesionalmente en un taller. En la b\u00fasqueda de un taller adecuado, estaremos encantados de ayudarle, p\u00f3ngase en contacto con nosotros <a title=\"Formulario de consulta\" href=\"https:\/\/radarservice.eu\/es\/contacte-con\/\" target=\"_blank\" rel=\"noopener noreferrer\">por escrito<\/a> o por tel\u00e9fono (+49 (0)40 \/ 228 590 32).<\/p>\n","protected":false},"excerpt":{"rendered":"<p>El paquete completo del detector de radares se instala de forma invisible en el compartimento del motor. Todos los dispositivos son ganadores de las pruebas y cada uno de ellos es l\u00edder en la detecci\u00f3n o interferencia de trampas de velocidad. El paquete le protege al 100% de las c\u00e1maras de velocidad y las mediciones l\u00e1ser y no puede ser detectado por la polic\u00eda.<\/p>\n","protected":false},"featured_media":14973,"comment_status":"open","ping_status":"closed","template":"","meta":[],"product_brand":[],"product_cat":[898,915],"product_tag":[927,902,905,906,909,904,910,911,908,903,907],"class_list":{"0":"post-14968","1":"product","2":"type-product","3":"status-publish","4":"has-post-thumbnail","6":"product_cat-detectores-de-radar-fijos","7":"product_cat-paquetes-completos-recomendados","8":"product_tag-detector-de-radar-fijo","9":"product_tag-europa-es","10":"product_tag-genevo-es","11":"product_tag-genevo-assist-es","12":"product_tag-genevo-assist-hdm-es","13":"product_tag-genevo-ff-es","14":"product_tag-genevo-pro-es","15":"product_tag-genevo-pro-hdm-es","16":"product_tag-hamburgo","17":"product_tag-instalacion-fija","18":"product_tag-servicio-de-instalacion","20":"first","21":"instock","22":"sale","23":"taxable","24":"shipping-taxable","25":"purchasable","26":"product-type-simple"},"yoast_head":"<!-- This site is optimized with the Yoast SEO plugin v27.2 - https:\/\/yoast.com\/product\/yoast-seo-wordpress\/ -->\n<title>Paquete de instalaci\u00f3n de detectores de radar Genevo Assist | Lasertrack Flare | ESO Guard<\/title>\n<meta name=\"description\" content=\"Paquete de instalaci\u00f3n de detectores de radar de alta gama: 100% de protecci\u00f3n contra c\u00e1maras de velocidad y mediciones l\u00e1ser en Europa.\" \/>\n<meta name=\"robots\" content=\"index, follow, max-snippet:-1, max-image-preview:large, max-video-preview:-1\" \/>\n<link rel=\"canonical\" href=\"https:\/\/radarservice.eu\/es\/producto\/paquete-completo-de-instalacion-de-detectores-de-radar-de-alta-gama-genevo-assist-lasertrack-flare-eso-guard-pro\/\" \/>\n<meta property=\"og:locale\" content=\"es_ES\" \/>\n<meta property=\"og:type\" content=\"article\" \/>\n<meta property=\"og:title\" content=\"Paquete de instalaci\u00f3n de detectores de radar Genevo Assist | Lasertrack Flare | ESO Guard\" \/>\n<meta property=\"og:description\" content=\"Paquete de instalaci\u00f3n de detectores de radar de alta gama: 100% de protecci\u00f3n contra c\u00e1maras de velocidad y mediciones l\u00e1ser en Europa.\" \/>\n<meta property=\"og:url\" content=\"https:\/\/radarservice.eu\/es\/producto\/paquete-completo-de-instalacion-de-detectores-de-radar-de-alta-gama-genevo-assist-lasertrack-flare-eso-guard-pro\/\" \/>\n<meta property=\"og:site_name\" content=\"Radar Service\" \/>\n<meta property=\"article:modified_time\" content=\"2023-04-02T18:25:26+00:00\" \/>\n<meta property=\"og:image\" content=\"https:\/\/radarservice.eu\/wp-content\/uploads\/2019\/07\/RD8000_Audi_A6.jpg\" \/>\n\t<meta property=\"og:image:width\" content=\"800\" \/>\n\t<meta property=\"og:image:height\" content=\"600\" \/>\n\t<meta property=\"og:image:type\" content=\"image\/jpeg\" \/>\n<meta name=\"twitter:card\" content=\"summary_large_image\" \/>\n<meta name=\"twitter:label1\" content=\"Tiempo de lectura\" \/>\n\t<meta name=\"twitter:data1\" content=\"2 minutos\" \/>\n<script type=\"application\/ld+json\" class=\"yoast-schema-graph\">{\"@context\":\"https:\/\/schema.org\",\"@graph\":[{\"@type\":\"WebPage\",\"@id\":\"https:\/\/radarservice.eu\/es\/producto\/paquete-completo-de-instalacion-de-detectores-de-radar-de-alta-gama-genevo-assist-lasertrack-flare-eso-guard-pro\/\",\"url\":\"https:\/\/radarservice.eu\/es\/producto\/paquete-completo-de-instalacion-de-detectores-de-radar-de-alta-gama-genevo-assist-lasertrack-flare-eso-guard-pro\/\",\"name\":\"Paquete de instalaci\u00f3n de detectores de radar Genevo Assist | Lasertrack Flare | ESO Guard\",\"isPartOf\":{\"@id\":\"https:\/\/radarservice.eu\/es\/#website\"},\"primaryImageOfPage\":{\"@id\":\"https:\/\/radarservice.eu\/es\/producto\/paquete-completo-de-instalacion-de-detectores-de-radar-de-alta-gama-genevo-assist-lasertrack-flare-eso-guard-pro\/#primaryimage\"},\"image\":{\"@id\":\"https:\/\/radarservice.eu\/es\/producto\/paquete-completo-de-instalacion-de-detectores-de-radar-de-alta-gama-genevo-assist-lasertrack-flare-eso-guard-pro\/#primaryimage\"},\"thumbnailUrl\":\"https:\/\/radarservice.eu\/wp-content\/uploads\/2019\/07\/RD8000_Audi_A6.jpg\",\"datePublished\":\"2021-03-22T12:58:15+00:00\",\"dateModified\":\"2023-04-02T18:25:26+00:00\",\"description\":\"Paquete de instalaci\u00f3n de detectores de radar de alta gama: 100% de protecci\u00f3n contra c\u00e1maras de velocidad y mediciones l\u00e1ser en Europa.\",\"breadcrumb\":{\"@id\":\"https:\/\/radarservice.eu\/es\/producto\/paquete-completo-de-instalacion-de-detectores-de-radar-de-alta-gama-genevo-assist-lasertrack-flare-eso-guard-pro\/#breadcrumb\"},\"inLanguage\":\"es\",\"potentialAction\":[{\"@type\":\"ReadAction\",\"target\":[\"https:\/\/radarservice.eu\/es\/producto\/paquete-completo-de-instalacion-de-detectores-de-radar-de-alta-gama-genevo-assist-lasertrack-flare-eso-guard-pro\/\"]}]},{\"@type\":\"ImageObject\",\"inLanguage\":\"es\",\"@id\":\"https:\/\/radarservice.eu\/es\/producto\/paquete-completo-de-instalacion-de-detectores-de-radar-de-alta-gama-genevo-assist-lasertrack-flare-eso-guard-pro\/#primaryimage\",\"url\":\"https:\/\/radarservice.eu\/wp-content\/uploads\/2019\/07\/RD8000_Audi_A6.jpg\",\"contentUrl\":\"https:\/\/radarservice.eu\/wp-content\/uploads\/2019\/07\/RD8000_Audi_A6.jpg\",\"width\":800,\"height\":600,\"caption\":\"Paquete de alta gama de detectores de radar\"},{\"@type\":\"BreadcrumbList\",\"@id\":\"https:\/\/radarservice.eu\/es\/producto\/paquete-completo-de-instalacion-de-detectores-de-radar-de-alta-gama-genevo-assist-lasertrack-flare-eso-guard-pro\/#breadcrumb\",\"itemListElement\":[{\"@type\":\"ListItem\",\"position\":1,\"name\":\"Tienda\",\"item\":\"https:\/\/radarservice.eu\/es\/tienda\/\"},{\"@type\":\"ListItem\",\"position\":2,\"name\":\"Paquete completo de instalaci\u00f3n de detectores de radar de alta gama (Genevo Assist | Lasertrack Flare | ESO Guard Pro)\"}]},{\"@type\":\"WebSite\",\"@id\":\"https:\/\/radarservice.eu\/es\/#website\",\"url\":\"https:\/\/radarservice.eu\/es\/\",\"name\":\"Radar Service\",\"description\":\"Radar detector Laser jammer mobile fix\",\"publisher\":{\"@id\":\"https:\/\/radarservice.eu\/es\/#organization\"},\"potentialAction\":[{\"@type\":\"SearchAction\",\"target\":{\"@type\":\"EntryPoint\",\"urlTemplate\":\"https:\/\/radarservice.eu\/es\/?s={search_term_string}\"},\"query-input\":{\"@type\":\"PropertyValueSpecification\",\"valueRequired\":true,\"valueName\":\"search_term_string\"}}],\"inLanguage\":\"es\"},{\"@type\":\"Organization\",\"@id\":\"https:\/\/radarservice.eu\/es\/#organization\",\"name\":\"RadarService\",\"url\":\"https:\/\/radarservice.eu\/es\/\",\"logo\":{\"@type\":\"ImageObject\",\"inLanguage\":\"es\",\"@id\":\"https:\/\/radarservice.eu\/es\/#\/schema\/logo\/image\/\",\"url\":\"https:\/\/radarservice.eu\/wp-content\/uploads\/2021\/03\/Radar_detector_service.png\",\"contentUrl\":\"https:\/\/radarservice.eu\/wp-content\/uploads\/2021\/03\/Radar_detector_service.png\",\"width\":174,\"height\":48,\"caption\":\"RadarService\"},\"image\":{\"@id\":\"https:\/\/radarservice.eu\/es\/#\/schema\/logo\/image\/\"}}]}<\/script>\n<!-- \/ Yoast SEO plugin. -->","yoast_head_json":{"title":"Paquete de instalaci\u00f3n de detectores de radar Genevo Assist | Lasertrack Flare | ESO Guard","description":"Paquete de instalaci\u00f3n de detectores de radar de alta gama: 100% de protecci\u00f3n contra c\u00e1maras de velocidad y mediciones l\u00e1ser en Europa.","robots":{"index":"index","follow":"follow","max-snippet":"max-snippet:-1","max-image-preview":"max-image-preview:large","max-video-preview":"max-video-preview:-1"},"canonical":"https:\/\/radarservice.eu\/es\/producto\/paquete-completo-de-instalacion-de-detectores-de-radar-de-alta-gama-genevo-assist-lasertrack-flare-eso-guard-pro\/","og_locale":"es_ES","og_type":"article","og_title":"Paquete de instalaci\u00f3n de detectores de radar Genevo Assist | Lasertrack Flare | ESO Guard","og_description":"Paquete de instalaci\u00f3n de detectores de radar de alta gama: 100% de protecci\u00f3n contra c\u00e1maras de velocidad y mediciones l\u00e1ser en Europa.","og_url":"https:\/\/radarservice.eu\/es\/producto\/paquete-completo-de-instalacion-de-detectores-de-radar-de-alta-gama-genevo-assist-lasertrack-flare-eso-guard-pro\/","og_site_name":"Radar Service","article_modified_time":"2023-04-02T18:25:26+00:00","og_image":[{"width":800,"height":600,"url":"https:\/\/radarservice.eu\/wp-content\/uploads\/2019\/07\/RD8000_Audi_A6.jpg","type":"image\/jpeg"}],"twitter_card":"summary_large_image","twitter_misc":{"Tiempo de lectura":"2 minutos"},"schema":{"@context":"https:\/\/schema.org","@graph":[{"@type":"WebPage","@id":"https:\/\/radarservice.eu\/es\/producto\/paquete-completo-de-instalacion-de-detectores-de-radar-de-alta-gama-genevo-assist-lasertrack-flare-eso-guard-pro\/","url":"https:\/\/radarservice.eu\/es\/producto\/paquete-completo-de-instalacion-de-detectores-de-radar-de-alta-gama-genevo-assist-lasertrack-flare-eso-guard-pro\/","name":"Paquete de instalaci\u00f3n de detectores de radar Genevo Assist | Lasertrack Flare | ESO Guard","isPartOf":{"@id":"https:\/\/radarservice.eu\/es\/#website"},"primaryImageOfPage":{"@id":"https:\/\/radarservice.eu\/es\/producto\/paquete-completo-de-instalacion-de-detectores-de-radar-de-alta-gama-genevo-assist-lasertrack-flare-eso-guard-pro\/#primaryimage"},"image":{"@id":"https:\/\/radarservice.eu\/es\/producto\/paquete-completo-de-instalacion-de-detectores-de-radar-de-alta-gama-genevo-assist-lasertrack-flare-eso-guard-pro\/#primaryimage"},"thumbnailUrl":"https:\/\/radarservice.eu\/wp-content\/uploads\/2019\/07\/RD8000_Audi_A6.jpg","datePublished":"2021-03-22T12:58:15+00:00","dateModified":"2023-04-02T18:25:26+00:00","description":"Paquete de instalaci\u00f3n de detectores de radar de alta gama: 100% de protecci\u00f3n contra c\u00e1maras de velocidad y mediciones l\u00e1ser en Europa.","breadcrumb":{"@id":"https:\/\/radarservice.eu\/es\/producto\/paquete-completo-de-instalacion-de-detectores-de-radar-de-alta-gama-genevo-assist-lasertrack-flare-eso-guard-pro\/#breadcrumb"},"inLanguage":"es","potentialAction":[{"@type":"ReadAction","target":["https:\/\/radarservice.eu\/es\/producto\/paquete-completo-de-instalacion-de-detectores-de-radar-de-alta-gama-genevo-assist-lasertrack-flare-eso-guard-pro\/"]}]},{"@type":"ImageObject","inLanguage":"es","@id":"https:\/\/radarservice.eu\/es\/producto\/paquete-completo-de-instalacion-de-detectores-de-radar-de-alta-gama-genevo-assist-lasertrack-flare-eso-guard-pro\/#primaryimage","url":"https:\/\/radarservice.eu\/wp-content\/uploads\/2019\/07\/RD8000_Audi_A6.jpg","contentUrl":"https:\/\/radarservice.eu\/wp-content\/uploads\/2019\/07\/RD8000_Audi_A6.jpg","width":800,"height":600,"caption":"Paquete de alta gama de detectores de radar"},{"@type":"BreadcrumbList","@id":"https:\/\/radarservice.eu\/es\/producto\/paquete-completo-de-instalacion-de-detectores-de-radar-de-alta-gama-genevo-assist-lasertrack-flare-eso-guard-pro\/#breadcrumb","itemListElement":[{"@type":"ListItem","position":1,"name":"Tienda","item":"https:\/\/radarservice.eu\/es\/tienda\/"},{"@type":"ListItem","position":2,"name":"Paquete completo de instalaci\u00f3n de detectores de radar de alta gama (Genevo Assist | Lasertrack Flare | ESO Guard Pro)"}]},{"@type":"WebSite","@id":"https:\/\/radarservice.eu\/es\/#website","url":"https:\/\/radarservice.eu\/es\/","name":"Radar Service","description":"Radar detector Laser jammer mobile fix","publisher":{"@id":"https:\/\/radarservice.eu\/es\/#organization"},"potentialAction":[{"@type":"SearchAction","target":{"@type":"EntryPoint","urlTemplate":"https:\/\/radarservice.eu\/es\/?s={search_term_string}"},"query-input":{"@type":"PropertyValueSpecification","valueRequired":true,"valueName":"search_term_string"}}],"inLanguage":"es"},{"@type":"Organization","@id":"https:\/\/radarservice.eu\/es\/#organization","name":"RadarService","url":"https:\/\/radarservice.eu\/es\/","logo":{"@type":"ImageObject","inLanguage":"es","@id":"https:\/\/radarservice.eu\/es\/#\/schema\/logo\/image\/","url":"https:\/\/radarservice.eu\/wp-content\/uploads\/2021\/03\/Radar_detector_service.png","contentUrl":"https:\/\/radarservice.eu\/wp-content\/uploads\/2021\/03\/Radar_detector_service.png","width":174,"height":48,"caption":"RadarService"},"image":{"@id":"https:\/\/radarservice.eu\/es\/#\/schema\/logo\/image\/"}}]}},"_links":{"self":[{"href":"https:\/\/radarservice.eu\/es\/wp-json\/wp\/v2\/product\/14968","targetHints":{"allow":["GET"]}}],"collection":[{"href":"https:\/\/radarservice.eu\/es\/wp-json\/wp\/v2\/product"}],"about":[{"href":"https:\/\/radarservice.eu\/es\/wp-json\/wp\/v2\/types\/product"}],"replies":[{"embeddable":true,"href":"https:\/\/radarservice.eu\/es\/wp-json\/wp\/v2\/comments?post=14968"}],"wp:featuredmedia":[{"embeddable":true,"href":"https:\/\/radarservice.eu\/es\/wp-json\/wp\/v2\/media\/14973"}],"wp:attachment":[{"href":"https:\/\/radarservice.eu\/es\/wp-json\/wp\/v2\/media?parent=14968"}],"wp:term":[{"taxonomy":"product_brand","embeddable":true,"href":"https:\/\/radarservice.eu\/es\/wp-json\/wp\/v2\/product_brand?post=14968"},{"taxonomy":"product_cat","embeddable":true,"href":"https:\/\/radarservice.eu\/es\/wp-json\/wp\/v2\/product_cat?post=14968"},{"taxonomy":"product_tag","embeddable":true,"href":"https:\/\/radarservice.eu\/es\/wp-json\/wp\/v2\/product_tag?post=14968"}],"curies":[{"name":"wp","href":"https:\/\/api.w.org\/{rel}","templated":true}]}}