{"id":14964,"date":"2021-03-22T13:51:34","date_gmt":"2021-03-22T12:51:34","guid":{"rendered":"https:\/\/radarservice.eu\/produkt\/detector-de-radar-fijo-genevo-assist-pro-hdm\/"},"modified":"2025-06-22T05:10:25","modified_gmt":"2025-06-22T03:10:25","slug":"detector-de-radar-fijo-genevo-assist-pro-hdm","status":"publish","type":"product","link":"https:\/\/radarservice.eu\/es\/producto\/detector-de-radar-fijo-genevo-assist-pro-hdm\/","title":{"rendered":"Detector de radar fijo Genevo Assist Pro HDM+"},"content":{"rendered":"<p>El detector de radar fijo Genevo Assist HDM+ es actualmente el mejor dispositivo integrado de gama alta para el mercado europeo. Gracias a su dise\u00f1o modular, es posible ampliar el sistema m\u00e1s adelante.<\/p>\n<p>Los mejores resultados de prealarma con un \u00edndice m\u00ednimo de falsas alarmas hacen que el Genevo Assist HDM+ sea el mejor dispositivo absoluto de todos los detectores de radar fijos.<br \/>.<br \/>\nEl Genevo es un desarrollo europeo y fue especialmente dise\u00f1ado para operar en Alemania\/Austria\/Suiza, as\u00ed como en otros pa\u00edses europeos.<br \/>\nLa pantalla magn\u00e9tica y la unidad de control pueden retirarse en cualquier momento. Esto desactiva inmediatamente el Genevo Assist. Esto es especialmente recomendable para las residencias cercanas a la frontera o los cruces fronterizos frecuentes con los correspondientes controles.<\/p>\n<p><p>Las opciones de ajuste del Genevo Assist son inigualables en su variedad. No obstante, los principiantes tambi\u00e9n pueden adaptar f\u00e1cilmente los ajustes a sus propias necesidades. Un software especialmente desarrollado permite la c\u00f3moda configuraci\u00f3n en el PC o port\u00e1til de casa.<\/p>\n<p><p>Las advertencias son mediante un anuncio de voz en alem\u00e1n o un simple pitido. La base de datos de PDI de Genevo Assist est\u00e1 preinstalada de forma gratuita y te avisa de los sistemas de control de velocidad fija y de sem\u00e1foros en rojo en toda Europa.<\/p>\n<p>La base de datos de PDI de Genevo Assist est\u00e1 preinstalada de forma gratuita y te avisa de los sistemas de control de velocidad fija y de sem\u00e1foros en rojo en toda Europa.<\/p>\n<p>Si tiene alguna pregunta sobre el asesoramiento o la configuraci\u00f3n, no dude en ponerse en contacto con nosotros <a title=\"Formulario de consulta\" href=\"https:\/\/radarservice.eu\/es\/contacte-con\/\" target=\"_blank\" rel=\"noopener noreferrer\">por escrito<\/a> o por tel\u00e9fono (+49 (0)40 \/ 228 590 32).<\/p>\n<p><strong>Presentaci\u00f3n:<\/strong><br \/>\n+ mejor detector de radar fijo para Europa<br \/>\n+ dise\u00f1o modular<br \/>\n+ banda X<br \/>\n+ banda K<br \/>\n+ banda KA<br \/>\n+ MultaRadar (MRCD \/ MRCT \/ Moving)<br \/>\n+ Gatso (RT3 \/ RT4)<br \/>\n+ Advertencia de las mediciones l\u00e1ser<br \/>\n+ Aviso de radar estacionario<br \/>\n+ Aviso de control de luces rojas<br \/>\n+ Advertencia para las medidas de control de la secci\u00f3n<br \/>\n+ se\u00f1ales de alarma en alem\u00e1n<br \/>\n+ Adecuado para su uso en Europa<br \/>\n+ Configuraci\u00f3n en PC o port\u00e1til con software de configuraci\u00f3n en alem\u00e1n<br \/>\n+ Base de datos EUROPA para radares fijos ya preinstalada<\/p>\n<p><strong>Alcance del suministro:<\/strong><br \/>\n* Antena de radar Genevo HDM+<br \/>\n* M\u00f3dulo de control para el receptor de radar y l\u00e1ser<br \/>.<br \/>\n* Receptor GPS (con chipset SIRFIII de alta potencia de recepci\u00f3n)<br \/>\n* Altavoz<br \/>\n* Kit de montaje para la fijaci\u00f3n de todos los componentes<\/p>\n<p>\n","protected":false},"excerpt":{"rendered":"<p>El detector de radar fijo Genevo Assist Pro HDM+ es uno de los mejores detectores de radar de gama alta para utilizar en Europa. Tambi\u00e9n avisa de forma fiable de las nuevas trampas de velocidad MultaRadar (MRCD \/ MRCT \/ Moving).<\/p>\n","protected":false},"featured_media":14953,"comment_status":"open","ping_status":"closed","template":"","meta":[],"product_brand":[],"product_cat":[898,900,899],"product_tag":[901,902,905,906,909,904,910,911,908,903,907],"class_list":{"0":"post-14964","1":"product","2":"type-product","3":"status-publish","4":"has-post-thumbnail","6":"product_cat-detectores-de-radar-fijos","7":"product_cat-detectores-de-radar-recomendados","8":"product_cat-genevo-es","9":"product_tag-detector-de-radar","10":"product_tag-europa-es","11":"product_tag-genevo-es","12":"product_tag-genevo-assist-es","13":"product_tag-genevo-assist-hdm-es","14":"product_tag-genevo-ff-es","15":"product_tag-genevo-pro-es","16":"product_tag-genevo-pro-hdm-es","17":"product_tag-hamburgo","18":"product_tag-instalacion-fija","19":"product_tag-servicio-de-instalacion","21":"first","22":"instock","23":"sale","24":"taxable","25":"shipping-taxable","26":"purchasable","27":"product-type-variable","28":"has-default-attributes"},"yoast_head":"<!-- This site is optimized with the Yoast SEO plugin v27.2 - https:\/\/yoast.com\/product\/yoast-seo-wordpress\/ -->\n<title>Detector de radar fijo Genevo Assist Pro HDM+<\/title>\n<meta name=\"description\" content=\"El detector de radar fijo Genevo Assist Pro HDM+ es actualmente la mejor soluci\u00f3n completa de gama alta con MultaRadar y aviso Gatso.\" \/>\n<meta name=\"robots\" content=\"index, follow, max-snippet:-1, max-image-preview:large, max-video-preview:-1\" \/>\n<link rel=\"canonical\" href=\"https:\/\/radarservice.eu\/es\/producto\/detector-de-radar-fijo-genevo-assist-pro-hdm\/\" \/>\n<meta property=\"og:locale\" content=\"es_ES\" \/>\n<meta property=\"og:type\" content=\"article\" \/>\n<meta property=\"og:title\" content=\"Detector de radar fijo Genevo Assist Pro HDM+\" \/>\n<meta property=\"og:description\" content=\"El detector de radar fijo Genevo Assist Pro HDM+ es actualmente la mejor soluci\u00f3n completa de gama alta con MultaRadar y aviso Gatso.\" \/>\n<meta property=\"og:url\" content=\"https:\/\/radarservice.eu\/es\/producto\/detector-de-radar-fijo-genevo-assist-pro-hdm\/\" \/>\n<meta property=\"og:site_name\" content=\"Radar Service\" \/>\n<meta property=\"article:modified_time\" content=\"2025-06-22T03:10:25+00:00\" \/>\n<meta property=\"og:image\" content=\"https:\/\/radarservice.eu\/wp-content\/uploads\/2020\/09\/Genevo-Assist-Pro-HDM-Verpackung.jpg\" \/>\n\t<meta property=\"og:image:width\" content=\"1600\" \/>\n\t<meta property=\"og:image:height\" content=\"1049\" \/>\n\t<meta property=\"og:image:type\" content=\"image\/jpeg\" \/>\n<meta name=\"twitter:card\" content=\"summary_large_image\" \/>\n<meta name=\"twitter:label1\" content=\"Tiempo de lectura\" \/>\n\t<meta name=\"twitter:data1\" content=\"2 minutos\" \/>\n<script type=\"application\/ld+json\" class=\"yoast-schema-graph\">{\"@context\":\"https:\/\/schema.org\",\"@graph\":[{\"@type\":\"WebPage\",\"@id\":\"https:\/\/radarservice.eu\/es\/producto\/detector-de-radar-fijo-genevo-assist-pro-hdm\/\",\"url\":\"https:\/\/radarservice.eu\/es\/producto\/detector-de-radar-fijo-genevo-assist-pro-hdm\/\",\"name\":\"Detector de radar fijo Genevo Assist Pro HDM+\",\"isPartOf\":{\"@id\":\"https:\/\/radarservice.eu\/es\/#website\"},\"primaryImageOfPage\":{\"@id\":\"https:\/\/radarservice.eu\/es\/producto\/detector-de-radar-fijo-genevo-assist-pro-hdm\/#primaryimage\"},\"image\":{\"@id\":\"https:\/\/radarservice.eu\/es\/producto\/detector-de-radar-fijo-genevo-assist-pro-hdm\/#primaryimage\"},\"thumbnailUrl\":\"https:\/\/radarservice.eu\/wp-content\/uploads\/2020\/09\/Genevo-Assist-Pro-HDM-Verpackung.jpg\",\"datePublished\":\"2021-03-22T12:51:34+00:00\",\"dateModified\":\"2025-06-22T03:10:25+00:00\",\"description\":\"El detector de radar fijo Genevo Assist Pro HDM+ es actualmente la mejor soluci\u00f3n completa de gama alta con MultaRadar y aviso Gatso.\",\"breadcrumb\":{\"@id\":\"https:\/\/radarservice.eu\/es\/producto\/detector-de-radar-fijo-genevo-assist-pro-hdm\/#breadcrumb\"},\"inLanguage\":\"es\",\"potentialAction\":[{\"@type\":\"ReadAction\",\"target\":[\"https:\/\/radarservice.eu\/es\/producto\/detector-de-radar-fijo-genevo-assist-pro-hdm\/\"]}]},{\"@type\":\"ImageObject\",\"inLanguage\":\"es\",\"@id\":\"https:\/\/radarservice.eu\/es\/producto\/detector-de-radar-fijo-genevo-assist-pro-hdm\/#primaryimage\",\"url\":\"https:\/\/radarservice.eu\/wp-content\/uploads\/2020\/09\/Genevo-Assist-Pro-HDM-Verpackung.jpg\",\"contentUrl\":\"https:\/\/radarservice.eu\/wp-content\/uploads\/2020\/09\/Genevo-Assist-Pro-HDM-Verpackung.jpg\",\"width\":1600,\"height\":1049,\"caption\":\"Genevo Assist Pro HDM Embalaje\"},{\"@type\":\"BreadcrumbList\",\"@id\":\"https:\/\/radarservice.eu\/es\/producto\/detector-de-radar-fijo-genevo-assist-pro-hdm\/#breadcrumb\",\"itemListElement\":[{\"@type\":\"ListItem\",\"position\":1,\"name\":\"Tienda\",\"item\":\"https:\/\/radarservice.eu\/es\/tienda\/\"},{\"@type\":\"ListItem\",\"position\":2,\"name\":\"Detector de radar fijo Genevo Assist Pro HDM+\"}]},{\"@type\":\"WebSite\",\"@id\":\"https:\/\/radarservice.eu\/es\/#website\",\"url\":\"https:\/\/radarservice.eu\/es\/\",\"name\":\"Radar Service\",\"description\":\"Radar detector Laser jammer mobile fix\",\"publisher\":{\"@id\":\"https:\/\/radarservice.eu\/es\/#organization\"},\"potentialAction\":[{\"@type\":\"SearchAction\",\"target\":{\"@type\":\"EntryPoint\",\"urlTemplate\":\"https:\/\/radarservice.eu\/es\/?s={search_term_string}\"},\"query-input\":{\"@type\":\"PropertyValueSpecification\",\"valueRequired\":true,\"valueName\":\"search_term_string\"}}],\"inLanguage\":\"es\"},{\"@type\":\"Organization\",\"@id\":\"https:\/\/radarservice.eu\/es\/#organization\",\"name\":\"RadarService\",\"url\":\"https:\/\/radarservice.eu\/es\/\",\"logo\":{\"@type\":\"ImageObject\",\"inLanguage\":\"es\",\"@id\":\"https:\/\/radarservice.eu\/es\/#\/schema\/logo\/image\/\",\"url\":\"https:\/\/radarservice.eu\/wp-content\/uploads\/2021\/03\/Radar_detector_service.png\",\"contentUrl\":\"https:\/\/radarservice.eu\/wp-content\/uploads\/2021\/03\/Radar_detector_service.png\",\"width\":174,\"height\":48,\"caption\":\"RadarService\"},\"image\":{\"@id\":\"https:\/\/radarservice.eu\/es\/#\/schema\/logo\/image\/\"}}]}<\/script>\n<!-- \/ Yoast SEO plugin. -->","yoast_head_json":{"title":"Detector de radar fijo Genevo Assist Pro HDM+","description":"El detector de radar fijo Genevo Assist Pro HDM+ es actualmente la mejor soluci\u00f3n completa de gama alta con MultaRadar y aviso Gatso.","robots":{"index":"index","follow":"follow","max-snippet":"max-snippet:-1","max-image-preview":"max-image-preview:large","max-video-preview":"max-video-preview:-1"},"canonical":"https:\/\/radarservice.eu\/es\/producto\/detector-de-radar-fijo-genevo-assist-pro-hdm\/","og_locale":"es_ES","og_type":"article","og_title":"Detector de radar fijo Genevo Assist Pro HDM+","og_description":"El detector de radar fijo Genevo Assist Pro HDM+ es actualmente la mejor soluci\u00f3n completa de gama alta con MultaRadar y aviso Gatso.","og_url":"https:\/\/radarservice.eu\/es\/producto\/detector-de-radar-fijo-genevo-assist-pro-hdm\/","og_site_name":"Radar Service","article_modified_time":"2025-06-22T03:10:25+00:00","og_image":[{"width":1600,"height":1049,"url":"https:\/\/radarservice.eu\/wp-content\/uploads\/2020\/09\/Genevo-Assist-Pro-HDM-Verpackung.jpg","type":"image\/jpeg"}],"twitter_card":"summary_large_image","twitter_misc":{"Tiempo de lectura":"2 minutos"},"schema":{"@context":"https:\/\/schema.org","@graph":[{"@type":"WebPage","@id":"https:\/\/radarservice.eu\/es\/producto\/detector-de-radar-fijo-genevo-assist-pro-hdm\/","url":"https:\/\/radarservice.eu\/es\/producto\/detector-de-radar-fijo-genevo-assist-pro-hdm\/","name":"Detector de radar fijo Genevo Assist Pro HDM+","isPartOf":{"@id":"https:\/\/radarservice.eu\/es\/#website"},"primaryImageOfPage":{"@id":"https:\/\/radarservice.eu\/es\/producto\/detector-de-radar-fijo-genevo-assist-pro-hdm\/#primaryimage"},"image":{"@id":"https:\/\/radarservice.eu\/es\/producto\/detector-de-radar-fijo-genevo-assist-pro-hdm\/#primaryimage"},"thumbnailUrl":"https:\/\/radarservice.eu\/wp-content\/uploads\/2020\/09\/Genevo-Assist-Pro-HDM-Verpackung.jpg","datePublished":"2021-03-22T12:51:34+00:00","dateModified":"2025-06-22T03:10:25+00:00","description":"El detector de radar fijo Genevo Assist Pro HDM+ es actualmente la mejor soluci\u00f3n completa de gama alta con MultaRadar y aviso Gatso.","breadcrumb":{"@id":"https:\/\/radarservice.eu\/es\/producto\/detector-de-radar-fijo-genevo-assist-pro-hdm\/#breadcrumb"},"inLanguage":"es","potentialAction":[{"@type":"ReadAction","target":["https:\/\/radarservice.eu\/es\/producto\/detector-de-radar-fijo-genevo-assist-pro-hdm\/"]}]},{"@type":"ImageObject","inLanguage":"es","@id":"https:\/\/radarservice.eu\/es\/producto\/detector-de-radar-fijo-genevo-assist-pro-hdm\/#primaryimage","url":"https:\/\/radarservice.eu\/wp-content\/uploads\/2020\/09\/Genevo-Assist-Pro-HDM-Verpackung.jpg","contentUrl":"https:\/\/radarservice.eu\/wp-content\/uploads\/2020\/09\/Genevo-Assist-Pro-HDM-Verpackung.jpg","width":1600,"height":1049,"caption":"Genevo Assist Pro HDM Embalaje"},{"@type":"BreadcrumbList","@id":"https:\/\/radarservice.eu\/es\/producto\/detector-de-radar-fijo-genevo-assist-pro-hdm\/#breadcrumb","itemListElement":[{"@type":"ListItem","position":1,"name":"Tienda","item":"https:\/\/radarservice.eu\/es\/tienda\/"},{"@type":"ListItem","position":2,"name":"Detector de radar fijo Genevo Assist Pro HDM+"}]},{"@type":"WebSite","@id":"https:\/\/radarservice.eu\/es\/#website","url":"https:\/\/radarservice.eu\/es\/","name":"Radar Service","description":"Radar detector Laser jammer mobile fix","publisher":{"@id":"https:\/\/radarservice.eu\/es\/#organization"},"potentialAction":[{"@type":"SearchAction","target":{"@type":"EntryPoint","urlTemplate":"https:\/\/radarservice.eu\/es\/?s={search_term_string}"},"query-input":{"@type":"PropertyValueSpecification","valueRequired":true,"valueName":"search_term_string"}}],"inLanguage":"es"},{"@type":"Organization","@id":"https:\/\/radarservice.eu\/es\/#organization","name":"RadarService","url":"https:\/\/radarservice.eu\/es\/","logo":{"@type":"ImageObject","inLanguage":"es","@id":"https:\/\/radarservice.eu\/es\/#\/schema\/logo\/image\/","url":"https:\/\/radarservice.eu\/wp-content\/uploads\/2021\/03\/Radar_detector_service.png","contentUrl":"https:\/\/radarservice.eu\/wp-content\/uploads\/2021\/03\/Radar_detector_service.png","width":174,"height":48,"caption":"RadarService"},"image":{"@id":"https:\/\/radarservice.eu\/es\/#\/schema\/logo\/image\/"}}]}},"_links":{"self":[{"href":"https:\/\/radarservice.eu\/es\/wp-json\/wp\/v2\/product\/14964","targetHints":{"allow":["GET"]}}],"collection":[{"href":"https:\/\/radarservice.eu\/es\/wp-json\/wp\/v2\/product"}],"about":[{"href":"https:\/\/radarservice.eu\/es\/wp-json\/wp\/v2\/types\/product"}],"replies":[{"embeddable":true,"href":"https:\/\/radarservice.eu\/es\/wp-json\/wp\/v2\/comments?post=14964"}],"wp:featuredmedia":[{"embeddable":true,"href":"https:\/\/radarservice.eu\/es\/wp-json\/wp\/v2\/media\/14953"}],"wp:attachment":[{"href":"https:\/\/radarservice.eu\/es\/wp-json\/wp\/v2\/media?parent=14964"}],"wp:term":[{"taxonomy":"product_brand","embeddable":true,"href":"https:\/\/radarservice.eu\/es\/wp-json\/wp\/v2\/product_brand?post=14964"},{"taxonomy":"product_cat","embeddable":true,"href":"https:\/\/radarservice.eu\/es\/wp-json\/wp\/v2\/product_cat?post=14964"},{"taxonomy":"product_tag","embeddable":true,"href":"https:\/\/radarservice.eu\/es\/wp-json\/wp\/v2\/product_tag?post=14964"}],"curies":[{"name":"wp","href":"https:\/\/api.w.org\/{rel}","templated":true}]}}