{"id":14961,"date":"2021-03-22T13:47:16","date_gmt":"2021-03-22T12:47:16","guid":{"rendered":"https:\/\/radarservice.eu\/produkt\/navty-p1-edicion-premium\/"},"modified":"2025-05-06T05:10:19","modified_gmt":"2025-05-06T03:10:19","slug":"navty-p1-edicion-premium","status":"publish","type":"product","link":"https:\/\/radarservice.eu\/es\/producto\/navty-p1-edicion-premium\/","title":{"rendered":"Navty P1 Edici\u00f3n Premium"},"content":{"rendered":"<h2>Detector de radar Navty P1<\/h2>\n<p>El Navty P1 Premium es el primer aceler\u00f3metro basado en GPS con funci\u00f3n adicional de detector de radares activable.<\/p>\n<p\n\n\n<h3>Aceler\u00f3metro \/ Rastreador de rendimiento<\/h3>\n<p>.<\/p>\n<p>La medici\u00f3n de la aceleraci\u00f3n del veh\u00edculo (0-100 \/ 0-200 km\/h) se determina a trav\u00e9s del receptor GPS incorporado y es totalmente autom\u00e1tica. <\/p>\n<h3>Detector de radar \/ detecci\u00f3n l\u00e1ser<\/h3>\n<p>El Navty P1 ha sido desarrollado para el mercado europeo y es uno de los mejores detectores de radar de gama alta en Europa gracias a la nueva detecci\u00f3n de radar y l\u00e1ser en tiempo real. El Navty P1 cuenta con la \u00faltima tecnolog\u00eda Multaradar 3D y tambi\u00e9n detecta los nuevos radares MultaRadar (MRCD \/ MRCT \/ Moving \/ Gatso RT3 \/ Gatso RT4) en Alemania, Austria, Suiza y Francia.<\/p>\n<p><p><iframe loading=\"lazy\" src=\"https:\/\/www.youtube-nocookie.com\/embed\/jrR6MXELtcw\" width=\"560\" height=\"315\" frameborder=\"0\" allowfullscreen=\"allowfullscreen\"><\/iframe><\/p>\n<h3>Tecnolog\u00eda de filtrado para combatir las falsas alarmas<\/h3>\n<p>.<\/p>\n<p>Uno de los mejores y m\u00e1s avanzados sistemas de filtrado permite reducir al m\u00ednimo las falsas alarmas, pero sin sacrificar los tiempos de aviso en las lecturas reales de los radares.<\/p>\n<p\n\n\n<h3>Invisible para la polic\u00eda<\/h3>\n<p>.<\/p>\n<p>La tecnolog\u00eda de ocultaci\u00f3n impide el rastreo policial y te protege de la detecci\u00f3n. Incluso los actuales detectores de radar VG2 y Spectre utilizados por la polic\u00eda no pueden localizar el detector de radar Navty P1. Adem\u00e1s, en caso de un control general de tr\u00e1fico o de fronteras, la funci\u00f3n de radar puede desactivarse con un movimiento de mu\u00f1eca.<\/p>\n<p\n\n\n<h3>Aviso de uso en cuatro idiomas<\/h3>\n<p>.<\/p>\n<p>En la pantalla y a trav\u00e9s de un anuncio de voz, recibir\u00e1 informaci\u00f3n relevante sobre los mensajes de radares de tr\u00e1fico entrantes. Los s\u00edmbolos claros y la informaci\u00f3n de texto adicional proporcionan una advertencia visual perfecta. El brillo de la pantalla puede ajustarse gradualmente de brillante a oscuro. La configuraci\u00f3n inteligente permite que la pantalla se ilumine s\u00f3lo cuando hay una alerta de peligro y es muy conveniente cuando se conduce de noche. Las indicaciones visuales y de voz est\u00e1n disponibles en alem\u00e1n, ingl\u00e9s, franc\u00e9s o espa\u00f1ol. <\/p>\n<p><iframe loading=\"lazy\" src=\"https:\/\/www.youtube-nocookie.com\/embed\/FMt9f86rG5U\" width=\"560\" height=\"315\" frameborder=\"0\" allowfullscreen=\"allowfullscreen\"><\/iframe><\/p>\n<h3>Actualizaci\u00f3n gratuita de los radares fijos<\/h3>\n<p>.<\/p>\n<p>Las actualizaciones ilimitadas y gratuitas de la base de datos de puntos de inter\u00e9s del GPS est\u00e1n incluidas en el precio de compra y no hay costes posteriores debidos a costosas suscripciones. La c\u00e1mara de velocidad y las actualizaciones de firmware se pueden instalar f\u00e1cil y r\u00e1pidamente en cuesti\u00f3n de segundos a trav\u00e9s de una memoria USB. La actualizaci\u00f3n puede realizarse c\u00f3modamente en el veh\u00edculo independientemente de su sistema operativo (WIN \/ MacOS \/ Linux). El Navty P1 no necesita estar conectado al ordenador para la actualizaci\u00f3n.<\/p>\n<p><h3>Guarda tus propios puntos de peligro y silencia autom\u00e1ticamente<\/h3>\n<p>.<\/p>\n<p>Con s\u00f3lo pulsar un bot\u00f3n, puedes guardar tus propios puntos de peligro en el Navty P1 Premium y avisarte en el futuro cuando te acerques a ellos. O bien, pulse el bot\u00f3n de silencio en un lugar en el que no quiera ser avisado en el futuro. El Navty P1 recuerda las coordenadas GPS y la frecuencia del radar y silencia la alarma para esa ubicaci\u00f3n. Si en el futuro se recibe una frecuencia de radar diferente en ese lugar, el Navty P1 seguir\u00e1 emitiendo una alarma.<\/p>\n<p><h3>Alcance de la entrega y caracter\u00edsticas<\/h3>\n<p>El Navty P1 se env\u00eda con la base de datos actual y la funci\u00f3n de radar desactivada, por lo que se vende y env\u00eda legalmente como un aceler\u00f3metro. Si se desea, la funci\u00f3n de radar puede activarse antes de la entrega. Para ello, env\u00edenos un breve correo electr\u00f3nico con su solicitud tras recibir la confirmaci\u00f3n del pedido. El env\u00edo incluye un soporte de ventosa y un cable de conexi\u00f3n SmartCord de 12 voltios para el encendedor. El soporte se fija de forma segura al parabrisas y permite montar r\u00e1pidamente el detector de radares. El manual de instrucciones est\u00e1 en ingl\u00e9s, franc\u00e9s, alem\u00e1n y espa\u00f1ol. <\/p>\n<h3>Resumen de funciones y productos<\/h3>\n<ul>\n<li>El primer detector de radares m\u00f3vil con aceler\u00f3metro totalmente autom\u00e1tico (0-100 \/ 0-200 km\/h)<\/li>\n<p>.<\/p>\n<li>Avisos de trampas de velocidad fijas y m\u00f3viles y mediciones l\u00e1ser<\/li>\n<p>.<\/p>\n<li>Filtro de falsas alarmas l\u00edder en el mercado con reducci\u00f3n de las mismas al m\u00ednimo<\/li>\n<p>.<\/p>\n<li>Actualizaciones gratuitas de por vida incluidas<\/li>\n<p>.<\/p>\n<li>Se\u00f1ales de alarma y ajustes en alem\u00e1n \/ ingl\u00e9s \/ franc\u00e9s \/ espa\u00f1ol<\/li>\n","protected":false},"excerpt":{"rendered":"<h1>Detector de Radar Navty P1 Premium<\/h1>\n<p>.<\/p>\n<p>El nuevo Navty P1 es tanto un aceler\u00f3metro legal como un detector de radares profesional. Dise\u00f1ado para su uso en Europa, el dispositivo protege contra l\u00e1ser, X, K, Ka y las nuevas trampas de radar MultaRadar y Gatso. Protegido por una avanzada tecnolog\u00eda de sigilo, el Navty P1 no puede ser rastreado por la polic\u00eda con detectores de radar.<\/p>\n<p>\n","protected":false},"featured_media":14962,"comment_status":"open","ping_status":"closed","template":"","meta":[],"product_brand":[],"product_cat":[918,900,919],"product_tag":[921,901,924,925,922,923,926,920],"class_list":{"0":"post-14961","1":"product","2":"type-product","3":"status-publish","4":"has-post-thumbnail","6":"product_cat-detectores-de-radar-moviles","7":"product_cat-detectores-de-radar-recomendados","8":"product_cat-navty-es","9":"product_tag-acelerometro","10":"product_tag-detector-de-radar","11":"product_tag-detector-laser","12":"product_tag-gps-es","13":"product_tag-navty-es","14":"product_tag-p1-es","15":"product_tag-poi-warner-es","16":"product_tag-seguimiento-del-rendimiento","18":"first","19":"instock","20":"sale","21":"taxable","22":"shipping-taxable","23":"purchasable","24":"product-type-simple"},"yoast_head":"<!-- This site is optimized with the Yoast SEO plugin v27.2 - https:\/\/yoast.com\/product\/yoast-seo-wordpress\/ -->\n<title>Navty P1 Edici\u00f3n Premium detector de radar m\u00f3vil para Europa<\/title>\n<meta name=\"description\" content=\"Detector de radares y aceler\u00f3metro Navty P1 Premium. Protecci\u00f3n contra las mediciones por radar y l\u00e1ser, incluidas las nuevas trampas de radar MultaRadar y Gatso.\" \/>\n<meta name=\"robots\" content=\"index, follow, max-snippet:-1, max-image-preview:large, max-video-preview:-1\" \/>\n<link rel=\"canonical\" href=\"https:\/\/radarservice.eu\/es\/producto\/navty-p1-edicion-premium\/\" \/>\n<meta property=\"og:locale\" content=\"es_ES\" \/>\n<meta property=\"og:type\" content=\"article\" \/>\n<meta property=\"og:title\" content=\"Navty P1 Edici\u00f3n Premium detector de radar m\u00f3vil para Europa\" \/>\n<meta property=\"og:description\" content=\"Detector de radares y aceler\u00f3metro Navty P1 Premium. Protecci\u00f3n contra las mediciones por radar y l\u00e1ser, incluidas las nuevas trampas de radar MultaRadar y Gatso.\" \/>\n<meta property=\"og:url\" content=\"https:\/\/radarservice.eu\/es\/producto\/navty-p1-edicion-premium\/\" \/>\n<meta property=\"og:site_name\" content=\"Radar Service\" \/>\n<meta property=\"article:modified_time\" content=\"2025-05-06T03:10:19+00:00\" \/>\n<meta property=\"og:image\" content=\"https:\/\/radarservice.eu\/wp-content\/uploads\/2020\/09\/NAVTY_P1_Radarwarner_800x562.jpg\" \/>\n\t<meta property=\"og:image:width\" content=\"800\" \/>\n\t<meta property=\"og:image:height\" content=\"562\" \/>\n\t<meta property=\"og:image:type\" content=\"image\/jpeg\" \/>\n<meta name=\"twitter:card\" content=\"summary_large_image\" \/>\n<script type=\"application\/ld+json\" class=\"yoast-schema-graph\">{\"@context\":\"https:\/\/schema.org\",\"@graph\":[{\"@type\":\"WebPage\",\"@id\":\"https:\/\/radarservice.eu\/es\/producto\/navty-p1-edicion-premium\/\",\"url\":\"https:\/\/radarservice.eu\/es\/producto\/navty-p1-edicion-premium\/\",\"name\":\"Navty P1 Edici\u00f3n Premium detector de radar m\u00f3vil para Europa\",\"isPartOf\":{\"@id\":\"https:\/\/radarservice.eu\/es\/#website\"},\"primaryImageOfPage\":{\"@id\":\"https:\/\/radarservice.eu\/es\/producto\/navty-p1-edicion-premium\/#primaryimage\"},\"image\":{\"@id\":\"https:\/\/radarservice.eu\/es\/producto\/navty-p1-edicion-premium\/#primaryimage\"},\"thumbnailUrl\":\"https:\/\/radarservice.eu\/wp-content\/uploads\/2020\/09\/NAVTY_P1_Radarwarner_800x562.jpg\",\"datePublished\":\"2021-03-22T12:47:16+00:00\",\"dateModified\":\"2025-05-06T03:10:19+00:00\",\"description\":\"Detector de radares y aceler\u00f3metro Navty P1 Premium. Protecci\u00f3n contra las mediciones por radar y l\u00e1ser, incluidas las nuevas trampas de radar MultaRadar y Gatso.\",\"breadcrumb\":{\"@id\":\"https:\/\/radarservice.eu\/es\/producto\/navty-p1-edicion-premium\/#breadcrumb\"},\"inLanguage\":\"es\",\"potentialAction\":[{\"@type\":\"ReadAction\",\"target\":[\"https:\/\/radarservice.eu\/es\/producto\/navty-p1-edicion-premium\/\"]}]},{\"@type\":\"ImageObject\",\"inLanguage\":\"es\",\"@id\":\"https:\/\/radarservice.eu\/es\/producto\/navty-p1-edicion-premium\/#primaryimage\",\"url\":\"https:\/\/radarservice.eu\/wp-content\/uploads\/2020\/09\/NAVTY_P1_Radarwarner_800x562.jpg\",\"contentUrl\":\"https:\/\/radarservice.eu\/wp-content\/uploads\/2020\/09\/NAVTY_P1_Radarwarner_800x562.jpg\",\"width\":800,\"height\":562,\"caption\":\"Detector de radares NAVTY P1 Premium\"},{\"@type\":\"BreadcrumbList\",\"@id\":\"https:\/\/radarservice.eu\/es\/producto\/navty-p1-edicion-premium\/#breadcrumb\",\"itemListElement\":[{\"@type\":\"ListItem\",\"position\":1,\"name\":\"Tienda\",\"item\":\"https:\/\/radarservice.eu\/es\/tienda\/\"},{\"@type\":\"ListItem\",\"position\":2,\"name\":\"Navty P1 Edici\u00f3n Premium\"}]},{\"@type\":\"WebSite\",\"@id\":\"https:\/\/radarservice.eu\/es\/#website\",\"url\":\"https:\/\/radarservice.eu\/es\/\",\"name\":\"Radar Service\",\"description\":\"Radar detector Laser jammer mobile fix\",\"publisher\":{\"@id\":\"https:\/\/radarservice.eu\/es\/#organization\"},\"potentialAction\":[{\"@type\":\"SearchAction\",\"target\":{\"@type\":\"EntryPoint\",\"urlTemplate\":\"https:\/\/radarservice.eu\/es\/?s={search_term_string}\"},\"query-input\":{\"@type\":\"PropertyValueSpecification\",\"valueRequired\":true,\"valueName\":\"search_term_string\"}}],\"inLanguage\":\"es\"},{\"@type\":\"Organization\",\"@id\":\"https:\/\/radarservice.eu\/es\/#organization\",\"name\":\"RadarService\",\"url\":\"https:\/\/radarservice.eu\/es\/\",\"logo\":{\"@type\":\"ImageObject\",\"inLanguage\":\"es\",\"@id\":\"https:\/\/radarservice.eu\/es\/#\/schema\/logo\/image\/\",\"url\":\"https:\/\/radarservice.eu\/wp-content\/uploads\/2021\/03\/Radar_detector_service.png\",\"contentUrl\":\"https:\/\/radarservice.eu\/wp-content\/uploads\/2021\/03\/Radar_detector_service.png\",\"width\":174,\"height\":48,\"caption\":\"RadarService\"},\"image\":{\"@id\":\"https:\/\/radarservice.eu\/es\/#\/schema\/logo\/image\/\"}}]}<\/script>\n<!-- \/ Yoast SEO plugin. -->","yoast_head_json":{"title":"Navty P1 Edici\u00f3n Premium detector de radar m\u00f3vil para Europa","description":"Detector de radares y aceler\u00f3metro Navty P1 Premium. Protecci\u00f3n contra las mediciones por radar y l\u00e1ser, incluidas las nuevas trampas de radar MultaRadar y Gatso.","robots":{"index":"index","follow":"follow","max-snippet":"max-snippet:-1","max-image-preview":"max-image-preview:large","max-video-preview":"max-video-preview:-1"},"canonical":"https:\/\/radarservice.eu\/es\/producto\/navty-p1-edicion-premium\/","og_locale":"es_ES","og_type":"article","og_title":"Navty P1 Edici\u00f3n Premium detector de radar m\u00f3vil para Europa","og_description":"Detector de radares y aceler\u00f3metro Navty P1 Premium. Protecci\u00f3n contra las mediciones por radar y l\u00e1ser, incluidas las nuevas trampas de radar MultaRadar y Gatso.","og_url":"https:\/\/radarservice.eu\/es\/producto\/navty-p1-edicion-premium\/","og_site_name":"Radar Service","article_modified_time":"2025-05-06T03:10:19+00:00","og_image":[{"width":800,"height":562,"url":"https:\/\/radarservice.eu\/wp-content\/uploads\/2020\/09\/NAVTY_P1_Radarwarner_800x562.jpg","type":"image\/jpeg"}],"twitter_card":"summary_large_image","schema":{"@context":"https:\/\/schema.org","@graph":[{"@type":"WebPage","@id":"https:\/\/radarservice.eu\/es\/producto\/navty-p1-edicion-premium\/","url":"https:\/\/radarservice.eu\/es\/producto\/navty-p1-edicion-premium\/","name":"Navty P1 Edici\u00f3n Premium detector de radar m\u00f3vil para Europa","isPartOf":{"@id":"https:\/\/radarservice.eu\/es\/#website"},"primaryImageOfPage":{"@id":"https:\/\/radarservice.eu\/es\/producto\/navty-p1-edicion-premium\/#primaryimage"},"image":{"@id":"https:\/\/radarservice.eu\/es\/producto\/navty-p1-edicion-premium\/#primaryimage"},"thumbnailUrl":"https:\/\/radarservice.eu\/wp-content\/uploads\/2020\/09\/NAVTY_P1_Radarwarner_800x562.jpg","datePublished":"2021-03-22T12:47:16+00:00","dateModified":"2025-05-06T03:10:19+00:00","description":"Detector de radares y aceler\u00f3metro Navty P1 Premium. Protecci\u00f3n contra las mediciones por radar y l\u00e1ser, incluidas las nuevas trampas de radar MultaRadar y Gatso.","breadcrumb":{"@id":"https:\/\/radarservice.eu\/es\/producto\/navty-p1-edicion-premium\/#breadcrumb"},"inLanguage":"es","potentialAction":[{"@type":"ReadAction","target":["https:\/\/radarservice.eu\/es\/producto\/navty-p1-edicion-premium\/"]}]},{"@type":"ImageObject","inLanguage":"es","@id":"https:\/\/radarservice.eu\/es\/producto\/navty-p1-edicion-premium\/#primaryimage","url":"https:\/\/radarservice.eu\/wp-content\/uploads\/2020\/09\/NAVTY_P1_Radarwarner_800x562.jpg","contentUrl":"https:\/\/radarservice.eu\/wp-content\/uploads\/2020\/09\/NAVTY_P1_Radarwarner_800x562.jpg","width":800,"height":562,"caption":"Detector de radares NAVTY P1 Premium"},{"@type":"BreadcrumbList","@id":"https:\/\/radarservice.eu\/es\/producto\/navty-p1-edicion-premium\/#breadcrumb","itemListElement":[{"@type":"ListItem","position":1,"name":"Tienda","item":"https:\/\/radarservice.eu\/es\/tienda\/"},{"@type":"ListItem","position":2,"name":"Navty P1 Edici\u00f3n Premium"}]},{"@type":"WebSite","@id":"https:\/\/radarservice.eu\/es\/#website","url":"https:\/\/radarservice.eu\/es\/","name":"Radar Service","description":"Radar detector Laser jammer mobile fix","publisher":{"@id":"https:\/\/radarservice.eu\/es\/#organization"},"potentialAction":[{"@type":"SearchAction","target":{"@type":"EntryPoint","urlTemplate":"https:\/\/radarservice.eu\/es\/?s={search_term_string}"},"query-input":{"@type":"PropertyValueSpecification","valueRequired":true,"valueName":"search_term_string"}}],"inLanguage":"es"},{"@type":"Organization","@id":"https:\/\/radarservice.eu\/es\/#organization","name":"RadarService","url":"https:\/\/radarservice.eu\/es\/","logo":{"@type":"ImageObject","inLanguage":"es","@id":"https:\/\/radarservice.eu\/es\/#\/schema\/logo\/image\/","url":"https:\/\/radarservice.eu\/wp-content\/uploads\/2021\/03\/Radar_detector_service.png","contentUrl":"https:\/\/radarservice.eu\/wp-content\/uploads\/2021\/03\/Radar_detector_service.png","width":174,"height":48,"caption":"RadarService"},"image":{"@id":"https:\/\/radarservice.eu\/es\/#\/schema\/logo\/image\/"}}]}},"_links":{"self":[{"href":"https:\/\/radarservice.eu\/es\/wp-json\/wp\/v2\/product\/14961","targetHints":{"allow":["GET"]}}],"collection":[{"href":"https:\/\/radarservice.eu\/es\/wp-json\/wp\/v2\/product"}],"about":[{"href":"https:\/\/radarservice.eu\/es\/wp-json\/wp\/v2\/types\/product"}],"replies":[{"embeddable":true,"href":"https:\/\/radarservice.eu\/es\/wp-json\/wp\/v2\/comments?post=14961"}],"wp:featuredmedia":[{"embeddable":true,"href":"https:\/\/radarservice.eu\/es\/wp-json\/wp\/v2\/media\/14962"}],"wp:attachment":[{"href":"https:\/\/radarservice.eu\/es\/wp-json\/wp\/v2\/media?parent=14961"}],"wp:term":[{"taxonomy":"product_brand","embeddable":true,"href":"https:\/\/radarservice.eu\/es\/wp-json\/wp\/v2\/product_brand?post=14961"},{"taxonomy":"product_cat","embeddable":true,"href":"https:\/\/radarservice.eu\/es\/wp-json\/wp\/v2\/product_cat?post=14961"},{"taxonomy":"product_tag","embeddable":true,"href":"https:\/\/radarservice.eu\/es\/wp-json\/wp\/v2\/product_tag?post=14961"}],"curies":[{"name":"wp","href":"https:\/\/api.w.org\/{rel}","templated":true}]}}