{"id":14952,"date":"2021-03-22T13:37:28","date_gmt":"2021-03-22T12:37:28","guid":{"rendered":"https:\/\/radarservice.eu\/produkt\/instalacion-fija-de-genevo-assist-pro-hdm-y-antilaser-priority-dual\/"},"modified":"2025-06-20T05:10:31","modified_gmt":"2025-06-20T03:10:31","slug":"instalacion-fija-de-genevo-assist-pro-hdm-y-antilaser-priority-dual","status":"publish","type":"product","link":"https:\/\/radarservice.eu\/es\/producto\/instalacion-fija-de-genevo-assist-pro-hdm-y-antilaser-priority-dual\/","title":{"rendered":"Instalaci\u00f3n fija de Genevo Assist Pro HDM+ y Antilaser Priority DUAL"},"content":{"rendered":"<h2>Detector de radares Genevo Assist Pro HDM+ de instalaci\u00f3n fija e inhibidor de l\u00e1ser ALP DUAL<\/h2>\n<p>.<\/p>\n<p><strong>Detector de radar de montaje fijo Genevo Assist Pro HDM+<\/strong><\/p>\n<p>.<\/p>\n<p>El detector de radares de montaje fijo Genevo Assist HDM+ es actualmente el mejor dispositivo incorporado de gama alta para el mercado europeo. <\/p>\n<p>Los mejores resultados de prealarma con un \u00edndice m\u00ednimo de falsas alarmas hacen que el Genevo Assist HDM+ sea el mejor dispositivo de todos los detectores de radar de instalaci\u00f3n fija.<\/p>\n<p\n\n\n<p>La pantalla magn\u00e9tica y la unidad de control pueden retirarse en cualquier momento durante los controles policiales o los cruces fronterizos. Esto desactiva inmediatamente el Genevo Assist. <\/p>\n<p>Las opciones de ajuste del Genevo Assist Pro son inigualables en su variedad. No obstante, incluso los principiantes pueden ajustar f\u00e1cilmente los par\u00e1metros a sus propias necesidades. Un software especialmente desarrollado permite la c\u00f3moda configuraci\u00f3n en el PC o port\u00e1til de casa.<\/p>\n<p><p>Los avisos son mediante anuncios de voz en alem\u00e1n o ingl\u00e9s o un simple pitido. La base de datos de puntos de inter\u00e9s GPS de Genevo Assist est\u00e1 preinstalada de forma gratuita y te avisa de los sistemas de control de velocidad fija y de sem\u00e1foros en rojo en toda Europa.<\/p>\n<p\n\n\n<p><strong>Antilaser ALP Priority DUAL con 2 sensores l\u00e1ser jammer<\/strong><\/p>\n<p>.<\/p>\n<p>El nuevo anti-l\u00e1ser AL-Priority ha sido mejorado de nuevo en comparaci\u00f3n con sus predecesores AL-G8 y AL-G9 y le ofrece un 100% de protecci\u00f3n contra los controles de velocidad con pistolas l\u00e1ser. A pesar de las reducidas dimensiones de los sensores, el ALP ofrece as\u00ed una protecci\u00f3n eficaz y eficiente contra los ca\u00f1ones l\u00e1ser y la nueva etiqueta bliter. El Antilaser Laserblinder se puede utilizar tanto como un sensor de parque y l\u00e1ser jammer puede.<\/p>\n<p>.<\/p>\n","protected":false},"excerpt":{"rendered":"<p>Detector de radares Genevo Assist Pro HDM+ de instalaci\u00f3n fija e inhibidor de l\u00e1ser ALP DUAL . Detector de radar de montaje fijo Genevo Assist Pro HDM+ . El detector de radares de montaje fijo Genevo Assist HDM+ es actualmente el mejor dispositivo incorporado de gama alta para el mercado europeo. Los mejores resultados de [&#8230;]\n","protected":false},"featured_media":14953,"comment_status":"open","ping_status":"closed","template":"","meta":[],"product_brand":[],"product_cat":[913,899,915],"product_tag":[],"class_list":{"0":"post-14952","1":"product","2":"type-product","3":"status-publish","4":"has-post-thumbnail","6":"product_cat-antilaser-es","7":"product_cat-genevo-es","8":"product_cat-paquetes-completos-recomendados","10":"first","11":"instock","12":"sale","13":"taxable","14":"shipping-taxable","15":"purchasable","16":"product-type-simple"},"yoast_head":"<!-- This site is optimized with the Yoast SEO plugin v27.2 - https:\/\/yoast.com\/product\/yoast-seo-wordpress\/ -->\n<title>Radar Service<\/title>\n<meta name=\"description\" content=\"Detector de radares de instalaci\u00f3n fija Genevo Assist Pro HDM+ y bloqueador de l\u00e1ser ALP DUAL para instalaci\u00f3n oculta en el veh\u00edculo.\" \/>\n<meta name=\"robots\" content=\"index, follow, max-snippet:-1, max-image-preview:large, max-video-preview:-1\" \/>\n<link rel=\"canonical\" href=\"https:\/\/radarservice.eu\/es\/producto\/instalacion-fija-de-genevo-assist-pro-hdm-y-antilaser-priority-dual\/\" \/>\n<meta property=\"og:locale\" content=\"es_ES\" \/>\n<meta property=\"og:type\" content=\"article\" \/>\n<meta property=\"og:description\" content=\"Detector de radares de instalaci\u00f3n fija Genevo Assist Pro HDM+ y bloqueador de l\u00e1ser ALP DUAL para instalaci\u00f3n oculta en el veh\u00edculo.\" \/>\n<meta property=\"og:url\" content=\"https:\/\/radarservice.eu\/es\/producto\/instalacion-fija-de-genevo-assist-pro-hdm-y-antilaser-priority-dual\/\" \/>\n<meta property=\"og:site_name\" content=\"Radar Service\" \/>\n<meta property=\"article:modified_time\" content=\"2025-06-20T03:10:31+00:00\" \/>\n<meta property=\"og:image\" content=\"https:\/\/radarservice.eu\/wp-content\/uploads\/2020\/09\/Genevo-Assist-Pro-HDM-Verpackung.jpg\" \/>\n\t<meta property=\"og:image:width\" content=\"1600\" \/>\n\t<meta property=\"og:image:height\" content=\"1049\" \/>\n\t<meta property=\"og:image:type\" content=\"image\/jpeg\" \/>\n<meta name=\"twitter:card\" content=\"summary_large_image\" \/>\n<script type=\"application\/ld+json\" class=\"yoast-schema-graph\">{\"@context\":\"https:\/\/schema.org\",\"@graph\":[{\"@type\":\"WebPage\",\"@id\":\"https:\/\/radarservice.eu\/es\/producto\/instalacion-fija-de-genevo-assist-pro-hdm-y-antilaser-priority-dual\/\",\"url\":\"https:\/\/radarservice.eu\/es\/producto\/instalacion-fija-de-genevo-assist-pro-hdm-y-antilaser-priority-dual\/\",\"name\":\"\",\"isPartOf\":{\"@id\":\"https:\/\/radarservice.eu\/es\/#website\"},\"primaryImageOfPage\":{\"@id\":\"https:\/\/radarservice.eu\/es\/producto\/instalacion-fija-de-genevo-assist-pro-hdm-y-antilaser-priority-dual\/#primaryimage\"},\"image\":{\"@id\":\"https:\/\/radarservice.eu\/es\/producto\/instalacion-fija-de-genevo-assist-pro-hdm-y-antilaser-priority-dual\/#primaryimage\"},\"thumbnailUrl\":\"https:\/\/radarservice.eu\/wp-content\/uploads\/2020\/09\/Genevo-Assist-Pro-HDM-Verpackung.jpg\",\"datePublished\":\"2021-03-22T12:37:28+00:00\",\"dateModified\":\"2025-06-20T03:10:31+00:00\",\"description\":\"Detector de radares de instalaci\u00f3n fija Genevo Assist Pro HDM+ y bloqueador de l\u00e1ser ALP DUAL para instalaci\u00f3n oculta en el veh\u00edculo.\",\"breadcrumb\":{\"@id\":\"https:\/\/radarservice.eu\/es\/producto\/instalacion-fija-de-genevo-assist-pro-hdm-y-antilaser-priority-dual\/#breadcrumb\"},\"inLanguage\":\"es\",\"potentialAction\":[{\"@type\":\"ReadAction\",\"target\":[\"https:\/\/radarservice.eu\/es\/producto\/instalacion-fija-de-genevo-assist-pro-hdm-y-antilaser-priority-dual\/\"]}]},{\"@type\":\"ImageObject\",\"inLanguage\":\"es\",\"@id\":\"https:\/\/radarservice.eu\/es\/producto\/instalacion-fija-de-genevo-assist-pro-hdm-y-antilaser-priority-dual\/#primaryimage\",\"url\":\"https:\/\/radarservice.eu\/wp-content\/uploads\/2020\/09\/Genevo-Assist-Pro-HDM-Verpackung.jpg\",\"contentUrl\":\"https:\/\/radarservice.eu\/wp-content\/uploads\/2020\/09\/Genevo-Assist-Pro-HDM-Verpackung.jpg\",\"width\":1600,\"height\":1049,\"caption\":\"Genevo Assist Pro HDM Embalaje\"},{\"@type\":\"BreadcrumbList\",\"@id\":\"https:\/\/radarservice.eu\/es\/producto\/instalacion-fija-de-genevo-assist-pro-hdm-y-antilaser-priority-dual\/#breadcrumb\",\"itemListElement\":[{\"@type\":\"ListItem\",\"position\":1,\"name\":\"Tienda\",\"item\":\"https:\/\/radarservice.eu\/es\/tienda\/\"},{\"@type\":\"ListItem\",\"position\":2,\"name\":\"Instalaci\u00f3n fija de Genevo Assist Pro HDM+ y Antilaser Priority DUAL\"}]},{\"@type\":\"WebSite\",\"@id\":\"https:\/\/radarservice.eu\/es\/#website\",\"url\":\"https:\/\/radarservice.eu\/es\/\",\"name\":\"Radar Service\",\"description\":\"Radar detector Laser jammer mobile fix\",\"publisher\":{\"@id\":\"https:\/\/radarservice.eu\/es\/#organization\"},\"potentialAction\":[{\"@type\":\"SearchAction\",\"target\":{\"@type\":\"EntryPoint\",\"urlTemplate\":\"https:\/\/radarservice.eu\/es\/?s={search_term_string}\"},\"query-input\":{\"@type\":\"PropertyValueSpecification\",\"valueRequired\":true,\"valueName\":\"search_term_string\"}}],\"inLanguage\":\"es\"},{\"@type\":\"Organization\",\"@id\":\"https:\/\/radarservice.eu\/es\/#organization\",\"name\":\"RadarService\",\"url\":\"https:\/\/radarservice.eu\/es\/\",\"logo\":{\"@type\":\"ImageObject\",\"inLanguage\":\"es\",\"@id\":\"https:\/\/radarservice.eu\/es\/#\/schema\/logo\/image\/\",\"url\":\"https:\/\/radarservice.eu\/wp-content\/uploads\/2021\/03\/Radar_detector_service.png\",\"contentUrl\":\"https:\/\/radarservice.eu\/wp-content\/uploads\/2021\/03\/Radar_detector_service.png\",\"width\":174,\"height\":48,\"caption\":\"RadarService\"},\"image\":{\"@id\":\"https:\/\/radarservice.eu\/es\/#\/schema\/logo\/image\/\"}}]}<\/script>\n<!-- \/ Yoast SEO plugin. -->","yoast_head_json":{"title":"Radar Service","description":"Detector de radares de instalaci\u00f3n fija Genevo Assist Pro HDM+ y bloqueador de l\u00e1ser ALP DUAL para instalaci\u00f3n oculta en el veh\u00edculo.","robots":{"index":"index","follow":"follow","max-snippet":"max-snippet:-1","max-image-preview":"max-image-preview:large","max-video-preview":"max-video-preview:-1"},"canonical":"https:\/\/radarservice.eu\/es\/producto\/instalacion-fija-de-genevo-assist-pro-hdm-y-antilaser-priority-dual\/","og_locale":"es_ES","og_type":"article","og_description":"Detector de radares de instalaci\u00f3n fija Genevo Assist Pro HDM+ y bloqueador de l\u00e1ser ALP DUAL para instalaci\u00f3n oculta en el veh\u00edculo.","og_url":"https:\/\/radarservice.eu\/es\/producto\/instalacion-fija-de-genevo-assist-pro-hdm-y-antilaser-priority-dual\/","og_site_name":"Radar Service","article_modified_time":"2025-06-20T03:10:31+00:00","og_image":[{"width":1600,"height":1049,"url":"https:\/\/radarservice.eu\/wp-content\/uploads\/2020\/09\/Genevo-Assist-Pro-HDM-Verpackung.jpg","type":"image\/jpeg"}],"twitter_card":"summary_large_image","schema":{"@context":"https:\/\/schema.org","@graph":[{"@type":"WebPage","@id":"https:\/\/radarservice.eu\/es\/producto\/instalacion-fija-de-genevo-assist-pro-hdm-y-antilaser-priority-dual\/","url":"https:\/\/radarservice.eu\/es\/producto\/instalacion-fija-de-genevo-assist-pro-hdm-y-antilaser-priority-dual\/","name":"","isPartOf":{"@id":"https:\/\/radarservice.eu\/es\/#website"},"primaryImageOfPage":{"@id":"https:\/\/radarservice.eu\/es\/producto\/instalacion-fija-de-genevo-assist-pro-hdm-y-antilaser-priority-dual\/#primaryimage"},"image":{"@id":"https:\/\/radarservice.eu\/es\/producto\/instalacion-fija-de-genevo-assist-pro-hdm-y-antilaser-priority-dual\/#primaryimage"},"thumbnailUrl":"https:\/\/radarservice.eu\/wp-content\/uploads\/2020\/09\/Genevo-Assist-Pro-HDM-Verpackung.jpg","datePublished":"2021-03-22T12:37:28+00:00","dateModified":"2025-06-20T03:10:31+00:00","description":"Detector de radares de instalaci\u00f3n fija Genevo Assist Pro HDM+ y bloqueador de l\u00e1ser ALP DUAL para instalaci\u00f3n oculta en el veh\u00edculo.","breadcrumb":{"@id":"https:\/\/radarservice.eu\/es\/producto\/instalacion-fija-de-genevo-assist-pro-hdm-y-antilaser-priority-dual\/#breadcrumb"},"inLanguage":"es","potentialAction":[{"@type":"ReadAction","target":["https:\/\/radarservice.eu\/es\/producto\/instalacion-fija-de-genevo-assist-pro-hdm-y-antilaser-priority-dual\/"]}]},{"@type":"ImageObject","inLanguage":"es","@id":"https:\/\/radarservice.eu\/es\/producto\/instalacion-fija-de-genevo-assist-pro-hdm-y-antilaser-priority-dual\/#primaryimage","url":"https:\/\/radarservice.eu\/wp-content\/uploads\/2020\/09\/Genevo-Assist-Pro-HDM-Verpackung.jpg","contentUrl":"https:\/\/radarservice.eu\/wp-content\/uploads\/2020\/09\/Genevo-Assist-Pro-HDM-Verpackung.jpg","width":1600,"height":1049,"caption":"Genevo Assist Pro HDM Embalaje"},{"@type":"BreadcrumbList","@id":"https:\/\/radarservice.eu\/es\/producto\/instalacion-fija-de-genevo-assist-pro-hdm-y-antilaser-priority-dual\/#breadcrumb","itemListElement":[{"@type":"ListItem","position":1,"name":"Tienda","item":"https:\/\/radarservice.eu\/es\/tienda\/"},{"@type":"ListItem","position":2,"name":"Instalaci\u00f3n fija de Genevo Assist Pro HDM+ y Antilaser Priority DUAL"}]},{"@type":"WebSite","@id":"https:\/\/radarservice.eu\/es\/#website","url":"https:\/\/radarservice.eu\/es\/","name":"Radar Service","description":"Radar detector Laser jammer mobile fix","publisher":{"@id":"https:\/\/radarservice.eu\/es\/#organization"},"potentialAction":[{"@type":"SearchAction","target":{"@type":"EntryPoint","urlTemplate":"https:\/\/radarservice.eu\/es\/?s={search_term_string}"},"query-input":{"@type":"PropertyValueSpecification","valueRequired":true,"valueName":"search_term_string"}}],"inLanguage":"es"},{"@type":"Organization","@id":"https:\/\/radarservice.eu\/es\/#organization","name":"RadarService","url":"https:\/\/radarservice.eu\/es\/","logo":{"@type":"ImageObject","inLanguage":"es","@id":"https:\/\/radarservice.eu\/es\/#\/schema\/logo\/image\/","url":"https:\/\/radarservice.eu\/wp-content\/uploads\/2021\/03\/Radar_detector_service.png","contentUrl":"https:\/\/radarservice.eu\/wp-content\/uploads\/2021\/03\/Radar_detector_service.png","width":174,"height":48,"caption":"RadarService"},"image":{"@id":"https:\/\/radarservice.eu\/es\/#\/schema\/logo\/image\/"}}]}},"_links":{"self":[{"href":"https:\/\/radarservice.eu\/es\/wp-json\/wp\/v2\/product\/14952","targetHints":{"allow":["GET"]}}],"collection":[{"href":"https:\/\/radarservice.eu\/es\/wp-json\/wp\/v2\/product"}],"about":[{"href":"https:\/\/radarservice.eu\/es\/wp-json\/wp\/v2\/types\/product"}],"replies":[{"embeddable":true,"href":"https:\/\/radarservice.eu\/es\/wp-json\/wp\/v2\/comments?post=14952"}],"wp:featuredmedia":[{"embeddable":true,"href":"https:\/\/radarservice.eu\/es\/wp-json\/wp\/v2\/media\/14953"}],"wp:attachment":[{"href":"https:\/\/radarservice.eu\/es\/wp-json\/wp\/v2\/media?parent=14952"}],"wp:term":[{"taxonomy":"product_brand","embeddable":true,"href":"https:\/\/radarservice.eu\/es\/wp-json\/wp\/v2\/product_brand?post=14952"},{"taxonomy":"product_cat","embeddable":true,"href":"https:\/\/radarservice.eu\/es\/wp-json\/wp\/v2\/product_cat?post=14952"},{"taxonomy":"product_tag","embeddable":true,"href":"https:\/\/radarservice.eu\/es\/wp-json\/wp\/v2\/product_tag?post=14952"}],"curies":[{"name":"wp","href":"https:\/\/api.w.org\/{rel}","templated":true}]}}