{"id":14943,"date":"2021-03-22T13:30:42","date_gmt":"2021-03-22T12:30:42","guid":{"rendered":"https:\/\/radarservice.eu\/produkt\/laser-stinger-freedom-de-fibra-optica-y-campo-tactil\/"},"modified":"2023-07-25T20:32:25","modified_gmt":"2023-07-25T18:32:25","slug":"laser-stinger-freedom-de-fibra-optica-y-campo-tactil","status":"publish","type":"product","link":"https:\/\/radarservice.eu\/es\/producto\/laser-stinger-freedom-de-fibra-optica-y-campo-tactil\/","title":{"rendered":"L\u00e1ser Stinger Freedom de fibra \u00f3ptica y campo t\u00e1ctil"},"content":{"rendered":"<h1>Interferidor l\u00e1ser Stinger Freedom con sensores invisibles de fibra \u00f3ptica y campo t\u00e1ctil<\/h1>\n<p>.<\/p>\n<p><strong>PROTECCI\u00d3N L\u00c1SER OPTIMA &#8211; TOTALMENTE INVISIBLE<\/strong><br \/>.<br \/>\nLos l\u00e1seres Stinger HD detectan y analizan con fiabilidad las mediciones l\u00e1ser de forma invisible. El receptor y los sensores de interferencia est\u00e1n unidos en cables de fibra \u00f3ptica con un di\u00e1metro de 2,5 a 3 mm<br \/>\n y, por tanto, son pr\u00e1cticamente invisibles. Tan peque\u00f1os como la cabeza de una cerilla, estos sensores de fibra \u00f3ptica encuentran un lugar en el hueco m\u00e1s estrecho. <\/p>\n<p>Stinger Freedom Laser m\u00e1s sensibilidad y m\u00e1s potencia<\/strong.\nLos l\u00e1seres Stinger HD son m\u00e1s potentes que sus predecesores, que combinaban el transmisor y el receptor en un solo sensor. Al construir ahora los dos componentes por separado, la sensibilidad del receptor aumenta mientras que la acci\u00f3n del transmisor es m\u00e1s potente. \n\n<strong>Campo t\u00e1ctil de funcionamiento y aviso visual<\/strong><br \/>.<br \/>\nUn moderno campo t\u00e1ctil se\u00f1ala visualmente los avisos durante las mediciones l\u00e1ser. Adem\u00e1s, el campo t\u00e1ctil se puede utilizar para configurar el sistema, por ejemplo, silenciar, controlar el volumen, etc. <\/p>\n<p>.<\/p>\n","protected":false},"excerpt":{"rendered":"<p>Interferidor l\u00e1ser Stinger Freedom con sensores invisibles de fibra \u00f3ptica y campo t\u00e1ctil . PROTECCI\u00d3N L\u00c1SER OPTIMA &#8211; TOTALMENTE INVISIBLE. Los l\u00e1seres Stinger HD detectan y analizan con fiabilidad las mediciones l\u00e1ser de forma invisible. El receptor y los sensores de interferencia est\u00e1n unidos en cables de fibra \u00f3ptica con un di\u00e1metro de 2,5 a [&#8230;]\n","protected":false},"featured_media":14944,"comment_status":"open","ping_status":"closed","template":"","meta":[],"product_brand":[],"product_cat":[916,912,917],"product_tag":[],"class_list":{"0":"post-14943","1":"product","2":"type-product","3":"status-publish","4":"has-post-thumbnail","6":"product_cat-interferencias-recomendadas","7":"product_cat-interferente-laser","8":"product_cat-stinger-es","10":"first","11":"instock","12":"taxable","13":"shipping-taxable","14":"purchasable","15":"product-type-variable","16":"has-default-attributes"},"yoast_head":"<!-- This site is optimized with the Yoast SEO plugin v27.2 - https:\/\/yoast.com\/product\/yoast-seo-wordpress\/ -->\n<title>L\u00e1ser Stinger Freedom de fibra \u00f3ptica y campo t\u00e1ctil | Radar Service<\/title>\n<meta name=\"description\" content=\"Interferente l\u00e1ser Stinger Freedom con sensores invisibles de fibra \u00f3ptica y campo t\u00e1ctil. Evita las mediciones de velocidad con dispositivos de medici\u00f3n l\u00e1ser.\" \/>\n<meta name=\"robots\" content=\"index, follow, max-snippet:-1, max-image-preview:large, max-video-preview:-1\" \/>\n<link rel=\"canonical\" href=\"https:\/\/radarservice.eu\/es\/producto\/laser-stinger-freedom-de-fibra-optica-y-campo-tactil\/\" \/>\n<meta property=\"og:locale\" content=\"es_ES\" \/>\n<meta property=\"og:type\" content=\"article\" \/>\n<meta property=\"og:title\" content=\"L\u00e1ser Stinger Freedom de fibra \u00f3ptica y campo t\u00e1ctil | Radar Service\" \/>\n<meta property=\"og:description\" content=\"Interferente l\u00e1ser Stinger Freedom con sensores invisibles de fibra \u00f3ptica y campo t\u00e1ctil. Evita las mediciones de velocidad con dispositivos de medici\u00f3n l\u00e1ser.\" \/>\n<meta property=\"og:url\" content=\"https:\/\/radarservice.eu\/es\/producto\/laser-stinger-freedom-de-fibra-optica-y-campo-tactil\/\" \/>\n<meta property=\"og:site_name\" content=\"Radar Service\" \/>\n<meta property=\"article:modified_time\" content=\"2023-07-25T18:32:25+00:00\" \/>\n<meta property=\"og:image\" content=\"https:\/\/radarservice.eu\/wp-content\/uploads\/2020\/11\/Stinger-Freedom-Touchfeld-scaled.jpg\" \/>\n\t<meta property=\"og:image:width\" content=\"2048\" \/>\n\t<meta property=\"og:image:height\" content=\"1366\" \/>\n\t<meta property=\"og:image:type\" content=\"image\/jpeg\" \/>\n<meta name=\"twitter:card\" content=\"summary_large_image\" \/>\n<meta name=\"twitter:label1\" content=\"Tiempo de lectura\" \/>\n\t<meta name=\"twitter:data1\" content=\"1 minuto\" \/>\n<script type=\"application\/ld+json\" class=\"yoast-schema-graph\">{\"@context\":\"https:\/\/schema.org\",\"@graph\":[{\"@type\":\"WebPage\",\"@id\":\"https:\/\/radarservice.eu\/es\/producto\/laser-stinger-freedom-de-fibra-optica-y-campo-tactil\/\",\"url\":\"https:\/\/radarservice.eu\/es\/producto\/laser-stinger-freedom-de-fibra-optica-y-campo-tactil\/\",\"name\":\"L\u00e1ser Stinger Freedom de fibra \u00f3ptica y campo t\u00e1ctil | Radar Service\",\"isPartOf\":{\"@id\":\"https:\/\/radarservice.eu\/es\/#website\"},\"primaryImageOfPage\":{\"@id\":\"https:\/\/radarservice.eu\/es\/producto\/laser-stinger-freedom-de-fibra-optica-y-campo-tactil\/#primaryimage\"},\"image\":{\"@id\":\"https:\/\/radarservice.eu\/es\/producto\/laser-stinger-freedom-de-fibra-optica-y-campo-tactil\/#primaryimage\"},\"thumbnailUrl\":\"https:\/\/radarservice.eu\/wp-content\/uploads\/2020\/11\/Stinger-Freedom-Touchfeld-scaled.jpg\",\"datePublished\":\"2021-03-22T12:30:42+00:00\",\"dateModified\":\"2023-07-25T18:32:25+00:00\",\"description\":\"Interferente l\u00e1ser Stinger Freedom con sensores invisibles de fibra \u00f3ptica y campo t\u00e1ctil. Evita las mediciones de velocidad con dispositivos de medici\u00f3n l\u00e1ser.\",\"breadcrumb\":{\"@id\":\"https:\/\/radarservice.eu\/es\/producto\/laser-stinger-freedom-de-fibra-optica-y-campo-tactil\/#breadcrumb\"},\"inLanguage\":\"es\",\"potentialAction\":[{\"@type\":\"ReadAction\",\"target\":[\"https:\/\/radarservice.eu\/es\/producto\/laser-stinger-freedom-de-fibra-optica-y-campo-tactil\/\"]}]},{\"@type\":\"ImageObject\",\"inLanguage\":\"es\",\"@id\":\"https:\/\/radarservice.eu\/es\/producto\/laser-stinger-freedom-de-fibra-optica-y-campo-tactil\/#primaryimage\",\"url\":\"https:\/\/radarservice.eu\/wp-content\/uploads\/2020\/11\/Stinger-Freedom-Touchfeld-scaled.jpg\",\"contentUrl\":\"https:\/\/radarservice.eu\/wp-content\/uploads\/2020\/11\/Stinger-Freedom-Touchfeld-scaled.jpg\",\"width\":2048,\"height\":1366,\"caption\":\"Campo t\u00e1ctil Stinger Freedom\"},{\"@type\":\"BreadcrumbList\",\"@id\":\"https:\/\/radarservice.eu\/es\/producto\/laser-stinger-freedom-de-fibra-optica-y-campo-tactil\/#breadcrumb\",\"itemListElement\":[{\"@type\":\"ListItem\",\"position\":1,\"name\":\"Tienda\",\"item\":\"https:\/\/radarservice.eu\/es\/tienda\/\"},{\"@type\":\"ListItem\",\"position\":2,\"name\":\"L\u00e1ser Stinger Freedom de fibra \u00f3ptica y campo t\u00e1ctil\"}]},{\"@type\":\"WebSite\",\"@id\":\"https:\/\/radarservice.eu\/es\/#website\",\"url\":\"https:\/\/radarservice.eu\/es\/\",\"name\":\"Radar Service\",\"description\":\"Radar detector Laser jammer mobile fix\",\"publisher\":{\"@id\":\"https:\/\/radarservice.eu\/es\/#organization\"},\"potentialAction\":[{\"@type\":\"SearchAction\",\"target\":{\"@type\":\"EntryPoint\",\"urlTemplate\":\"https:\/\/radarservice.eu\/es\/?s={search_term_string}\"},\"query-input\":{\"@type\":\"PropertyValueSpecification\",\"valueRequired\":true,\"valueName\":\"search_term_string\"}}],\"inLanguage\":\"es\"},{\"@type\":\"Organization\",\"@id\":\"https:\/\/radarservice.eu\/es\/#organization\",\"name\":\"RadarService\",\"url\":\"https:\/\/radarservice.eu\/es\/\",\"logo\":{\"@type\":\"ImageObject\",\"inLanguage\":\"es\",\"@id\":\"https:\/\/radarservice.eu\/es\/#\/schema\/logo\/image\/\",\"url\":\"https:\/\/radarservice.eu\/wp-content\/uploads\/2021\/03\/Radar_detector_service.png\",\"contentUrl\":\"https:\/\/radarservice.eu\/wp-content\/uploads\/2021\/03\/Radar_detector_service.png\",\"width\":174,\"height\":48,\"caption\":\"RadarService\"},\"image\":{\"@id\":\"https:\/\/radarservice.eu\/es\/#\/schema\/logo\/image\/\"}}]}<\/script>\n<!-- \/ Yoast SEO plugin. -->","yoast_head_json":{"title":"L\u00e1ser Stinger Freedom de fibra \u00f3ptica y campo t\u00e1ctil | Radar Service","description":"Interferente l\u00e1ser Stinger Freedom con sensores invisibles de fibra \u00f3ptica y campo t\u00e1ctil. Evita las mediciones de velocidad con dispositivos de medici\u00f3n l\u00e1ser.","robots":{"index":"index","follow":"follow","max-snippet":"max-snippet:-1","max-image-preview":"max-image-preview:large","max-video-preview":"max-video-preview:-1"},"canonical":"https:\/\/radarservice.eu\/es\/producto\/laser-stinger-freedom-de-fibra-optica-y-campo-tactil\/","og_locale":"es_ES","og_type":"article","og_title":"L\u00e1ser Stinger Freedom de fibra \u00f3ptica y campo t\u00e1ctil | Radar Service","og_description":"Interferente l\u00e1ser Stinger Freedom con sensores invisibles de fibra \u00f3ptica y campo t\u00e1ctil. Evita las mediciones de velocidad con dispositivos de medici\u00f3n l\u00e1ser.","og_url":"https:\/\/radarservice.eu\/es\/producto\/laser-stinger-freedom-de-fibra-optica-y-campo-tactil\/","og_site_name":"Radar Service","article_modified_time":"2023-07-25T18:32:25+00:00","og_image":[{"width":2048,"height":1366,"url":"https:\/\/radarservice.eu\/wp-content\/uploads\/2020\/11\/Stinger-Freedom-Touchfeld-scaled.jpg","type":"image\/jpeg"}],"twitter_card":"summary_large_image","twitter_misc":{"Tiempo de lectura":"1 minuto"},"schema":{"@context":"https:\/\/schema.org","@graph":[{"@type":"WebPage","@id":"https:\/\/radarservice.eu\/es\/producto\/laser-stinger-freedom-de-fibra-optica-y-campo-tactil\/","url":"https:\/\/radarservice.eu\/es\/producto\/laser-stinger-freedom-de-fibra-optica-y-campo-tactil\/","name":"L\u00e1ser Stinger Freedom de fibra \u00f3ptica y campo t\u00e1ctil | Radar Service","isPartOf":{"@id":"https:\/\/radarservice.eu\/es\/#website"},"primaryImageOfPage":{"@id":"https:\/\/radarservice.eu\/es\/producto\/laser-stinger-freedom-de-fibra-optica-y-campo-tactil\/#primaryimage"},"image":{"@id":"https:\/\/radarservice.eu\/es\/producto\/laser-stinger-freedom-de-fibra-optica-y-campo-tactil\/#primaryimage"},"thumbnailUrl":"https:\/\/radarservice.eu\/wp-content\/uploads\/2020\/11\/Stinger-Freedom-Touchfeld-scaled.jpg","datePublished":"2021-03-22T12:30:42+00:00","dateModified":"2023-07-25T18:32:25+00:00","description":"Interferente l\u00e1ser Stinger Freedom con sensores invisibles de fibra \u00f3ptica y campo t\u00e1ctil. Evita las mediciones de velocidad con dispositivos de medici\u00f3n l\u00e1ser.","breadcrumb":{"@id":"https:\/\/radarservice.eu\/es\/producto\/laser-stinger-freedom-de-fibra-optica-y-campo-tactil\/#breadcrumb"},"inLanguage":"es","potentialAction":[{"@type":"ReadAction","target":["https:\/\/radarservice.eu\/es\/producto\/laser-stinger-freedom-de-fibra-optica-y-campo-tactil\/"]}]},{"@type":"ImageObject","inLanguage":"es","@id":"https:\/\/radarservice.eu\/es\/producto\/laser-stinger-freedom-de-fibra-optica-y-campo-tactil\/#primaryimage","url":"https:\/\/radarservice.eu\/wp-content\/uploads\/2020\/11\/Stinger-Freedom-Touchfeld-scaled.jpg","contentUrl":"https:\/\/radarservice.eu\/wp-content\/uploads\/2020\/11\/Stinger-Freedom-Touchfeld-scaled.jpg","width":2048,"height":1366,"caption":"Campo t\u00e1ctil Stinger Freedom"},{"@type":"BreadcrumbList","@id":"https:\/\/radarservice.eu\/es\/producto\/laser-stinger-freedom-de-fibra-optica-y-campo-tactil\/#breadcrumb","itemListElement":[{"@type":"ListItem","position":1,"name":"Tienda","item":"https:\/\/radarservice.eu\/es\/tienda\/"},{"@type":"ListItem","position":2,"name":"L\u00e1ser Stinger Freedom de fibra \u00f3ptica y campo t\u00e1ctil"}]},{"@type":"WebSite","@id":"https:\/\/radarservice.eu\/es\/#website","url":"https:\/\/radarservice.eu\/es\/","name":"Radar Service","description":"Radar detector Laser jammer mobile fix","publisher":{"@id":"https:\/\/radarservice.eu\/es\/#organization"},"potentialAction":[{"@type":"SearchAction","target":{"@type":"EntryPoint","urlTemplate":"https:\/\/radarservice.eu\/es\/?s={search_term_string}"},"query-input":{"@type":"PropertyValueSpecification","valueRequired":true,"valueName":"search_term_string"}}],"inLanguage":"es"},{"@type":"Organization","@id":"https:\/\/radarservice.eu\/es\/#organization","name":"RadarService","url":"https:\/\/radarservice.eu\/es\/","logo":{"@type":"ImageObject","inLanguage":"es","@id":"https:\/\/radarservice.eu\/es\/#\/schema\/logo\/image\/","url":"https:\/\/radarservice.eu\/wp-content\/uploads\/2021\/03\/Radar_detector_service.png","contentUrl":"https:\/\/radarservice.eu\/wp-content\/uploads\/2021\/03\/Radar_detector_service.png","width":174,"height":48,"caption":"RadarService"},"image":{"@id":"https:\/\/radarservice.eu\/es\/#\/schema\/logo\/image\/"}}]}},"_links":{"self":[{"href":"https:\/\/radarservice.eu\/es\/wp-json\/wp\/v2\/product\/14943","targetHints":{"allow":["GET"]}}],"collection":[{"href":"https:\/\/radarservice.eu\/es\/wp-json\/wp\/v2\/product"}],"about":[{"href":"https:\/\/radarservice.eu\/es\/wp-json\/wp\/v2\/types\/product"}],"replies":[{"embeddable":true,"href":"https:\/\/radarservice.eu\/es\/wp-json\/wp\/v2\/comments?post=14943"}],"wp:featuredmedia":[{"embeddable":true,"href":"https:\/\/radarservice.eu\/es\/wp-json\/wp\/v2\/media\/14944"}],"wp:attachment":[{"href":"https:\/\/radarservice.eu\/es\/wp-json\/wp\/v2\/media?parent=14943"}],"wp:term":[{"taxonomy":"product_brand","embeddable":true,"href":"https:\/\/radarservice.eu\/es\/wp-json\/wp\/v2\/product_brand?post=14943"},{"taxonomy":"product_cat","embeddable":true,"href":"https:\/\/radarservice.eu\/es\/wp-json\/wp\/v2\/product_cat?post=14943"},{"taxonomy":"product_tag","embeddable":true,"href":"https:\/\/radarservice.eu\/es\/wp-json\/wp\/v2\/product_tag?post=14943"}],"curies":[{"name":"wp","href":"https:\/\/api.w.org\/{rel}","templated":true}]}}