{"id":14932,"date":"2021-03-22T13:20:24","date_gmt":"2021-03-22T12:20:24","guid":{"rendered":"https:\/\/radarservice.eu\/produkt\/target-lasertrack-flare-laser-jammer\/"},"modified":"2024-07-03T01:17:28","modified_gmt":"2024-07-02T23:17:28","slug":"target-lasertrack-flare-laser-jammer","status":"publish","type":"product","link":"https:\/\/radarservice.eu\/es\/producto\/target-lasertrack-flare-laser-jammer\/","title":{"rendered":"Target Lasertrack Flare Laser Jammer"},"content":{"rendered":"<h1>Objetivo Lasertrack Flare Laser Jammer<\/h1>\n<h3>LaserTrack Flare &#8211; bloqueador l\u00e1ser definitivo contra los ca\u00f1ones l\u00e1ser<\/h3>\n<p>.<\/p>\n<p>LaserTrack Flare es un innovador mando a distancia multifuncional para puertas de garaje y portones, combinado con la tecnolog\u00eda m\u00e1s avanzada para la protecci\u00f3n contra los avistamientos l\u00e1ser.  Como abridor de puertas, el LaserTrack Flare puede ser comprado y utilizado legalmente en cualquier parte del mundo<\/p>\n<p>.<\/p>\n<p><strong>Bloqueador de l\u00e1seres<\/strong><br \/>.<br \/>\nLos sensores l\u00e1ser de la LaserTrack Flare son potentes y muy peque\u00f1os. Esto permite que los sensores se instalen discretamente en la rejilla del radiador.<br \/>\nCon la funci\u00f3n de interferencia l\u00e1ser activada, su veh\u00edculo est\u00e1 protegido de las mediciones de velocidad con un medidor l\u00e1ser o una pistola l\u00e1ser. En cuanto se detecta una medici\u00f3n, el LaserTrack Flare activa un escudo protector y el veh\u00edculo no es medible. Una se\u00f1al de advertencia sonora y visual en la pantalla indica que el modo de protecci\u00f3n contra los l\u00e1seres est\u00e1 activo y, por lo tanto, no se puede realizar ninguna medici\u00f3n de la velocidad con el ca\u00f1\u00f3n l\u00e1ser. Despu\u00e9s de 4 segundos el modo de protecci\u00f3n se desactiva y el veh\u00edculo puede ser medido. En estos 4 segundos tienes tiempo suficiente para ajustar tu velocidad.<\/p>\n<p><p><strong>Nueva tecnolog\u00eda APR<\/strong><br \/>.<br \/>\nLa tecnolog\u00eda APR calcula individualmente la frecuencia de los impulsos mientras interfiere en la medici\u00f3n del l\u00e1ser. Esto permite que el sistema Lasertrack Flare permanezca sin ser detectado e indetectable por las fuerzas del orden.<\/p>\n<p>\n","protected":false},"excerpt":{"rendered":"<p>Objetivo Lasertrack Flare Laser Jammer LaserTrack Flare &#8211; bloqueador l\u00e1ser definitivo contra los ca\u00f1ones l\u00e1ser . LaserTrack Flare es un innovador mando a distancia multifuncional para puertas de garaje y portones, combinado con la tecnolog\u00eda m\u00e1s avanzada para la protecci\u00f3n contra los avistamientos l\u00e1ser. Como abridor de puertas, el LaserTrack Flare puede ser comprado y [&#8230;]\n","protected":false},"featured_media":14937,"comment_status":"open","ping_status":"closed","template":"","meta":[],"product_brand":[],"product_cat":[912,914],"product_tag":[],"class_list":{"0":"post-14932","1":"product","2":"type-product","3":"status-publish","4":"has-post-thumbnail","6":"product_cat-interferente-laser","7":"product_cat-target-es","9":"first","10":"instock","11":"sale","12":"taxable","13":"shipping-taxable","14":"purchasable","15":"product-type-variable","16":"has-default-attributes"},"yoast_head":"<!-- This site is optimized with the Yoast SEO plugin v27.2 - https:\/\/yoast.com\/product\/yoast-seo-wordpress\/ -->\n<title>Target Lasertrack Flare Laser Jammer | Radar Service<\/title>\n<meta name=\"description\" content=\"Target Lasertrack Flare Laser Jammer | Radar Service\" \/>\n<meta name=\"robots\" content=\"index, follow, max-snippet:-1, max-image-preview:large, max-video-preview:-1\" \/>\n<link rel=\"canonical\" href=\"https:\/\/radarservice.eu\/es\/producto\/target-lasertrack-flare-laser-jammer\/\" \/>\n<meta property=\"og:locale\" content=\"es_ES\" \/>\n<meta property=\"og:type\" content=\"article\" \/>\n<meta property=\"og:title\" content=\"Target Lasertrack Flare Laser Jammer | Radar Service\" \/>\n<meta property=\"og:description\" content=\"Target Lasertrack Flare Laser Jammer | Radar Service\" \/>\n<meta property=\"og:url\" content=\"https:\/\/radarservice.eu\/es\/producto\/target-lasertrack-flare-laser-jammer\/\" \/>\n<meta property=\"og:site_name\" content=\"Radar Service\" \/>\n<meta property=\"article:modified_time\" content=\"2024-07-02T23:17:28+00:00\" \/>\n<meta property=\"og:image\" content=\"https:\/\/radarservice.eu\/wp-content\/uploads\/2020\/11\/Target_Lasertrack_Anti_laser_Jammer.jpg\" \/>\n\t<meta property=\"og:image:width\" content=\"1200\" \/>\n\t<meta property=\"og:image:height\" content=\"800\" \/>\n\t<meta property=\"og:image:type\" content=\"image\/jpeg\" \/>\n<meta name=\"twitter:card\" content=\"summary_large_image\" \/>\n<meta name=\"twitter:label1\" content=\"Tiempo de lectura\" \/>\n\t<meta name=\"twitter:data1\" content=\"1 minuto\" \/>\n<script type=\"application\/ld+json\" class=\"yoast-schema-graph\">{\"@context\":\"https:\/\/schema.org\",\"@graph\":[{\"@type\":\"WebPage\",\"@id\":\"https:\/\/radarservice.eu\/es\/producto\/target-lasertrack-flare-laser-jammer\/\",\"url\":\"https:\/\/radarservice.eu\/es\/producto\/target-lasertrack-flare-laser-jammer\/\",\"name\":\"Target Lasertrack Flare Laser Jammer | Radar Service\",\"isPartOf\":{\"@id\":\"https:\/\/radarservice.eu\/es\/#website\"},\"primaryImageOfPage\":{\"@id\":\"https:\/\/radarservice.eu\/es\/producto\/target-lasertrack-flare-laser-jammer\/#primaryimage\"},\"image\":{\"@id\":\"https:\/\/radarservice.eu\/es\/producto\/target-lasertrack-flare-laser-jammer\/#primaryimage\"},\"thumbnailUrl\":\"https:\/\/radarservice.eu\/wp-content\/uploads\/2020\/11\/Target_Lasertrack_Anti_laser_Jammer.jpg\",\"datePublished\":\"2021-03-22T12:20:24+00:00\",\"dateModified\":\"2024-07-02T23:17:28+00:00\",\"description\":\"Target Lasertrack Flare Laser Jammer | Radar Service\",\"breadcrumb\":{\"@id\":\"https:\/\/radarservice.eu\/es\/producto\/target-lasertrack-flare-laser-jammer\/#breadcrumb\"},\"inLanguage\":\"es\",\"potentialAction\":[{\"@type\":\"ReadAction\",\"target\":[\"https:\/\/radarservice.eu\/es\/producto\/target-lasertrack-flare-laser-jammer\/\"]}]},{\"@type\":\"ImageObject\",\"inLanguage\":\"es\",\"@id\":\"https:\/\/radarservice.eu\/es\/producto\/target-lasertrack-flare-laser-jammer\/#primaryimage\",\"url\":\"https:\/\/radarservice.eu\/wp-content\/uploads\/2020\/11\/Target_Lasertrack_Anti_laser_Jammer.jpg\",\"contentUrl\":\"https:\/\/radarservice.eu\/wp-content\/uploads\/2020\/11\/Target_Lasertrack_Anti_laser_Jammer.jpg\",\"width\":1200,\"height\":800,\"caption\":\"Bloqueador l\u00e1ser Target Lasertrack Antilaser\"},{\"@type\":\"BreadcrumbList\",\"@id\":\"https:\/\/radarservice.eu\/es\/producto\/target-lasertrack-flare-laser-jammer\/#breadcrumb\",\"itemListElement\":[{\"@type\":\"ListItem\",\"position\":1,\"name\":\"Tienda\",\"item\":\"https:\/\/radarservice.eu\/es\/tienda\/\"},{\"@type\":\"ListItem\",\"position\":2,\"name\":\"Target Lasertrack Flare Laser Jammer\"}]},{\"@type\":\"WebSite\",\"@id\":\"https:\/\/radarservice.eu\/es\/#website\",\"url\":\"https:\/\/radarservice.eu\/es\/\",\"name\":\"Radar Service\",\"description\":\"Radar detector Laser jammer mobile fix\",\"publisher\":{\"@id\":\"https:\/\/radarservice.eu\/es\/#organization\"},\"potentialAction\":[{\"@type\":\"SearchAction\",\"target\":{\"@type\":\"EntryPoint\",\"urlTemplate\":\"https:\/\/radarservice.eu\/es\/?s={search_term_string}\"},\"query-input\":{\"@type\":\"PropertyValueSpecification\",\"valueRequired\":true,\"valueName\":\"search_term_string\"}}],\"inLanguage\":\"es\"},{\"@type\":\"Organization\",\"@id\":\"https:\/\/radarservice.eu\/es\/#organization\",\"name\":\"RadarService\",\"url\":\"https:\/\/radarservice.eu\/es\/\",\"logo\":{\"@type\":\"ImageObject\",\"inLanguage\":\"es\",\"@id\":\"https:\/\/radarservice.eu\/es\/#\/schema\/logo\/image\/\",\"url\":\"https:\/\/radarservice.eu\/wp-content\/uploads\/2021\/03\/Radar_detector_service.png\",\"contentUrl\":\"https:\/\/radarservice.eu\/wp-content\/uploads\/2021\/03\/Radar_detector_service.png\",\"width\":174,\"height\":48,\"caption\":\"RadarService\"},\"image\":{\"@id\":\"https:\/\/radarservice.eu\/es\/#\/schema\/logo\/image\/\"}}]}<\/script>\n<!-- \/ Yoast SEO plugin. -->","yoast_head_json":{"title":"Target Lasertrack Flare Laser Jammer | Radar Service","description":"Target Lasertrack Flare Laser Jammer | Radar Service","robots":{"index":"index","follow":"follow","max-snippet":"max-snippet:-1","max-image-preview":"max-image-preview:large","max-video-preview":"max-video-preview:-1"},"canonical":"https:\/\/radarservice.eu\/es\/producto\/target-lasertrack-flare-laser-jammer\/","og_locale":"es_ES","og_type":"article","og_title":"Target Lasertrack Flare Laser Jammer | Radar Service","og_description":"Target Lasertrack Flare Laser Jammer | Radar Service","og_url":"https:\/\/radarservice.eu\/es\/producto\/target-lasertrack-flare-laser-jammer\/","og_site_name":"Radar Service","article_modified_time":"2024-07-02T23:17:28+00:00","og_image":[{"width":1200,"height":800,"url":"https:\/\/radarservice.eu\/wp-content\/uploads\/2020\/11\/Target_Lasertrack_Anti_laser_Jammer.jpg","type":"image\/jpeg"}],"twitter_card":"summary_large_image","twitter_misc":{"Tiempo de lectura":"1 minuto"},"schema":{"@context":"https:\/\/schema.org","@graph":[{"@type":"WebPage","@id":"https:\/\/radarservice.eu\/es\/producto\/target-lasertrack-flare-laser-jammer\/","url":"https:\/\/radarservice.eu\/es\/producto\/target-lasertrack-flare-laser-jammer\/","name":"Target Lasertrack Flare Laser Jammer | Radar Service","isPartOf":{"@id":"https:\/\/radarservice.eu\/es\/#website"},"primaryImageOfPage":{"@id":"https:\/\/radarservice.eu\/es\/producto\/target-lasertrack-flare-laser-jammer\/#primaryimage"},"image":{"@id":"https:\/\/radarservice.eu\/es\/producto\/target-lasertrack-flare-laser-jammer\/#primaryimage"},"thumbnailUrl":"https:\/\/radarservice.eu\/wp-content\/uploads\/2020\/11\/Target_Lasertrack_Anti_laser_Jammer.jpg","datePublished":"2021-03-22T12:20:24+00:00","dateModified":"2024-07-02T23:17:28+00:00","description":"Target Lasertrack Flare Laser Jammer | Radar Service","breadcrumb":{"@id":"https:\/\/radarservice.eu\/es\/producto\/target-lasertrack-flare-laser-jammer\/#breadcrumb"},"inLanguage":"es","potentialAction":[{"@type":"ReadAction","target":["https:\/\/radarservice.eu\/es\/producto\/target-lasertrack-flare-laser-jammer\/"]}]},{"@type":"ImageObject","inLanguage":"es","@id":"https:\/\/radarservice.eu\/es\/producto\/target-lasertrack-flare-laser-jammer\/#primaryimage","url":"https:\/\/radarservice.eu\/wp-content\/uploads\/2020\/11\/Target_Lasertrack_Anti_laser_Jammer.jpg","contentUrl":"https:\/\/radarservice.eu\/wp-content\/uploads\/2020\/11\/Target_Lasertrack_Anti_laser_Jammer.jpg","width":1200,"height":800,"caption":"Bloqueador l\u00e1ser Target Lasertrack Antilaser"},{"@type":"BreadcrumbList","@id":"https:\/\/radarservice.eu\/es\/producto\/target-lasertrack-flare-laser-jammer\/#breadcrumb","itemListElement":[{"@type":"ListItem","position":1,"name":"Tienda","item":"https:\/\/radarservice.eu\/es\/tienda\/"},{"@type":"ListItem","position":2,"name":"Target Lasertrack Flare Laser Jammer"}]},{"@type":"WebSite","@id":"https:\/\/radarservice.eu\/es\/#website","url":"https:\/\/radarservice.eu\/es\/","name":"Radar Service","description":"Radar detector Laser jammer mobile fix","publisher":{"@id":"https:\/\/radarservice.eu\/es\/#organization"},"potentialAction":[{"@type":"SearchAction","target":{"@type":"EntryPoint","urlTemplate":"https:\/\/radarservice.eu\/es\/?s={search_term_string}"},"query-input":{"@type":"PropertyValueSpecification","valueRequired":true,"valueName":"search_term_string"}}],"inLanguage":"es"},{"@type":"Organization","@id":"https:\/\/radarservice.eu\/es\/#organization","name":"RadarService","url":"https:\/\/radarservice.eu\/es\/","logo":{"@type":"ImageObject","inLanguage":"es","@id":"https:\/\/radarservice.eu\/es\/#\/schema\/logo\/image\/","url":"https:\/\/radarservice.eu\/wp-content\/uploads\/2021\/03\/Radar_detector_service.png","contentUrl":"https:\/\/radarservice.eu\/wp-content\/uploads\/2021\/03\/Radar_detector_service.png","width":174,"height":48,"caption":"RadarService"},"image":{"@id":"https:\/\/radarservice.eu\/es\/#\/schema\/logo\/image\/"}}]}},"_links":{"self":[{"href":"https:\/\/radarservice.eu\/es\/wp-json\/wp\/v2\/product\/14932","targetHints":{"allow":["GET"]}}],"collection":[{"href":"https:\/\/radarservice.eu\/es\/wp-json\/wp\/v2\/product"}],"about":[{"href":"https:\/\/radarservice.eu\/es\/wp-json\/wp\/v2\/types\/product"}],"replies":[{"embeddable":true,"href":"https:\/\/radarservice.eu\/es\/wp-json\/wp\/v2\/comments?post=14932"}],"wp:featuredmedia":[{"embeddable":true,"href":"https:\/\/radarservice.eu\/es\/wp-json\/wp\/v2\/media\/14937"}],"wp:attachment":[{"href":"https:\/\/radarservice.eu\/es\/wp-json\/wp\/v2\/media?parent=14932"}],"wp:term":[{"taxonomy":"product_brand","embeddable":true,"href":"https:\/\/radarservice.eu\/es\/wp-json\/wp\/v2\/product_brand?post=14932"},{"taxonomy":"product_cat","embeddable":true,"href":"https:\/\/radarservice.eu\/es\/wp-json\/wp\/v2\/product_cat?post=14932"},{"taxonomy":"product_tag","embeddable":true,"href":"https:\/\/radarservice.eu\/es\/wp-json\/wp\/v2\/product_tag?post=14932"}],"curies":[{"name":"wp","href":"https:\/\/api.w.org\/{rel}","templated":true}]}}