{"id":17707,"date":"2022-03-24T11:49:34","date_gmt":"2022-03-24T10:49:34","guid":{"rendered":"https:\/\/radarservice.eu\/condiciones-generales\/"},"modified":"2022-03-24T11:49:37","modified_gmt":"2022-03-24T10:49:37","slug":"condiciones-generales","status":"publish","type":"page","link":"https:\/\/radarservice.eu\/es\/condiciones-generales\/","title":{"rendered":"Condiciones generales"},"content":{"rendered":"\n<h1 class=\"wp-block-heading\">Condiciones generales con informaci\u00f3n al cliente<\/h1>\n\n<h2 class=\"wp-block-heading\">\u00cdndice de contenidos<\/h2>\n\n<ol class=\"wp-block-list\"><li>Alcance<\/li><li>Conclusi\u00f3n del contrato<\/li><li>Derecho de desistimiento<\/li><li>Precios y condiciones de pago<\/li><li>Condiciones de entrega y env\u00edo<\/li><li>Conservaci\u00f3n del t\u00edtulo<\/li><li>Responsabilidad por defectos (garant\u00eda)<\/li><li>Legislaci\u00f3n aplicable<\/li><li>Lugar de jurisdicci\u00f3n<\/li><li>Resoluci\u00f3n alternativa de conflictos<\/li><\/ol>\n\n<h2 class=\"wp-block-heading\">1) \u00c1mbito de aplicaci\u00f3n<\/h2>\n\n<p><strong>1.1<\/strong>Las presentes Condiciones Generales de Contrataci\u00f3n (en adelante, \u00abCGC\u00bb) de RadarService (en adelante, \u00abVendedor\u00bb) se aplican a todos los contratos de entrega de bienes que un consumidor o empresario (en adelante, \u00abCliente\u00bb) celebre con el Vendedor en relaci\u00f3n con los bienes presentados por \u00e9ste en su tienda online. Se objeta la inclusi\u00f3n de las condiciones propias del cliente, salvo acuerdo en contrario.<\/p>\n\n<p><strong>1.2<\/strong>Un consumidor, en el sentido de estas CGC, es toda persona f\u00edsica que realiza un negocio jur\u00eddico con fines predominantemente no comerciales ni aut\u00f3nomos. Un empresario en el sentido de estas CGC es una persona f\u00edsica o jur\u00eddica o una sociedad con capacidad jur\u00eddica que, al celebrar un negocio jur\u00eddico, act\u00faa en el ejercicio de su actividad comercial o profesional independiente.<\/p>\n\n<h2 class=\"wp-block-heading\">2) Conclusi\u00f3n del contrato<\/h2>\n\n<p><strong>2.1<\/strong>Las descripciones de los productos contenidas en la tienda online del Vendedor no constituyen ofertas vinculantes por parte del Vendedor, sino que sirven para la presentaci\u00f3n de una oferta vinculante por parte del Cliente.<\/p>\n\n<p><strong>2.2<\/strong>El Cliente puede presentar la Oferta a trav\u00e9s del formulario de pedido online integrado en la tienda online del Vendedor. Despu\u00e9s de colocar los bienes seleccionados en la cesta de la compra virtual y pasar por el proceso de pedido electr\u00f3nico, el cliente presenta una oferta legalmente vinculante para celebrar un contrato con respecto a los bienes contenidos en la cesta de la compra haciendo clic en el bot\u00f3n que concluye el proceso de pedido. Adem\u00e1s, el cliente tambi\u00e9n puede presentar la oferta al vendedor por tel\u00e9fono, correo electr\u00f3nico o formulario de contacto en l\u00ednea.<\/p>\n\n<p><strong>2.3<\/strong>El vendedor puede aceptar la oferta del cliente en un plazo de cinco d\u00edas,<\/p>\n\n<ul class=\"wp-block-list\"><li>enviando al cliente una confirmaci\u00f3n de pedido por escrito o una confirmaci\u00f3n de pedido en forma de texto (fax o correo electr\u00f3nico), en cuyo caso la recepci\u00f3n de la confirmaci\u00f3n de pedido por parte del cliente es decisiva, o<\/li><li>mediante la entrega al cliente de la mercanc\u00eda solicitada, en cuyo caso es determinante la recepci\u00f3n de la misma por parte del cliente, o<\/li><li>solicitando el pago al cliente despu\u00e9s de que \u00e9ste haya realizado el pedido.<\/li><\/ul>\n\n<p>Si existen varias de las alternativas mencionadas, el contrato se celebrar\u00e1 en el momento en que se produzca primero una de las alternativas mencionadas. El plazo de aceptaci\u00f3n de la oferta comienza el d\u00eda siguiente al env\u00edo de la oferta por parte del cliente y finaliza al expirar el quinto d\u00eda siguiente al env\u00edo de la oferta. Si el vendedor no acepta la oferta del cliente dentro del plazo mencionado, se considerar\u00e1 como un rechazo de la oferta con la consecuencia de que el cliente ya no est\u00e1 vinculado por su declaraci\u00f3n de intenciones.<\/p>\n\n<p><strong>2.4<\/strong>Si se selecciona el m\u00e9todo de pago \u00abAmazon Payments\u00bb, el pago se procesar\u00e1 a trav\u00e9s del proveedor de servicios de pago Amazon Payments Europe s.c.a., 38 avenue John F. Kennedy, L-1855 Luxemburgo (en adelante, \u00abAmazon\u00bb), con sujeci\u00f3n al Acuerdo de Usuario de Amazon Payments Europe, que puede consultarse en https:\/\/payments.amazon.de\/help\/201751590. Si el cliente selecciona \u00abAmazon Payments\u00bb como m\u00e9todo de pago durante el proceso de pedido en l\u00ednea, tambi\u00e9n emite una orden de pago a Amazon haciendo clic en el bot\u00f3n que concluye el proceso de pedido. En este caso, el vendedor ya declara la aceptaci\u00f3n de la oferta del cliente en el momento en que \u00e9ste desencadena el proceso de pago al pulsar el bot\u00f3n que concluye el proceso de pedido.<\/p>\n\n<p><strong>2.5<\/strong>Al presentar una oferta a trav\u00e9s del formulario de pedido en l\u00ednea del Vendedor, el texto del contrato ser\u00e1 almacenado por el Vendedor tras la celebraci\u00f3n del contrato y transmitido al Cliente en forma de texto (por ejemplo, correo electr\u00f3nico, fax o carta) tras el env\u00edo del pedido del Cliente. El vendedor no har\u00e1 accesible el texto del contrato m\u00e1s all\u00e1 de esto. Si el Cliente ha creado una cuenta de usuario en la tienda online del Vendedor antes de enviar su pedido, los datos del pedido se archivar\u00e1n en el sitio web del Vendedor y el Cliente podr\u00e1 acceder a ellos gratuitamente a trav\u00e9s de su cuenta de usuario protegida por contrase\u00f1a facilitando los datos de acceso correspondientes.<\/p>\n\n<p><strong>2.6<\/strong>Antes de realizar el pedido de forma vinculante a trav\u00e9s del formulario de pedido en l\u00ednea del Vendedor, el Cliente puede identificar posibles errores de introducci\u00f3n de datos leyendo detenidamente la informaci\u00f3n que aparece en la pantalla. Un medio t\u00e9cnico eficaz para reconocer mejor los errores de entrada puede ser la funci\u00f3n de ampliaci\u00f3n del navegador, con cuya ayuda se ampl\u00eda la visualizaci\u00f3n en la pantalla. El cliente puede corregir sus entradas durante el proceso de pedido electr\u00f3nico utilizando las funciones habituales del teclado y el rat\u00f3n hasta que pulse el bot\u00f3n que concluye el proceso de pedido.<\/p>\n\n<p><strong>2.7<\/strong>Los idiomas alem\u00e1n e ingl\u00e9s est\u00e1n disponibles para la celebraci\u00f3n del contrato.<\/p>\n\n<p><strong>2.8<\/strong>La tramitaci\u00f3n de los pedidos y el contacto con los mismos se realizan normalmente por correo electr\u00f3nico y mediante la tramitaci\u00f3n automatizada de los pedidos. El cliente debe asegurarse de que la direcci\u00f3n de correo electr\u00f3nico que ha facilitado para la tramitaci\u00f3n del pedido es correcta para que los correos electr\u00f3nicos enviados por el vendedor puedan ser recibidos en esta direcci\u00f3n. En particular, al utilizar los filtros de SPAM, el cliente debe asegurarse de que todos los correos electr\u00f3nicos enviados por el vendedor o por terceros encargados por el vendedor de procesar el pedido puedan ser entregados.<\/p>\n\n<h2 class=\"wp-block-heading\">3) Derecho de desistimiento<\/h2>\n\n<p><strong>3.1<\/strong>En general, los consumidores tienen derecho de desistimiento.<\/p>\n\n<p><strong>3.2<\/strong>Puede encontrar m\u00e1s informaci\u00f3n sobre el derecho de desistimiento en la pol\u00edtica de desistimiento del vendedor.<\/p>\n\n<h2 class=\"wp-block-heading\">4) Precios y condiciones de pago<\/h2>\n\n<p><strong>4.1<\/strong>Salvo que se indique lo contrario en la descripci\u00f3n del producto del Vendedor, los precios indicados son precios totales que incluyen el IVA legal. Los costes adicionales de entrega y env\u00edo se indicar\u00e1n por separado en la descripci\u00f3n del producto correspondiente.<\/p>\n\n<p><strong>4.2<\/strong>En el caso de env\u00edos a pa\u00edses fuera de la Uni\u00f3n Europea, pueden producirse otros costes en casos particulares de los que el Vendedor no es responsable y que deben ser asumidos por el Cliente. Entre ellos se encuentran, por ejemplo, los costes de la transferencia de dinero por parte de las entidades de cr\u00e9dito (por ejemplo, comisiones de transferencia, tasas de cambio) o los derechos o impuestos de importaci\u00f3n (por ejemplo, derechos de aduana). Dichos costes tambi\u00e9n pueden producirse en relaci\u00f3n con la transferencia de fondos si la entrega no se realiza en un pa\u00eds fuera de la Uni\u00f3n Europea pero el cliente realiza el pago desde un pa\u00eds fuera de la Uni\u00f3n Europea.<\/p>\n\n<p><strong>4.3<\/strong>La(s) opci\u00f3n(es) de pago se comunicar\u00e1(n) al Cliente en la tienda online del Vendedor.<\/p>\n\n<p><strong>4.4<\/strong>Si se ha acordado el pago por adelantado mediante transferencia bancaria, el pago deber\u00e1 efectuarse inmediatamente despu\u00e9s de la celebraci\u00f3n del contrato, a menos que las partes hayan acordado una fecha de vencimiento posterior.<\/p>\n\n<p><strong>4.5<\/strong>Si el pago se realiza mediante una forma de pago ofrecida por PayPal, el pago se procesar\u00e1 a trav\u00e9s del proveedor de servicios de pago PayPal (Europe) S.\u00e0 r.l. et Cie, S.C.A., 22-24 Boulevard Royal, L-2449 Luxemburgo (en adelante: \u00abPayPal\u00bb), con sujeci\u00f3n a las Condiciones de uso de PayPal, que pueden consultarse en https:\/\/www.paypal.com\/de\/webapps\/mpp\/ua\/useragreement-full o -si el cliente no tiene una cuenta PayPal- con sujeci\u00f3n a las Condiciones de pago sin cuenta PayPal, que pueden consultarse en https:\/\/www.paypal.com\/de\/webapps\/mpp\/ua\/privacywax-full.<\/p>\n\n<h2 class=\"wp-block-heading\">5) Condiciones de entrega y env\u00edo<\/h2>\n\n<p><strong>5.1<\/strong>La entrega de la mercanc\u00eda se realizar\u00e1 mediante el env\u00edo a la direcci\u00f3n de entrega especificada por el cliente, salvo acuerdo en contrario. La direcci\u00f3n de entrega especificada en la tramitaci\u00f3n del pedido del Vendedor ser\u00e1 determinante en la tramitaci\u00f3n de la transacci\u00f3n.<\/p>\n\n<p><strong>5.2<\/strong>Si la empresa de transporte devuelve al vendedor la mercanc\u00eda enviada porque no ha sido posible la entrega al cliente, el cliente correr\u00e1 con los gastos del env\u00edo fallido. Esto no se aplica si el cliente no es responsable de la circunstancia que condujo a la imposibilidad de la entrega o si el cliente se vio impedido temporalmente de aceptar el servicio ofrecido, a menos que el vendedor haya avisado al cliente con una antelaci\u00f3n razonable. Adem\u00e1s, esto no se aplica a los costes de la devoluci\u00f3n si el cliente ejerce efectivamente su derecho de desistimiento. En caso de ejercicio efectivo del derecho de desistimiento por parte del cliente, se aplicar\u00e1 a los gastos de devoluci\u00f3n de la mercanc\u00eda lo dispuesto en la pol\u00edtica de desistimiento del vendedor.<\/p>\n\n<p><strong>5.3<\/strong>En el caso de la auto-recolecci\u00f3n, el Vendedor informar\u00e1 primero al Cliente por correo electr\u00f3nico de que la mercanc\u00eda pedida por el Cliente est\u00e1 lista para ser recogida. Tras la recepci\u00f3n de este correo electr\u00f3nico, el cliente podr\u00e1 recoger la mercanc\u00eda en el domicilio social del vendedor, previo acuerdo con \u00e9ste. En este caso, no se cobrar\u00e1n los gastos de env\u00edo.<\/p>\n\n<h2 class=\"wp-block-heading\">6) Retenci\u00f3n del t\u00edtulo<\/h2>\n\n<p>Si el vendedor realiza el pago por adelantado, conservar\u00e1 la propiedad de los bienes entregados hasta que el precio de compra adeudado haya sido pagado en su totalidad.<\/p>\n\n<h2 class=\"wp-block-heading\">7) Responsabilidad por defectos (garant\u00eda)<\/h2>\n\n<p><strong>7.1<\/strong>Si el art\u00edculo adquirido es defectuoso, se aplicar\u00e1n las disposiciones de la responsabilidad legal por defectos.<\/p>\n\n<p><strong>7.2<\/strong>No obstante lo anterior, a los bienes usados se les aplicar\u00e1 lo siguiente: Quedan excluidas las reclamaciones por vicios si el defecto se produce despu\u00e9s de transcurrido un a\u00f1o desde la entrega de la mercanc\u00eda. Los defectos que se produzcan en el plazo de un a\u00f1o desde la entrega de la mercanc\u00eda pueden reclamarse dentro del plazo de prescripci\u00f3n. Sin embargo, la reducci\u00f3n del periodo de responsabilidad a un a\u00f1o no se aplica a<\/p>\n\n<ul class=\"wp-block-list\"><li>para los elementos que se han utilizado para un edificio de acuerdo con su uso habitual y han causado su defecto,<\/li><li>para las reclamaciones por da\u00f1os y perjuicios y el reembolso de los gastos del cliente, as\u00ed como<\/li><li>en caso de que el vendedor haya ocultado fraudulentamente el defecto.<\/li><\/ul>\n\n<p><strong>7.3<\/strong>Se ruega al cliente que reclame al repartidor las mercanc\u00edas entregadas que presenten da\u00f1os evidentes durante el transporte y que informe de ello al vendedor. Si el cliente no cumple con esto, esto no tendr\u00e1 efecto en sus reclamaciones legales o contractuales por defectos.<\/p>\n\n<h2 class=\"wp-block-heading\">8) Derecho aplicable<\/h2>\n\n<p>Todas las relaciones jur\u00eddicas entre las partes se regir\u00e1n por las leyes de la Rep\u00fablica Federal de Alemania, con exclusi\u00f3n de las leyes sobre la venta internacional de bienes muebles. En el caso de los consumidores, esta elecci\u00f3n de la ley s\u00f3lo se aplicar\u00e1 en la medida en que la protecci\u00f3n concedida no sea retirada por disposiciones imperativas de la ley del Estado en el que el consumidor tiene su residencia habitual.<\/p>\n\n<h2 class=\"wp-block-heading\">9) Jurisdicci\u00f3n<\/h2>\n\n<p>Si el cliente es un comerciante, una persona jur\u00eddica de derecho p\u00fablico o un patrimonio especial de derecho p\u00fablico con domicilio social en el territorio de la Rep\u00fablica Federal de Alemania, la jurisdicci\u00f3n exclusiva para todos los litigios derivados de este contrato ser\u00e1 el domicilio social del vendedor. Si el cliente tiene su domicilio social fuera del territorio de la Rep\u00fablica Federal de Alemania, el domicilio social del vendedor ser\u00e1 el lugar de jurisdicci\u00f3n exclusivo para todos los litigios derivados de este contrato si el contrato o las reclamaciones derivadas del mismo pueden atribuirse a la actividad profesional o comercial del cliente. Sin embargo, en los casos mencionados, el vendedor tiene en todo caso derecho a recurrir al tribunal del domicilio del cliente.<\/p>\n\n<h2 class=\"wp-block-heading\">10) Resoluci\u00f3n alternativa de conflictos<\/h2>\n\n<p><strong>10.1<\/strong>La Comisi\u00f3n de la UE ofrece una plataforma de resoluci\u00f3n de litigios en l\u00ednea en Internet en el siguiente enlace: https:\/\/ec.europa.eu\/consumers\/odr<\/p>\n\n<p>Esta plataforma sirve de punto de contacto para la resoluci\u00f3n extrajudicial de los litigios derivados de los contratos de compra o servicio en l\u00ednea en los que interviene un consumidor.<\/p>\n\n<p><strong>10.2<\/strong>El Vendedor no est\u00e1 obligado ni dispuesto a participar en un procedimiento de resoluci\u00f3n de conflictos ante una junta de arbitraje de consumo.<\/p>\n","protected":false},"excerpt":{"rendered":"<p>Condiciones generales con informaci\u00f3n al cliente \u00cdndice de contenidos Alcance Conclusi\u00f3n del contrato Derecho de desistimiento Precios y condiciones de pago Condiciones de entrega y env\u00edo Conservaci\u00f3n del t\u00edtulo Responsabilidad por defectos (garant\u00eda) Legislaci\u00f3n aplicable Lugar de jurisdicci\u00f3n Resoluci\u00f3n alternativa de conflictos 1) \u00c1mbito de aplicaci\u00f3n 1.1Las presentes Condiciones Generales de Contrataci\u00f3n (en adelante, \u00abCGC\u00bb) [&#8230;]\n","protected":false},"author":1,"featured_media":0,"parent":0,"menu_order":810,"comment_status":"closed","ping_status":"closed","template":"","meta":{"footnotes":""},"class_list":["post-17707","page","type-page","status-publish","hentry"],"yoast_head":"<!-- This site is optimized with the Yoast SEO plugin v27.2 - https:\/\/yoast.com\/product\/yoast-seo-wordpress\/ -->\n<title>Condiciones generales | Radar Service<\/title>\n<meta name=\"description\" content=\"Condiciones generales | Radar Service\" \/>\n<meta name=\"robots\" content=\"noindex, nofollow\" \/>\n<meta property=\"og:locale\" content=\"es_ES\" \/>\n<meta property=\"og:type\" content=\"article\" \/>\n<meta property=\"og:title\" content=\"Condiciones generales | Radar Service\" \/>\n<meta property=\"og:description\" content=\"Condiciones generales | Radar Service\" \/>\n<meta property=\"og:url\" content=\"https:\/\/radarservice.eu\/es\/condiciones-generales\/\" \/>\n<meta property=\"og:site_name\" content=\"Radar Service\" \/>\n<meta property=\"article:modified_time\" content=\"2022-03-24T10:49:37+00:00\" \/>\n<meta name=\"twitter:card\" content=\"summary_large_image\" \/>\n<meta name=\"twitter:label1\" content=\"Tiempo de lectura\" \/>\n\t<meta name=\"twitter:data1\" content=\"11 minutos\" \/>\n<script type=\"application\/ld+json\" class=\"yoast-schema-graph\">{\"@context\":\"https:\/\/schema.org\",\"@graph\":[{\"@type\":\"WebPage\",\"@id\":\"https:\/\/radarservice.eu\/es\/condiciones-generales\/\",\"url\":\"https:\/\/radarservice.eu\/es\/condiciones-generales\/\",\"name\":\"Condiciones generales | Radar Service\",\"isPartOf\":{\"@id\":\"https:\/\/radarservice.eu\/es\/#website\"},\"datePublished\":\"2022-03-24T10:49:34+00:00\",\"dateModified\":\"2022-03-24T10:49:37+00:00\",\"description\":\"Condiciones generales | Radar Service\",\"inLanguage\":\"es\",\"potentialAction\":[{\"@type\":\"ReadAction\",\"target\":[\"https:\/\/radarservice.eu\/es\/condiciones-generales\/\"]}]},{\"@type\":\"WebSite\",\"@id\":\"https:\/\/radarservice.eu\/es\/#website\",\"url\":\"https:\/\/radarservice.eu\/es\/\",\"name\":\"Radar Service\",\"description\":\"Radar detector Laser jammer mobile fix\",\"publisher\":{\"@id\":\"https:\/\/radarservice.eu\/es\/#organization\"},\"potentialAction\":[{\"@type\":\"SearchAction\",\"target\":{\"@type\":\"EntryPoint\",\"urlTemplate\":\"https:\/\/radarservice.eu\/es\/?s={search_term_string}\"},\"query-input\":{\"@type\":\"PropertyValueSpecification\",\"valueRequired\":true,\"valueName\":\"search_term_string\"}}],\"inLanguage\":\"es\"},{\"@type\":\"Organization\",\"@id\":\"https:\/\/radarservice.eu\/es\/#organization\",\"name\":\"RadarService\",\"url\":\"https:\/\/radarservice.eu\/es\/\",\"logo\":{\"@type\":\"ImageObject\",\"inLanguage\":\"es\",\"@id\":\"https:\/\/radarservice.eu\/es\/#\/schema\/logo\/image\/\",\"url\":\"https:\/\/radarservice.eu\/wp-content\/uploads\/2021\/03\/Radar_detector_service.png\",\"contentUrl\":\"https:\/\/radarservice.eu\/wp-content\/uploads\/2021\/03\/Radar_detector_service.png\",\"width\":174,\"height\":48,\"caption\":\"RadarService\"},\"image\":{\"@id\":\"https:\/\/radarservice.eu\/es\/#\/schema\/logo\/image\/\"}}]}<\/script>\n<!-- \/ Yoast SEO plugin. -->","yoast_head_json":{"title":"Condiciones generales | Radar Service","description":"Condiciones generales | Radar Service","robots":{"index":"noindex","follow":"nofollow"},"og_locale":"es_ES","og_type":"article","og_title":"Condiciones generales | Radar Service","og_description":"Condiciones generales | Radar Service","og_url":"https:\/\/radarservice.eu\/es\/condiciones-generales\/","og_site_name":"Radar Service","article_modified_time":"2022-03-24T10:49:37+00:00","twitter_card":"summary_large_image","twitter_misc":{"Tiempo de lectura":"11 minutos"},"schema":{"@context":"https:\/\/schema.org","@graph":[{"@type":"WebPage","@id":"https:\/\/radarservice.eu\/es\/condiciones-generales\/","url":"https:\/\/radarservice.eu\/es\/condiciones-generales\/","name":"Condiciones generales | Radar Service","isPartOf":{"@id":"https:\/\/radarservice.eu\/es\/#website"},"datePublished":"2022-03-24T10:49:34+00:00","dateModified":"2022-03-24T10:49:37+00:00","description":"Condiciones generales | Radar Service","inLanguage":"es","potentialAction":[{"@type":"ReadAction","target":["https:\/\/radarservice.eu\/es\/condiciones-generales\/"]}]},{"@type":"WebSite","@id":"https:\/\/radarservice.eu\/es\/#website","url":"https:\/\/radarservice.eu\/es\/","name":"Radar Service","description":"Radar detector Laser jammer mobile fix","publisher":{"@id":"https:\/\/radarservice.eu\/es\/#organization"},"potentialAction":[{"@type":"SearchAction","target":{"@type":"EntryPoint","urlTemplate":"https:\/\/radarservice.eu\/es\/?s={search_term_string}"},"query-input":{"@type":"PropertyValueSpecification","valueRequired":true,"valueName":"search_term_string"}}],"inLanguage":"es"},{"@type":"Organization","@id":"https:\/\/radarservice.eu\/es\/#organization","name":"RadarService","url":"https:\/\/radarservice.eu\/es\/","logo":{"@type":"ImageObject","inLanguage":"es","@id":"https:\/\/radarservice.eu\/es\/#\/schema\/logo\/image\/","url":"https:\/\/radarservice.eu\/wp-content\/uploads\/2021\/03\/Radar_detector_service.png","contentUrl":"https:\/\/radarservice.eu\/wp-content\/uploads\/2021\/03\/Radar_detector_service.png","width":174,"height":48,"caption":"RadarService"},"image":{"@id":"https:\/\/radarservice.eu\/es\/#\/schema\/logo\/image\/"}}]}},"_links":{"self":[{"href":"https:\/\/radarservice.eu\/es\/wp-json\/wp\/v2\/pages\/17707","targetHints":{"allow":["GET"]}}],"collection":[{"href":"https:\/\/radarservice.eu\/es\/wp-json\/wp\/v2\/pages"}],"about":[{"href":"https:\/\/radarservice.eu\/es\/wp-json\/wp\/v2\/types\/page"}],"author":[{"embeddable":true,"href":"https:\/\/radarservice.eu\/es\/wp-json\/wp\/v2\/users\/1"}],"replies":[{"embeddable":true,"href":"https:\/\/radarservice.eu\/es\/wp-json\/wp\/v2\/comments?post=17707"}],"version-history":[{"count":3,"href":"https:\/\/radarservice.eu\/es\/wp-json\/wp\/v2\/pages\/17707\/revisions"}],"predecessor-version":[{"id":17710,"href":"https:\/\/radarservice.eu\/es\/wp-json\/wp\/v2\/pages\/17707\/revisions\/17710"}],"wp:attachment":[{"href":"https:\/\/radarservice.eu\/es\/wp-json\/wp\/v2\/media?parent=17707"}],"curies":[{"name":"wp","href":"https:\/\/api.w.org\/{rel}","templated":true}]}}