{"id":17601,"date":"2019-07-14T14:26:45","date_gmt":"2019-07-14T12:26:45","guid":{"rendered":"https:\/\/radarservice.eu\/contact\/"},"modified":"2022-04-03T12:22:57","modified_gmt":"2022-04-03T10:22:57","slug":"contacte-con","status":"publish","type":"page","link":"https:\/\/radarservice.eu\/es\/contacte-con\/","title":{"rendered":"Contacte con"},"content":{"rendered":"  <div id=\"page-header-1918449231\" class=\"page-header-wrapper\">\n  <div class=\"page-title dark normal-title\">\n\n        <div class=\"page-title-bg\">\n      <div class=\"title-bg fill bg-fill\"\n        data-parallax-container=\".page-title\"\n        data-parallax-background\n        data-parallax=\"-\">\n      <\/div>\n      <div class=\"title-overlay fill\"><\/div>\n    <\/div>\n    \n    <div class=\"page-title-inner container align-center text-center flex-row-col medium-flex-wrap\" >\n              <div class=\"title-wrapper uppercase is-large flex-col\">\n          <h1 class=\"entry-title mb-0\">\n            Contacte con          <\/h1>\n        <\/div>\n                    <div class=\"title-content flex-col\">\n              <\/div>\n    <\/div>\n\n     \n<style>\n#page-header-1918449231 .page-title-inner {\n  min-height: 200px;\n}\n#page-header-1918449231 .title-bg {\n  background-image: url(https:\/\/radarservice.eu\/wp-content\/uploads\/2022\/03\/callcenter-bdl-top.jpg);\n}\n<\/style>\n  <\/div>\n    <\/div>\n  \n\t<div id=\"gap-1280831014\" class=\"gap-element clearfix\" style=\"display:block; height:auto;\">\n\t\t\n<style>\n#gap-1280831014 {\n  padding-top: 40px;\n}\n<\/style>\n\t<\/div>\n\t\n<div class=\"row\"  id=\"row-1167889814\">\n\n\t<div id=\"col-1669960263\" class=\"col medium-6 large-6\"  >\n\t\t\t\t<div class=\"col-inner\"  >\n\t\t\t\n\t\t\t\n<div class=\"container section-title-container\" ><h3 class=\"section-title section-title-normal\"><b aria-hidden=\"true\"><\/b><span class=\"section-title-main\" >Preguntas frecuentes<\/span><b aria-hidden=\"true\"><\/b><\/h3><\/div>\n<p class=\"lead\">Las preguntas m\u00e1s frecuentes sobre el proceso de pedido<\/p>\n<div class=\"accordion\">\n\t<div id=\"accordion-3801835141\" class=\"accordion-item\">\n\t\t<a id=\"accordion-3801835141-label\" class=\"accordion-title plain\" href=\"#accordion-item-\u00bfcu\u00e1les-son-los-gastos-de-env\u00edo?\" aria-expanded=\"false\" aria-controls=\"accordion-3801835141-content\">\n\t\t\t<button class=\"toggle\" aria-label=\"Toggle\"><i class=\"icon-angle-down\" aria-hidden=\"true\"><\/i><\/button>\n\t\t\t<span>\u00bfCu\u00e1les son los gastos de env\u00edo?<\/span>\n\t\t<\/a>\n\t\t<div id=\"accordion-3801835141-content\" class=\"accordion-inner\" aria-labelledby=\"accordion-3801835141-label\">\n\t\t\t\n<p>Dentro de Europa, los env\u00edos son gratuitos para los pedidos superiores a 150 euros. Para el env\u00edo expr\u00e9s cobramos 11,90 euros.<\/p>\n\t\t<\/div>\n\t<\/div>\n\t\n\t<div id=\"accordion-2254148972\" class=\"accordion-item\">\n\t\t<a id=\"accordion-2254148972-label\" class=\"accordion-title plain\" href=\"#accordion-item-\u00bfqu\u00e9-opciones-de-pago-hay?\" aria-expanded=\"false\" aria-controls=\"accordion-2254148972-content\">\n\t\t\t<button class=\"toggle\" aria-label=\"Toggle\"><i class=\"icon-angle-down\" aria-hidden=\"true\"><\/i><\/button>\n\t\t\t<span>\u00bfQu\u00e9 opciones de pago hay?<\/span>\n\t\t<\/a>\n\t\t<div id=\"accordion-2254148972-content\" class=\"accordion-inner\" aria-labelledby=\"accordion-2254148972-label\">\n\t\t\t\n<p>En nuestra tienda online ofrecemos pago con tarjeta de cr\u00e9dito, prepago y bitcoin. S\u00f3lo es posible pagar con PayPal y contra reembolso tras consultar por tel\u00e9fono.\n<\/p>\n\t\t<\/div>\n\t<\/div>\n\t\n\t<div id=\"accordion-3830117966\" class=\"accordion-item\">\n\t\t<a id=\"accordion-3830117966-label\" class=\"accordion-title plain\" href=\"#accordion-item-\u00bfcu\u00e1nto-tiempo-dura-la-entrega?\" aria-expanded=\"false\" aria-controls=\"accordion-3830117966-content\">\n\t\t\t<button class=\"toggle\" aria-label=\"Toggle\"><i class=\"icon-angle-down\" aria-hidden=\"true\"><\/i><\/button>\n\t\t\t<span>\u00bfCu\u00e1nto tiempo dura la entrega?<\/span>\n\t\t<\/a>\n\t\t<div id=\"accordion-3830117966-content\" class=\"accordion-inner\" aria-labelledby=\"accordion-3830117966-label\">\n\t\t\t\n<p>El plazo de entrega es de aproximadamente 3 d\u00edas laborables para el env\u00edo est\u00e1ndar y de aproximadamente 1 d\u00eda laborable para el env\u00edo urgente. El env\u00edo expr\u00e9s se realiza el mismo d\u00eda laborable si el proceso de pedido se completa antes de las 14 horas.\n<\/p>\n\t\t<\/div>\n\t<\/div>\n\t\n\t<div id=\"accordion-2414744384\" class=\"accordion-item\">\n\t\t<a id=\"accordion-2414744384-label\" class=\"accordion-title plain\" href=\"#accordion-item-\u00bfla-entrega-es-neutral?\" aria-expanded=\"false\" aria-controls=\"accordion-2414744384-content\">\n\t\t\t<button class=\"toggle\" aria-label=\"Toggle\"><i class=\"icon-angle-down\" aria-hidden=\"true\"><\/i><\/button>\n\t\t\t<span>\u00bfLa entrega es neutral?<\/span>\n\t\t<\/a>\n\t\t<div id=\"accordion-2414744384-content\" class=\"accordion-inner\" aria-labelledby=\"accordion-2414744384-label\">\n\t\t\t\n<p>Realizamos la entrega con absoluta discreci\u00f3n y en un embalaje neutro.\n<\/p>\n\t\t<\/div>\n\t<\/div>\n\t\n\t<div id=\"accordion-2551216980\" class=\"accordion-item\">\n\t\t<a id=\"accordion-2551216980-label\" class=\"accordion-title plain\" href=\"#accordion-item-\u00bfqu\u00e9-seguridad-tienen-la-tienda-y-mis-datos?\" aria-expanded=\"false\" aria-controls=\"accordion-2551216980-content\">\n\t\t\t<button class=\"toggle\" aria-label=\"Toggle\"><i class=\"icon-angle-down\" aria-hidden=\"true\"><\/i><\/button>\n\t\t\t<span>\u00bfQu\u00e9 seguridad tienen la tienda y mis datos?<\/span>\n\t\t<\/a>\n\t\t<div id=\"accordion-2551216980-content\" class=\"accordion-inner\" aria-labelledby=\"accordion-2551216980-label\">\n\t\t\t\n<p>La transferencia de datos est\u00e1 encriptada y los datos s\u00f3lo se utilizan para la tramitaci\u00f3n del pedido.<\/p>\n\t\t<\/div>\n\t<\/div>\n\t\n\t<div id=\"accordion-302132624\" class=\"accordion-item\">\n\t\t<a id=\"accordion-302132624-label\" class=\"accordion-title plain\" href=\"#accordion-item-\u00bfrecibo-una-factura-por-mi-pedido?\" aria-expanded=\"false\" aria-controls=\"accordion-302132624-content\">\n\t\t\t<button class=\"toggle\" aria-label=\"Toggle\"><i class=\"icon-angle-down\" aria-hidden=\"true\"><\/i><\/button>\n\t\t\t<span>\u00bfRecibo una factura por mi pedido?<\/span>\n\t\t<\/a>\n\t\t<div id=\"accordion-302132624-content\" class=\"accordion-inner\" aria-labelledby=\"accordion-302132624-label\">\n\t\t\t\n<p>S\u00ed, creamos una factura para cada pedido, que se le env\u00eda por correo electr\u00f3nico.\n<\/p>\n\t\t<\/div>\n\t<\/div>\n\t\n\t<div id=\"accordion-2896563057\" class=\"accordion-item\">\n\t\t<a id=\"accordion-2896563057-label\" class=\"accordion-title plain\" href=\"#accordion-item-\u00bftengo-garant\u00eda-sobre-la-mercanc\u00eda?\" aria-expanded=\"false\" aria-controls=\"accordion-2896563057-content\">\n\t\t\t<button class=\"toggle\" aria-label=\"Toggle\"><i class=\"icon-angle-down\" aria-hidden=\"true\"><\/i><\/button>\n\t\t\t<span>\u00bfTengo garant\u00eda sobre la mercanc\u00eda?<\/span>\n\t\t<\/a>\n\t\t<div id=\"accordion-2896563057-content\" class=\"accordion-inner\" aria-labelledby=\"accordion-2896563057-label\">\n\t\t\t\n<p>Concedemos una garant\u00eda sobre todos los art\u00edculos. En caso de reclamaci\u00f3n de la garant\u00eda, env\u00edenos un correo electr\u00f3nico con su n\u00famero de pedido\/factura y, si procede, el n\u00famero de serie del aparato.\n<\/p>\n\t\t<\/div>\n\t<\/div>\n\t\n<\/div>\n\t\t<\/div>\n\t\t\t\t\t<\/div>\n\n\t\n\n\t<div id=\"col-148473161\" class=\"col medium-6 large-6\"  >\n\t\t\t\t<div class=\"col-inner\"  >\n\t\t\t\n\t\t\t\n<div class=\"container section-title-container\" ><h3 class=\"section-title section-title-normal\"><b aria-hidden=\"true\"><\/b><span class=\"section-title-main\" >Env\u00edanos un correo electr\u00f3nico<\/span><b aria-hidden=\"true\"><\/b><\/h3><\/div>\n\n<div class=\"wpcf7 no-js\" id=\"wpcf7-f17491-o1\" lang=\"es-ES\" dir=\"ltr\" data-wpcf7-id=\"17491\">\n<div class=\"screen-reader-response\"><p role=\"status\" aria-live=\"polite\" aria-atomic=\"true\"><\/p> <ul><\/ul><\/div>\n<form action=\"\/es\/wp-json\/wp\/v2\/pages\/17601#wpcf7-f17491-o1\" method=\"post\" class=\"wpcf7-form init\" aria-label=\"Formulario de contacto\" novalidate=\"novalidate\" data-status=\"init\">\n<fieldset class=\"hidden-fields-container\"><input type=\"hidden\" name=\"_wpcf7\" value=\"17491\" \/><input type=\"hidden\" name=\"_wpcf7_version\" value=\"6.1.5\" \/><input type=\"hidden\" name=\"_wpcf7_locale\" value=\"es_ES\" \/><input type=\"hidden\" name=\"_wpcf7_unit_tag\" value=\"wpcf7-f17491-o1\" \/><input type=\"hidden\" name=\"_wpcf7_container_post\" value=\"0\" \/><input type=\"hidden\" name=\"_wpcf7_posted_data_hash\" value=\"\" \/><input type=\"hidden\" name=\"_wpcf7_recaptcha_response\" value=\"\" \/>\n<\/fieldset>\n<p><label> Su nombre (obligatorio)<br \/>\n<span class=\"wpcf7-form-control-wrap\" data-name=\"your-name\"><input size=\"40\" maxlength=\"400\" class=\"wpcf7-form-control wpcf7-text wpcf7-validates-as-required\" aria-required=\"true\" aria-invalid=\"false\" value=\"\" type=\"text\" name=\"your-name\" \/><\/span> <\/label>\n<\/p>\n<p><label> Su direcci\u00f3n de correo electr\u00f3nico (obligatoria)<br \/>\n<span class=\"wpcf7-form-control-wrap\" data-name=\"your-email\"><input size=\"40\" maxlength=\"400\" class=\"wpcf7-form-control wpcf7-email wpcf7-validates-as-required wpcf7-text wpcf7-validates-as-email\" aria-required=\"true\" aria-invalid=\"false\" value=\"\" type=\"email\" name=\"your-email\" \/><\/span> <\/label>\n<\/p>\n<p><label> Asunto (obligatorio)<br \/>\n<span class=\"wpcf7-form-control-wrap\" data-name=\"your-subject\"><input size=\"40\" maxlength=\"400\" class=\"wpcf7-form-control wpcf7-text wpcf7-validates-as-required\" aria-required=\"true\" aria-invalid=\"false\" value=\"\" type=\"text\" name=\"your-subject\" \/><\/span> <\/label>\n<\/p>\n<p><label> Su mensaje<br \/>\n<span class=\"wpcf7-form-control-wrap\" data-name=\"your-message\"><textarea cols=\"40\" rows=\"10\" maxlength=\"2000\" class=\"wpcf7-form-control wpcf7-textarea\" aria-invalid=\"false\" name=\"your-message\"><\/textarea><\/span> <\/label>\n<\/p>\n<p><input class=\"wpcf7-form-control wpcf7-submit has-spinner\" type=\"submit\" value=\"Enviar\" \/>\n<\/p><p style=\"display: none !important;\" class=\"akismet-fields-container\" data-prefix=\"_wpcf7_ak_\"><label>&#916;<textarea name=\"_wpcf7_ak_hp_textarea\" cols=\"45\" rows=\"8\" maxlength=\"100\"><\/textarea><\/label><input type=\"hidden\" id=\"ak_js_1\" name=\"_wpcf7_ak_js\" value=\"66\"\/><script>document.getElementById( \"ak_js_1\" ).setAttribute( \"value\", ( new Date() ).getTime() );<\/script><\/p><div class=\"wpcf7-response-output\" aria-hidden=\"true\"><\/div>\n<\/form>\n<\/div>\n\n\t\t<\/div>\n\t\t\t\t\t<\/div>\n\n\t\n<\/div>\n\t<div id=\"text-328032426\" class=\"text\">\n\t\t\n<p><h3>L\u00ednea directa:<\/h3>\n<h4>Tel\u00e9fono: <a href=\"tel:00494022859032\">+49 (0)40 \/ 228 590 32<\/a> (s\u00f3lo en alem\u00e1n o ingl\u00e9s)<\/h4>\n<p>De lunes a viernes<br \/>de 10:00 a 18:00 horas<\/p>\n<\/p>\n\t\t\n<style>\n#text-328032426 {\n  font-size: 1.5rem;\n  line-height: 1;\n  text-align: center;\n}\n<\/style>\n\t<\/div>\n\t\n\t<div id=\"gap-1642003277\" class=\"gap-element clearfix\" style=\"display:block; height:auto;\">\n\t\t\n<style>\n#gap-1642003277 {\n  padding-top: 40px;\n}\n<\/style>\n\t<\/div>\n\t\n","protected":false},"excerpt":{"rendered":"","protected":false},"author":1,"featured_media":0,"parent":0,"menu_order":190,"comment_status":"closed","ping_status":"closed","template":"page-blank.php","meta":{"footnotes":""},"class_list":["post-17601","page","type-page","status-publish","hentry"],"yoast_head":"<!-- This site is optimized with the Yoast SEO plugin v27.2 - https:\/\/yoast.com\/product\/yoast-seo-wordpress\/ -->\n<title>Contacte con | Radar Service<\/title>\n<meta name=\"description\" content=\"Contacte con | Radar Service\" \/>\n<meta name=\"robots\" content=\"noindex, nofollow\" \/>\n<meta property=\"og:locale\" content=\"es_ES\" \/>\n<meta property=\"og:type\" content=\"article\" \/>\n<meta property=\"og:title\" content=\"Contacte con | Radar Service\" \/>\n<meta property=\"og:description\" content=\"Contacte con | Radar Service\" \/>\n<meta property=\"og:url\" content=\"https:\/\/radarservice.eu\/es\/contacte-con\/\" \/>\n<meta property=\"og:site_name\" content=\"Radar Service\" \/>\n<meta property=\"article:modified_time\" content=\"2022-04-03T10:22:57+00:00\" \/>\n<meta name=\"twitter:card\" content=\"summary_large_image\" \/>\n<meta name=\"twitter:label1\" content=\"Tiempo de lectura\" \/>\n\t<meta name=\"twitter:data1\" content=\"2 minutos\" \/>\n<script type=\"application\/ld+json\" class=\"yoast-schema-graph\">{\"@context\":\"https:\/\/schema.org\",\"@graph\":[{\"@type\":\"WebPage\",\"@id\":\"https:\/\/radarservice.eu\/es\/contacte-con\/\",\"url\":\"https:\/\/radarservice.eu\/es\/contacte-con\/\",\"name\":\"Contacte con | Radar Service\",\"isPartOf\":{\"@id\":\"https:\/\/radarservice.eu\/es\/#website\"},\"datePublished\":\"2019-07-14T12:26:45+00:00\",\"dateModified\":\"2022-04-03T10:22:57+00:00\",\"description\":\"Contacte con | Radar Service\",\"inLanguage\":\"es\",\"potentialAction\":[{\"@type\":\"ReadAction\",\"target\":[\"https:\/\/radarservice.eu\/es\/contacte-con\/\"]}]},{\"@type\":\"WebSite\",\"@id\":\"https:\/\/radarservice.eu\/es\/#website\",\"url\":\"https:\/\/radarservice.eu\/es\/\",\"name\":\"Radar Service\",\"description\":\"Radar detector Laser jammer mobile fix\",\"publisher\":{\"@id\":\"https:\/\/radarservice.eu\/es\/#organization\"},\"potentialAction\":[{\"@type\":\"SearchAction\",\"target\":{\"@type\":\"EntryPoint\",\"urlTemplate\":\"https:\/\/radarservice.eu\/es\/?s={search_term_string}\"},\"query-input\":{\"@type\":\"PropertyValueSpecification\",\"valueRequired\":true,\"valueName\":\"search_term_string\"}}],\"inLanguage\":\"es\"},{\"@type\":\"Organization\",\"@id\":\"https:\/\/radarservice.eu\/es\/#organization\",\"name\":\"RadarService\",\"url\":\"https:\/\/radarservice.eu\/es\/\",\"logo\":{\"@type\":\"ImageObject\",\"inLanguage\":\"es\",\"@id\":\"https:\/\/radarservice.eu\/es\/#\/schema\/logo\/image\/\",\"url\":\"https:\/\/radarservice.eu\/wp-content\/uploads\/2021\/03\/Radar_detector_service.png\",\"contentUrl\":\"https:\/\/radarservice.eu\/wp-content\/uploads\/2021\/03\/Radar_detector_service.png\",\"width\":174,\"height\":48,\"caption\":\"RadarService\"},\"image\":{\"@id\":\"https:\/\/radarservice.eu\/es\/#\/schema\/logo\/image\/\"}}]}<\/script>\n<!-- \/ Yoast SEO plugin. -->","yoast_head_json":{"title":"Contacte con | Radar Service","description":"Contacte con | Radar Service","robots":{"index":"noindex","follow":"nofollow"},"og_locale":"es_ES","og_type":"article","og_title":"Contacte con | Radar Service","og_description":"Contacte con | Radar Service","og_url":"https:\/\/radarservice.eu\/es\/contacte-con\/","og_site_name":"Radar Service","article_modified_time":"2022-04-03T10:22:57+00:00","twitter_card":"summary_large_image","twitter_misc":{"Tiempo de lectura":"2 minutos"},"schema":{"@context":"https:\/\/schema.org","@graph":[{"@type":"WebPage","@id":"https:\/\/radarservice.eu\/es\/contacte-con\/","url":"https:\/\/radarservice.eu\/es\/contacte-con\/","name":"Contacte con | Radar Service","isPartOf":{"@id":"https:\/\/radarservice.eu\/es\/#website"},"datePublished":"2019-07-14T12:26:45+00:00","dateModified":"2022-04-03T10:22:57+00:00","description":"Contacte con | Radar Service","inLanguage":"es","potentialAction":[{"@type":"ReadAction","target":["https:\/\/radarservice.eu\/es\/contacte-con\/"]}]},{"@type":"WebSite","@id":"https:\/\/radarservice.eu\/es\/#website","url":"https:\/\/radarservice.eu\/es\/","name":"Radar Service","description":"Radar detector Laser jammer mobile fix","publisher":{"@id":"https:\/\/radarservice.eu\/es\/#organization"},"potentialAction":[{"@type":"SearchAction","target":{"@type":"EntryPoint","urlTemplate":"https:\/\/radarservice.eu\/es\/?s={search_term_string}"},"query-input":{"@type":"PropertyValueSpecification","valueRequired":true,"valueName":"search_term_string"}}],"inLanguage":"es"},{"@type":"Organization","@id":"https:\/\/radarservice.eu\/es\/#organization","name":"RadarService","url":"https:\/\/radarservice.eu\/es\/","logo":{"@type":"ImageObject","inLanguage":"es","@id":"https:\/\/radarservice.eu\/es\/#\/schema\/logo\/image\/","url":"https:\/\/radarservice.eu\/wp-content\/uploads\/2021\/03\/Radar_detector_service.png","contentUrl":"https:\/\/radarservice.eu\/wp-content\/uploads\/2021\/03\/Radar_detector_service.png","width":174,"height":48,"caption":"RadarService"},"image":{"@id":"https:\/\/radarservice.eu\/es\/#\/schema\/logo\/image\/"}}]}},"_links":{"self":[{"href":"https:\/\/radarservice.eu\/es\/wp-json\/wp\/v2\/pages\/17601","targetHints":{"allow":["GET"]}}],"collection":[{"href":"https:\/\/radarservice.eu\/es\/wp-json\/wp\/v2\/pages"}],"about":[{"href":"https:\/\/radarservice.eu\/es\/wp-json\/wp\/v2\/types\/page"}],"author":[{"embeddable":true,"href":"https:\/\/radarservice.eu\/es\/wp-json\/wp\/v2\/users\/1"}],"replies":[{"embeddable":true,"href":"https:\/\/radarservice.eu\/es\/wp-json\/wp\/v2\/comments?post=17601"}],"version-history":[{"count":18,"href":"https:\/\/radarservice.eu\/es\/wp-json\/wp\/v2\/pages\/17601\/revisions"}],"predecessor-version":[{"id":18351,"href":"https:\/\/radarservice.eu\/es\/wp-json\/wp\/v2\/pages\/17601\/revisions\/18351"}],"wp:attachment":[{"href":"https:\/\/radarservice.eu\/es\/wp-json\/wp\/v2\/media?parent=17601"}],"curies":[{"name":"wp","href":"https:\/\/api.w.org\/{rel}","templated":true}]}}