{"id":13950,"date":"2021-01-13T02:01:00","date_gmt":"2021-01-13T01:01:00","guid":{"rendered":"https:\/\/radarservice.eu\/?post_type=product&#038;p=13950"},"modified":"2022-04-03T14:41:52","modified_gmt":"2022-04-03T12:41:52","slug":"genevo-assist-pro-2-m-festeinbau","status":"publish","type":"product","link":"https:\/\/radarservice.eu\/de\/produkt\/genevo-assist-pro-2-m-festeinbau\/","title":{"rendered":"Genevo Assist Pro II M (HDM+)"},"content":{"rendered":"<p>Der neue Genevo Assist Pro 2 M ist ein Radarwarner f\u00fcr den versteckten Einbau mit einem neuen OLED Farbdisplay und der leistungsstarken HDM+ Radarantenne. Bei der Entwicklung wurde besonderer Wert auf hohe Qualit\u00e4t, Benutzerfreundlichkeit und eine einfache Installation gelegt. Der Radarwarner besteht aus der Hauptsteuereinheit, der GPS-Antenne, der Radarantenne, dem OLED Farbdisplay und dem Magnethalter f\u00fcr das Display.<\/p>\n<h3>Alles in einem: Radar- und Laserschutz<\/h3>\n<p>Der Genevo Assist PRO 2 kann mit  einen zus\u00e4tzlichen Laserst\u00f6rer verbunden werden. Sie k\u00f6nnen zwischen Genevo FF, Antilaser Priority und Target LaserTrack w\u00e4hlen. Die Laserst\u00f6rer k\u00f6nnen einfach \u00fcber das Men\u00fc des Genevo Assist gesteuert werden.<\/p>\n<h3>Zwei Antennen, bessere Leistung<\/h3>\n<p>Der Genevo Assist PRO 2 M wird mit der HDM+ Radarantenne ausgeliefert und l\u00e4sst sich optional mit einer zweiten Radarantennen aufr\u00fcsten. So k\u00f6nnen Sie auch das Fahrzeugheck vor Messungen von hinten sch\u00fctzen. F\u00fcr den Einsatz in Deutschland, \u00d6sterreich gen\u00fcgt die mitgelieferte HDM+ Antenne, da keine Radarpistolen eingesetzt werden. <\/p>\n<h3>Gestensteuerung f\u00fcr komfortable Bedienung<\/h3>\n<p>Der neue Bewegungssensor f\u00fcr ber\u00fchrungsloses bedienen erm\u00f6glicht eine bequeme Bedienung. So k\u00f6nnen Sie z.B. den Alarm stumm schalten, ohne w\u00e4hrend der Fahrt nach der richtigen Taste zu suchen. Winken Sie stattdessen einfach mit der Hand.<br \/>\n<figure id=\"attachment_13956\" aria-describedby=\"caption-attachment-13956\" style=\"width: 450px\" class=\"wp-caption aligncenter\"><img loading=\"lazy\" decoding=\"async\" src=\"https:\/\/radarservice.eu\/wp-content\/uploads\/2021\/01\/pro2_gesture_control-e1610501972758.jpg\" alt=\"Genevo Assist Gestensteuerung\" width=\"450\" height=\"341\" class=\"size-full wp-image-13956\" \/><figcaption id=\"caption-attachment-13956\" class=\"wp-caption-text\">Genevo Assist Gestensteuerung<\/figcaption><\/figure>\n<h3>POI Datenbank mit unbegrenzten Updates<\/h3>\n<p>Die GPS-Datenbank, einschlie\u00dflich lebenslanger Updates, ist im Kaufpreis  enthalten. Dazu geh\u00f6ren feste Radarfallen, Abschnittskontrollen (Section Control) und Ampelblitzer.<br \/>\n<br \/>Aktualisierungen und Einstellungen waren noch nie so einfach.<br \/>\nGenevo Asssit 2 l\u00e4sst sich mit einem beliebigen USB-Stick einfach aktualisieren und einrichten. <\/p>\n<h3>schnelles deaktivieren bei Polizeikontrollen<\/h3>\n<p>Entfernen Sie einfach das neue magnetische Display um den Genevo Assist 2 zu deaktivieren. W\u00e4hrend in einigen EU-L\u00e4ndern die Verwendung des Genevo Assist 2 legal ist, ist dies in anderen L\u00e4ndern nicht der Fall, weshalb das Ger\u00e4t \u00fcber einen abnehmbaren Bildschirm verf\u00fcgt. Das bedeutet, dass Sie, wenn Sie das Ger\u00e4t ausschalten m\u00fcssen, den Bildschirm einfach von der magnetische Halterung abnehmen und ihn z. B. in die Tasche oder Ablage stecken. Das Ger\u00e4t wird dann inaktiv und nur Sie k\u00f6nnen den Radarwarner \u00fcber das Display wieder aktivieren. Wenn Sie das Display inklusive der magnetischen Halterung entfernen m\u00f6chten, ist dies ebenfalls kein Problem. Es bleibt nur das Micro USB-Ladeger\u00e4t im Fahrzeug zur\u00fcck, welches Sie z.B. zum aufladen Ihres Smartphone nutzen k\u00f6nnen.<br \/>\n<figure id=\"attachment_13953\" aria-describedby=\"caption-attachment-13953\" style=\"width: 900px\" class=\"wp-caption aligncenter\"><img loading=\"lazy\" decoding=\"async\" src=\"https:\/\/radarservice.eu\/wp-content\/uploads\/2021\/01\/installation_car.jpg\" alt=\"Genevo Assist Einbau Radarwarner\" width=\"900\" height=\"518\" class=\"size-full wp-image-13953\" srcset=\"https:\/\/radarservice.eu\/wp-content\/uploads\/2021\/01\/installation_car.jpg 900w, https:\/\/radarservice.eu\/wp-content\/uploads\/2021\/01\/installation_car-300x173.jpg 300w, https:\/\/radarservice.eu\/wp-content\/uploads\/2021\/01\/installation_car-768x442.jpg 768w, https:\/\/radarservice.eu\/wp-content\/uploads\/2021\/01\/installation_car-510x294.jpg 510w\" sizes=\"auto, (max-width: 900px) 100vw, 900px\" \/><figcaption id=\"caption-attachment-13953\" class=\"wp-caption-text\">Genevo Assist Einbau Radarwarner<\/figcaption><\/figure>\n<h3> Trade-in \/ Tausch alt gegen neu<\/h3>\n<p>Besitzen Sie einen alten Genevo Einbauradarwarner oder einen alten mobilen  Radarwarner? Dann nutzen Sie unser Trade in Programm und upgraden Sie Ihr alten Radarwarner gegen den neuen Genevo Assist Pro 2 M.\u00a0Bitte kontaktieren Sie uns f\u00fcr weitere Informationen.\u00a0Wenn Sie auf der Suche nach dem besten Detektor f\u00fcr ganz Europa sind, ist Genevo PRO die richtige Wahl!<\/p>\n<\/h3>\n<p> Die wichtigsten Vorteile des Genevo Assist PRO II M:<\/h3>\n<ul>\n<li>Bestes Preis-Leistungsverh\u00e4ltnis<\/li>\n<li>Verbinden Sie den Laserst\u00f6rer<\/li>\n<li>Anschluss von zwei Radarantennen (1x HDM+ Antenne im Lieferumfang enthalten)<\/li>\n<li>Abnehmbare magnetisches Display<\/li>\n<li>Mehrfarbiges OLED-Display<\/li>\n<li>Bewegungssensor f\u00fcr Gestensteuerung<\/li>\n<li>Einfache Aktualisierung \u00fcber USB-Stick<\/li>\n<li>Das benutzerfreundlichste Men\u00fc<\/li>\n<li>Beste Vorwarnzeiten durch neue HDM+ Antenne<\/li>\n<li>Hervorragender Fehlalarmfilter<\/li>\n<li>POI Radarfallen Datenbank f\u00fcr ganz Europa mit unbegrenzter Lizenz (keine  Folgekosten)<\/li>\n<li>Geeignet f\u00fcr Europa<\/li>\n<\/ul>\n","protected":false},"excerpt":{"rendered":"<p>Der neue Genevo Assist Pro 2 M festeinbau Radarwarner ist der beste High-End Radarwarner und eignet sich perfekt f\u00fcr den Einsatz in Europa. Dank der leistungsstarken HDM+ Antenne warnt der Genevo Assist 2 zuverl\u00e4ssig vor den neuen MultaRadar (MRCD \/ MRCT \/ Moving) Radarfallen in Europa.<\/p>\n","protected":false},"featured_media":13955,"comment_status":"open","ping_status":"closed","template":"","meta":[],"product_brand":[],"product_cat":[250,187,219],"product_tag":[185,45,64,110,183,188,101,189,254,186,34],"class_list":{"0":"post-13950","1":"product","2":"type-product","3":"status-publish","4":"has-post-thumbnail","6":"product_cat-empfohlene-radarwarner","7":"product_cat-festeinbau-radarwarner","8":"product_cat-genevo","9":"product_tag-einbauservice","10":"product_tag-europa","11":"product_tag-festeinbau","12":"product_tag-genevo","13":"product_tag-genevo-assist","14":"product_tag-genevo-assist-hdm","15":"product_tag-genevo-ff","16":"product_tag-genevo-pro","17":"product_tag-genevo-pro-hdm","18":"product_tag-hamburg","19":"product_tag-radarwarner","21":"first","22":"instock","23":"sale","24":"taxable","25":"shipping-taxable","26":"purchasable","27":"product-type-variable","28":"has-default-attributes"},"yoast_head":"<!-- This site is optimized with the Yoast SEO plugin v27.2 - https:\/\/yoast.com\/product\/yoast-seo-wordpress\/ -->\n<title>Genevo Assist Pro II M (HDM+) versteckter Festeinbau Radarwarner<\/title>\n<meta name=\"description\" content=\"Der Genevo Assist Pro HDM+ festeinbau Radarwarner ist aktuell die beste High-End Komplettl\u00f6sung mit MultaRadar und Gatso Warnung.\" \/>\n<meta name=\"robots\" content=\"index, follow, max-snippet:-1, max-image-preview:large, max-video-preview:-1\" \/>\n<link rel=\"canonical\" href=\"https:\/\/radarservice.eu\/de\/produkt\/genevo-assist-pro-2-m-festeinbau\/\" \/>\n<meta property=\"og:locale\" content=\"de_DE\" \/>\n<meta property=\"og:type\" content=\"article\" \/>\n<meta property=\"og:title\" content=\"Genevo Assist Pro II M (HDM+) versteckter Festeinbau Radarwarner\" \/>\n<meta property=\"og:description\" content=\"Der Genevo Assist Pro HDM+ festeinbau Radarwarner ist aktuell die beste High-End Komplettl\u00f6sung mit MultaRadar und Gatso Warnung.\" \/>\n<meta property=\"og:url\" content=\"https:\/\/radarservice.eu\/de\/produkt\/genevo-assist-pro-2-m-festeinbau\/\" \/>\n<meta property=\"og:site_name\" content=\"Radar Service\" \/>\n<meta property=\"article:modified_time\" content=\"2022-04-03T12:41:52+00:00\" \/>\n<meta property=\"og:image\" content=\"https:\/\/radarservice.eu\/wp-content\/uploads\/2021\/01\/multi_color_magnetic_display.jpg\" \/>\n\t<meta property=\"og:image:width\" content=\"1582\" \/>\n\t<meta property=\"og:image:height\" content=\"1092\" \/>\n\t<meta property=\"og:image:type\" content=\"image\/jpeg\" \/>\n<meta name=\"twitter:card\" content=\"summary_large_image\" \/>\n<meta name=\"twitter:label1\" content=\"Gesch\u00e4tzte Lesezeit\" \/>\n\t<meta name=\"twitter:data1\" content=\"3\u00a0Minuten\" \/>\n<script type=\"application\/ld+json\" class=\"yoast-schema-graph\">{\"@context\":\"https:\/\/schema.org\",\"@graph\":[{\"@type\":\"WebPage\",\"@id\":\"https:\/\/radarservice.eu\/de\/produkt\/genevo-assist-pro-2-m-festeinbau\/\",\"url\":\"https:\/\/radarservice.eu\/de\/produkt\/genevo-assist-pro-2-m-festeinbau\/\",\"name\":\"Genevo Assist Pro II M (HDM+) versteckter Festeinbau Radarwarner\",\"isPartOf\":{\"@id\":\"https:\/\/radarservice.eu\/de\/#website\"},\"primaryImageOfPage\":{\"@id\":\"https:\/\/radarservice.eu\/de\/produkt\/genevo-assist-pro-2-m-festeinbau\/#primaryimage\"},\"image\":{\"@id\":\"https:\/\/radarservice.eu\/de\/produkt\/genevo-assist-pro-2-m-festeinbau\/#primaryimage\"},\"thumbnailUrl\":\"https:\/\/radarservice.eu\/wp-content\/uploads\/2021\/01\/multi_color_magnetic_display.jpg\",\"datePublished\":\"2021-01-13T01:01:00+00:00\",\"dateModified\":\"2022-04-03T12:41:52+00:00\",\"description\":\"Der Genevo Assist Pro HDM+ festeinbau Radarwarner ist aktuell die beste High-End Komplettl\u00f6sung mit MultaRadar und Gatso Warnung.\",\"breadcrumb\":{\"@id\":\"https:\/\/radarservice.eu\/de\/produkt\/genevo-assist-pro-2-m-festeinbau\/#breadcrumb\"},\"inLanguage\":\"de\",\"potentialAction\":[{\"@type\":\"ReadAction\",\"target\":[\"https:\/\/radarservice.eu\/de\/produkt\/genevo-assist-pro-2-m-festeinbau\/\"]}]},{\"@type\":\"ImageObject\",\"inLanguage\":\"de\",\"@id\":\"https:\/\/radarservice.eu\/de\/produkt\/genevo-assist-pro-2-m-festeinbau\/#primaryimage\",\"url\":\"https:\/\/radarservice.eu\/wp-content\/uploads\/2021\/01\/multi_color_magnetic_display.jpg\",\"contentUrl\":\"https:\/\/radarservice.eu\/wp-content\/uploads\/2021\/01\/multi_color_magnetic_display.jpg\",\"width\":1582,\"height\":1092,\"caption\":\"Genevo Assist Pro II M\"},{\"@type\":\"BreadcrumbList\",\"@id\":\"https:\/\/radarservice.eu\/de\/produkt\/genevo-assist-pro-2-m-festeinbau\/#breadcrumb\",\"itemListElement\":[{\"@type\":\"ListItem\",\"position\":1,\"name\":\"Radarwarner Shop\",\"item\":\"https:\/\/radarservice.eu\/de\/shop\/\"},{\"@type\":\"ListItem\",\"position\":2,\"name\":\"Genevo Assist Pro II M (HDM+)\"}]},{\"@type\":\"WebSite\",\"@id\":\"https:\/\/radarservice.eu\/de\/#website\",\"url\":\"https:\/\/radarservice.eu\/de\/\",\"name\":\"Radar Service\",\"description\":\"Radar detector Laser jammer mobile fix\",\"publisher\":{\"@id\":\"https:\/\/radarservice.eu\/de\/#organization\"},\"potentialAction\":[{\"@type\":\"SearchAction\",\"target\":{\"@type\":\"EntryPoint\",\"urlTemplate\":\"https:\/\/radarservice.eu\/de\/?s={search_term_string}\"},\"query-input\":{\"@type\":\"PropertyValueSpecification\",\"valueRequired\":true,\"valueName\":\"search_term_string\"}}],\"inLanguage\":\"de\"},{\"@type\":\"Organization\",\"@id\":\"https:\/\/radarservice.eu\/de\/#organization\",\"name\":\"RadarService\",\"url\":\"https:\/\/radarservice.eu\/de\/\",\"logo\":{\"@type\":\"ImageObject\",\"inLanguage\":\"de\",\"@id\":\"https:\/\/radarservice.eu\/de\/#\/schema\/logo\/image\/\",\"url\":\"https:\/\/radarservice.eu\/wp-content\/uploads\/2021\/03\/Radar_detector_service.png\",\"contentUrl\":\"https:\/\/radarservice.eu\/wp-content\/uploads\/2021\/03\/Radar_detector_service.png\",\"width\":174,\"height\":48,\"caption\":\"RadarService\"},\"image\":{\"@id\":\"https:\/\/radarservice.eu\/de\/#\/schema\/logo\/image\/\"}}]}<\/script>\n<!-- \/ Yoast SEO plugin. -->","yoast_head_json":{"title":"Genevo Assist Pro II M (HDM+) versteckter Festeinbau Radarwarner","description":"Der Genevo Assist Pro HDM+ festeinbau Radarwarner ist aktuell die beste High-End Komplettl\u00f6sung mit MultaRadar und Gatso Warnung.","robots":{"index":"index","follow":"follow","max-snippet":"max-snippet:-1","max-image-preview":"max-image-preview:large","max-video-preview":"max-video-preview:-1"},"canonical":"https:\/\/radarservice.eu\/de\/produkt\/genevo-assist-pro-2-m-festeinbau\/","og_locale":"de_DE","og_type":"article","og_title":"Genevo Assist Pro II M (HDM+) versteckter Festeinbau Radarwarner","og_description":"Der Genevo Assist Pro HDM+ festeinbau Radarwarner ist aktuell die beste High-End Komplettl\u00f6sung mit MultaRadar und Gatso Warnung.","og_url":"https:\/\/radarservice.eu\/de\/produkt\/genevo-assist-pro-2-m-festeinbau\/","og_site_name":"Radar Service","article_modified_time":"2022-04-03T12:41:52+00:00","og_image":[{"width":1582,"height":1092,"url":"https:\/\/radarservice.eu\/wp-content\/uploads\/2021\/01\/multi_color_magnetic_display.jpg","type":"image\/jpeg"}],"twitter_card":"summary_large_image","twitter_misc":{"Gesch\u00e4tzte Lesezeit":"3\u00a0Minuten"},"schema":{"@context":"https:\/\/schema.org","@graph":[{"@type":"WebPage","@id":"https:\/\/radarservice.eu\/de\/produkt\/genevo-assist-pro-2-m-festeinbau\/","url":"https:\/\/radarservice.eu\/de\/produkt\/genevo-assist-pro-2-m-festeinbau\/","name":"Genevo Assist Pro II M (HDM+) versteckter Festeinbau Radarwarner","isPartOf":{"@id":"https:\/\/radarservice.eu\/de\/#website"},"primaryImageOfPage":{"@id":"https:\/\/radarservice.eu\/de\/produkt\/genevo-assist-pro-2-m-festeinbau\/#primaryimage"},"image":{"@id":"https:\/\/radarservice.eu\/de\/produkt\/genevo-assist-pro-2-m-festeinbau\/#primaryimage"},"thumbnailUrl":"https:\/\/radarservice.eu\/wp-content\/uploads\/2021\/01\/multi_color_magnetic_display.jpg","datePublished":"2021-01-13T01:01:00+00:00","dateModified":"2022-04-03T12:41:52+00:00","description":"Der Genevo Assist Pro HDM+ festeinbau Radarwarner ist aktuell die beste High-End Komplettl\u00f6sung mit MultaRadar und Gatso Warnung.","breadcrumb":{"@id":"https:\/\/radarservice.eu\/de\/produkt\/genevo-assist-pro-2-m-festeinbau\/#breadcrumb"},"inLanguage":"de","potentialAction":[{"@type":"ReadAction","target":["https:\/\/radarservice.eu\/de\/produkt\/genevo-assist-pro-2-m-festeinbau\/"]}]},{"@type":"ImageObject","inLanguage":"de","@id":"https:\/\/radarservice.eu\/de\/produkt\/genevo-assist-pro-2-m-festeinbau\/#primaryimage","url":"https:\/\/radarservice.eu\/wp-content\/uploads\/2021\/01\/multi_color_magnetic_display.jpg","contentUrl":"https:\/\/radarservice.eu\/wp-content\/uploads\/2021\/01\/multi_color_magnetic_display.jpg","width":1582,"height":1092,"caption":"Genevo Assist Pro II M"},{"@type":"BreadcrumbList","@id":"https:\/\/radarservice.eu\/de\/produkt\/genevo-assist-pro-2-m-festeinbau\/#breadcrumb","itemListElement":[{"@type":"ListItem","position":1,"name":"Radarwarner Shop","item":"https:\/\/radarservice.eu\/de\/shop\/"},{"@type":"ListItem","position":2,"name":"Genevo Assist Pro II M (HDM+)"}]},{"@type":"WebSite","@id":"https:\/\/radarservice.eu\/de\/#website","url":"https:\/\/radarservice.eu\/de\/","name":"Radar Service","description":"Radar detector Laser jammer mobile fix","publisher":{"@id":"https:\/\/radarservice.eu\/de\/#organization"},"potentialAction":[{"@type":"SearchAction","target":{"@type":"EntryPoint","urlTemplate":"https:\/\/radarservice.eu\/de\/?s={search_term_string}"},"query-input":{"@type":"PropertyValueSpecification","valueRequired":true,"valueName":"search_term_string"}}],"inLanguage":"de"},{"@type":"Organization","@id":"https:\/\/radarservice.eu\/de\/#organization","name":"RadarService","url":"https:\/\/radarservice.eu\/de\/","logo":{"@type":"ImageObject","inLanguage":"de","@id":"https:\/\/radarservice.eu\/de\/#\/schema\/logo\/image\/","url":"https:\/\/radarservice.eu\/wp-content\/uploads\/2021\/03\/Radar_detector_service.png","contentUrl":"https:\/\/radarservice.eu\/wp-content\/uploads\/2021\/03\/Radar_detector_service.png","width":174,"height":48,"caption":"RadarService"},"image":{"@id":"https:\/\/radarservice.eu\/de\/#\/schema\/logo\/image\/"}}]}},"_links":{"self":[{"href":"https:\/\/radarservice.eu\/de\/wp-json\/wp\/v2\/product\/13950","targetHints":{"allow":["GET"]}}],"collection":[{"href":"https:\/\/radarservice.eu\/de\/wp-json\/wp\/v2\/product"}],"about":[{"href":"https:\/\/radarservice.eu\/de\/wp-json\/wp\/v2\/types\/product"}],"replies":[{"embeddable":true,"href":"https:\/\/radarservice.eu\/de\/wp-json\/wp\/v2\/comments?post=13950"}],"wp:featuredmedia":[{"embeddable":true,"href":"https:\/\/radarservice.eu\/de\/wp-json\/wp\/v2\/media\/13955"}],"wp:attachment":[{"href":"https:\/\/radarservice.eu\/de\/wp-json\/wp\/v2\/media?parent=13950"}],"wp:term":[{"taxonomy":"product_brand","embeddable":true,"href":"https:\/\/radarservice.eu\/de\/wp-json\/wp\/v2\/product_brand?post=13950"},{"taxonomy":"product_cat","embeddable":true,"href":"https:\/\/radarservice.eu\/de\/wp-json\/wp\/v2\/product_cat?post=13950"},{"taxonomy":"product_tag","embeddable":true,"href":"https:\/\/radarservice.eu\/de\/wp-json\/wp\/v2\/product_tag?post=13950"}],"curies":[{"name":"wp","href":"https:\/\/api.w.org\/{rel}","templated":true}]}}