{"id":13879,"date":"2020-11-24T01:20:39","date_gmt":"2020-11-24T00:20:39","guid":{"rendered":"https:\/\/radarservice.eu\/?post_type=product&#038;p=13879"},"modified":"2025-06-20T05:10:27","modified_gmt":"2025-06-20T03:10:27","slug":"lasertrack-flare-nummernschildhalterung-versteckt","status":"publish","type":"product","link":"https:\/\/radarservice.eu\/de\/produkt\/lasertrack-flare-nummernschildhalterung-versteckt\/","title":{"rendered":"Lasertrack Flare Nummernschildhalterung versteckt"},"content":{"rendered":"<h1>Target Lasertrack Flare in Nummernschildhalterung unsichtbar versteckt<\/h1>\n<p><strong>LaserTrack Flare unsichtbar in der Nummernschildhalterung<\/strong><br \/>\nDie neuen und sehr kleinen Sensoren des LaserTrack Flare sind unsichtbar in einer Nummernschildhalterung integriert. Dadurch ist eine einfache und unauff\u00e4llige Montage an fast jedem Fahrzeug m\u00f6glich. Dazu wird einfach die alte Nummernschildhalterung durch die neue Halterung mit den integrierten St\u00f6rsensoren ersetzt.<\/p>\n<p><strong>LaserTrack Flare Antilasertechnologie<\/strong><br \/>\nDer hochentwickelte und sehr kleine LaserTrack Flare ist mit der gleichen Technologie ausgestattet, die auch in den Laserpistolen der Polizei zum Einsatz kommt, und bietet Ihnen als Anwender einen gro\u00dfen Vorteil. Das System unterscheidet sehr genau zwischen den einzelnen Signalen der vielen Lasermessger\u00e4te und Laserpistolen der Polizei.<\/p>\n<p><strong>Legaler Betrieb als Tor- und Garagen\u00f6ffner<\/strong><br \/>\nBei Auslieferung hat der LaserTrack Flare eine Tor\u00f6ffner und Garagen\u00f6ffner Funktion aktiviert. Diese Funktion ist \u00fcberall auf der Welt erlaubt und erm\u00f6glicht daher einen legalen Kauf und Einbau.<\/p>\n<p><strong>Laserst\u00f6rer \/ Laserblocker Funktion<\/strong><br \/>\nMit aktivierter Laserst\u00f6rer Funktion ist Ihr Fahrzeug vor Geschwindigkeitsmessungen mit einem Lasermessger\u00e4t oder Laserpistole gesch\u00fctzt. Sobald eine Messung erkannt wird aktiviert der LaserTrack Flare ein Schutzschild und das Fahrzeug ist nicht messbar. Ein akustisches und optisches Warnsignal auf dem Display zeigt an, dass der Schutzmodus gegen Laser aktiv ist und daher keine Geschwindigkeitsmessung mit der Laserpistole durchgef\u00fchrt werden kann. Nach 4 Sekunden deaktiviert sicht der Schutzmodus und das Fahrzeug ist messbar. In diesen 4 Sekunden haben Sie gen\u00fcgend Zeit um Ihre Geschwindigkeit anzupassen.<\/p>\n","protected":false},"excerpt":{"rendered":"<p>Target Lasertrack Flare in Nummernschildhalterung unsichtbar versteckt LaserTrack Flare unsichtbar in der Nummernschildhalterung Die neuen und sehr kleinen Sensoren des LaserTrack Flare sind unsichtbar in einer Nummernschildhalterung integriert. Dadurch ist eine einfache und unauff\u00e4llige Montage an fast jedem Fahrzeug m\u00f6glich. Dazu wird einfach die alte Nummernschildhalterung durch die neue Halterung mit den integrierten St\u00f6rsensoren ersetzt. [&#8230;]\n","protected":false},"featured_media":13674,"comment_status":"open","ping_status":"closed","template":"","meta":[],"product_brand":[],"product_cat":[267,190,229],"product_tag":[],"class_list":{"0":"post-13879","1":"product","2":"type-product","3":"status-publish","4":"has-post-thumbnail","6":"product_cat-empfohlene-stoergeraete","7":"product_cat-laserstoerer","8":"product_cat-target","10":"first","11":"instock","12":"sale","13":"taxable","14":"shipping-taxable","15":"purchasable","16":"product-type-variable","17":"has-default-attributes"},"yoast_head":"<!-- This site is optimized with the Yoast SEO plugin v27.2 - https:\/\/yoast.com\/product\/yoast-seo-wordpress\/ -->\n<title>Lasertrack Flare Nummernschildhalterung versteckt<\/title>\n<meta name=\"description\" content=\"Die neuen und sehr kleinen Sensoren des LaserTrack Flare Laserst\u00f6rer sind unsichtbar in einer Nummernschildhalterung integriert.\" \/>\n<meta name=\"robots\" content=\"index, follow, max-snippet:-1, max-image-preview:large, max-video-preview:-1\" \/>\n<link rel=\"canonical\" href=\"https:\/\/radarservice.eu\/de\/produkt\/lasertrack-flare-nummernschildhalterung-versteckt\/\" \/>\n<meta property=\"og:locale\" content=\"de_DE\" \/>\n<meta property=\"og:type\" content=\"article\" \/>\n<meta property=\"og:title\" content=\"Lasertrack Flare Nummernschildhalterung versteckt\" \/>\n<meta property=\"og:description\" content=\"Die neuen und sehr kleinen Sensoren des LaserTrack Flare Laserst\u00f6rer sind unsichtbar in einer Nummernschildhalterung integriert.\" \/>\n<meta property=\"og:url\" content=\"https:\/\/radarservice.eu\/de\/produkt\/lasertrack-flare-nummernschildhalterung-versteckt\/\" \/>\n<meta property=\"og:site_name\" content=\"Radar Service\" \/>\n<meta property=\"article:modified_time\" content=\"2025-06-20T03:10:27+00:00\" \/>\n<meta property=\"og:image\" content=\"https:\/\/radarservice.eu\/wp-content\/uploads\/2020\/09\/Lasertrack-Flare-Nummernschild.jpg\" \/>\n\t<meta property=\"og:image:width\" content=\"1900\" \/>\n\t<meta property=\"og:image:height\" content=\"1267\" \/>\n\t<meta property=\"og:image:type\" content=\"image\/jpeg\" \/>\n<meta name=\"twitter:card\" content=\"summary_large_image\" \/>\n<meta name=\"twitter:label1\" content=\"Gesch\u00e4tzte Lesezeit\" \/>\n\t<meta name=\"twitter:data1\" content=\"1\u00a0Minute\" \/>\n<script type=\"application\/ld+json\" class=\"yoast-schema-graph\">{\"@context\":\"https:\/\/schema.org\",\"@graph\":[{\"@type\":\"WebPage\",\"@id\":\"https:\/\/radarservice.eu\/de\/produkt\/lasertrack-flare-nummernschildhalterung-versteckt\/\",\"url\":\"https:\/\/radarservice.eu\/de\/produkt\/lasertrack-flare-nummernschildhalterung-versteckt\/\",\"name\":\"Lasertrack Flare Nummernschildhalterung versteckt\",\"isPartOf\":{\"@id\":\"https:\/\/radarservice.eu\/de\/#website\"},\"primaryImageOfPage\":{\"@id\":\"https:\/\/radarservice.eu\/de\/produkt\/lasertrack-flare-nummernschildhalterung-versteckt\/#primaryimage\"},\"image\":{\"@id\":\"https:\/\/radarservice.eu\/de\/produkt\/lasertrack-flare-nummernschildhalterung-versteckt\/#primaryimage\"},\"thumbnailUrl\":\"https:\/\/radarservice.eu\/wp-content\/uploads\/2020\/09\/Lasertrack-Flare-Nummernschild.jpg\",\"datePublished\":\"2020-11-24T00:20:39+00:00\",\"dateModified\":\"2025-06-20T03:10:27+00:00\",\"description\":\"Die neuen und sehr kleinen Sensoren des LaserTrack Flare Laserst\u00f6rer sind unsichtbar in einer Nummernschildhalterung integriert.\",\"breadcrumb\":{\"@id\":\"https:\/\/radarservice.eu\/de\/produkt\/lasertrack-flare-nummernschildhalterung-versteckt\/#breadcrumb\"},\"inLanguage\":\"de\",\"potentialAction\":[{\"@type\":\"ReadAction\",\"target\":[\"https:\/\/radarservice.eu\/de\/produkt\/lasertrack-flare-nummernschildhalterung-versteckt\/\"]}]},{\"@type\":\"ImageObject\",\"inLanguage\":\"de\",\"@id\":\"https:\/\/radarservice.eu\/de\/produkt\/lasertrack-flare-nummernschildhalterung-versteckt\/#primaryimage\",\"url\":\"https:\/\/radarservice.eu\/wp-content\/uploads\/2020\/09\/Lasertrack-Flare-Nummernschild.jpg\",\"contentUrl\":\"https:\/\/radarservice.eu\/wp-content\/uploads\/2020\/09\/Lasertrack-Flare-Nummernschild.jpg\",\"width\":1900,\"height\":1267,\"caption\":\"Lasertrack Flare Nummernschild\"},{\"@type\":\"BreadcrumbList\",\"@id\":\"https:\/\/radarservice.eu\/de\/produkt\/lasertrack-flare-nummernschildhalterung-versteckt\/#breadcrumb\",\"itemListElement\":[{\"@type\":\"ListItem\",\"position\":1,\"name\":\"Radarwarner Shop\",\"item\":\"https:\/\/radarservice.eu\/de\/shop\/\"},{\"@type\":\"ListItem\",\"position\":2,\"name\":\"Lasertrack Flare Nummernschildhalterung versteckt\"}]},{\"@type\":\"WebSite\",\"@id\":\"https:\/\/radarservice.eu\/de\/#website\",\"url\":\"https:\/\/radarservice.eu\/de\/\",\"name\":\"Radar Service\",\"description\":\"Radar detector Laser jammer mobile fix\",\"publisher\":{\"@id\":\"https:\/\/radarservice.eu\/de\/#organization\"},\"potentialAction\":[{\"@type\":\"SearchAction\",\"target\":{\"@type\":\"EntryPoint\",\"urlTemplate\":\"https:\/\/radarservice.eu\/de\/?s={search_term_string}\"},\"query-input\":{\"@type\":\"PropertyValueSpecification\",\"valueRequired\":true,\"valueName\":\"search_term_string\"}}],\"inLanguage\":\"de\"},{\"@type\":\"Organization\",\"@id\":\"https:\/\/radarservice.eu\/de\/#organization\",\"name\":\"RadarService\",\"url\":\"https:\/\/radarservice.eu\/de\/\",\"logo\":{\"@type\":\"ImageObject\",\"inLanguage\":\"de\",\"@id\":\"https:\/\/radarservice.eu\/de\/#\/schema\/logo\/image\/\",\"url\":\"https:\/\/radarservice.eu\/wp-content\/uploads\/2021\/03\/Radar_detector_service.png\",\"contentUrl\":\"https:\/\/radarservice.eu\/wp-content\/uploads\/2021\/03\/Radar_detector_service.png\",\"width\":174,\"height\":48,\"caption\":\"RadarService\"},\"image\":{\"@id\":\"https:\/\/radarservice.eu\/de\/#\/schema\/logo\/image\/\"}}]}<\/script>\n<!-- \/ Yoast SEO plugin. -->","yoast_head_json":{"title":"Lasertrack Flare Nummernschildhalterung versteckt","description":"Die neuen und sehr kleinen Sensoren des LaserTrack Flare Laserst\u00f6rer sind unsichtbar in einer Nummernschildhalterung integriert.","robots":{"index":"index","follow":"follow","max-snippet":"max-snippet:-1","max-image-preview":"max-image-preview:large","max-video-preview":"max-video-preview:-1"},"canonical":"https:\/\/radarservice.eu\/de\/produkt\/lasertrack-flare-nummernschildhalterung-versteckt\/","og_locale":"de_DE","og_type":"article","og_title":"Lasertrack Flare Nummernschildhalterung versteckt","og_description":"Die neuen und sehr kleinen Sensoren des LaserTrack Flare Laserst\u00f6rer sind unsichtbar in einer Nummernschildhalterung integriert.","og_url":"https:\/\/radarservice.eu\/de\/produkt\/lasertrack-flare-nummernschildhalterung-versteckt\/","og_site_name":"Radar Service","article_modified_time":"2025-06-20T03:10:27+00:00","og_image":[{"width":1900,"height":1267,"url":"https:\/\/radarservice.eu\/wp-content\/uploads\/2020\/09\/Lasertrack-Flare-Nummernschild.jpg","type":"image\/jpeg"}],"twitter_card":"summary_large_image","twitter_misc":{"Gesch\u00e4tzte Lesezeit":"1\u00a0Minute"},"schema":{"@context":"https:\/\/schema.org","@graph":[{"@type":"WebPage","@id":"https:\/\/radarservice.eu\/de\/produkt\/lasertrack-flare-nummernschildhalterung-versteckt\/","url":"https:\/\/radarservice.eu\/de\/produkt\/lasertrack-flare-nummernschildhalterung-versteckt\/","name":"Lasertrack Flare Nummernschildhalterung versteckt","isPartOf":{"@id":"https:\/\/radarservice.eu\/de\/#website"},"primaryImageOfPage":{"@id":"https:\/\/radarservice.eu\/de\/produkt\/lasertrack-flare-nummernschildhalterung-versteckt\/#primaryimage"},"image":{"@id":"https:\/\/radarservice.eu\/de\/produkt\/lasertrack-flare-nummernschildhalterung-versteckt\/#primaryimage"},"thumbnailUrl":"https:\/\/radarservice.eu\/wp-content\/uploads\/2020\/09\/Lasertrack-Flare-Nummernschild.jpg","datePublished":"2020-11-24T00:20:39+00:00","dateModified":"2025-06-20T03:10:27+00:00","description":"Die neuen und sehr kleinen Sensoren des LaserTrack Flare Laserst\u00f6rer sind unsichtbar in einer Nummernschildhalterung integriert.","breadcrumb":{"@id":"https:\/\/radarservice.eu\/de\/produkt\/lasertrack-flare-nummernschildhalterung-versteckt\/#breadcrumb"},"inLanguage":"de","potentialAction":[{"@type":"ReadAction","target":["https:\/\/radarservice.eu\/de\/produkt\/lasertrack-flare-nummernschildhalterung-versteckt\/"]}]},{"@type":"ImageObject","inLanguage":"de","@id":"https:\/\/radarservice.eu\/de\/produkt\/lasertrack-flare-nummernschildhalterung-versteckt\/#primaryimage","url":"https:\/\/radarservice.eu\/wp-content\/uploads\/2020\/09\/Lasertrack-Flare-Nummernschild.jpg","contentUrl":"https:\/\/radarservice.eu\/wp-content\/uploads\/2020\/09\/Lasertrack-Flare-Nummernschild.jpg","width":1900,"height":1267,"caption":"Lasertrack Flare Nummernschild"},{"@type":"BreadcrumbList","@id":"https:\/\/radarservice.eu\/de\/produkt\/lasertrack-flare-nummernschildhalterung-versteckt\/#breadcrumb","itemListElement":[{"@type":"ListItem","position":1,"name":"Radarwarner Shop","item":"https:\/\/radarservice.eu\/de\/shop\/"},{"@type":"ListItem","position":2,"name":"Lasertrack Flare Nummernschildhalterung versteckt"}]},{"@type":"WebSite","@id":"https:\/\/radarservice.eu\/de\/#website","url":"https:\/\/radarservice.eu\/de\/","name":"Radar Service","description":"Radar detector Laser jammer mobile fix","publisher":{"@id":"https:\/\/radarservice.eu\/de\/#organization"},"potentialAction":[{"@type":"SearchAction","target":{"@type":"EntryPoint","urlTemplate":"https:\/\/radarservice.eu\/de\/?s={search_term_string}"},"query-input":{"@type":"PropertyValueSpecification","valueRequired":true,"valueName":"search_term_string"}}],"inLanguage":"de"},{"@type":"Organization","@id":"https:\/\/radarservice.eu\/de\/#organization","name":"RadarService","url":"https:\/\/radarservice.eu\/de\/","logo":{"@type":"ImageObject","inLanguage":"de","@id":"https:\/\/radarservice.eu\/de\/#\/schema\/logo\/image\/","url":"https:\/\/radarservice.eu\/wp-content\/uploads\/2021\/03\/Radar_detector_service.png","contentUrl":"https:\/\/radarservice.eu\/wp-content\/uploads\/2021\/03\/Radar_detector_service.png","width":174,"height":48,"caption":"RadarService"},"image":{"@id":"https:\/\/radarservice.eu\/de\/#\/schema\/logo\/image\/"}}]}},"_links":{"self":[{"href":"https:\/\/radarservice.eu\/de\/wp-json\/wp\/v2\/product\/13879","targetHints":{"allow":["GET"]}}],"collection":[{"href":"https:\/\/radarservice.eu\/de\/wp-json\/wp\/v2\/product"}],"about":[{"href":"https:\/\/radarservice.eu\/de\/wp-json\/wp\/v2\/types\/product"}],"replies":[{"embeddable":true,"href":"https:\/\/radarservice.eu\/de\/wp-json\/wp\/v2\/comments?post=13879"}],"wp:featuredmedia":[{"embeddable":true,"href":"https:\/\/radarservice.eu\/de\/wp-json\/wp\/v2\/media\/13674"}],"wp:attachment":[{"href":"https:\/\/radarservice.eu\/de\/wp-json\/wp\/v2\/media?parent=13879"}],"wp:term":[{"taxonomy":"product_brand","embeddable":true,"href":"https:\/\/radarservice.eu\/de\/wp-json\/wp\/v2\/product_brand?post=13879"},{"taxonomy":"product_cat","embeddable":true,"href":"https:\/\/radarservice.eu\/de\/wp-json\/wp\/v2\/product_cat?post=13879"},{"taxonomy":"product_tag","embeddable":true,"href":"https:\/\/radarservice.eu\/de\/wp-json\/wp\/v2\/product_tag?post=13879"}],"curies":[{"name":"wp","href":"https:\/\/api.w.org\/{rel}","templated":true}]}}