{"id":13875,"date":"2020-11-24T01:05:36","date_gmt":"2020-11-24T00:05:36","guid":{"rendered":"https:\/\/radarservice.eu\/?post_type=product&#038;p=13875"},"modified":"2025-04-29T05:10:21","modified_gmt":"2025-04-29T03:10:21","slug":"stinger-vip-radarwarner","status":"publish","type":"product","link":"https:\/\/radarservice.eu\/de\/produkt\/stinger-vip-radarwarner\/","title":{"rendered":"STINGER VIP RADARWARNER"},"content":{"rendered":"<h1>STINGER VIP Festeinbau Radarwarner<\/h1>\n<p><strong>unsichtbarer Radarwarner f\u00fcr den versteckten Einbau<\/strong><br \/>\nDer Stinger VIP kann unsichtbar im Motorraum verbaut werden. Die Anzeige der Warnungen erfolgt \u00fcber ein modernes Touch-Farbdisplay im Fahrzeuginnenraum. Der Stinger VIP warnt zuverl\u00e4ssig vor Radarfallen in Europa. Hinweis: F\u00fcr eine Warnung vor Lasermessungen ben\u00f6tigen Sie zus\u00e4tzlich die Lasersensoren.<\/p>\n<p><strong>Moderne Anzeige<\/strong><br \/>\nDas Touch-Farbdisplay in der Gr\u00f6\u00dfe einer Scheckkarte integriert sich perfekt und elegant in alle Fahrzeuge. Bei Bedarf kann das Display mit einem Griff von der Magnethalterung abgenommen werden. Der Stinger VIP Radarwarner kann auch ohne Display betrieben werden und warnt dann nur akustisch bei Gefahr.<\/p>\n<p><strong>optimierte Warnung<\/strong><br \/>\nDer VIP warnt \u00fcber das farbige Display optisch deutlich vor einer Radarfalle. Zus\u00e4tzlich ert\u00f6nen die akustischen Warnsignale. Auf Wunsch kann auch eine Sprachausgabe f\u00fcr die Warnung aktiviert werden. So wird der Fahrer nicht vom Verkehr abgelenkt.<\/p>\n<p><strong>maximale Sicherheit<\/strong><br \/>\nMobile Radarfallen, Laserpistolen, Section Control Abschnittsmessungen, Moving-Radar (aus fahrenden Fahrzeugen), feste Radarfallen und Ampelblitzer werden zuverl\u00e4ssig erkannt. Als europ\u00e4ischer Hersteller entwickelt und testet Stinger die Ger\u00e4te speziell f\u00fcr die Autofahrer in Europa. Durch den modularen Aufbau l\u00e4sst sich die Anlage um zus\u00e4tzliche Sensoren erweitern um auch in Zukunft immer vollst\u00e4ndig gesch\u00fctzt zu sein.<\/p>\n","protected":false},"excerpt":{"rendered":"<p>STINGER VIP Festeinbau Radarwarner unsichtbarer Radarwarner f\u00fcr den versteckten Einbau Der Stinger VIP kann unsichtbar im Motorraum verbaut werden. Die Anzeige der Warnungen erfolgt \u00fcber ein modernes Touch-Farbdisplay im Fahrzeuginnenraum. Der Stinger VIP warnt zuverl\u00e4ssig vor Radarfallen in Europa. Hinweis: F\u00fcr eine Warnung vor Lasermessungen ben\u00f6tigen Sie zus\u00e4tzlich die Lasersensoren. Moderne Anzeige Das Touch-Farbdisplay in [&#8230;]\n","protected":false},"featured_media":13892,"comment_status":"open","ping_status":"closed","template":"","meta":[],"product_brand":[],"product_cat":[187,273],"product_tag":[],"class_list":{"0":"post-13875","1":"product","2":"type-product","3":"status-publish","4":"has-post-thumbnail","6":"product_cat-festeinbau-radarwarner","7":"product_cat-stinger","9":"first","10":"instock","11":"sale","12":"taxable","13":"shipping-taxable","14":"purchasable","15":"product-type-simple"},"yoast_head":"<!-- This site is optimized with the Yoast SEO plugin v27.2 - https:\/\/yoast.com\/product\/yoast-seo-wordpress\/ -->\n<title>STINGER VIP RADARWARNER | Radar Service<\/title>\n<meta name=\"description\" content=\"Der Stinger VIP kann unsichtbar im Motorraum verbaut werden und warnt zuverl\u00e4ssig vor allen Radarfallen in Europa.\" \/>\n<meta name=\"robots\" content=\"index, follow, max-snippet:-1, max-image-preview:large, max-video-preview:-1\" \/>\n<link rel=\"canonical\" href=\"https:\/\/radarservice.eu\/de\/produkt\/stinger-vip-radarwarner\/\" \/>\n<meta property=\"og:locale\" content=\"de_DE\" \/>\n<meta property=\"og:type\" content=\"article\" \/>\n<meta property=\"og:title\" content=\"STINGER VIP RADARWARNER | Radar Service\" \/>\n<meta property=\"og:description\" content=\"Der Stinger VIP kann unsichtbar im Motorraum verbaut werden und warnt zuverl\u00e4ssig vor allen Radarfallen in Europa.\" \/>\n<meta property=\"og:url\" content=\"https:\/\/radarservice.eu\/de\/produkt\/stinger-vip-radarwarner\/\" \/>\n<meta property=\"og:site_name\" content=\"Radar Service\" \/>\n<meta property=\"article:modified_time\" content=\"2025-04-29T03:10:21+00:00\" \/>\n<meta property=\"og:image\" content=\"https:\/\/radarservice.eu\/wp-content\/uploads\/2020\/11\/Stinger_VIP_display_einbau.jpg\" \/>\n\t<meta property=\"og:image:width\" content=\"2048\" \/>\n\t<meta property=\"og:image:height\" content=\"1540\" \/>\n\t<meta property=\"og:image:type\" content=\"image\/jpeg\" \/>\n<meta name=\"twitter:card\" content=\"summary_large_image\" \/>\n<meta name=\"twitter:label1\" content=\"Gesch\u00e4tzte Lesezeit\" \/>\n\t<meta name=\"twitter:data1\" content=\"1\u00a0Minute\" \/>\n<script type=\"application\/ld+json\" class=\"yoast-schema-graph\">{\"@context\":\"https:\/\/schema.org\",\"@graph\":[{\"@type\":\"WebPage\",\"@id\":\"https:\/\/radarservice.eu\/de\/produkt\/stinger-vip-radarwarner\/\",\"url\":\"https:\/\/radarservice.eu\/de\/produkt\/stinger-vip-radarwarner\/\",\"name\":\"STINGER VIP RADARWARNER | Radar Service\",\"isPartOf\":{\"@id\":\"https:\/\/radarservice.eu\/de\/#website\"},\"primaryImageOfPage\":{\"@id\":\"https:\/\/radarservice.eu\/de\/produkt\/stinger-vip-radarwarner\/#primaryimage\"},\"image\":{\"@id\":\"https:\/\/radarservice.eu\/de\/produkt\/stinger-vip-radarwarner\/#primaryimage\"},\"thumbnailUrl\":\"https:\/\/radarservice.eu\/wp-content\/uploads\/2020\/11\/Stinger_VIP_display_einbau.jpg\",\"datePublished\":\"2020-11-24T00:05:36+00:00\",\"dateModified\":\"2025-04-29T03:10:21+00:00\",\"description\":\"Der Stinger VIP kann unsichtbar im Motorraum verbaut werden und warnt zuverl\u00e4ssig vor allen Radarfallen in Europa.\",\"breadcrumb\":{\"@id\":\"https:\/\/radarservice.eu\/de\/produkt\/stinger-vip-radarwarner\/#breadcrumb\"},\"inLanguage\":\"de\",\"potentialAction\":[{\"@type\":\"ReadAction\",\"target\":[\"https:\/\/radarservice.eu\/de\/produkt\/stinger-vip-radarwarner\/\"]}]},{\"@type\":\"ImageObject\",\"inLanguage\":\"de\",\"@id\":\"https:\/\/radarservice.eu\/de\/produkt\/stinger-vip-radarwarner\/#primaryimage\",\"url\":\"https:\/\/radarservice.eu\/wp-content\/uploads\/2020\/11\/Stinger_VIP_display_einbau.jpg\",\"contentUrl\":\"https:\/\/radarservice.eu\/wp-content\/uploads\/2020\/11\/Stinger_VIP_display_einbau.jpg\",\"width\":2048,\"height\":1540,\"caption\":\"Stinger VIP Festeinbau Radarwarner\"},{\"@type\":\"BreadcrumbList\",\"@id\":\"https:\/\/radarservice.eu\/de\/produkt\/stinger-vip-radarwarner\/#breadcrumb\",\"itemListElement\":[{\"@type\":\"ListItem\",\"position\":1,\"name\":\"Radarwarner Shop\",\"item\":\"https:\/\/radarservice.eu\/de\/shop\/\"},{\"@type\":\"ListItem\",\"position\":2,\"name\":\"STINGER VIP RADARWARNER\"}]},{\"@type\":\"WebSite\",\"@id\":\"https:\/\/radarservice.eu\/de\/#website\",\"url\":\"https:\/\/radarservice.eu\/de\/\",\"name\":\"Radar Service\",\"description\":\"Radar detector Laser jammer mobile fix\",\"publisher\":{\"@id\":\"https:\/\/radarservice.eu\/de\/#organization\"},\"potentialAction\":[{\"@type\":\"SearchAction\",\"target\":{\"@type\":\"EntryPoint\",\"urlTemplate\":\"https:\/\/radarservice.eu\/de\/?s={search_term_string}\"},\"query-input\":{\"@type\":\"PropertyValueSpecification\",\"valueRequired\":true,\"valueName\":\"search_term_string\"}}],\"inLanguage\":\"de\"},{\"@type\":\"Organization\",\"@id\":\"https:\/\/radarservice.eu\/de\/#organization\",\"name\":\"RadarService\",\"url\":\"https:\/\/radarservice.eu\/de\/\",\"logo\":{\"@type\":\"ImageObject\",\"inLanguage\":\"de\",\"@id\":\"https:\/\/radarservice.eu\/de\/#\/schema\/logo\/image\/\",\"url\":\"https:\/\/radarservice.eu\/wp-content\/uploads\/2021\/03\/Radar_detector_service.png\",\"contentUrl\":\"https:\/\/radarservice.eu\/wp-content\/uploads\/2021\/03\/Radar_detector_service.png\",\"width\":174,\"height\":48,\"caption\":\"RadarService\"},\"image\":{\"@id\":\"https:\/\/radarservice.eu\/de\/#\/schema\/logo\/image\/\"}}]}<\/script>\n<!-- \/ Yoast SEO plugin. -->","yoast_head_json":{"title":"STINGER VIP RADARWARNER | Radar Service","description":"Der Stinger VIP kann unsichtbar im Motorraum verbaut werden und warnt zuverl\u00e4ssig vor allen Radarfallen in Europa.","robots":{"index":"index","follow":"follow","max-snippet":"max-snippet:-1","max-image-preview":"max-image-preview:large","max-video-preview":"max-video-preview:-1"},"canonical":"https:\/\/radarservice.eu\/de\/produkt\/stinger-vip-radarwarner\/","og_locale":"de_DE","og_type":"article","og_title":"STINGER VIP RADARWARNER | Radar Service","og_description":"Der Stinger VIP kann unsichtbar im Motorraum verbaut werden und warnt zuverl\u00e4ssig vor allen Radarfallen in Europa.","og_url":"https:\/\/radarservice.eu\/de\/produkt\/stinger-vip-radarwarner\/","og_site_name":"Radar Service","article_modified_time":"2025-04-29T03:10:21+00:00","og_image":[{"width":2048,"height":1540,"url":"https:\/\/radarservice.eu\/wp-content\/uploads\/2020\/11\/Stinger_VIP_display_einbau.jpg","type":"image\/jpeg"}],"twitter_card":"summary_large_image","twitter_misc":{"Gesch\u00e4tzte Lesezeit":"1\u00a0Minute"},"schema":{"@context":"https:\/\/schema.org","@graph":[{"@type":"WebPage","@id":"https:\/\/radarservice.eu\/de\/produkt\/stinger-vip-radarwarner\/","url":"https:\/\/radarservice.eu\/de\/produkt\/stinger-vip-radarwarner\/","name":"STINGER VIP RADARWARNER | Radar Service","isPartOf":{"@id":"https:\/\/radarservice.eu\/de\/#website"},"primaryImageOfPage":{"@id":"https:\/\/radarservice.eu\/de\/produkt\/stinger-vip-radarwarner\/#primaryimage"},"image":{"@id":"https:\/\/radarservice.eu\/de\/produkt\/stinger-vip-radarwarner\/#primaryimage"},"thumbnailUrl":"https:\/\/radarservice.eu\/wp-content\/uploads\/2020\/11\/Stinger_VIP_display_einbau.jpg","datePublished":"2020-11-24T00:05:36+00:00","dateModified":"2025-04-29T03:10:21+00:00","description":"Der Stinger VIP kann unsichtbar im Motorraum verbaut werden und warnt zuverl\u00e4ssig vor allen Radarfallen in Europa.","breadcrumb":{"@id":"https:\/\/radarservice.eu\/de\/produkt\/stinger-vip-radarwarner\/#breadcrumb"},"inLanguage":"de","potentialAction":[{"@type":"ReadAction","target":["https:\/\/radarservice.eu\/de\/produkt\/stinger-vip-radarwarner\/"]}]},{"@type":"ImageObject","inLanguage":"de","@id":"https:\/\/radarservice.eu\/de\/produkt\/stinger-vip-radarwarner\/#primaryimage","url":"https:\/\/radarservice.eu\/wp-content\/uploads\/2020\/11\/Stinger_VIP_display_einbau.jpg","contentUrl":"https:\/\/radarservice.eu\/wp-content\/uploads\/2020\/11\/Stinger_VIP_display_einbau.jpg","width":2048,"height":1540,"caption":"Stinger VIP Festeinbau Radarwarner"},{"@type":"BreadcrumbList","@id":"https:\/\/radarservice.eu\/de\/produkt\/stinger-vip-radarwarner\/#breadcrumb","itemListElement":[{"@type":"ListItem","position":1,"name":"Radarwarner Shop","item":"https:\/\/radarservice.eu\/de\/shop\/"},{"@type":"ListItem","position":2,"name":"STINGER VIP RADARWARNER"}]},{"@type":"WebSite","@id":"https:\/\/radarservice.eu\/de\/#website","url":"https:\/\/radarservice.eu\/de\/","name":"Radar Service","description":"Radar detector Laser jammer mobile fix","publisher":{"@id":"https:\/\/radarservice.eu\/de\/#organization"},"potentialAction":[{"@type":"SearchAction","target":{"@type":"EntryPoint","urlTemplate":"https:\/\/radarservice.eu\/de\/?s={search_term_string}"},"query-input":{"@type":"PropertyValueSpecification","valueRequired":true,"valueName":"search_term_string"}}],"inLanguage":"de"},{"@type":"Organization","@id":"https:\/\/radarservice.eu\/de\/#organization","name":"RadarService","url":"https:\/\/radarservice.eu\/de\/","logo":{"@type":"ImageObject","inLanguage":"de","@id":"https:\/\/radarservice.eu\/de\/#\/schema\/logo\/image\/","url":"https:\/\/radarservice.eu\/wp-content\/uploads\/2021\/03\/Radar_detector_service.png","contentUrl":"https:\/\/radarservice.eu\/wp-content\/uploads\/2021\/03\/Radar_detector_service.png","width":174,"height":48,"caption":"RadarService"},"image":{"@id":"https:\/\/radarservice.eu\/de\/#\/schema\/logo\/image\/"}}]}},"_links":{"self":[{"href":"https:\/\/radarservice.eu\/de\/wp-json\/wp\/v2\/product\/13875","targetHints":{"allow":["GET"]}}],"collection":[{"href":"https:\/\/radarservice.eu\/de\/wp-json\/wp\/v2\/product"}],"about":[{"href":"https:\/\/radarservice.eu\/de\/wp-json\/wp\/v2\/types\/product"}],"replies":[{"embeddable":true,"href":"https:\/\/radarservice.eu\/de\/wp-json\/wp\/v2\/comments?post=13875"}],"wp:featuredmedia":[{"embeddable":true,"href":"https:\/\/radarservice.eu\/de\/wp-json\/wp\/v2\/media\/13892"}],"wp:attachment":[{"href":"https:\/\/radarservice.eu\/de\/wp-json\/wp\/v2\/media?parent=13875"}],"wp:term":[{"taxonomy":"product_brand","embeddable":true,"href":"https:\/\/radarservice.eu\/de\/wp-json\/wp\/v2\/product_brand?post=13875"},{"taxonomy":"product_cat","embeddable":true,"href":"https:\/\/radarservice.eu\/de\/wp-json\/wp\/v2\/product_cat?post=13875"},{"taxonomy":"product_tag","embeddable":true,"href":"https:\/\/radarservice.eu\/de\/wp-json\/wp\/v2\/product_tag?post=13875"}],"curies":[{"name":"wp","href":"https:\/\/api.w.org\/{rel}","templated":true}]}}