{"id":13874,"date":"2020-11-24T01:00:06","date_gmt":"2020-11-24T00:00:06","guid":{"rendered":"https:\/\/radarservice.eu\/?post_type=product&#038;p=13874"},"modified":"2024-02-22T13:44:19","modified_gmt":"2024-02-22T12:44:19","slug":"genevo-gps-hdm-radar-ff2-laserstoerer","status":"publish","type":"product","link":"https:\/\/radarservice.eu\/de\/produkt\/genevo-gps-hdm-radar-ff2-laserstoerer\/","title":{"rendered":"GENEVO GPS+&#038; HDM+ RADARANTENNE &#038; GENEVO FF2 LASERST\u00d6RER"},"content":{"rendered":"<h1>GENEVO GPS+ und HDM+ RADARWARNER und GENEVO FF2 LASERST\u00d6RER<\/h1>\n<h2>Genevo GPS+ &amp; HDM+ Radarwarner<\/h2>\n<p>Der drahtlose Genevo HDM+ Radarwarner ist ein kleiner und leistungsstarker festeinbau Radarwarner f\u00fcr den versteckten Einbau in der Fahrzeugfront. Die akustischen und optischen Warnungen erfolgen \u00fcber den Genevo GPS+ POI Warner mit deutscher Sprachansage. Der Genevo GPS+ l\u00e4sst sich wahlweise mit Saugn\u00e4pfen an der Windschutzscheibe befestigt oder auch in bequem in der Mittelkonsole platzieren. Das kleine und leistungsstarke System warnt zuverl\u00e4ssig vor Radarfallen (auch die neuen MultaRadar MRCD \/ MRCT \/ Moving und Gatso RT3 \/ RT4) in Europa.<\/p>\n<h2>Laserst\u00f6rer Genevo FF2<\/h2>\n<p>Das Genevo FF2 Lasersystem kann sowohl als legaler Parksensor oder als Laserst\u00f6rer gegen Geschwindigkeitsmessungen mit Laserpistolen eingesetzt werden.<br \/>\nDie sehr kleine Bauweise der Sensoren erm\u00f6glicht eine unauff\u00e4llige Montage in der Fahrzeugfront. Die Laserst\u00f6rer-Funktion ist jederzeit per Knopfdruck abschaltbar. Damit ist ein legaler Betrieb als reiner Einparkhilfe m\u00f6glich.<\/p>\n","protected":false},"excerpt":{"rendered":"<p>GENEVO GPS+ und HDM+ RADARWARNER und GENEVO FF2 LASERST\u00d6RER Genevo GPS+ &amp; HDM+ Radarwarner Der drahtlose Genevo HDM+ Radarwarner ist ein kleiner und leistungsstarker festeinbau Radarwarner f\u00fcr den versteckten Einbau in der Fahrzeugfront. Die akustischen und optischen Warnungen erfolgen \u00fcber den Genevo GPS+ POI Warner mit deutscher Sprachansage. Der Genevo GPS+ l\u00e4sst sich wahlweise mit [&#8230;]\n","protected":false},"featured_media":13783,"comment_status":"open","ping_status":"closed","template":"","meta":[],"product_brand":[],"product_cat":[266,219],"product_tag":[],"class_list":{"0":"post-13874","1":"product","2":"type-product","3":"status-publish","4":"has-post-thumbnail","6":"product_cat-empfohlene-komplettpakete","7":"product_cat-genevo","9":"first","10":"instock","11":"sale","12":"taxable","13":"shipping-taxable","14":"purchasable","15":"product-type-simple"},"yoast_head":"<!-- This site is optimized with the Yoast SEO plugin v27.2 - https:\/\/yoast.com\/product\/yoast-seo-wordpress\/ -->\n<title>GENEVO GPS+&amp; HDM+ RADARANTENNE &amp; GENEVO FF2 LASERST\u00d6RER<\/title>\n<meta name=\"description\" content=\"Zuverl\u00e4ssiges Einsteigerpaket mit drahtlosem Genevo GPS+ HDM+ Radarwarner und Genevo FF2 Laserst\u00f6rer f\u00fcr den festen Einbau im Fahrzeug.\" \/>\n<meta name=\"robots\" content=\"index, follow, max-snippet:-1, max-image-preview:large, max-video-preview:-1\" \/>\n<link rel=\"canonical\" href=\"https:\/\/radarservice.eu\/de\/produkt\/genevo-gps-hdm-radar-ff2-laserstoerer\/\" \/>\n<meta property=\"og:locale\" content=\"de_DE\" \/>\n<meta property=\"og:type\" content=\"article\" \/>\n<meta property=\"og:title\" content=\"GENEVO GPS+&amp; HDM+ RADARANTENNE &amp; GENEVO FF2 LASERST\u00d6RER\" \/>\n<meta property=\"og:description\" content=\"Zuverl\u00e4ssiges Einsteigerpaket mit drahtlosem Genevo GPS+ HDM+ Radarwarner und Genevo FF2 Laserst\u00f6rer f\u00fcr den festen Einbau im Fahrzeug.\" \/>\n<meta property=\"og:url\" content=\"https:\/\/radarservice.eu\/de\/produkt\/genevo-gps-hdm-radar-ff2-laserstoerer\/\" \/>\n<meta property=\"og:site_name\" content=\"Radar Service\" \/>\n<meta property=\"article:modified_time\" content=\"2024-02-22T12:44:19+00:00\" \/>\n<meta property=\"og:image\" content=\"https:\/\/radarservice.eu\/wp-content\/uploads\/2020\/09\/genevo_gps_hdm_radar.jpg\" \/>\n\t<meta property=\"og:image:width\" content=\"990\" \/>\n\t<meta property=\"og:image:height\" content=\"720\" \/>\n\t<meta property=\"og:image:type\" content=\"image\/jpeg\" \/>\n<meta name=\"twitter:card\" content=\"summary_large_image\" \/>\n<meta name=\"twitter:label1\" content=\"Gesch\u00e4tzte Lesezeit\" \/>\n\t<meta name=\"twitter:data1\" content=\"1\u00a0Minute\" \/>\n<script type=\"application\/ld+json\" class=\"yoast-schema-graph\">{\"@context\":\"https:\/\/schema.org\",\"@graph\":[{\"@type\":\"WebPage\",\"@id\":\"https:\/\/radarservice.eu\/de\/produkt\/genevo-gps-hdm-radar-ff2-laserstoerer\/\",\"url\":\"https:\/\/radarservice.eu\/de\/produkt\/genevo-gps-hdm-radar-ff2-laserstoerer\/\",\"name\":\"GENEVO GPS+& HDM+ RADARANTENNE & GENEVO FF2 LASERST\u00d6RER\",\"isPartOf\":{\"@id\":\"https:\/\/radarservice.eu\/de\/#website\"},\"primaryImageOfPage\":{\"@id\":\"https:\/\/radarservice.eu\/de\/produkt\/genevo-gps-hdm-radar-ff2-laserstoerer\/#primaryimage\"},\"image\":{\"@id\":\"https:\/\/radarservice.eu\/de\/produkt\/genevo-gps-hdm-radar-ff2-laserstoerer\/#primaryimage\"},\"thumbnailUrl\":\"https:\/\/radarservice.eu\/wp-content\/uploads\/2020\/09\/genevo_gps_hdm_radar.jpg\",\"datePublished\":\"2020-11-24T00:00:06+00:00\",\"dateModified\":\"2024-02-22T12:44:19+00:00\",\"description\":\"Zuverl\u00e4ssiges Einsteigerpaket mit drahtlosem Genevo GPS+ HDM+ Radarwarner und Genevo FF2 Laserst\u00f6rer f\u00fcr den festen Einbau im Fahrzeug.\",\"breadcrumb\":{\"@id\":\"https:\/\/radarservice.eu\/de\/produkt\/genevo-gps-hdm-radar-ff2-laserstoerer\/#breadcrumb\"},\"inLanguage\":\"de\",\"potentialAction\":[{\"@type\":\"ReadAction\",\"target\":[\"https:\/\/radarservice.eu\/de\/produkt\/genevo-gps-hdm-radar-ff2-laserstoerer\/\"]}]},{\"@type\":\"ImageObject\",\"inLanguage\":\"de\",\"@id\":\"https:\/\/radarservice.eu\/de\/produkt\/genevo-gps-hdm-radar-ff2-laserstoerer\/#primaryimage\",\"url\":\"https:\/\/radarservice.eu\/wp-content\/uploads\/2020\/09\/genevo_gps_hdm_radar.jpg\",\"contentUrl\":\"https:\/\/radarservice.eu\/wp-content\/uploads\/2020\/09\/genevo_gps_hdm_radar.jpg\",\"width\":990,\"height\":720,\"caption\":\"Genevo HDM+ GPS Packung\"},{\"@type\":\"BreadcrumbList\",\"@id\":\"https:\/\/radarservice.eu\/de\/produkt\/genevo-gps-hdm-radar-ff2-laserstoerer\/#breadcrumb\",\"itemListElement\":[{\"@type\":\"ListItem\",\"position\":1,\"name\":\"Radarwarner Shop\",\"item\":\"https:\/\/radarservice.eu\/de\/shop\/\"},{\"@type\":\"ListItem\",\"position\":2,\"name\":\"GENEVO GPS+&#038; HDM+ RADARANTENNE &#038; GENEVO FF2 LASERST\u00d6RER\"}]},{\"@type\":\"WebSite\",\"@id\":\"https:\/\/radarservice.eu\/de\/#website\",\"url\":\"https:\/\/radarservice.eu\/de\/\",\"name\":\"Radar Service\",\"description\":\"Radar detector Laser jammer mobile fix\",\"publisher\":{\"@id\":\"https:\/\/radarservice.eu\/de\/#organization\"},\"potentialAction\":[{\"@type\":\"SearchAction\",\"target\":{\"@type\":\"EntryPoint\",\"urlTemplate\":\"https:\/\/radarservice.eu\/de\/?s={search_term_string}\"},\"query-input\":{\"@type\":\"PropertyValueSpecification\",\"valueRequired\":true,\"valueName\":\"search_term_string\"}}],\"inLanguage\":\"de\"},{\"@type\":\"Organization\",\"@id\":\"https:\/\/radarservice.eu\/de\/#organization\",\"name\":\"RadarService\",\"url\":\"https:\/\/radarservice.eu\/de\/\",\"logo\":{\"@type\":\"ImageObject\",\"inLanguage\":\"de\",\"@id\":\"https:\/\/radarservice.eu\/de\/#\/schema\/logo\/image\/\",\"url\":\"https:\/\/radarservice.eu\/wp-content\/uploads\/2021\/03\/Radar_detector_service.png\",\"contentUrl\":\"https:\/\/radarservice.eu\/wp-content\/uploads\/2021\/03\/Radar_detector_service.png\",\"width\":174,\"height\":48,\"caption\":\"RadarService\"},\"image\":{\"@id\":\"https:\/\/radarservice.eu\/de\/#\/schema\/logo\/image\/\"}}]}<\/script>\n<!-- \/ Yoast SEO plugin. -->","yoast_head_json":{"title":"GENEVO GPS+& HDM+ RADARANTENNE & GENEVO FF2 LASERST\u00d6RER","description":"Zuverl\u00e4ssiges Einsteigerpaket mit drahtlosem Genevo GPS+ HDM+ Radarwarner und Genevo FF2 Laserst\u00f6rer f\u00fcr den festen Einbau im Fahrzeug.","robots":{"index":"index","follow":"follow","max-snippet":"max-snippet:-1","max-image-preview":"max-image-preview:large","max-video-preview":"max-video-preview:-1"},"canonical":"https:\/\/radarservice.eu\/de\/produkt\/genevo-gps-hdm-radar-ff2-laserstoerer\/","og_locale":"de_DE","og_type":"article","og_title":"GENEVO GPS+& HDM+ RADARANTENNE & GENEVO FF2 LASERST\u00d6RER","og_description":"Zuverl\u00e4ssiges Einsteigerpaket mit drahtlosem Genevo GPS+ HDM+ Radarwarner und Genevo FF2 Laserst\u00f6rer f\u00fcr den festen Einbau im Fahrzeug.","og_url":"https:\/\/radarservice.eu\/de\/produkt\/genevo-gps-hdm-radar-ff2-laserstoerer\/","og_site_name":"Radar Service","article_modified_time":"2024-02-22T12:44:19+00:00","og_image":[{"width":990,"height":720,"url":"https:\/\/radarservice.eu\/wp-content\/uploads\/2020\/09\/genevo_gps_hdm_radar.jpg","type":"image\/jpeg"}],"twitter_card":"summary_large_image","twitter_misc":{"Gesch\u00e4tzte Lesezeit":"1\u00a0Minute"},"schema":{"@context":"https:\/\/schema.org","@graph":[{"@type":"WebPage","@id":"https:\/\/radarservice.eu\/de\/produkt\/genevo-gps-hdm-radar-ff2-laserstoerer\/","url":"https:\/\/radarservice.eu\/de\/produkt\/genevo-gps-hdm-radar-ff2-laserstoerer\/","name":"GENEVO GPS+& HDM+ RADARANTENNE & GENEVO FF2 LASERST\u00d6RER","isPartOf":{"@id":"https:\/\/radarservice.eu\/de\/#website"},"primaryImageOfPage":{"@id":"https:\/\/radarservice.eu\/de\/produkt\/genevo-gps-hdm-radar-ff2-laserstoerer\/#primaryimage"},"image":{"@id":"https:\/\/radarservice.eu\/de\/produkt\/genevo-gps-hdm-radar-ff2-laserstoerer\/#primaryimage"},"thumbnailUrl":"https:\/\/radarservice.eu\/wp-content\/uploads\/2020\/09\/genevo_gps_hdm_radar.jpg","datePublished":"2020-11-24T00:00:06+00:00","dateModified":"2024-02-22T12:44:19+00:00","description":"Zuverl\u00e4ssiges Einsteigerpaket mit drahtlosem Genevo GPS+ HDM+ Radarwarner und Genevo FF2 Laserst\u00f6rer f\u00fcr den festen Einbau im Fahrzeug.","breadcrumb":{"@id":"https:\/\/radarservice.eu\/de\/produkt\/genevo-gps-hdm-radar-ff2-laserstoerer\/#breadcrumb"},"inLanguage":"de","potentialAction":[{"@type":"ReadAction","target":["https:\/\/radarservice.eu\/de\/produkt\/genevo-gps-hdm-radar-ff2-laserstoerer\/"]}]},{"@type":"ImageObject","inLanguage":"de","@id":"https:\/\/radarservice.eu\/de\/produkt\/genevo-gps-hdm-radar-ff2-laserstoerer\/#primaryimage","url":"https:\/\/radarservice.eu\/wp-content\/uploads\/2020\/09\/genevo_gps_hdm_radar.jpg","contentUrl":"https:\/\/radarservice.eu\/wp-content\/uploads\/2020\/09\/genevo_gps_hdm_radar.jpg","width":990,"height":720,"caption":"Genevo HDM+ GPS Packung"},{"@type":"BreadcrumbList","@id":"https:\/\/radarservice.eu\/de\/produkt\/genevo-gps-hdm-radar-ff2-laserstoerer\/#breadcrumb","itemListElement":[{"@type":"ListItem","position":1,"name":"Radarwarner Shop","item":"https:\/\/radarservice.eu\/de\/shop\/"},{"@type":"ListItem","position":2,"name":"GENEVO GPS+&#038; HDM+ RADARANTENNE &#038; GENEVO FF2 LASERST\u00d6RER"}]},{"@type":"WebSite","@id":"https:\/\/radarservice.eu\/de\/#website","url":"https:\/\/radarservice.eu\/de\/","name":"Radar Service","description":"Radar detector Laser jammer mobile fix","publisher":{"@id":"https:\/\/radarservice.eu\/de\/#organization"},"potentialAction":[{"@type":"SearchAction","target":{"@type":"EntryPoint","urlTemplate":"https:\/\/radarservice.eu\/de\/?s={search_term_string}"},"query-input":{"@type":"PropertyValueSpecification","valueRequired":true,"valueName":"search_term_string"}}],"inLanguage":"de"},{"@type":"Organization","@id":"https:\/\/radarservice.eu\/de\/#organization","name":"RadarService","url":"https:\/\/radarservice.eu\/de\/","logo":{"@type":"ImageObject","inLanguage":"de","@id":"https:\/\/radarservice.eu\/de\/#\/schema\/logo\/image\/","url":"https:\/\/radarservice.eu\/wp-content\/uploads\/2021\/03\/Radar_detector_service.png","contentUrl":"https:\/\/radarservice.eu\/wp-content\/uploads\/2021\/03\/Radar_detector_service.png","width":174,"height":48,"caption":"RadarService"},"image":{"@id":"https:\/\/radarservice.eu\/de\/#\/schema\/logo\/image\/"}}]}},"_links":{"self":[{"href":"https:\/\/radarservice.eu\/de\/wp-json\/wp\/v2\/product\/13874","targetHints":{"allow":["GET"]}}],"collection":[{"href":"https:\/\/radarservice.eu\/de\/wp-json\/wp\/v2\/product"}],"about":[{"href":"https:\/\/radarservice.eu\/de\/wp-json\/wp\/v2\/types\/product"}],"replies":[{"embeddable":true,"href":"https:\/\/radarservice.eu\/de\/wp-json\/wp\/v2\/comments?post=13874"}],"wp:featuredmedia":[{"embeddable":true,"href":"https:\/\/radarservice.eu\/de\/wp-json\/wp\/v2\/media\/13783"}],"wp:attachment":[{"href":"https:\/\/radarservice.eu\/de\/wp-json\/wp\/v2\/media?parent=13874"}],"wp:term":[{"taxonomy":"product_brand","embeddable":true,"href":"https:\/\/radarservice.eu\/de\/wp-json\/wp\/v2\/product_brand?post=13874"},{"taxonomy":"product_cat","embeddable":true,"href":"https:\/\/radarservice.eu\/de\/wp-json\/wp\/v2\/product_cat?post=13874"},{"taxonomy":"product_tag","embeddable":true,"href":"https:\/\/radarservice.eu\/de\/wp-json\/wp\/v2\/product_tag?post=13874"}],"curies":[{"name":"wp","href":"https:\/\/api.w.org\/{rel}","templated":true}]}}