{"id":13655,"date":"2020-09-13T14:47:06","date_gmt":"2020-09-13T12:47:06","guid":{"rendered":"https:\/\/radarservice.eu\/produkt\/navty-p1-premium-edition\/"},"modified":"2025-05-06T05:10:19","modified_gmt":"2025-05-06T03:10:19","slug":"navty-p1-premium-edition","status":"publish","type":"product","link":"https:\/\/radarservice.eu\/de\/produkt\/navty-p1-premium-edition\/","title":{"rendered":"Navty P1 Premium Edition"},"content":{"rendered":"<h2>Navty P1 Radarwarner<\/h2>\n<p>Der Navty P1 Premium ist der erste GPS basierte Beschleunigungsmesser mit zus\u00e4tzlich aktivierbarer Radarwarnerfunktion.<\/p>\n<h3>Beschleunigungsmesser \/ Performance Tracker<\/h3>\n<p>Die Messung der Fahrzeugbeschleunigung (0-100 \/ 0-200 km\/h) wird \u00fcber den eingebauten GPS Empf\u00e4nger ermittelt und erfolgt vollautomatisch. <\/p>\n<h3>Radarwarner \/ Lasererkennung<\/h3>\n<p>Der Navty P1 ist f\u00fcr den europ\u00e4ischen Markt entwickelt worden und z\u00e4hlt dank der neuen Echtzeit-Radar- und Lasererkennung zu den besten High-End Radarwarnger\u00e4ten in Europa. Der Navty P1 verf\u00fcgt \u00fcber die neueste 3D Multaradar Technologie und erkennt auch die neuen MultaRadar (MRCD \/ MRCT \/ Moving \/ Gatso RT3 \/ Gatso RT4) Radarfallen in Europa.<\/p>\n<p><iframe loading=\"lazy\" src=\"https:\/\/www.youtube-nocookie.com\/embed\/jrR6MXELtcw\" width=\"560\" height=\"315\" frameborder=\"0\" allowfullscreen=\"allowfullscreen\"><\/iframe><\/p>\n<h3>Filtertechnologie gegen Fehlalarme<\/h3>\n<p>Eines der besten und fortschrittlichsten Filtersystem erm\u00f6glicht es Fehlalarme auf ein Minimum zu reduzieren, aber ohne dabei  Vorwarnzeiten bei echten Radarmessungen einzub\u00fc\u00dfen.<\/p>\n<h3>unsichtbar f\u00fcr die Polizei<\/h3>\n<p>Die Stealth Technologie verhindert eine Ortung durch die Polizei und sch\u00fctzt Sie vor Entdeckung. Auch die aktuellen VG2 und Spectre Radarwarner Detektoren der Polizei k\u00f6nnen den Navty P1 Radarwarner nicht orten. Zus\u00e4tzlich kann im Falle einer allgemeinen Verkehrs- oder Grenzkontrolle  die Radarfunktion mit einem Handgriff deaktiviert werden.<\/p>\n<h3>benutzerfreundliche Warnung in vier Sprachen<\/h3>\n<p>Am Display und per Sprachansage erhalten Sie relevante Informationen zu eingehenden Blitzermeldungen. Eindeutige Symbole und zus\u00e4tzliche Textinformationen bieten eine perfekte visuelle Warnung. Die Helligkeit des Displays l\u00e4sst sich stufenweise von hell bis dunkel anpassen. Die Smarteinstellung l\u00e4sst das Display nur bei einer Gefahrenmeldung aufleuchten und ist bei Nachtfahrten sehr angenehm. Visuelle Anzeigen und Sprachansagen sind wahlweise in deutsch, englisch, franz\u00f6sisch oder spanisch m\u00f6glich. <\/p>\n<p><iframe loading=\"lazy\" src=\"https:\/\/www.youtube-nocookie.com\/embed\/FMt9f86rG5U\" width=\"560\" height=\"315\" frameborder=\"0\" allowfullscreen=\"allowfullscreen\"><\/iframe><\/p>\n<h3>Kostenlose Updates f\u00fcr feste Blitzer<\/h3>\n<p>Unbegrenzt, kostenlose Updates der GPS POI Datenbank sind im Kaufpreis inklusive und es gibt keine Folgekosten durch teurer Abonnements. Die Blitzer- und Firmwareupdates k\u00f6nnen einfach und schnell innerhalb von Sekunden via USB Stick installiert werden. Das Update kann bequem im Fahrzeug unabh\u00e4ngig von Ihrem Betriebssystemen (WIN \/ MacOS \/ Linux) durchgef\u00fchrt werden. Der Navty P1 mu\u00df f\u00fcr das Update nicht an den Computer angeschlossen werden.<\/p>\n<h3>Speichern eigener Gefahrenstellen und automatische Stummschaltung<\/h3>\n<p>Per Tastendruck lassen sich eigene Gefahrenstellen in dem Navty P1 Premium abspeichern und zuk\u00fcnftig bei Ann\u00e4herung warnen. Oder dr\u00fccken Sie die Stummschalttaste an einer Stelle an der Sie zuk\u00fcnftig nicht gewarnt werden m\u00f6chten. Der Navty P1 merkt sich die GPS Koordinaten und die Radarfrequenz und schaltet den Alarm f\u00fcr diesen Standort stumm. Wird zuk\u00fcnftig an diesem Standort eine andere Radarfrequenz empfangen, wird der Navty P1 trotzdem einen Alarm ausl\u00f6sen.<\/p>\n<h3>Lieferumfang und Ausstattung<\/h3>\n<p>Der Navty P1 wird mit aktueller Datenbank und deaktivierter Radarfunktion ausgeliefert und wird somit legal als Beschleunigungsmesser verkauft und versendet. Auf Wunsch kann die Radarfunktion vor Auslieferung aktiviert werden. Dazu senden Sie uns nach Erhalt der Bestellbest\u00e4tigung eine kurze Email mit Ihrem Wunsch. Im Lieferumfang ist eine Saugnapfhalterung und ein 12-Volt-SmartCord Anschlusskabel f\u00fcr den Zigarettenanz\u00fcnder enthalten. Die Halterung l\u00e4sst sich sicher an der Windschutzscheibe befestigen und erm\u00f6glicht eine schnelle Befestigung des Radarwarners. Die Bedienungsanleitung ist in Deutsch, Englisch, Franz\u00f6sisch und Spanisch. <\/p>\n<h3>Funktions- und Produkt\u00fcbersicht<\/h3>\n<ul>\n<li>der erste mobile Radarwarner mit vollautomatischem Beschleunigungsmesser (0-100 \/ 0-200 km\/h)<\/li>\n<li>Warnung vor festen und mobilen Radarfallen und Lasermessungen<\/li>\n<li>marktf\u00fchrender Fehlalarmfilter mit Reduzierung von Fehlmeldungen auf ein Minimum<\/li>\n<li>Lebenslang, kostenlose Updates inklusive<\/li>\n<li>Alarmsignale und Einstellungen in deutsch \/ englisch \/ franz\u00f6sisch \/ spanisch<\/li>\n<\/ul>\n","protected":false},"excerpt":{"rendered":"<h1>Navty P1 Premium Radarwarner<\/h1>\n<p>Der neue Navty P1 ist gleichzeitig ein legaler Beschleunigungsmesser und professioneller Radarwarner. Das Ger\u00e4t ist f\u00fcr den Einsatz in Europa entwickelt und sch\u00fctzt vor Laser, X-, K-, Ka- und den neuen MultaRadar und Gatso Radarfallen. Durch moderne Stealth Technologie gesch\u00fctzt, kann der Navty P1 nicht mit Radarwarner Detektoren von der Polizei geortet werden.<\/p>\n","protected":false},"featured_media":13940,"comment_status":"open","ping_status":"closed","template":"","meta":[],"product_brand":[],"product_cat":[250,33,231],"product_tag":[36,94,78,37,38,35,116,34],"class_list":{"0":"post-13655","1":"product","2":"type-product","3":"status-publish","4":"has-post-thumbnail","6":"product_cat-empfohlene-radarwarner","7":"product_cat-mobile-radarwarner","8":"product_cat-navty","9":"product_tag-beschleunigungsmesser","10":"product_tag-gps","11":"product_tag-laserwarner","12":"product_tag-navty","13":"product_tag-p1","14":"product_tag-performance-tracker","15":"product_tag-poi-warner","16":"product_tag-radarwarner","18":"first","19":"instock","20":"sale","21":"taxable","22":"shipping-taxable","23":"purchasable","24":"product-type-simple"},"yoast_head":"<!-- This site is optimized with the Yoast SEO plugin v27.2 - https:\/\/yoast.com\/product\/yoast-seo-wordpress\/ -->\n<title>Navty P1 Premium Edition mobiler Radarwarner f\u00fcr Europa<\/title>\n<meta name=\"description\" content=\"Navty P1 Premium Radarwarner und Beschleunigungsmesser. Schutz vor Radar und Lasermessungen inkl. den neuen MultaRadar und Gatso Radarfallen.\" \/>\n<meta name=\"robots\" content=\"index, follow, max-snippet:-1, max-image-preview:large, max-video-preview:-1\" \/>\n<link rel=\"canonical\" href=\"https:\/\/radarservice.eu\/de\/produkt\/navty-p1-premium-edition\/\" \/>\n<meta property=\"og:locale\" content=\"de_DE\" \/>\n<meta property=\"og:type\" content=\"article\" \/>\n<meta property=\"og:title\" content=\"Navty P1 Premium Edition mobiler Radarwarner f\u00fcr Europa\" \/>\n<meta property=\"og:description\" content=\"Navty P1 Premium Radarwarner und Beschleunigungsmesser. Schutz vor Radar und Lasermessungen inkl. den neuen MultaRadar und Gatso Radarfallen.\" \/>\n<meta property=\"og:url\" content=\"https:\/\/radarservice.eu\/de\/produkt\/navty-p1-premium-edition\/\" \/>\n<meta property=\"og:site_name\" content=\"Radar Service\" \/>\n<meta property=\"article:modified_time\" content=\"2025-05-06T03:10:19+00:00\" \/>\n<meta property=\"og:image\" content=\"https:\/\/radarservice.eu\/wp-content\/uploads\/2020\/09\/NAVTY_P1_Radarwarner_800x562.jpg\" \/>\n\t<meta property=\"og:image:width\" content=\"800\" \/>\n\t<meta property=\"og:image:height\" content=\"562\" \/>\n\t<meta property=\"og:image:type\" content=\"image\/jpeg\" \/>\n<meta name=\"twitter:card\" content=\"summary_large_image\" \/>\n<meta name=\"twitter:label1\" content=\"Gesch\u00e4tzte Lesezeit\" \/>\n\t<meta name=\"twitter:data1\" content=\"3\u00a0Minuten\" \/>\n<script type=\"application\/ld+json\" class=\"yoast-schema-graph\">{\"@context\":\"https:\/\/schema.org\",\"@graph\":[{\"@type\":\"WebPage\",\"@id\":\"https:\/\/radarservice.eu\/de\/produkt\/navty-p1-premium-edition\/\",\"url\":\"https:\/\/radarservice.eu\/de\/produkt\/navty-p1-premium-edition\/\",\"name\":\"Navty P1 Premium Edition mobiler Radarwarner f\u00fcr Europa\",\"isPartOf\":{\"@id\":\"https:\/\/radarservice.eu\/de\/#website\"},\"primaryImageOfPage\":{\"@id\":\"https:\/\/radarservice.eu\/de\/produkt\/navty-p1-premium-edition\/#primaryimage\"},\"image\":{\"@id\":\"https:\/\/radarservice.eu\/de\/produkt\/navty-p1-premium-edition\/#primaryimage\"},\"thumbnailUrl\":\"https:\/\/radarservice.eu\/wp-content\/uploads\/2020\/09\/NAVTY_P1_Radarwarner_800x562.jpg\",\"datePublished\":\"2020-09-13T12:47:06+00:00\",\"dateModified\":\"2025-05-06T03:10:19+00:00\",\"description\":\"Navty P1 Premium Radarwarner und Beschleunigungsmesser. Schutz vor Radar und Lasermessungen inkl. den neuen MultaRadar und Gatso Radarfallen.\",\"breadcrumb\":{\"@id\":\"https:\/\/radarservice.eu\/de\/produkt\/navty-p1-premium-edition\/#breadcrumb\"},\"inLanguage\":\"de\",\"potentialAction\":[{\"@type\":\"ReadAction\",\"target\":[\"https:\/\/radarservice.eu\/de\/produkt\/navty-p1-premium-edition\/\"]}]},{\"@type\":\"ImageObject\",\"inLanguage\":\"de\",\"@id\":\"https:\/\/radarservice.eu\/de\/produkt\/navty-p1-premium-edition\/#primaryimage\",\"url\":\"https:\/\/radarservice.eu\/wp-content\/uploads\/2020\/09\/NAVTY_P1_Radarwarner_800x562.jpg\",\"contentUrl\":\"https:\/\/radarservice.eu\/wp-content\/uploads\/2020\/09\/NAVTY_P1_Radarwarner_800x562.jpg\",\"width\":800,\"height\":562,\"caption\":\"NAVTY P1 Premium Radarwarner\"},{\"@type\":\"BreadcrumbList\",\"@id\":\"https:\/\/radarservice.eu\/de\/produkt\/navty-p1-premium-edition\/#breadcrumb\",\"itemListElement\":[{\"@type\":\"ListItem\",\"position\":1,\"name\":\"Radarwarner Shop\",\"item\":\"https:\/\/radarservice.eu\/de\/shop\/\"},{\"@type\":\"ListItem\",\"position\":2,\"name\":\"Navty P1 Premium Edition\"}]},{\"@type\":\"WebSite\",\"@id\":\"https:\/\/radarservice.eu\/de\/#website\",\"url\":\"https:\/\/radarservice.eu\/de\/\",\"name\":\"Radar Service\",\"description\":\"Radar detector Laser jammer mobile fix\",\"publisher\":{\"@id\":\"https:\/\/radarservice.eu\/de\/#organization\"},\"potentialAction\":[{\"@type\":\"SearchAction\",\"target\":{\"@type\":\"EntryPoint\",\"urlTemplate\":\"https:\/\/radarservice.eu\/de\/?s={search_term_string}\"},\"query-input\":{\"@type\":\"PropertyValueSpecification\",\"valueRequired\":true,\"valueName\":\"search_term_string\"}}],\"inLanguage\":\"de\"},{\"@type\":\"Organization\",\"@id\":\"https:\/\/radarservice.eu\/de\/#organization\",\"name\":\"RadarService\",\"url\":\"https:\/\/radarservice.eu\/de\/\",\"logo\":{\"@type\":\"ImageObject\",\"inLanguage\":\"de\",\"@id\":\"https:\/\/radarservice.eu\/de\/#\/schema\/logo\/image\/\",\"url\":\"https:\/\/radarservice.eu\/wp-content\/uploads\/2021\/03\/Radar_detector_service.png\",\"contentUrl\":\"https:\/\/radarservice.eu\/wp-content\/uploads\/2021\/03\/Radar_detector_service.png\",\"width\":174,\"height\":48,\"caption\":\"RadarService\"},\"image\":{\"@id\":\"https:\/\/radarservice.eu\/de\/#\/schema\/logo\/image\/\"}}]}<\/script>\n<!-- \/ Yoast SEO plugin. -->","yoast_head_json":{"title":"Navty P1 Premium Edition mobiler Radarwarner f\u00fcr Europa","description":"Navty P1 Premium Radarwarner und Beschleunigungsmesser. Schutz vor Radar und Lasermessungen inkl. den neuen MultaRadar und Gatso Radarfallen.","robots":{"index":"index","follow":"follow","max-snippet":"max-snippet:-1","max-image-preview":"max-image-preview:large","max-video-preview":"max-video-preview:-1"},"canonical":"https:\/\/radarservice.eu\/de\/produkt\/navty-p1-premium-edition\/","og_locale":"de_DE","og_type":"article","og_title":"Navty P1 Premium Edition mobiler Radarwarner f\u00fcr Europa","og_description":"Navty P1 Premium Radarwarner und Beschleunigungsmesser. Schutz vor Radar und Lasermessungen inkl. den neuen MultaRadar und Gatso Radarfallen.","og_url":"https:\/\/radarservice.eu\/de\/produkt\/navty-p1-premium-edition\/","og_site_name":"Radar Service","article_modified_time":"2025-05-06T03:10:19+00:00","og_image":[{"width":800,"height":562,"url":"https:\/\/radarservice.eu\/wp-content\/uploads\/2020\/09\/NAVTY_P1_Radarwarner_800x562.jpg","type":"image\/jpeg"}],"twitter_card":"summary_large_image","twitter_misc":{"Gesch\u00e4tzte Lesezeit":"3\u00a0Minuten"},"schema":{"@context":"https:\/\/schema.org","@graph":[{"@type":"WebPage","@id":"https:\/\/radarservice.eu\/de\/produkt\/navty-p1-premium-edition\/","url":"https:\/\/radarservice.eu\/de\/produkt\/navty-p1-premium-edition\/","name":"Navty P1 Premium Edition mobiler Radarwarner f\u00fcr Europa","isPartOf":{"@id":"https:\/\/radarservice.eu\/de\/#website"},"primaryImageOfPage":{"@id":"https:\/\/radarservice.eu\/de\/produkt\/navty-p1-premium-edition\/#primaryimage"},"image":{"@id":"https:\/\/radarservice.eu\/de\/produkt\/navty-p1-premium-edition\/#primaryimage"},"thumbnailUrl":"https:\/\/radarservice.eu\/wp-content\/uploads\/2020\/09\/NAVTY_P1_Radarwarner_800x562.jpg","datePublished":"2020-09-13T12:47:06+00:00","dateModified":"2025-05-06T03:10:19+00:00","description":"Navty P1 Premium Radarwarner und Beschleunigungsmesser. Schutz vor Radar und Lasermessungen inkl. den neuen MultaRadar und Gatso Radarfallen.","breadcrumb":{"@id":"https:\/\/radarservice.eu\/de\/produkt\/navty-p1-premium-edition\/#breadcrumb"},"inLanguage":"de","potentialAction":[{"@type":"ReadAction","target":["https:\/\/radarservice.eu\/de\/produkt\/navty-p1-premium-edition\/"]}]},{"@type":"ImageObject","inLanguage":"de","@id":"https:\/\/radarservice.eu\/de\/produkt\/navty-p1-premium-edition\/#primaryimage","url":"https:\/\/radarservice.eu\/wp-content\/uploads\/2020\/09\/NAVTY_P1_Radarwarner_800x562.jpg","contentUrl":"https:\/\/radarservice.eu\/wp-content\/uploads\/2020\/09\/NAVTY_P1_Radarwarner_800x562.jpg","width":800,"height":562,"caption":"NAVTY P1 Premium Radarwarner"},{"@type":"BreadcrumbList","@id":"https:\/\/radarservice.eu\/de\/produkt\/navty-p1-premium-edition\/#breadcrumb","itemListElement":[{"@type":"ListItem","position":1,"name":"Radarwarner Shop","item":"https:\/\/radarservice.eu\/de\/shop\/"},{"@type":"ListItem","position":2,"name":"Navty P1 Premium Edition"}]},{"@type":"WebSite","@id":"https:\/\/radarservice.eu\/de\/#website","url":"https:\/\/radarservice.eu\/de\/","name":"Radar Service","description":"Radar detector Laser jammer mobile fix","publisher":{"@id":"https:\/\/radarservice.eu\/de\/#organization"},"potentialAction":[{"@type":"SearchAction","target":{"@type":"EntryPoint","urlTemplate":"https:\/\/radarservice.eu\/de\/?s={search_term_string}"},"query-input":{"@type":"PropertyValueSpecification","valueRequired":true,"valueName":"search_term_string"}}],"inLanguage":"de"},{"@type":"Organization","@id":"https:\/\/radarservice.eu\/de\/#organization","name":"RadarService","url":"https:\/\/radarservice.eu\/de\/","logo":{"@type":"ImageObject","inLanguage":"de","@id":"https:\/\/radarservice.eu\/de\/#\/schema\/logo\/image\/","url":"https:\/\/radarservice.eu\/wp-content\/uploads\/2021\/03\/Radar_detector_service.png","contentUrl":"https:\/\/radarservice.eu\/wp-content\/uploads\/2021\/03\/Radar_detector_service.png","width":174,"height":48,"caption":"RadarService"},"image":{"@id":"https:\/\/radarservice.eu\/de\/#\/schema\/logo\/image\/"}}]}},"_links":{"self":[{"href":"https:\/\/radarservice.eu\/de\/wp-json\/wp\/v2\/product\/13655","targetHints":{"allow":["GET"]}}],"collection":[{"href":"https:\/\/radarservice.eu\/de\/wp-json\/wp\/v2\/product"}],"about":[{"href":"https:\/\/radarservice.eu\/de\/wp-json\/wp\/v2\/types\/product"}],"replies":[{"embeddable":true,"href":"https:\/\/radarservice.eu\/de\/wp-json\/wp\/v2\/comments?post=13655"}],"wp:featuredmedia":[{"embeddable":true,"href":"https:\/\/radarservice.eu\/de\/wp-json\/wp\/v2\/media\/13940"}],"wp:attachment":[{"href":"https:\/\/radarservice.eu\/de\/wp-json\/wp\/v2\/media?parent=13655"}],"wp:term":[{"taxonomy":"product_brand","embeddable":true,"href":"https:\/\/radarservice.eu\/de\/wp-json\/wp\/v2\/product_brand?post=13655"},{"taxonomy":"product_cat","embeddable":true,"href":"https:\/\/radarservice.eu\/de\/wp-json\/wp\/v2\/product_cat?post=13655"},{"taxonomy":"product_tag","embeddable":true,"href":"https:\/\/radarservice.eu\/de\/wp-json\/wp\/v2\/product_tag?post=13655"}],"curies":[{"name":"wp","href":"https:\/\/api.w.org\/{rel}","templated":true}]}}