{"id":13654,"date":"2020-09-13T14:47:06","date_gmt":"2020-09-13T12:47:06","guid":{"rendered":"https:\/\/radarservice.eu\/produkt\/genevo-assist-festeinbau-radarwarner\/"},"modified":"2025-06-22T05:10:25","modified_gmt":"2025-06-22T03:10:25","slug":"genevo-assist-pro-hdm-festeinbau-radarwarner","status":"publish","type":"product","link":"https:\/\/radarservice.eu\/de\/produkt\/genevo-assist-pro-hdm-festeinbau-radarwarner\/","title":{"rendered":"Genevo Assist Pro HDM+ Festeinbau Radarwarner"},"content":{"rendered":"<p>Der Genevo Assist HDM+ festeinbau Radarwarner ist aktuell das beste High-End Einbauger\u00e4t f\u00fcr den europ\u00e4ischen Markt. Durch die Modulare Bauweise ist es m\u00f6glich das System zu einem sp\u00e4teren Zeitpunkt zu erweitern.<\/p>\n<p>Beste Vorwarnergebnisse bei minimaler Fehlalarmquote machen den Genevo Assist HDM+ zum absoluten Spitzen-Ger\u00e4t aller Festeinbau Radarwarner.<br \/>\nDer Genevo ist eine spezielle Entwicklung f\u00fcr den Betrieb in europ\u00e4ischen L\u00e4ndern.<br \/>\nDas magnetische Anzeige- und Bedienteil kann jederzeit entfernt werden. Dadurch wird der Genevo Assist sofort deaktiviert. Dies ist besonders bei grenznahen Wohnorten oder bei h\u00e4ufigen Grenz\u00fcberschreitungen mit entsprechenden Kontrollen empfehlenswert.<\/p>\n<p>Die Einstellungsm\u00f6glichkeiten des Genevo Assist sind in seiner Vielzahl unerreicht. Trotzdem ist es auch f\u00fcr Einsteiger einfach m\u00f6glich die Einstellungen auf den eigenen Bedarf anzupassen. Eine eigens daf\u00fcr entwickelte Software erm\u00f6glicht das bequeme konfigurieren am heimischen PC oder Laptop.<\/p>\n<p>Die Warnungen erfolgen wahlweise durch deutsche Sprachansage oder einfachen Piepton. Die POI Datenbank des Genevo Assist ist kostenlos vorinstalliert und warnt Sie vor festen Geschwindigkeits- und Rotlicht\u00fcberwachunganlagen in ganz Europa.<\/p>\n<p>Bei Fragen zur Beratung oder Konfiguration kontaktieren Sie uns gerne <a title=\"Anfrageformular\" href=\"https:\/\/radarservice.eu\/de\/kontakt\/\" target=\"_blank\" rel=\"noopener noreferrer\">schriftlich<\/a> oder per Telefon (+49 (0)40 \/ 228 590 32).<\/p>\n<p><strong>\u00dcbersicht:<\/strong><br \/>\n+ bester festeinbau Radarwarner f\u00fcr Europa<br \/>\n+ modulare Bauweise<br \/>\n+ X-Band<br \/>\n+ K-Band<br \/>\n+ KA-Band<br \/>\n+ MultaRadar (MRCD \/ MRCT \/ Moving)<br \/>\n+ Gatso (RT3 \/ RT4)<br \/>\n+ Warnung vor Lasermessungen<br \/>\n+ Warnung vor station\u00e4ren Radarger\u00e4ten<br \/>\n+ Warnung vor Rotlicht \u00dcberwachungen<br \/>\n+ Warnung bei Section Control Messungen (Abschnittskontrollen)<br \/>\n+ Alarmsignale auf Deutsch<br \/>\n+ geeignet f\u00fcr den Einsatz in Europa<br \/>\n+ Konfiguration am PC oder Laptop mit deutschsprachiger Konfigurationssoftware<br \/>\n+ EUROPA Datenbank f\u00fcr feste Blitzer bereits vorinstalliert<\/p>\n<p><strong>Lieferumfang:<\/strong><br \/>\n* Genevo HDM+ Radarantenne<br \/>\n* Steuermodul f\u00fcr Radar- und Laserempf\u00e4nger<br \/>\n* GPS Empf\u00e4nger (mit empfangsstarken SIRFIII Chipsatz)<br \/>\n* Lautsprecher<br \/>\n* Montagesatz zur Befestigung aller Bauteile<\/p>\n","protected":false},"excerpt":{"rendered":"<p>Der Genevo Assist Pro HDM+ festeinbau Radarwarner ist einer der besten High-End Radarwarner f\u00fcr den Einsatz in Europa. Er warnt auch zuverl\u00e4ssig vor den neuen MultaRadar (MRCD \/ MRCT \/ Moving) Radarfallen.<\/p>\n","protected":false},"featured_media":13671,"comment_status":"open","ping_status":"closed","template":"","meta":[],"product_brand":[],"product_cat":[250,187,219],"product_tag":[185,45,64,110,183,188,101,189,254,186,34],"class_list":{"0":"post-13654","1":"product","2":"type-product","3":"status-publish","4":"has-post-thumbnail","6":"product_cat-empfohlene-radarwarner","7":"product_cat-festeinbau-radarwarner","8":"product_cat-genevo","9":"product_tag-einbauservice","10":"product_tag-europa","11":"product_tag-festeinbau","12":"product_tag-genevo","13":"product_tag-genevo-assist","14":"product_tag-genevo-assist-hdm","15":"product_tag-genevo-ff","16":"product_tag-genevo-pro","17":"product_tag-genevo-pro-hdm","18":"product_tag-hamburg","19":"product_tag-radarwarner","21":"first","22":"instock","23":"sale","24":"taxable","25":"shipping-taxable","26":"purchasable","27":"product-type-variable","28":"has-default-attributes"},"yoast_head":"<!-- This site is optimized with the Yoast SEO plugin v27.2 - https:\/\/yoast.com\/product\/yoast-seo-wordpress\/ -->\n<title>Genevo Assist Pro HDM+ Festeinbau Radarwarner<\/title>\n<meta name=\"description\" content=\"Der Genevo Assist Pro HDM+ festeinbau Radarwarner ist aktuell die beste High-End Komplettl\u00f6sung mit MultaRadar und Gatso Warnung.\" \/>\n<meta name=\"robots\" content=\"index, follow, max-snippet:-1, max-image-preview:large, max-video-preview:-1\" \/>\n<link rel=\"canonical\" href=\"https:\/\/radarservice.eu\/de\/produkt\/genevo-assist-pro-hdm-festeinbau-radarwarner\/\" \/>\n<meta property=\"og:locale\" content=\"de_DE\" \/>\n<meta property=\"og:type\" content=\"article\" \/>\n<meta property=\"og:title\" content=\"Genevo Assist Pro HDM+ Festeinbau Radarwarner\" \/>\n<meta property=\"og:description\" content=\"Der Genevo Assist Pro HDM+ festeinbau Radarwarner ist aktuell die beste High-End Komplettl\u00f6sung mit MultaRadar und Gatso Warnung.\" \/>\n<meta property=\"og:url\" content=\"https:\/\/radarservice.eu\/de\/produkt\/genevo-assist-pro-hdm-festeinbau-radarwarner\/\" \/>\n<meta property=\"og:site_name\" content=\"Radar Service\" \/>\n<meta property=\"article:modified_time\" content=\"2025-06-22T03:10:25+00:00\" \/>\n<meta property=\"og:image\" content=\"https:\/\/radarservice.eu\/wp-content\/uploads\/2020\/09\/Genevo-Assist-Pro-HDM-Verpackung.jpg\" \/>\n\t<meta property=\"og:image:width\" content=\"1600\" \/>\n\t<meta property=\"og:image:height\" content=\"1049\" \/>\n\t<meta property=\"og:image:type\" content=\"image\/jpeg\" \/>\n<meta name=\"twitter:card\" content=\"summary_large_image\" \/>\n<meta name=\"twitter:label1\" content=\"Gesch\u00e4tzte Lesezeit\" \/>\n\t<meta name=\"twitter:data1\" content=\"1\u00a0Minute\" \/>\n<script type=\"application\/ld+json\" class=\"yoast-schema-graph\">{\"@context\":\"https:\/\/schema.org\",\"@graph\":[{\"@type\":\"WebPage\",\"@id\":\"https:\/\/radarservice.eu\/de\/produkt\/genevo-assist-pro-hdm-festeinbau-radarwarner\/\",\"url\":\"https:\/\/radarservice.eu\/de\/produkt\/genevo-assist-pro-hdm-festeinbau-radarwarner\/\",\"name\":\"Genevo Assist Pro HDM+ Festeinbau Radarwarner\",\"isPartOf\":{\"@id\":\"https:\/\/radarservice.eu\/de\/#website\"},\"primaryImageOfPage\":{\"@id\":\"https:\/\/radarservice.eu\/de\/produkt\/genevo-assist-pro-hdm-festeinbau-radarwarner\/#primaryimage\"},\"image\":{\"@id\":\"https:\/\/radarservice.eu\/de\/produkt\/genevo-assist-pro-hdm-festeinbau-radarwarner\/#primaryimage\"},\"thumbnailUrl\":\"https:\/\/radarservice.eu\/wp-content\/uploads\/2020\/09\/Genevo-Assist-Pro-HDM-Verpackung.jpg\",\"datePublished\":\"2020-09-13T12:47:06+00:00\",\"dateModified\":\"2025-06-22T03:10:25+00:00\",\"description\":\"Der Genevo Assist Pro HDM+ festeinbau Radarwarner ist aktuell die beste High-End Komplettl\u00f6sung mit MultaRadar und Gatso Warnung.\",\"breadcrumb\":{\"@id\":\"https:\/\/radarservice.eu\/de\/produkt\/genevo-assist-pro-hdm-festeinbau-radarwarner\/#breadcrumb\"},\"inLanguage\":\"de\",\"potentialAction\":[{\"@type\":\"ReadAction\",\"target\":[\"https:\/\/radarservice.eu\/de\/produkt\/genevo-assist-pro-hdm-festeinbau-radarwarner\/\"]}]},{\"@type\":\"ImageObject\",\"inLanguage\":\"de\",\"@id\":\"https:\/\/radarservice.eu\/de\/produkt\/genevo-assist-pro-hdm-festeinbau-radarwarner\/#primaryimage\",\"url\":\"https:\/\/radarservice.eu\/wp-content\/uploads\/2020\/09\/Genevo-Assist-Pro-HDM-Verpackung.jpg\",\"contentUrl\":\"https:\/\/radarservice.eu\/wp-content\/uploads\/2020\/09\/Genevo-Assist-Pro-HDM-Verpackung.jpg\",\"width\":1600,\"height\":1049,\"caption\":\"Genevo Assist Pro HDM Verpackung\"},{\"@type\":\"BreadcrumbList\",\"@id\":\"https:\/\/radarservice.eu\/de\/produkt\/genevo-assist-pro-hdm-festeinbau-radarwarner\/#breadcrumb\",\"itemListElement\":[{\"@type\":\"ListItem\",\"position\":1,\"name\":\"Radarwarner Shop\",\"item\":\"https:\/\/radarservice.eu\/de\/shop\/\"},{\"@type\":\"ListItem\",\"position\":2,\"name\":\"Genevo Assist Pro HDM+ Festeinbau Radarwarner\"}]},{\"@type\":\"WebSite\",\"@id\":\"https:\/\/radarservice.eu\/de\/#website\",\"url\":\"https:\/\/radarservice.eu\/de\/\",\"name\":\"Radar Service\",\"description\":\"Radar detector Laser jammer mobile fix\",\"publisher\":{\"@id\":\"https:\/\/radarservice.eu\/de\/#organization\"},\"potentialAction\":[{\"@type\":\"SearchAction\",\"target\":{\"@type\":\"EntryPoint\",\"urlTemplate\":\"https:\/\/radarservice.eu\/de\/?s={search_term_string}\"},\"query-input\":{\"@type\":\"PropertyValueSpecification\",\"valueRequired\":true,\"valueName\":\"search_term_string\"}}],\"inLanguage\":\"de\"},{\"@type\":\"Organization\",\"@id\":\"https:\/\/radarservice.eu\/de\/#organization\",\"name\":\"RadarService\",\"url\":\"https:\/\/radarservice.eu\/de\/\",\"logo\":{\"@type\":\"ImageObject\",\"inLanguage\":\"de\",\"@id\":\"https:\/\/radarservice.eu\/de\/#\/schema\/logo\/image\/\",\"url\":\"https:\/\/radarservice.eu\/wp-content\/uploads\/2021\/03\/Radar_detector_service.png\",\"contentUrl\":\"https:\/\/radarservice.eu\/wp-content\/uploads\/2021\/03\/Radar_detector_service.png\",\"width\":174,\"height\":48,\"caption\":\"RadarService\"},\"image\":{\"@id\":\"https:\/\/radarservice.eu\/de\/#\/schema\/logo\/image\/\"}}]}<\/script>\n<!-- \/ Yoast SEO plugin. -->","yoast_head_json":{"title":"Genevo Assist Pro HDM+ Festeinbau Radarwarner","description":"Der Genevo Assist Pro HDM+ festeinbau Radarwarner ist aktuell die beste High-End Komplettl\u00f6sung mit MultaRadar und Gatso Warnung.","robots":{"index":"index","follow":"follow","max-snippet":"max-snippet:-1","max-image-preview":"max-image-preview:large","max-video-preview":"max-video-preview:-1"},"canonical":"https:\/\/radarservice.eu\/de\/produkt\/genevo-assist-pro-hdm-festeinbau-radarwarner\/","og_locale":"de_DE","og_type":"article","og_title":"Genevo Assist Pro HDM+ Festeinbau Radarwarner","og_description":"Der Genevo Assist Pro HDM+ festeinbau Radarwarner ist aktuell die beste High-End Komplettl\u00f6sung mit MultaRadar und Gatso Warnung.","og_url":"https:\/\/radarservice.eu\/de\/produkt\/genevo-assist-pro-hdm-festeinbau-radarwarner\/","og_site_name":"Radar Service","article_modified_time":"2025-06-22T03:10:25+00:00","og_image":[{"width":1600,"height":1049,"url":"https:\/\/radarservice.eu\/wp-content\/uploads\/2020\/09\/Genevo-Assist-Pro-HDM-Verpackung.jpg","type":"image\/jpeg"}],"twitter_card":"summary_large_image","twitter_misc":{"Gesch\u00e4tzte Lesezeit":"1\u00a0Minute"},"schema":{"@context":"https:\/\/schema.org","@graph":[{"@type":"WebPage","@id":"https:\/\/radarservice.eu\/de\/produkt\/genevo-assist-pro-hdm-festeinbau-radarwarner\/","url":"https:\/\/radarservice.eu\/de\/produkt\/genevo-assist-pro-hdm-festeinbau-radarwarner\/","name":"Genevo Assist Pro HDM+ Festeinbau Radarwarner","isPartOf":{"@id":"https:\/\/radarservice.eu\/de\/#website"},"primaryImageOfPage":{"@id":"https:\/\/radarservice.eu\/de\/produkt\/genevo-assist-pro-hdm-festeinbau-radarwarner\/#primaryimage"},"image":{"@id":"https:\/\/radarservice.eu\/de\/produkt\/genevo-assist-pro-hdm-festeinbau-radarwarner\/#primaryimage"},"thumbnailUrl":"https:\/\/radarservice.eu\/wp-content\/uploads\/2020\/09\/Genevo-Assist-Pro-HDM-Verpackung.jpg","datePublished":"2020-09-13T12:47:06+00:00","dateModified":"2025-06-22T03:10:25+00:00","description":"Der Genevo Assist Pro HDM+ festeinbau Radarwarner ist aktuell die beste High-End Komplettl\u00f6sung mit MultaRadar und Gatso Warnung.","breadcrumb":{"@id":"https:\/\/radarservice.eu\/de\/produkt\/genevo-assist-pro-hdm-festeinbau-radarwarner\/#breadcrumb"},"inLanguage":"de","potentialAction":[{"@type":"ReadAction","target":["https:\/\/radarservice.eu\/de\/produkt\/genevo-assist-pro-hdm-festeinbau-radarwarner\/"]}]},{"@type":"ImageObject","inLanguage":"de","@id":"https:\/\/radarservice.eu\/de\/produkt\/genevo-assist-pro-hdm-festeinbau-radarwarner\/#primaryimage","url":"https:\/\/radarservice.eu\/wp-content\/uploads\/2020\/09\/Genevo-Assist-Pro-HDM-Verpackung.jpg","contentUrl":"https:\/\/radarservice.eu\/wp-content\/uploads\/2020\/09\/Genevo-Assist-Pro-HDM-Verpackung.jpg","width":1600,"height":1049,"caption":"Genevo Assist Pro HDM Verpackung"},{"@type":"BreadcrumbList","@id":"https:\/\/radarservice.eu\/de\/produkt\/genevo-assist-pro-hdm-festeinbau-radarwarner\/#breadcrumb","itemListElement":[{"@type":"ListItem","position":1,"name":"Radarwarner Shop","item":"https:\/\/radarservice.eu\/de\/shop\/"},{"@type":"ListItem","position":2,"name":"Genevo Assist Pro HDM+ Festeinbau Radarwarner"}]},{"@type":"WebSite","@id":"https:\/\/radarservice.eu\/de\/#website","url":"https:\/\/radarservice.eu\/de\/","name":"Radar Service","description":"Radar detector Laser jammer mobile fix","publisher":{"@id":"https:\/\/radarservice.eu\/de\/#organization"},"potentialAction":[{"@type":"SearchAction","target":{"@type":"EntryPoint","urlTemplate":"https:\/\/radarservice.eu\/de\/?s={search_term_string}"},"query-input":{"@type":"PropertyValueSpecification","valueRequired":true,"valueName":"search_term_string"}}],"inLanguage":"de"},{"@type":"Organization","@id":"https:\/\/radarservice.eu\/de\/#organization","name":"RadarService","url":"https:\/\/radarservice.eu\/de\/","logo":{"@type":"ImageObject","inLanguage":"de","@id":"https:\/\/radarservice.eu\/de\/#\/schema\/logo\/image\/","url":"https:\/\/radarservice.eu\/wp-content\/uploads\/2021\/03\/Radar_detector_service.png","contentUrl":"https:\/\/radarservice.eu\/wp-content\/uploads\/2021\/03\/Radar_detector_service.png","width":174,"height":48,"caption":"RadarService"},"image":{"@id":"https:\/\/radarservice.eu\/de\/#\/schema\/logo\/image\/"}}]}},"_links":{"self":[{"href":"https:\/\/radarservice.eu\/de\/wp-json\/wp\/v2\/product\/13654","targetHints":{"allow":["GET"]}}],"collection":[{"href":"https:\/\/radarservice.eu\/de\/wp-json\/wp\/v2\/product"}],"about":[{"href":"https:\/\/radarservice.eu\/de\/wp-json\/wp\/v2\/types\/product"}],"replies":[{"embeddable":true,"href":"https:\/\/radarservice.eu\/de\/wp-json\/wp\/v2\/comments?post=13654"}],"wp:featuredmedia":[{"embeddable":true,"href":"https:\/\/radarservice.eu\/de\/wp-json\/wp\/v2\/media\/13671"}],"wp:attachment":[{"href":"https:\/\/radarservice.eu\/de\/wp-json\/wp\/v2\/media?parent=13654"}],"wp:term":[{"taxonomy":"product_brand","embeddable":true,"href":"https:\/\/radarservice.eu\/de\/wp-json\/wp\/v2\/product_brand?post=13654"},{"taxonomy":"product_cat","embeddable":true,"href":"https:\/\/radarservice.eu\/de\/wp-json\/wp\/v2\/product_cat?post=13654"},{"taxonomy":"product_tag","embeddable":true,"href":"https:\/\/radarservice.eu\/de\/wp-json\/wp\/v2\/product_tag?post=13654"}],"curies":[{"name":"wp","href":"https:\/\/api.w.org\/{rel}","templated":true}]}}