{"id":13653,"date":"2020-09-13T14:47:06","date_gmt":"2020-09-13T12:47:06","guid":{"rendered":"https:\/\/radarservice.eu\/produkt\/rd-8000-komplettpaket-die-ultimative-loesung\/"},"modified":"2026-04-22T20:11:41","modified_gmt":"2026-04-22T18:11:41","slug":"high-end-einbau-komplettpaket-genevo-assist-lasertrack-flare-eso-guard","status":"publish","type":"product","link":"https:\/\/radarservice.eu\/de\/produkt\/high-end-einbau-komplettpaket-genevo-assist-lasertrack-flare-eso-guard\/","title":{"rendered":"High-End Radarwarner Einbau Komplettpaket (Genevo Assist | Lasertrack Flare | ESO Guard Pro)"},"content":{"rendered":"<p>Das Radarwarnerpaket ist f\u00fcr den externen Einbau konzipiert worden und setzt sich aus den absoluten Spitzenger\u00e4ten und Testsiegern zusammen. Das Paket sch\u00fctzt Sie zu 100% vor Radarkontrollen und Lasermessungen.<\/p>\n<p>Bei diversen Tests in Fachmagazinen und Fernsehen konnte das Paket \u00fcberzeugen.<\/p>\n<p>Als Radarwarner kommt ein Genevo Assist Pro HDM zum Schutz vor allen mobilen Radarmessungen Geschwindigkeitsabh\u00e4ngige Warnung zum Einsatz.<br \/>\nDer Genevo Assist Pro HDM erzielt beste  Vorwarnergebnisse und erkennt auch die neuen MutaRadar (MRCD \/ MRCT \/ Moving) und Gasto (RT3 \/ RT4) Radarfallen.<br \/>\nZum Schutz vor Lasermessungen wird ein Lasertrack Flare mit neuster Software eingesetzt. Der Lasertrack Flare ist in einer unauff\u00e4lligen Nummerschildhalterung verbaut und kann dadurch unsichtbar eingebaut werden.<br \/>\nDer ESO Guard Lichtschrankenst\u00f6rer zur Abwehr der ESO 1.0 und ESO 3.0 Messanlagen komplettieren das Gesamtpaket und sorgen f\u00fcr einen perfekten Gesamtschutz.<\/p>\n<p>Bei Fragen zur Beratung oder Konfiguration kontaktieren Sie uns gerne <a title=\"Anfrageformular\" href=\"\/kontakt\" target=\"_blank\" rel=\"noopener noreferrer\">schriftlich<\/a> oder per Telefon (+49 (0)40 \/ 228 590 32).<\/p>\n<p><strong>\u00dcbersicht:<\/strong><br \/>\n+ bester festeinbau Radarwarner f\u00fcr Europa<br \/>\n+ kleinster, unsichtbarer Laserblinder<br \/>\n+ modulare Bauweise<br \/>\n+ X-Band<br \/>\n+ K-Band<br \/>\n+ KA-Band<br \/>\n+ MultaRadar (MRCD \/ MRCT \/ Moving)<br \/>\n+ Gatso (RT3 \/ RT4)<br \/>\n+ Warnung vor Radarmessungen<br \/>\n+ Warnung vor Lasermessungen<br \/>\n+ Warnung vor station\u00e4ren Radarger\u00e4ten<br \/>\n+ Warnung vor Rotlicht \u00dcberwachungen<br \/>\n+ Warnung bei Section Control Messungen (Abschnittskontrollen)<br \/>\n+ als lasergest\u00fctzter Parkassistent einsetzbar<br \/>\n+ Laserwarnung oder aktive Laserst\u00f6rung gegen alle Lasermessungen<br \/>\n+ legaler Betrieb als reiner Parkassistent aktivierbar<br \/>\n+ St\u00f6rung ESO 3.0 Lichtschranken<br \/>\n+ technisch nicht ortbar<br \/>\n+ Alarmsignale auf Deutsch<br \/>\n+ geeignet f\u00fcr den Einsatz in Europa<br \/>\n+ Konfiguration am PC oder Laptop mit deutschsprachiger Konfigurationssoftware<br \/>\n+ EUROPA Datenbank f\u00fcr feste Blitzer bereits vorinstalliert<\/p>\n<p><strong>Lieferumfang:<\/strong><br \/>\n* Radarantenne Genevo Assist Pro HDM+<br \/>\n* Laserblocker Lasertrack Flare<br \/>\n* ESO Guard Lichtschrankenst\u00f6rer<br \/>\n* Steuermodul f\u00fcr Radar- und Laserempf\u00e4nger<br \/>\n* GPS Empf\u00e4nger (mit empfangsstarken SIRFIII Chipsatz)<br \/>\n* Lautsprecher<br \/>\n* Kabels\u00e4tze, Schalter mit LED<br \/>\n* Montagesatz zur Befestigung aller Bauteile<\/p>\n<p><strong>Hinweis:<\/strong> Das High-End Paket sollte in einer Werkstatt fachgerecht verbaut werden. Bei der Suche nach einer geeigneten Werkstatt sind wir Ihnen gerne behilflich, kontaktieren Sie uns gerne <a title=\"Anfrageformular\" href=\"\/kontakt\" target=\"_blank\" rel=\"noopener noreferrer\">schriftlich<\/a> oder per Telefon (+49 (0)40 \/ 228 590 32).<\/p>\n","protected":false},"excerpt":{"rendered":"<p>Das Radarwarner Komplettpaket wird unsichtbar im Motorraum verbaut. Alle Ger\u00e4te sind Testsieger und jeweils f\u00fchrend bei der Erkennung oder St\u00f6rung von Radarfallen. Das Paket sch\u00fctzt Sie zu 100% vor Radarkontrollen und Lasermessungen und kann von der Polizei nicht detektiert werden.<\/p>\n","protected":false},"featured_media":2723,"comment_status":"open","ping_status":"closed","template":"","meta":[],"product_brand":[],"product_cat":[266,187],"product_tag":[185,45,64,69,110,183,188,101,189,254,186],"class_list":{"0":"post-13653","1":"product","2":"type-product","3":"status-publish","4":"has-post-thumbnail","6":"product_cat-empfohlene-komplettpakete","7":"product_cat-festeinbau-radarwarner","8":"product_tag-einbauservice","9":"product_tag-europa","10":"product_tag-festeinbau","11":"product_tag-festeinbau-radarwarner","12":"product_tag-genevo","13":"product_tag-genevo-assist","14":"product_tag-genevo-assist-hdm","15":"product_tag-genevo-ff","16":"product_tag-genevo-pro","17":"product_tag-genevo-pro-hdm","18":"product_tag-hamburg","20":"first","21":"instock","22":"sale","23":"taxable","24":"shipping-taxable","25":"purchasable","26":"product-type-simple"},"yoast_head":"<!-- This site is optimized with the Yoast SEO plugin v27.2 - https:\/\/yoast.com\/product\/yoast-seo-wordpress\/ -->\n<title>Radarwarner Einbau Paket Genevo Assist | Lasertrack Flare | ESO Guard<\/title>\n<meta name=\"description\" content=\"High-End Radarwarner Einbau Paket- 100% Schutz vor Radarkontrollen und Lasermessungen in Europa.\" \/>\n<meta name=\"robots\" content=\"index, follow, max-snippet:-1, max-image-preview:large, max-video-preview:-1\" \/>\n<link rel=\"canonical\" href=\"https:\/\/radarservice.eu\/de\/produkt\/high-end-einbau-komplettpaket-genevo-assist-lasertrack-flare-eso-guard\/\" \/>\n<meta property=\"og:locale\" content=\"de_DE\" \/>\n<meta property=\"og:type\" content=\"article\" \/>\n<meta property=\"og:title\" content=\"Radarwarner Einbau Paket Genevo Assist | Lasertrack Flare | ESO Guard\" \/>\n<meta property=\"og:description\" content=\"High-End Radarwarner Einbau Paket- 100% Schutz vor Radarkontrollen und Lasermessungen in Europa.\" \/>\n<meta property=\"og:url\" content=\"https:\/\/radarservice.eu\/de\/produkt\/high-end-einbau-komplettpaket-genevo-assist-lasertrack-flare-eso-guard\/\" \/>\n<meta property=\"og:site_name\" content=\"Radar Service\" \/>\n<meta property=\"article:modified_time\" content=\"2026-04-22T18:11:41+00:00\" \/>\n<meta property=\"og:image\" content=\"https:\/\/radarservice.eu\/wp-content\/uploads\/2019\/07\/RD8000_Audi_A6.jpg\" \/>\n\t<meta property=\"og:image:width\" content=\"800\" \/>\n\t<meta property=\"og:image:height\" content=\"600\" \/>\n\t<meta property=\"og:image:type\" content=\"image\/jpeg\" \/>\n<meta name=\"twitter:card\" content=\"summary_large_image\" \/>\n<meta name=\"twitter:label1\" content=\"Gesch\u00e4tzte Lesezeit\" \/>\n\t<meta name=\"twitter:data1\" content=\"2\u00a0Minuten\" \/>\n<script type=\"application\/ld+json\" class=\"yoast-schema-graph\">{\"@context\":\"https:\/\/schema.org\",\"@graph\":[{\"@type\":\"WebPage\",\"@id\":\"https:\/\/radarservice.eu\/de\/produkt\/high-end-einbau-komplettpaket-genevo-assist-lasertrack-flare-eso-guard\/\",\"url\":\"https:\/\/radarservice.eu\/de\/produkt\/high-end-einbau-komplettpaket-genevo-assist-lasertrack-flare-eso-guard\/\",\"name\":\"Radarwarner Einbau Paket Genevo Assist | Lasertrack Flare | ESO Guard\",\"isPartOf\":{\"@id\":\"https:\/\/radarservice.eu\/de\/#website\"},\"primaryImageOfPage\":{\"@id\":\"https:\/\/radarservice.eu\/de\/produkt\/high-end-einbau-komplettpaket-genevo-assist-lasertrack-flare-eso-guard\/#primaryimage\"},\"image\":{\"@id\":\"https:\/\/radarservice.eu\/de\/produkt\/high-end-einbau-komplettpaket-genevo-assist-lasertrack-flare-eso-guard\/#primaryimage\"},\"thumbnailUrl\":\"https:\/\/radarservice.eu\/wp-content\/uploads\/2019\/07\/RD8000_Audi_A6.jpg\",\"datePublished\":\"2020-09-13T12:47:06+00:00\",\"dateModified\":\"2026-04-22T18:11:41+00:00\",\"description\":\"High-End Radarwarner Einbau Paket- 100% Schutz vor Radarkontrollen und Lasermessungen in Europa.\",\"breadcrumb\":{\"@id\":\"https:\/\/radarservice.eu\/de\/produkt\/high-end-einbau-komplettpaket-genevo-assist-lasertrack-flare-eso-guard\/#breadcrumb\"},\"inLanguage\":\"de\",\"potentialAction\":[{\"@type\":\"ReadAction\",\"target\":[\"https:\/\/radarservice.eu\/de\/produkt\/high-end-einbau-komplettpaket-genevo-assist-lasertrack-flare-eso-guard\/\"]}]},{\"@type\":\"ImageObject\",\"inLanguage\":\"de\",\"@id\":\"https:\/\/radarservice.eu\/de\/produkt\/high-end-einbau-komplettpaket-genevo-assist-lasertrack-flare-eso-guard\/#primaryimage\",\"url\":\"https:\/\/radarservice.eu\/wp-content\/uploads\/2019\/07\/RD8000_Audi_A6.jpg\",\"contentUrl\":\"https:\/\/radarservice.eu\/wp-content\/uploads\/2019\/07\/RD8000_Audi_A6.jpg\",\"width\":800,\"height\":600,\"caption\":\"Radarwarner High-End Paket\"},{\"@type\":\"BreadcrumbList\",\"@id\":\"https:\/\/radarservice.eu\/de\/produkt\/high-end-einbau-komplettpaket-genevo-assist-lasertrack-flare-eso-guard\/#breadcrumb\",\"itemListElement\":[{\"@type\":\"ListItem\",\"position\":1,\"name\":\"Radarwarner Shop\",\"item\":\"https:\/\/radarservice.eu\/de\/shop\/\"},{\"@type\":\"ListItem\",\"position\":2,\"name\":\"High-End Radarwarner Einbau Komplettpaket (Genevo Assist | Lasertrack Flare | ESO Guard Pro)\"}]},{\"@type\":\"WebSite\",\"@id\":\"https:\/\/radarservice.eu\/de\/#website\",\"url\":\"https:\/\/radarservice.eu\/de\/\",\"name\":\"Radar Service\",\"description\":\"Radar detector Laser jammer mobile fix\",\"publisher\":{\"@id\":\"https:\/\/radarservice.eu\/de\/#organization\"},\"potentialAction\":[{\"@type\":\"SearchAction\",\"target\":{\"@type\":\"EntryPoint\",\"urlTemplate\":\"https:\/\/radarservice.eu\/de\/?s={search_term_string}\"},\"query-input\":{\"@type\":\"PropertyValueSpecification\",\"valueRequired\":true,\"valueName\":\"search_term_string\"}}],\"inLanguage\":\"de\"},{\"@type\":\"Organization\",\"@id\":\"https:\/\/radarservice.eu\/de\/#organization\",\"name\":\"RadarService\",\"url\":\"https:\/\/radarservice.eu\/de\/\",\"logo\":{\"@type\":\"ImageObject\",\"inLanguage\":\"de\",\"@id\":\"https:\/\/radarservice.eu\/de\/#\/schema\/logo\/image\/\",\"url\":\"https:\/\/radarservice.eu\/wp-content\/uploads\/2021\/03\/Radar_detector_service.png\",\"contentUrl\":\"https:\/\/radarservice.eu\/wp-content\/uploads\/2021\/03\/Radar_detector_service.png\",\"width\":174,\"height\":48,\"caption\":\"RadarService\"},\"image\":{\"@id\":\"https:\/\/radarservice.eu\/de\/#\/schema\/logo\/image\/\"}}]}<\/script>\n<!-- \/ Yoast SEO plugin. -->","yoast_head_json":{"title":"Radarwarner Einbau Paket Genevo Assist | Lasertrack Flare | ESO Guard","description":"High-End Radarwarner Einbau Paket- 100% Schutz vor Radarkontrollen und Lasermessungen in Europa.","robots":{"index":"index","follow":"follow","max-snippet":"max-snippet:-1","max-image-preview":"max-image-preview:large","max-video-preview":"max-video-preview:-1"},"canonical":"https:\/\/radarservice.eu\/de\/produkt\/high-end-einbau-komplettpaket-genevo-assist-lasertrack-flare-eso-guard\/","og_locale":"de_DE","og_type":"article","og_title":"Radarwarner Einbau Paket Genevo Assist | Lasertrack Flare | ESO Guard","og_description":"High-End Radarwarner Einbau Paket- 100% Schutz vor Radarkontrollen und Lasermessungen in Europa.","og_url":"https:\/\/radarservice.eu\/de\/produkt\/high-end-einbau-komplettpaket-genevo-assist-lasertrack-flare-eso-guard\/","og_site_name":"Radar Service","article_modified_time":"2026-04-22T18:11:41+00:00","og_image":[{"width":800,"height":600,"url":"https:\/\/radarservice.eu\/wp-content\/uploads\/2019\/07\/RD8000_Audi_A6.jpg","type":"image\/jpeg"}],"twitter_card":"summary_large_image","twitter_misc":{"Gesch\u00e4tzte Lesezeit":"2\u00a0Minuten"},"schema":{"@context":"https:\/\/schema.org","@graph":[{"@type":"WebPage","@id":"https:\/\/radarservice.eu\/de\/produkt\/high-end-einbau-komplettpaket-genevo-assist-lasertrack-flare-eso-guard\/","url":"https:\/\/radarservice.eu\/de\/produkt\/high-end-einbau-komplettpaket-genevo-assist-lasertrack-flare-eso-guard\/","name":"Radarwarner Einbau Paket Genevo Assist | Lasertrack Flare | ESO Guard","isPartOf":{"@id":"https:\/\/radarservice.eu\/de\/#website"},"primaryImageOfPage":{"@id":"https:\/\/radarservice.eu\/de\/produkt\/high-end-einbau-komplettpaket-genevo-assist-lasertrack-flare-eso-guard\/#primaryimage"},"image":{"@id":"https:\/\/radarservice.eu\/de\/produkt\/high-end-einbau-komplettpaket-genevo-assist-lasertrack-flare-eso-guard\/#primaryimage"},"thumbnailUrl":"https:\/\/radarservice.eu\/wp-content\/uploads\/2019\/07\/RD8000_Audi_A6.jpg","datePublished":"2020-09-13T12:47:06+00:00","dateModified":"2026-04-22T18:11:41+00:00","description":"High-End Radarwarner Einbau Paket- 100% Schutz vor Radarkontrollen und Lasermessungen in Europa.","breadcrumb":{"@id":"https:\/\/radarservice.eu\/de\/produkt\/high-end-einbau-komplettpaket-genevo-assist-lasertrack-flare-eso-guard\/#breadcrumb"},"inLanguage":"de","potentialAction":[{"@type":"ReadAction","target":["https:\/\/radarservice.eu\/de\/produkt\/high-end-einbau-komplettpaket-genevo-assist-lasertrack-flare-eso-guard\/"]}]},{"@type":"ImageObject","inLanguage":"de","@id":"https:\/\/radarservice.eu\/de\/produkt\/high-end-einbau-komplettpaket-genevo-assist-lasertrack-flare-eso-guard\/#primaryimage","url":"https:\/\/radarservice.eu\/wp-content\/uploads\/2019\/07\/RD8000_Audi_A6.jpg","contentUrl":"https:\/\/radarservice.eu\/wp-content\/uploads\/2019\/07\/RD8000_Audi_A6.jpg","width":800,"height":600,"caption":"Radarwarner High-End Paket"},{"@type":"BreadcrumbList","@id":"https:\/\/radarservice.eu\/de\/produkt\/high-end-einbau-komplettpaket-genevo-assist-lasertrack-flare-eso-guard\/#breadcrumb","itemListElement":[{"@type":"ListItem","position":1,"name":"Radarwarner Shop","item":"https:\/\/radarservice.eu\/de\/shop\/"},{"@type":"ListItem","position":2,"name":"High-End Radarwarner Einbau Komplettpaket (Genevo Assist | Lasertrack Flare | ESO Guard Pro)"}]},{"@type":"WebSite","@id":"https:\/\/radarservice.eu\/de\/#website","url":"https:\/\/radarservice.eu\/de\/","name":"Radar Service","description":"Radar detector Laser jammer mobile fix","publisher":{"@id":"https:\/\/radarservice.eu\/de\/#organization"},"potentialAction":[{"@type":"SearchAction","target":{"@type":"EntryPoint","urlTemplate":"https:\/\/radarservice.eu\/de\/?s={search_term_string}"},"query-input":{"@type":"PropertyValueSpecification","valueRequired":true,"valueName":"search_term_string"}}],"inLanguage":"de"},{"@type":"Organization","@id":"https:\/\/radarservice.eu\/de\/#organization","name":"RadarService","url":"https:\/\/radarservice.eu\/de\/","logo":{"@type":"ImageObject","inLanguage":"de","@id":"https:\/\/radarservice.eu\/de\/#\/schema\/logo\/image\/","url":"https:\/\/radarservice.eu\/wp-content\/uploads\/2021\/03\/Radar_detector_service.png","contentUrl":"https:\/\/radarservice.eu\/wp-content\/uploads\/2021\/03\/Radar_detector_service.png","width":174,"height":48,"caption":"RadarService"},"image":{"@id":"https:\/\/radarservice.eu\/de\/#\/schema\/logo\/image\/"}}]}},"_links":{"self":[{"href":"https:\/\/radarservice.eu\/de\/wp-json\/wp\/v2\/product\/13653","targetHints":{"allow":["GET"]}}],"collection":[{"href":"https:\/\/radarservice.eu\/de\/wp-json\/wp\/v2\/product"}],"about":[{"href":"https:\/\/radarservice.eu\/de\/wp-json\/wp\/v2\/types\/product"}],"replies":[{"embeddable":true,"href":"https:\/\/radarservice.eu\/de\/wp-json\/wp\/v2\/comments?post=13653"}],"wp:featuredmedia":[{"embeddable":true,"href":"https:\/\/radarservice.eu\/de\/wp-json\/wp\/v2\/media\/2723"}],"wp:attachment":[{"href":"https:\/\/radarservice.eu\/de\/wp-json\/wp\/v2\/media?parent=13653"}],"wp:term":[{"taxonomy":"product_brand","embeddable":true,"href":"https:\/\/radarservice.eu\/de\/wp-json\/wp\/v2\/product_brand?post=13653"},{"taxonomy":"product_cat","embeddable":true,"href":"https:\/\/radarservice.eu\/de\/wp-json\/wp\/v2\/product_cat?post=13653"},{"taxonomy":"product_tag","embeddable":true,"href":"https:\/\/radarservice.eu\/de\/wp-json\/wp\/v2\/product_tag?post=13653"}],"curies":[{"name":"wp","href":"https:\/\/api.w.org\/{rel}","templated":true}]}}