{"id":13652,"date":"2020-09-13T14:47:06","date_gmt":"2020-09-13T12:47:06","guid":{"rendered":"https:\/\/radarservice.eu\/produkt\/radarwarnerpaket-zur-rtl-spiegeltv-sendung\/"},"modified":"2020-11-24T00:44:50","modified_gmt":"2020-11-23T23:44:50","slug":"radarwarnerpaket-zur-rtl-spiegeltv-sendung","status":"publish","type":"product","link":"https:\/\/radarservice.eu\/de\/produkt\/radarwarnerpaket-zur-rtl-spiegeltv-sendung\/","title":{"rendered":"Radarwarnerpaket zur RTL SpiegelTV Sendung"},"content":{"rendered":"<p>Das SpiegelTV Magazin berichtete unter dem Titel &#8222;H\u00f6here Strafen f\u00fcr Raser &#8211; Aufr\u00fcstung im Blitzerkrieg&#8220; \u00fcber unsere Radarwarnger\u00e4te. Die Testergebnisse waren dabei durchweg sehr gut. Profitieren auch Sie von unserer Erfahrung und bestellen sich Ihr Rundum Sorglospaket. Exklusiv zur Sendung haben wir ein Komplettpaket f\u00fcr alle Situationen zusammengestellt.<\/p>\n<p><strong>Zusammenstellung:<\/strong><br \/>\n+ mobiler Radarwarner Navty P1 Premium, der Sie vor allen mobilen Radarmessungen sch\u00fctzt.<br \/>\n+ einem Lichtschrankenst\u00f6rer, der Sie zuverl\u00e4ssig vor den sogenannten &#8222;Dreibeinen&#8220; sch\u00fctzt<\/p>\n<p>Das Paket umfasst 2 Ger\u00e4te in einem Wert von 1198,- Euro bei Einzelkauf. Anl\u00e4sslich der Sendung erhalten Sie jetzt exklusiv das Komplettpaket f\u00fcr 999,- Euro.<\/p>\n<p><strong>\u00dcbersicht:<\/strong><br \/>\n+ mobile Radarwarner speziell f\u00fcr Europa<br \/>\n+ 360\u00b0 Grad Erfassung von allen Radar-Quellen in Europa (X \/ K \/ Ka-Band \/ MultaRadar MRCD \/ MRCT \/ Moving)<br \/>\n+ Warnung vor Radarmessungen<br \/>\n+ Warnung vor Lasermessungen<br \/>\n+ Warnung vor station\u00e4ren Geschwindigkeitsmessanlagen<br \/>\n+ Warnung vor Rotlicht\u00fcberwachungen<br \/>\n+ Warnung bei Section Control Messungen (Abschnittskontrollen)<br \/>\n+ updatef\u00e4hig mittels USB Anschlu\u00df<br \/>\n+ EUROPA Datenbank f\u00fcr feste Blitzer<br \/>\n+ eigene Gefahrenpunkte speicherbar<\/p>\n<p><strong>Lieferumfang:<\/strong><br \/>\n* Navty P1 Premium Radarwarner<br \/>\n* Zubeh\u00f6r f\u00fcr Montage an der Windschutzscheibe (Saugn\u00e4pfe)<br \/>\n* 12V-Stromversorgung mit Zigarettenanz\u00fcnderanschlu\u00df<br \/>\n* Bedienungsanleitung<br \/>\n* ESO Lichtschrankenst\u00f6rer<\/p>\n","protected":false},"excerpt":{"rendered":"<p>Das SpiegelTV Magazin berichtete unter dem Titel &#8222;H\u00f6here Strafen f\u00fcr Raser &#8211; Aufr\u00fcstung im Blitzerkrieg&#8220; \u00fcber unsere Radarwarnger\u00e4te. Die Testergebnisse waren dabei durchweg sehr gut. Profitieren auch Sie von unserer Erfahrung und bestellen sich Ihr Rundum Sorglospaket. Exklusiv zur Sendung haben wir ein Komplettpaket f\u00fcr alle Situationen zusammengestellt. Zusammenstellung: + mobiler Radarwarner Navty P1 Premium, [&#8230;]\n","protected":false},"featured_media":13665,"comment_status":"open","ping_status":"closed","template":"","meta":[],"product_brand":[],"product_cat":[266,231],"product_tag":[34,178,179,180],"class_list":{"0":"post-13652","1":"product","2":"type-product","3":"status-publish","4":"has-post-thumbnail","6":"product_cat-empfohlene-komplettpakete","7":"product_cat-navty","8":"product_tag-radarwarner","9":"product_tag-rtl","10":"product_tag-spiegel-tv","11":"product_tag-tv-bericht","13":"first","14":"instock","15":"sale","16":"taxable","17":"shipping-taxable","18":"purchasable","19":"product-type-simple"},"yoast_head":"<!-- This site is optimized with the Yoast SEO plugin v27.2 - https:\/\/yoast.com\/product\/yoast-seo-wordpress\/ -->\n<title>Radarwarnerpaket zur RTL SpiegelTV Sendung | Radar Service<\/title>\n<meta name=\"description\" content=\"Rundum Sorglospaket - mobile Radarwarntechnik f\u00fcr flexible Nutzung in mehreren Fahrzeugen.\" \/>\n<meta name=\"robots\" content=\"index, follow, max-snippet:-1, max-image-preview:large, max-video-preview:-1\" \/>\n<link rel=\"canonical\" href=\"https:\/\/radarservice.eu\/de\/produkt\/radarwarnerpaket-zur-rtl-spiegeltv-sendung\/\" \/>\n<meta property=\"og:locale\" content=\"de_DE\" \/>\n<meta property=\"og:type\" content=\"article\" \/>\n<meta property=\"og:title\" content=\"Radarwarnerpaket zur RTL SpiegelTV Sendung | Radar Service\" \/>\n<meta property=\"og:description\" content=\"Rundum Sorglospaket - mobile Radarwarntechnik f\u00fcr flexible Nutzung in mehreren Fahrzeugen.\" \/>\n<meta property=\"og:url\" content=\"https:\/\/radarservice.eu\/de\/produkt\/radarwarnerpaket-zur-rtl-spiegeltv-sendung\/\" \/>\n<meta property=\"og:site_name\" content=\"Radar Service\" \/>\n<meta property=\"article:modified_time\" content=\"2020-11-23T23:44:50+00:00\" \/>\n<meta property=\"og:image\" content=\"https:\/\/radarservice.eu\/wp-content\/uploads\/2020\/09\/NAVTY-P1-Bentley-1.jpeg\" \/>\n\t<meta property=\"og:image:width\" content=\"2048\" \/>\n\t<meta property=\"og:image:height\" content=\"1353\" \/>\n\t<meta property=\"og:image:type\" content=\"image\/jpeg\" \/>\n<meta name=\"twitter:card\" content=\"summary_large_image\" \/>\n<meta name=\"twitter:label1\" content=\"Gesch\u00e4tzte Lesezeit\" \/>\n\t<meta name=\"twitter:data1\" content=\"1\u00a0Minute\" \/>\n<script type=\"application\/ld+json\" class=\"yoast-schema-graph\">{\"@context\":\"https:\/\/schema.org\",\"@graph\":[{\"@type\":\"WebPage\",\"@id\":\"https:\/\/radarservice.eu\/de\/produkt\/radarwarnerpaket-zur-rtl-spiegeltv-sendung\/\",\"url\":\"https:\/\/radarservice.eu\/de\/produkt\/radarwarnerpaket-zur-rtl-spiegeltv-sendung\/\",\"name\":\"Radarwarnerpaket zur RTL SpiegelTV Sendung | Radar Service\",\"isPartOf\":{\"@id\":\"https:\/\/radarservice.eu\/de\/#website\"},\"primaryImageOfPage\":{\"@id\":\"https:\/\/radarservice.eu\/de\/produkt\/radarwarnerpaket-zur-rtl-spiegeltv-sendung\/#primaryimage\"},\"image\":{\"@id\":\"https:\/\/radarservice.eu\/de\/produkt\/radarwarnerpaket-zur-rtl-spiegeltv-sendung\/#primaryimage\"},\"thumbnailUrl\":\"https:\/\/radarservice.eu\/wp-content\/uploads\/2020\/09\/NAVTY-P1-Bentley-1.jpeg\",\"datePublished\":\"2020-09-13T12:47:06+00:00\",\"dateModified\":\"2020-11-23T23:44:50+00:00\",\"description\":\"Rundum Sorglospaket - mobile Radarwarntechnik f\u00fcr flexible Nutzung in mehreren Fahrzeugen.\",\"breadcrumb\":{\"@id\":\"https:\/\/radarservice.eu\/de\/produkt\/radarwarnerpaket-zur-rtl-spiegeltv-sendung\/#breadcrumb\"},\"inLanguage\":\"de\",\"potentialAction\":[{\"@type\":\"ReadAction\",\"target\":[\"https:\/\/radarservice.eu\/de\/produkt\/radarwarnerpaket-zur-rtl-spiegeltv-sendung\/\"]}]},{\"@type\":\"ImageObject\",\"inLanguage\":\"de\",\"@id\":\"https:\/\/radarservice.eu\/de\/produkt\/radarwarnerpaket-zur-rtl-spiegeltv-sendung\/#primaryimage\",\"url\":\"https:\/\/radarservice.eu\/wp-content\/uploads\/2020\/09\/NAVTY-P1-Bentley-1.jpeg\",\"contentUrl\":\"https:\/\/radarservice.eu\/wp-content\/uploads\/2020\/09\/NAVTY-P1-Bentley-1.jpeg\",\"width\":2048,\"height\":1353,\"caption\":\"Navty P1 Bentley\"},{\"@type\":\"BreadcrumbList\",\"@id\":\"https:\/\/radarservice.eu\/de\/produkt\/radarwarnerpaket-zur-rtl-spiegeltv-sendung\/#breadcrumb\",\"itemListElement\":[{\"@type\":\"ListItem\",\"position\":1,\"name\":\"Radarwarner Shop\",\"item\":\"https:\/\/radarservice.eu\/de\/shop\/\"},{\"@type\":\"ListItem\",\"position\":2,\"name\":\"Radarwarnerpaket zur RTL SpiegelTV Sendung\"}]},{\"@type\":\"WebSite\",\"@id\":\"https:\/\/radarservice.eu\/de\/#website\",\"url\":\"https:\/\/radarservice.eu\/de\/\",\"name\":\"Radar Service\",\"description\":\"Radar detector Laser jammer mobile fix\",\"publisher\":{\"@id\":\"https:\/\/radarservice.eu\/de\/#organization\"},\"potentialAction\":[{\"@type\":\"SearchAction\",\"target\":{\"@type\":\"EntryPoint\",\"urlTemplate\":\"https:\/\/radarservice.eu\/de\/?s={search_term_string}\"},\"query-input\":{\"@type\":\"PropertyValueSpecification\",\"valueRequired\":true,\"valueName\":\"search_term_string\"}}],\"inLanguage\":\"de\"},{\"@type\":\"Organization\",\"@id\":\"https:\/\/radarservice.eu\/de\/#organization\",\"name\":\"RadarService\",\"url\":\"https:\/\/radarservice.eu\/de\/\",\"logo\":{\"@type\":\"ImageObject\",\"inLanguage\":\"de\",\"@id\":\"https:\/\/radarservice.eu\/de\/#\/schema\/logo\/image\/\",\"url\":\"https:\/\/radarservice.eu\/wp-content\/uploads\/2021\/03\/Radar_detector_service.png\",\"contentUrl\":\"https:\/\/radarservice.eu\/wp-content\/uploads\/2021\/03\/Radar_detector_service.png\",\"width\":174,\"height\":48,\"caption\":\"RadarService\"},\"image\":{\"@id\":\"https:\/\/radarservice.eu\/de\/#\/schema\/logo\/image\/\"}}]}<\/script>\n<!-- \/ Yoast SEO plugin. -->","yoast_head_json":{"title":"Radarwarnerpaket zur RTL SpiegelTV Sendung | Radar Service","description":"Rundum Sorglospaket - mobile Radarwarntechnik f\u00fcr flexible Nutzung in mehreren Fahrzeugen.","robots":{"index":"index","follow":"follow","max-snippet":"max-snippet:-1","max-image-preview":"max-image-preview:large","max-video-preview":"max-video-preview:-1"},"canonical":"https:\/\/radarservice.eu\/de\/produkt\/radarwarnerpaket-zur-rtl-spiegeltv-sendung\/","og_locale":"de_DE","og_type":"article","og_title":"Radarwarnerpaket zur RTL SpiegelTV Sendung | Radar Service","og_description":"Rundum Sorglospaket - mobile Radarwarntechnik f\u00fcr flexible Nutzung in mehreren Fahrzeugen.","og_url":"https:\/\/radarservice.eu\/de\/produkt\/radarwarnerpaket-zur-rtl-spiegeltv-sendung\/","og_site_name":"Radar Service","article_modified_time":"2020-11-23T23:44:50+00:00","og_image":[{"width":2048,"height":1353,"url":"https:\/\/radarservice.eu\/wp-content\/uploads\/2020\/09\/NAVTY-P1-Bentley-1.jpeg","type":"image\/jpeg"}],"twitter_card":"summary_large_image","twitter_misc":{"Gesch\u00e4tzte Lesezeit":"1\u00a0Minute"},"schema":{"@context":"https:\/\/schema.org","@graph":[{"@type":"WebPage","@id":"https:\/\/radarservice.eu\/de\/produkt\/radarwarnerpaket-zur-rtl-spiegeltv-sendung\/","url":"https:\/\/radarservice.eu\/de\/produkt\/radarwarnerpaket-zur-rtl-spiegeltv-sendung\/","name":"Radarwarnerpaket zur RTL SpiegelTV Sendung | Radar Service","isPartOf":{"@id":"https:\/\/radarservice.eu\/de\/#website"},"primaryImageOfPage":{"@id":"https:\/\/radarservice.eu\/de\/produkt\/radarwarnerpaket-zur-rtl-spiegeltv-sendung\/#primaryimage"},"image":{"@id":"https:\/\/radarservice.eu\/de\/produkt\/radarwarnerpaket-zur-rtl-spiegeltv-sendung\/#primaryimage"},"thumbnailUrl":"https:\/\/radarservice.eu\/wp-content\/uploads\/2020\/09\/NAVTY-P1-Bentley-1.jpeg","datePublished":"2020-09-13T12:47:06+00:00","dateModified":"2020-11-23T23:44:50+00:00","description":"Rundum Sorglospaket - mobile Radarwarntechnik f\u00fcr flexible Nutzung in mehreren Fahrzeugen.","breadcrumb":{"@id":"https:\/\/radarservice.eu\/de\/produkt\/radarwarnerpaket-zur-rtl-spiegeltv-sendung\/#breadcrumb"},"inLanguage":"de","potentialAction":[{"@type":"ReadAction","target":["https:\/\/radarservice.eu\/de\/produkt\/radarwarnerpaket-zur-rtl-spiegeltv-sendung\/"]}]},{"@type":"ImageObject","inLanguage":"de","@id":"https:\/\/radarservice.eu\/de\/produkt\/radarwarnerpaket-zur-rtl-spiegeltv-sendung\/#primaryimage","url":"https:\/\/radarservice.eu\/wp-content\/uploads\/2020\/09\/NAVTY-P1-Bentley-1.jpeg","contentUrl":"https:\/\/radarservice.eu\/wp-content\/uploads\/2020\/09\/NAVTY-P1-Bentley-1.jpeg","width":2048,"height":1353,"caption":"Navty P1 Bentley"},{"@type":"BreadcrumbList","@id":"https:\/\/radarservice.eu\/de\/produkt\/radarwarnerpaket-zur-rtl-spiegeltv-sendung\/#breadcrumb","itemListElement":[{"@type":"ListItem","position":1,"name":"Radarwarner Shop","item":"https:\/\/radarservice.eu\/de\/shop\/"},{"@type":"ListItem","position":2,"name":"Radarwarnerpaket zur RTL SpiegelTV Sendung"}]},{"@type":"WebSite","@id":"https:\/\/radarservice.eu\/de\/#website","url":"https:\/\/radarservice.eu\/de\/","name":"Radar Service","description":"Radar detector Laser jammer mobile fix","publisher":{"@id":"https:\/\/radarservice.eu\/de\/#organization"},"potentialAction":[{"@type":"SearchAction","target":{"@type":"EntryPoint","urlTemplate":"https:\/\/radarservice.eu\/de\/?s={search_term_string}"},"query-input":{"@type":"PropertyValueSpecification","valueRequired":true,"valueName":"search_term_string"}}],"inLanguage":"de"},{"@type":"Organization","@id":"https:\/\/radarservice.eu\/de\/#organization","name":"RadarService","url":"https:\/\/radarservice.eu\/de\/","logo":{"@type":"ImageObject","inLanguage":"de","@id":"https:\/\/radarservice.eu\/de\/#\/schema\/logo\/image\/","url":"https:\/\/radarservice.eu\/wp-content\/uploads\/2021\/03\/Radar_detector_service.png","contentUrl":"https:\/\/radarservice.eu\/wp-content\/uploads\/2021\/03\/Radar_detector_service.png","width":174,"height":48,"caption":"RadarService"},"image":{"@id":"https:\/\/radarservice.eu\/de\/#\/schema\/logo\/image\/"}}]}},"_links":{"self":[{"href":"https:\/\/radarservice.eu\/de\/wp-json\/wp\/v2\/product\/13652","targetHints":{"allow":["GET"]}}],"collection":[{"href":"https:\/\/radarservice.eu\/de\/wp-json\/wp\/v2\/product"}],"about":[{"href":"https:\/\/radarservice.eu\/de\/wp-json\/wp\/v2\/types\/product"}],"replies":[{"embeddable":true,"href":"https:\/\/radarservice.eu\/de\/wp-json\/wp\/v2\/comments?post=13652"}],"wp:featuredmedia":[{"embeddable":true,"href":"https:\/\/radarservice.eu\/de\/wp-json\/wp\/v2\/media\/13665"}],"wp:attachment":[{"href":"https:\/\/radarservice.eu\/de\/wp-json\/wp\/v2\/media?parent=13652"}],"wp:term":[{"taxonomy":"product_brand","embeddable":true,"href":"https:\/\/radarservice.eu\/de\/wp-json\/wp\/v2\/product_brand?post=13652"},{"taxonomy":"product_cat","embeddable":true,"href":"https:\/\/radarservice.eu\/de\/wp-json\/wp\/v2\/product_cat?post=13652"},{"taxonomy":"product_tag","embeddable":true,"href":"https:\/\/radarservice.eu\/de\/wp-json\/wp\/v2\/product_tag?post=13652"}],"curies":[{"name":"wp","href":"https:\/\/api.w.org\/{rel}","templated":true}]}}