{"id":13650,"date":"2020-09-13T14:47:05","date_gmt":"2020-09-13T12:47:05","guid":{"rendered":"https:\/\/radarservice.eu\/produkt\/poi-locator-m-europa\/"},"modified":"2020-11-09T12:42:02","modified_gmt":"2020-11-09T11:42:02","slug":"poi-locator-m-europa","status":"publish","type":"product","link":"https:\/\/radarservice.eu\/de\/produkt\/poi-locator-m-europa\/","title":{"rendered":"POI Locator M &#8211; Europa"},"content":{"rendered":"<p>Der POI Locator M ist ein neuartiger Radarwarner, der vor ca. 35.000 festinstallierten und ca. 50.000 mobilen Messstationen in ganz Europa warnt. Mit einer Gr\u00f6\u00dfe von 7,5 x 4,5 cm ist er dabei so gro\u00df wie eine Streichholzschachtel und kann unsichtbar (z.B. im Aschenbecher oder Mittelkonsole) betrieben werden. W\u00e4hrend der Fahrt wird bei Ann\u00e4herung an einen festen oder mobilen Geschwindigkeitsmesspunkt eine akustische und optische Hinweismeldung ausgegeben. Dabei werden sowohl Geschwindigkeits- als auch Ampel\u00fcberwachungsanlagen zuverl\u00e4ssig erkannt und angezeigt.Der POI Locator kann sowohl mit Dauerstrom (12V Zigarettenanz\u00fcnder) als auch mit einem mitgeliefertem Akku betrieben werden. Die Akkulaufzeit ist selbst f\u00fcr einen Vielfahrer ausreichend und h\u00e4lt im Durchschnitt ca. 13 &#8211; 14 Stunden.<\/p>\n<p><strong>\u00dcbersicht:<\/strong><br \/>\n+ mehr als 85.000 mobile und feste Radarfallen<br \/>\n+ klare optisch und akustisch Warnung<br \/>\n+ kleine Bauweise<br \/>\n+ bis zu 17 Stunden Strom durch Lithium Ionen Batterie<\/p>\n<p><strong>Lieferumfang:<\/strong><br \/>\n* POI Locator M (fertig konfiguriert und sofort einsetzbar)<br \/>\n* vorinstallierte Europa-Datenbank<br \/>\n* KFZ-Ladekabel (Eingang 12V, Ausgang 5V)<br \/>\n* 220V-Adapter (Ausgang 5,3V, 500mA)<br \/>\n* 1100mA Lithium-Ionen-Batterie<br \/>\n* USB-Verbindungskabel<br \/>\n* Anti-Rutsch-Matte<\/p>\n","protected":false},"excerpt":{"rendered":"<p>Der POI Locator M ist ein neuartiger Radarwarner, der vor ca. 35.000 festinstallierten und ca. 50.000 mobilen Messstationen in ganz Europa warnt. Mit einer Gr\u00f6\u00dfe von 7,5 x 4,5 cm ist er dabei so gro\u00df wie eine Streichholzschachtel und kann unsichtbar (z.B. im Aschenbecher oder Mittelkonsole) betrieben werden. W\u00e4hrend der Fahrt wird bei Ann\u00e4herung an [&#8230;]\n","protected":false},"featured_media":13696,"comment_status":"open","ping_status":"closed","template":"","meta":[],"product_brand":[],"product_cat":[194],"product_tag":[45,170,171,169,167,168,156],"class_list":{"0":"post-13650","1":"product","2":"type-product","3":"status-publish","4":"has-post-thumbnail","6":"product_cat-gps-poi-warner","7":"product_tag-europa","8":"product_tag-feste","9":"product_tag-festinstallierte","10":"product_tag-mobile","11":"product_tag-poi-locator","12":"product_tag-poi-locator-m","13":"product_tag-radarfallen","15":"first","16":"instock","17":"taxable","18":"shipping-taxable","19":"purchasable","20":"product-type-simple"},"yoast_head":"<!-- This site is optimized with the Yoast SEO plugin v27.2 - https:\/\/yoast.com\/product\/yoast-seo-wordpress\/ -->\n<title>POI Locator M - Europa | Radar Service<\/title>\n<meta name=\"description\" content=\"Der POI Locator M warnt zuverl\u00e4ssig vor ca. 35.000 festinstallierten und 50.000 mobilen Radarfallen in ganz Europa warnt.\" \/>\n<meta name=\"robots\" content=\"index, follow, max-snippet:-1, max-image-preview:large, max-video-preview:-1\" \/>\n<link rel=\"canonical\" href=\"https:\/\/radarservice.eu\/de\/produkt\/poi-locator-m-europa\/\" \/>\n<meta property=\"og:locale\" content=\"de_DE\" \/>\n<meta property=\"og:type\" content=\"article\" \/>\n<meta property=\"og:title\" content=\"POI Locator M - Europa | Radar Service\" \/>\n<meta property=\"og:description\" content=\"Der POI Locator M warnt zuverl\u00e4ssig vor ca. 35.000 festinstallierten und 50.000 mobilen Radarfallen in ganz Europa warnt.\" \/>\n<meta property=\"og:url\" content=\"https:\/\/radarservice.eu\/de\/produkt\/poi-locator-m-europa\/\" \/>\n<meta property=\"og:site_name\" content=\"Radar Service\" \/>\n<meta property=\"article:modified_time\" content=\"2020-11-09T11:42:02+00:00\" \/>\n<meta property=\"og:image\" content=\"https:\/\/radarservice.eu\/wp-content\/uploads\/2020\/09\/POILocator.jpg\" \/>\n\t<meta property=\"og:image:width\" content=\"500\" \/>\n\t<meta property=\"og:image:height\" content=\"500\" \/>\n\t<meta property=\"og:image:type\" content=\"image\/jpeg\" \/>\n<meta name=\"twitter:card\" content=\"summary_large_image\" \/>\n<meta name=\"twitter:label1\" content=\"Gesch\u00e4tzte Lesezeit\" \/>\n\t<meta name=\"twitter:data1\" content=\"1\u00a0Minute\" \/>\n<script type=\"application\/ld+json\" class=\"yoast-schema-graph\">{\"@context\":\"https:\/\/schema.org\",\"@graph\":[{\"@type\":\"WebPage\",\"@id\":\"https:\/\/radarservice.eu\/de\/produkt\/poi-locator-m-europa\/\",\"url\":\"https:\/\/radarservice.eu\/de\/produkt\/poi-locator-m-europa\/\",\"name\":\"POI Locator M - Europa | Radar Service\",\"isPartOf\":{\"@id\":\"https:\/\/radarservice.eu\/de\/#website\"},\"primaryImageOfPage\":{\"@id\":\"https:\/\/radarservice.eu\/de\/produkt\/poi-locator-m-europa\/#primaryimage\"},\"image\":{\"@id\":\"https:\/\/radarservice.eu\/de\/produkt\/poi-locator-m-europa\/#primaryimage\"},\"thumbnailUrl\":\"https:\/\/radarservice.eu\/wp-content\/uploads\/2020\/09\/POILocator.jpg\",\"datePublished\":\"2020-09-13T12:47:05+00:00\",\"dateModified\":\"2020-11-09T11:42:02+00:00\",\"description\":\"Der POI Locator M warnt zuverl\u00e4ssig vor ca. 35.000 festinstallierten und 50.000 mobilen Radarfallen in ganz Europa warnt.\",\"breadcrumb\":{\"@id\":\"https:\/\/radarservice.eu\/de\/produkt\/poi-locator-m-europa\/#breadcrumb\"},\"inLanguage\":\"de\",\"potentialAction\":[{\"@type\":\"ReadAction\",\"target\":[\"https:\/\/radarservice.eu\/de\/produkt\/poi-locator-m-europa\/\"]}]},{\"@type\":\"ImageObject\",\"inLanguage\":\"de\",\"@id\":\"https:\/\/radarservice.eu\/de\/produkt\/poi-locator-m-europa\/#primaryimage\",\"url\":\"https:\/\/radarservice.eu\/wp-content\/uploads\/2020\/09\/POILocator.jpg\",\"contentUrl\":\"https:\/\/radarservice.eu\/wp-content\/uploads\/2020\/09\/POILocator.jpg\",\"width\":500,\"height\":500,\"caption\":\"GPS POI Locator\"},{\"@type\":\"BreadcrumbList\",\"@id\":\"https:\/\/radarservice.eu\/de\/produkt\/poi-locator-m-europa\/#breadcrumb\",\"itemListElement\":[{\"@type\":\"ListItem\",\"position\":1,\"name\":\"Radarwarner Shop\",\"item\":\"https:\/\/radarservice.eu\/de\/shop\/\"},{\"@type\":\"ListItem\",\"position\":2,\"name\":\"POI Locator M &#8211; Europa\"}]},{\"@type\":\"WebSite\",\"@id\":\"https:\/\/radarservice.eu\/de\/#website\",\"url\":\"https:\/\/radarservice.eu\/de\/\",\"name\":\"Radar Service\",\"description\":\"Radar detector Laser jammer mobile fix\",\"publisher\":{\"@id\":\"https:\/\/radarservice.eu\/de\/#organization\"},\"potentialAction\":[{\"@type\":\"SearchAction\",\"target\":{\"@type\":\"EntryPoint\",\"urlTemplate\":\"https:\/\/radarservice.eu\/de\/?s={search_term_string}\"},\"query-input\":{\"@type\":\"PropertyValueSpecification\",\"valueRequired\":true,\"valueName\":\"search_term_string\"}}],\"inLanguage\":\"de\"},{\"@type\":\"Organization\",\"@id\":\"https:\/\/radarservice.eu\/de\/#organization\",\"name\":\"RadarService\",\"url\":\"https:\/\/radarservice.eu\/de\/\",\"logo\":{\"@type\":\"ImageObject\",\"inLanguage\":\"de\",\"@id\":\"https:\/\/radarservice.eu\/de\/#\/schema\/logo\/image\/\",\"url\":\"https:\/\/radarservice.eu\/wp-content\/uploads\/2021\/03\/Radar_detector_service.png\",\"contentUrl\":\"https:\/\/radarservice.eu\/wp-content\/uploads\/2021\/03\/Radar_detector_service.png\",\"width\":174,\"height\":48,\"caption\":\"RadarService\"},\"image\":{\"@id\":\"https:\/\/radarservice.eu\/de\/#\/schema\/logo\/image\/\"}}]}<\/script>\n<!-- \/ Yoast SEO plugin. -->","yoast_head_json":{"title":"POI Locator M - Europa | Radar Service","description":"Der POI Locator M warnt zuverl\u00e4ssig vor ca. 35.000 festinstallierten und 50.000 mobilen Radarfallen in ganz Europa warnt.","robots":{"index":"index","follow":"follow","max-snippet":"max-snippet:-1","max-image-preview":"max-image-preview:large","max-video-preview":"max-video-preview:-1"},"canonical":"https:\/\/radarservice.eu\/de\/produkt\/poi-locator-m-europa\/","og_locale":"de_DE","og_type":"article","og_title":"POI Locator M - Europa | Radar Service","og_description":"Der POI Locator M warnt zuverl\u00e4ssig vor ca. 35.000 festinstallierten und 50.000 mobilen Radarfallen in ganz Europa warnt.","og_url":"https:\/\/radarservice.eu\/de\/produkt\/poi-locator-m-europa\/","og_site_name":"Radar Service","article_modified_time":"2020-11-09T11:42:02+00:00","og_image":[{"width":500,"height":500,"url":"https:\/\/radarservice.eu\/wp-content\/uploads\/2020\/09\/POILocator.jpg","type":"image\/jpeg"}],"twitter_card":"summary_large_image","twitter_misc":{"Gesch\u00e4tzte Lesezeit":"1\u00a0Minute"},"schema":{"@context":"https:\/\/schema.org","@graph":[{"@type":"WebPage","@id":"https:\/\/radarservice.eu\/de\/produkt\/poi-locator-m-europa\/","url":"https:\/\/radarservice.eu\/de\/produkt\/poi-locator-m-europa\/","name":"POI Locator M - Europa | Radar Service","isPartOf":{"@id":"https:\/\/radarservice.eu\/de\/#website"},"primaryImageOfPage":{"@id":"https:\/\/radarservice.eu\/de\/produkt\/poi-locator-m-europa\/#primaryimage"},"image":{"@id":"https:\/\/radarservice.eu\/de\/produkt\/poi-locator-m-europa\/#primaryimage"},"thumbnailUrl":"https:\/\/radarservice.eu\/wp-content\/uploads\/2020\/09\/POILocator.jpg","datePublished":"2020-09-13T12:47:05+00:00","dateModified":"2020-11-09T11:42:02+00:00","description":"Der POI Locator M warnt zuverl\u00e4ssig vor ca. 35.000 festinstallierten und 50.000 mobilen Radarfallen in ganz Europa warnt.","breadcrumb":{"@id":"https:\/\/radarservice.eu\/de\/produkt\/poi-locator-m-europa\/#breadcrumb"},"inLanguage":"de","potentialAction":[{"@type":"ReadAction","target":["https:\/\/radarservice.eu\/de\/produkt\/poi-locator-m-europa\/"]}]},{"@type":"ImageObject","inLanguage":"de","@id":"https:\/\/radarservice.eu\/de\/produkt\/poi-locator-m-europa\/#primaryimage","url":"https:\/\/radarservice.eu\/wp-content\/uploads\/2020\/09\/POILocator.jpg","contentUrl":"https:\/\/radarservice.eu\/wp-content\/uploads\/2020\/09\/POILocator.jpg","width":500,"height":500,"caption":"GPS POI Locator"},{"@type":"BreadcrumbList","@id":"https:\/\/radarservice.eu\/de\/produkt\/poi-locator-m-europa\/#breadcrumb","itemListElement":[{"@type":"ListItem","position":1,"name":"Radarwarner Shop","item":"https:\/\/radarservice.eu\/de\/shop\/"},{"@type":"ListItem","position":2,"name":"POI Locator M &#8211; Europa"}]},{"@type":"WebSite","@id":"https:\/\/radarservice.eu\/de\/#website","url":"https:\/\/radarservice.eu\/de\/","name":"Radar Service","description":"Radar detector Laser jammer mobile fix","publisher":{"@id":"https:\/\/radarservice.eu\/de\/#organization"},"potentialAction":[{"@type":"SearchAction","target":{"@type":"EntryPoint","urlTemplate":"https:\/\/radarservice.eu\/de\/?s={search_term_string}"},"query-input":{"@type":"PropertyValueSpecification","valueRequired":true,"valueName":"search_term_string"}}],"inLanguage":"de"},{"@type":"Organization","@id":"https:\/\/radarservice.eu\/de\/#organization","name":"RadarService","url":"https:\/\/radarservice.eu\/de\/","logo":{"@type":"ImageObject","inLanguage":"de","@id":"https:\/\/radarservice.eu\/de\/#\/schema\/logo\/image\/","url":"https:\/\/radarservice.eu\/wp-content\/uploads\/2021\/03\/Radar_detector_service.png","contentUrl":"https:\/\/radarservice.eu\/wp-content\/uploads\/2021\/03\/Radar_detector_service.png","width":174,"height":48,"caption":"RadarService"},"image":{"@id":"https:\/\/radarservice.eu\/de\/#\/schema\/logo\/image\/"}}]}},"_links":{"self":[{"href":"https:\/\/radarservice.eu\/de\/wp-json\/wp\/v2\/product\/13650","targetHints":{"allow":["GET"]}}],"collection":[{"href":"https:\/\/radarservice.eu\/de\/wp-json\/wp\/v2\/product"}],"about":[{"href":"https:\/\/radarservice.eu\/de\/wp-json\/wp\/v2\/types\/product"}],"replies":[{"embeddable":true,"href":"https:\/\/radarservice.eu\/de\/wp-json\/wp\/v2\/comments?post=13650"}],"wp:featuredmedia":[{"embeddable":true,"href":"https:\/\/radarservice.eu\/de\/wp-json\/wp\/v2\/media\/13696"}],"wp:attachment":[{"href":"https:\/\/radarservice.eu\/de\/wp-json\/wp\/v2\/media?parent=13650"}],"wp:term":[{"taxonomy":"product_brand","embeddable":true,"href":"https:\/\/radarservice.eu\/de\/wp-json\/wp\/v2\/product_brand?post=13650"},{"taxonomy":"product_cat","embeddable":true,"href":"https:\/\/radarservice.eu\/de\/wp-json\/wp\/v2\/product_cat?post=13650"},{"taxonomy":"product_tag","embeddable":true,"href":"https:\/\/radarservice.eu\/de\/wp-json\/wp\/v2\/product_tag?post=13650"}],"curies":[{"name":"wp","href":"https:\/\/api.w.org\/{rel}","templated":true}]}}