{"id":13645,"date":"2020-09-13T14:47:05","date_gmt":"2020-09-13T12:47:05","guid":{"rendered":"https:\/\/radarservice.eu\/produkt\/beltronics-rx-65i-europa-version\/"},"modified":"2024-02-22T13:48:56","modified_gmt":"2024-02-22T12:48:56","slug":"beltronics-rx-65i-europa-version","status":"publish","type":"product","link":"https:\/\/radarservice.eu\/de\/produkt\/beltronics-rx-65i-europa-version\/","title":{"rendered":"Beltronics RX 65i Europa Version"},"content":{"rendered":"<p>Durch ein deutliches Tonsignal und das Textdisplay warnt der Bel RX65 zuverl\u00e4ssig vor Radarkontrollen und Lasermessungen. Die Laserwarnung des Bel RX 65i arbeit sehr zuverl\u00e4ssig, trotzdem f\u00e4llt die Vorwarnzeit im Vergleich zu Spitzenmodellen etwas geringer aus.<\/p>\n<p><strong>\u00dcbersicht:<\/strong><br \/>\n+ mobiler Radarwarner<br \/>\n+ Warnung vor Radarfallen in Europa<br \/>\n+ Warnung vor Lasermessungen<br \/>\n+ aktivierbare Stadt \/ Autobahn Filter (reduziert Fehlalarme)<br \/>\n+ automatische Helligkeitsregelung des Displays<br \/>\n+ Display komplett abschaltbar<br \/>\n+ einfache Montage mittels Zigarettenanz\u00fcnder ohne Werkstatt<\/p>\n<p><strong>Lieferumfang:<\/strong><br \/>\n* BEL RX65i Europa-Version &#8211; neueste Ausf\u00fchrung<br \/>\n* Travel Box<br \/>\n* Scheibenhalterung (Saugn\u00e4pfe)<br \/>\n* Stromanschlusskabel f\u00fcr Zigarettenanz\u00fcnder<br \/>\n* Bedienungsanleitung<\/p>\n","protected":false},"excerpt":{"rendered":"<p>Der Beltronics RX65i Europa ist ein mobiler Radarwarner, der mittels Zigarettenanz\u00fcnder angeschlossen wird und mit wenigen Handgriffen einsatzbereit ist.<\/p>\n","protected":false},"featured_media":13682,"comment_status":"open","ping_status":"closed","template":"","meta":[],"product_brand":[],"product_cat":[222,33],"product_tag":[157,61,150,158,34],"class_list":{"0":"post-13645","1":"product","2":"type-product","3":"status-publish","4":"has-post-thumbnail","6":"product_cat-beltronics","7":"product_cat-mobile-radarwarner","8":"product_tag-bel-rx-65","9":"product_tag-beltronics","10":"product_tag-eu","11":"product_tag-europa-version","12":"product_tag-radarwarner","14":"first","15":"onbackorder","16":"taxable","17":"shipping-taxable","18":"purchasable","19":"product-type-simple"},"yoast_head":"<!-- This site is optimized with the Yoast SEO plugin v27.2 - https:\/\/yoast.com\/product\/yoast-seo-wordpress\/ -->\n<title>Beltronics RX 65i Europa Version<\/title>\n<meta name=\"description\" content=\"Der Beltronics RX65i Europa ist ein mobiler Radarwarner f\u00fcr den Einsatz in ganz Europa.\" \/>\n<meta name=\"robots\" content=\"index, follow, max-snippet:-1, max-image-preview:large, max-video-preview:-1\" \/>\n<link rel=\"canonical\" href=\"https:\/\/radarservice.eu\/de\/produkt\/beltronics-rx-65i-europa-version\/\" \/>\n<meta property=\"og:locale\" content=\"de_DE\" \/>\n<meta property=\"og:type\" content=\"article\" \/>\n<meta property=\"og:title\" content=\"Beltronics RX 65i Europa Version\" \/>\n<meta property=\"og:description\" content=\"Der Beltronics RX65i Europa ist ein mobiler Radarwarner f\u00fcr den Einsatz in ganz Europa.\" \/>\n<meta property=\"og:url\" content=\"https:\/\/radarservice.eu\/de\/produkt\/beltronics-rx-65i-europa-version\/\" \/>\n<meta property=\"og:site_name\" content=\"Radar Service\" \/>\n<meta property=\"article:modified_time\" content=\"2024-02-22T12:48:56+00:00\" \/>\n<meta property=\"og:image\" content=\"https:\/\/radarservice.eu\/wp-content\/uploads\/2020\/09\/RX65_Europaversion.jpg\" \/>\n\t<meta property=\"og:image:width\" content=\"700\" \/>\n\t<meta property=\"og:image:height\" content=\"630\" \/>\n\t<meta property=\"og:image:type\" content=\"image\/jpeg\" \/>\n<meta name=\"twitter:card\" content=\"summary_large_image\" \/>\n<script type=\"application\/ld+json\" class=\"yoast-schema-graph\">{\"@context\":\"https:\/\/schema.org\",\"@graph\":[{\"@type\":\"WebPage\",\"@id\":\"https:\/\/radarservice.eu\/de\/produkt\/beltronics-rx-65i-europa-version\/\",\"url\":\"https:\/\/radarservice.eu\/de\/produkt\/beltronics-rx-65i-europa-version\/\",\"name\":\"Beltronics RX 65i Europa Version\",\"isPartOf\":{\"@id\":\"https:\/\/radarservice.eu\/de\/#website\"},\"primaryImageOfPage\":{\"@id\":\"https:\/\/radarservice.eu\/de\/produkt\/beltronics-rx-65i-europa-version\/#primaryimage\"},\"image\":{\"@id\":\"https:\/\/radarservice.eu\/de\/produkt\/beltronics-rx-65i-europa-version\/#primaryimage\"},\"thumbnailUrl\":\"https:\/\/radarservice.eu\/wp-content\/uploads\/2020\/09\/RX65_Europaversion.jpg\",\"datePublished\":\"2020-09-13T12:47:05+00:00\",\"dateModified\":\"2024-02-22T12:48:56+00:00\",\"description\":\"Der Beltronics RX65i Europa ist ein mobiler Radarwarner f\u00fcr den Einsatz in ganz Europa.\",\"breadcrumb\":{\"@id\":\"https:\/\/radarservice.eu\/de\/produkt\/beltronics-rx-65i-europa-version\/#breadcrumb\"},\"inLanguage\":\"de\",\"potentialAction\":[{\"@type\":\"ReadAction\",\"target\":[\"https:\/\/radarservice.eu\/de\/produkt\/beltronics-rx-65i-europa-version\/\"]}]},{\"@type\":\"ImageObject\",\"inLanguage\":\"de\",\"@id\":\"https:\/\/radarservice.eu\/de\/produkt\/beltronics-rx-65i-europa-version\/#primaryimage\",\"url\":\"https:\/\/radarservice.eu\/wp-content\/uploads\/2020\/09\/RX65_Europaversion.jpg\",\"contentUrl\":\"https:\/\/radarservice.eu\/wp-content\/uploads\/2020\/09\/RX65_Europaversion.jpg\",\"width\":700,\"height\":630,\"caption\":\"Beltronics Bel RX65 Europaversion\"},{\"@type\":\"BreadcrumbList\",\"@id\":\"https:\/\/radarservice.eu\/de\/produkt\/beltronics-rx-65i-europa-version\/#breadcrumb\",\"itemListElement\":[{\"@type\":\"ListItem\",\"position\":1,\"name\":\"Radarwarner Shop\",\"item\":\"https:\/\/radarservice.eu\/de\/shop\/\"},{\"@type\":\"ListItem\",\"position\":2,\"name\":\"Beltronics RX 65i Europa Version\"}]},{\"@type\":\"WebSite\",\"@id\":\"https:\/\/radarservice.eu\/de\/#website\",\"url\":\"https:\/\/radarservice.eu\/de\/\",\"name\":\"Radar Service\",\"description\":\"Radar detector Laser jammer mobile fix\",\"publisher\":{\"@id\":\"https:\/\/radarservice.eu\/de\/#organization\"},\"potentialAction\":[{\"@type\":\"SearchAction\",\"target\":{\"@type\":\"EntryPoint\",\"urlTemplate\":\"https:\/\/radarservice.eu\/de\/?s={search_term_string}\"},\"query-input\":{\"@type\":\"PropertyValueSpecification\",\"valueRequired\":true,\"valueName\":\"search_term_string\"}}],\"inLanguage\":\"de\"},{\"@type\":\"Organization\",\"@id\":\"https:\/\/radarservice.eu\/de\/#organization\",\"name\":\"RadarService\",\"url\":\"https:\/\/radarservice.eu\/de\/\",\"logo\":{\"@type\":\"ImageObject\",\"inLanguage\":\"de\",\"@id\":\"https:\/\/radarservice.eu\/de\/#\/schema\/logo\/image\/\",\"url\":\"https:\/\/radarservice.eu\/wp-content\/uploads\/2021\/03\/Radar_detector_service.png\",\"contentUrl\":\"https:\/\/radarservice.eu\/wp-content\/uploads\/2021\/03\/Radar_detector_service.png\",\"width\":174,\"height\":48,\"caption\":\"RadarService\"},\"image\":{\"@id\":\"https:\/\/radarservice.eu\/de\/#\/schema\/logo\/image\/\"}}]}<\/script>\n<!-- \/ Yoast SEO plugin. -->","yoast_head_json":{"title":"Beltronics RX 65i Europa Version","description":"Der Beltronics RX65i Europa ist ein mobiler Radarwarner f\u00fcr den Einsatz in ganz Europa.","robots":{"index":"index","follow":"follow","max-snippet":"max-snippet:-1","max-image-preview":"max-image-preview:large","max-video-preview":"max-video-preview:-1"},"canonical":"https:\/\/radarservice.eu\/de\/produkt\/beltronics-rx-65i-europa-version\/","og_locale":"de_DE","og_type":"article","og_title":"Beltronics RX 65i Europa Version","og_description":"Der Beltronics RX65i Europa ist ein mobiler Radarwarner f\u00fcr den Einsatz in ganz Europa.","og_url":"https:\/\/radarservice.eu\/de\/produkt\/beltronics-rx-65i-europa-version\/","og_site_name":"Radar Service","article_modified_time":"2024-02-22T12:48:56+00:00","og_image":[{"width":700,"height":630,"url":"https:\/\/radarservice.eu\/wp-content\/uploads\/2020\/09\/RX65_Europaversion.jpg","type":"image\/jpeg"}],"twitter_card":"summary_large_image","schema":{"@context":"https:\/\/schema.org","@graph":[{"@type":"WebPage","@id":"https:\/\/radarservice.eu\/de\/produkt\/beltronics-rx-65i-europa-version\/","url":"https:\/\/radarservice.eu\/de\/produkt\/beltronics-rx-65i-europa-version\/","name":"Beltronics RX 65i Europa Version","isPartOf":{"@id":"https:\/\/radarservice.eu\/de\/#website"},"primaryImageOfPage":{"@id":"https:\/\/radarservice.eu\/de\/produkt\/beltronics-rx-65i-europa-version\/#primaryimage"},"image":{"@id":"https:\/\/radarservice.eu\/de\/produkt\/beltronics-rx-65i-europa-version\/#primaryimage"},"thumbnailUrl":"https:\/\/radarservice.eu\/wp-content\/uploads\/2020\/09\/RX65_Europaversion.jpg","datePublished":"2020-09-13T12:47:05+00:00","dateModified":"2024-02-22T12:48:56+00:00","description":"Der Beltronics RX65i Europa ist ein mobiler Radarwarner f\u00fcr den Einsatz in ganz Europa.","breadcrumb":{"@id":"https:\/\/radarservice.eu\/de\/produkt\/beltronics-rx-65i-europa-version\/#breadcrumb"},"inLanguage":"de","potentialAction":[{"@type":"ReadAction","target":["https:\/\/radarservice.eu\/de\/produkt\/beltronics-rx-65i-europa-version\/"]}]},{"@type":"ImageObject","inLanguage":"de","@id":"https:\/\/radarservice.eu\/de\/produkt\/beltronics-rx-65i-europa-version\/#primaryimage","url":"https:\/\/radarservice.eu\/wp-content\/uploads\/2020\/09\/RX65_Europaversion.jpg","contentUrl":"https:\/\/radarservice.eu\/wp-content\/uploads\/2020\/09\/RX65_Europaversion.jpg","width":700,"height":630,"caption":"Beltronics Bel RX65 Europaversion"},{"@type":"BreadcrumbList","@id":"https:\/\/radarservice.eu\/de\/produkt\/beltronics-rx-65i-europa-version\/#breadcrumb","itemListElement":[{"@type":"ListItem","position":1,"name":"Radarwarner Shop","item":"https:\/\/radarservice.eu\/de\/shop\/"},{"@type":"ListItem","position":2,"name":"Beltronics RX 65i Europa Version"}]},{"@type":"WebSite","@id":"https:\/\/radarservice.eu\/de\/#website","url":"https:\/\/radarservice.eu\/de\/","name":"Radar Service","description":"Radar detector Laser jammer mobile fix","publisher":{"@id":"https:\/\/radarservice.eu\/de\/#organization"},"potentialAction":[{"@type":"SearchAction","target":{"@type":"EntryPoint","urlTemplate":"https:\/\/radarservice.eu\/de\/?s={search_term_string}"},"query-input":{"@type":"PropertyValueSpecification","valueRequired":true,"valueName":"search_term_string"}}],"inLanguage":"de"},{"@type":"Organization","@id":"https:\/\/radarservice.eu\/de\/#organization","name":"RadarService","url":"https:\/\/radarservice.eu\/de\/","logo":{"@type":"ImageObject","inLanguage":"de","@id":"https:\/\/radarservice.eu\/de\/#\/schema\/logo\/image\/","url":"https:\/\/radarservice.eu\/wp-content\/uploads\/2021\/03\/Radar_detector_service.png","contentUrl":"https:\/\/radarservice.eu\/wp-content\/uploads\/2021\/03\/Radar_detector_service.png","width":174,"height":48,"caption":"RadarService"},"image":{"@id":"https:\/\/radarservice.eu\/de\/#\/schema\/logo\/image\/"}}]}},"_links":{"self":[{"href":"https:\/\/radarservice.eu\/de\/wp-json\/wp\/v2\/product\/13645","targetHints":{"allow":["GET"]}}],"collection":[{"href":"https:\/\/radarservice.eu\/de\/wp-json\/wp\/v2\/product"}],"about":[{"href":"https:\/\/radarservice.eu\/de\/wp-json\/wp\/v2\/types\/product"}],"replies":[{"embeddable":true,"href":"https:\/\/radarservice.eu\/de\/wp-json\/wp\/v2\/comments?post=13645"}],"wp:featuredmedia":[{"embeddable":true,"href":"https:\/\/radarservice.eu\/de\/wp-json\/wp\/v2\/media\/13682"}],"wp:attachment":[{"href":"https:\/\/radarservice.eu\/de\/wp-json\/wp\/v2\/media?parent=13645"}],"wp:term":[{"taxonomy":"product_brand","embeddable":true,"href":"https:\/\/radarservice.eu\/de\/wp-json\/wp\/v2\/product_brand?post=13645"},{"taxonomy":"product_cat","embeddable":true,"href":"https:\/\/radarservice.eu\/de\/wp-json\/wp\/v2\/product_cat?post=13645"},{"taxonomy":"product_tag","embeddable":true,"href":"https:\/\/radarservice.eu\/de\/wp-json\/wp\/v2\/product_tag?post=13645"}],"curies":[{"name":"wp","href":"https:\/\/api.w.org\/{rel}","templated":true}]}}