{"id":13644,"date":"2020-09-13T14:47:05","date_gmt":"2020-09-13T12:47:05","guid":{"rendered":"https:\/\/radarservice.eu\/produkt\/bel-sti-r-plus-festeinbau-radarwarner-europaversion\/"},"modified":"2024-02-22T13:48:37","modified_gmt":"2024-02-22T12:48:37","slug":"bel-sti-r-plus-festeinbau-radarwarner-europaversion","status":"publish","type":"product","link":"https:\/\/radarservice.eu\/de\/produkt\/bel-sti-r-plus-festeinbau-radarwarner-europaversion\/","title":{"rendered":"Bel STi-R Plus festeinbau Radarwarner Europaversion"},"content":{"rendered":"<p>Der Bel STi-R Plus ist speziell f\u00fcr den Einsatz in Fahrzeugen mit metallbedampfter Frontscheibe oder in Cabrios gedacht und kann aufgrund des wasserfesten Geh\u00e4uses im Mottoraum versteckt eingebaut werden. Durch die wetterfeste Ausf\u00fchrung des Empfangsmoduls sind den Installationsm\u00f6glichkeiten keine Grenzen gesetzt. Das separate Display und das Audiomodul werden im Innenraum ebefalls versteckt verbaut und weisen den Fahrer akustisch und optisch auf eine Radarfalle hin.<\/p>\n<p>Eine einfache Bedienung und die digitale Sprachansage des Radarwarnes geben dem Fahrzeugf\u00fchrer alle n\u00f6tigen Informationen und einfachen Zugriff ohne dabei vom Verkehr abzugelenken.<\/p>\n<p><strong>\u00dcbersicht:<\/strong><br \/>\n+ Festeinbau Radarwarner mit h\u00f6chster Zuverl\u00e4ssigkeit<br \/>\n+ Warnung vor Lasermessungen<br \/>\n+ Warnung bei Section Control Messungen (Abschnittskontrollen)<br \/>\n+ Warnung vor station\u00e4ren Radarger\u00e4ten<br \/>\n+ Warnung vor Rotlicht \u00dcberwachungen<br \/>\n+ aktivierbare Autoscan \/ Stadt \/ Autobahn Filter (reduziert Fehlalarme)<br \/>\n+ 100% unsichtbar f\u00fcr elektronische Radarwarner-Detektoren der Polizei (z.B. Schweiz, Niederlande)<br \/>\n+ automatische Helligkeitsanpassung des Displays<br \/>\n+ geeignet f\u00fcr den Einsatz in Europa<\/p>\n<p><strong>Lieferumfang:<\/strong><br \/>\n* STIR Plus Radarempf\u00e4nger<br \/>\n* separates Display<br \/>\n* Steuereinheit<br \/>\n* separate Bedieneinheit<br \/>\n* Lautsprecher<br \/>\n* Montagematerial<br \/>\n* Gebrauchs- und Installationsanleitung<\/p>\n<p><strong>Hinweis:<\/strong> Der Bel STIR Plus verf\u00fcgt zwar \u00fcber einen sehr guten Laserschutz, aber f\u00fcr eine absoluten sicheren Laserschutz empfehlen<br \/>\nden Einsatz eines aktiven Laserblockers z.B. Genevo FF2 oder AL Priority!<\/p>\n","protected":false},"excerpt":{"rendered":"<p>Bel STi-R Plus externer Radarwarner mit integrierter Warnung vor mobilen und festinstallierten Radarfallen in Europa und verbesserter Fehlalarmunterdr\u00fcckung. Die verbesserten Radar- und Lasersensoren erreichen maximale Reichweiten und Vorwarnzeiten. Mit der neuen AutoScan Funktion von BEL analysiert der STI-R Plus permanent alle eingehenden Signale und vermindert somit unn\u00f6tige Fehlalarme.<\/p>\n","protected":false},"featured_media":13678,"comment_status":"open","ping_status":"closed","template":"","meta":[],"product_brand":[],"product_cat":[222,187],"product_tag":[154,61,45,155,69,156],"class_list":{"0":"post-13644","1":"product","2":"type-product","3":"status-publish","4":"has-post-thumbnail","6":"product_cat-beltronics","7":"product_cat-festeinbau-radarwarner","8":"product_tag-bel-sti-r-plus","9":"product_tag-beltronics","10":"product_tag-europa","11":"product_tag-extern","12":"product_tag-festeinbau-radarwarner","13":"product_tag-radarfallen","15":"first","16":"onbackorder","17":"taxable","18":"shipping-taxable","19":"purchasable","20":"product-type-simple"},"yoast_head":"<!-- This site is optimized with the Yoast SEO plugin v27.2 - https:\/\/yoast.com\/product\/yoast-seo-wordpress\/ -->\n<title>Bel STi-R Plus festeinbau Radarwarner Europaversion<\/title>\n<meta name=\"description\" content=\"Bel STi-R Plus externer Radarwarner f\u00fcr den versteckten Festeinbau in der Fahrzeugfront. Geeignet f\u00fcr den Einsatz in ganz Europa.\" \/>\n<meta name=\"robots\" content=\"index, follow, max-snippet:-1, max-image-preview:large, max-video-preview:-1\" \/>\n<link rel=\"canonical\" href=\"https:\/\/radarservice.eu\/de\/produkt\/bel-sti-r-plus-festeinbau-radarwarner-europaversion\/\" \/>\n<meta property=\"og:locale\" content=\"de_DE\" \/>\n<meta property=\"og:type\" content=\"article\" \/>\n<meta property=\"og:title\" content=\"Bel STi-R Plus festeinbau Radarwarner Europaversion\" \/>\n<meta property=\"og:description\" content=\"Bel STi-R Plus externer Radarwarner f\u00fcr den versteckten Festeinbau in der Fahrzeugfront. Geeignet f\u00fcr den Einsatz in ganz Europa.\" \/>\n<meta property=\"og:url\" content=\"https:\/\/radarservice.eu\/de\/produkt\/bel-sti-r-plus-festeinbau-radarwarner-europaversion\/\" \/>\n<meta property=\"og:site_name\" content=\"Radar Service\" \/>\n<meta property=\"article:modified_time\" content=\"2024-02-22T12:48:37+00:00\" \/>\n<meta property=\"og:image\" content=\"https:\/\/radarservice.eu\/wp-content\/uploads\/2020\/09\/STIR.jpg\" \/>\n\t<meta property=\"og:image:width\" content=\"750\" \/>\n\t<meta property=\"og:image:height\" content=\"800\" \/>\n\t<meta property=\"og:image:type\" content=\"image\/jpeg\" \/>\n<meta name=\"twitter:card\" content=\"summary_large_image\" \/>\n<meta name=\"twitter:label1\" content=\"Gesch\u00e4tzte Lesezeit\" \/>\n\t<meta name=\"twitter:data1\" content=\"1\u00a0Minute\" \/>\n<script type=\"application\/ld+json\" class=\"yoast-schema-graph\">{\"@context\":\"https:\/\/schema.org\",\"@graph\":[{\"@type\":\"WebPage\",\"@id\":\"https:\/\/radarservice.eu\/de\/produkt\/bel-sti-r-plus-festeinbau-radarwarner-europaversion\/\",\"url\":\"https:\/\/radarservice.eu\/de\/produkt\/bel-sti-r-plus-festeinbau-radarwarner-europaversion\/\",\"name\":\"Bel STi-R Plus festeinbau Radarwarner Europaversion\",\"isPartOf\":{\"@id\":\"https:\/\/radarservice.eu\/de\/#website\"},\"primaryImageOfPage\":{\"@id\":\"https:\/\/radarservice.eu\/de\/produkt\/bel-sti-r-plus-festeinbau-radarwarner-europaversion\/#primaryimage\"},\"image\":{\"@id\":\"https:\/\/radarservice.eu\/de\/produkt\/bel-sti-r-plus-festeinbau-radarwarner-europaversion\/#primaryimage\"},\"thumbnailUrl\":\"https:\/\/radarservice.eu\/wp-content\/uploads\/2020\/09\/STIR.jpg\",\"datePublished\":\"2020-09-13T12:47:05+00:00\",\"dateModified\":\"2024-02-22T12:48:37+00:00\",\"description\":\"Bel STi-R Plus externer Radarwarner f\u00fcr den versteckten Festeinbau in der Fahrzeugfront. Geeignet f\u00fcr den Einsatz in ganz Europa.\",\"breadcrumb\":{\"@id\":\"https:\/\/radarservice.eu\/de\/produkt\/bel-sti-r-plus-festeinbau-radarwarner-europaversion\/#breadcrumb\"},\"inLanguage\":\"de\",\"potentialAction\":[{\"@type\":\"ReadAction\",\"target\":[\"https:\/\/radarservice.eu\/de\/produkt\/bel-sti-r-plus-festeinbau-radarwarner-europaversion\/\"]}]},{\"@type\":\"ImageObject\",\"inLanguage\":\"de\",\"@id\":\"https:\/\/radarservice.eu\/de\/produkt\/bel-sti-r-plus-festeinbau-radarwarner-europaversion\/#primaryimage\",\"url\":\"https:\/\/radarservice.eu\/wp-content\/uploads\/2020\/09\/STIR.jpg\",\"contentUrl\":\"https:\/\/radarservice.eu\/wp-content\/uploads\/2020\/09\/STIR.jpg\",\"width\":750,\"height\":800,\"caption\":\"Beltronics Bel STI-R Plus\"},{\"@type\":\"BreadcrumbList\",\"@id\":\"https:\/\/radarservice.eu\/de\/produkt\/bel-sti-r-plus-festeinbau-radarwarner-europaversion\/#breadcrumb\",\"itemListElement\":[{\"@type\":\"ListItem\",\"position\":1,\"name\":\"Radarwarner Shop\",\"item\":\"https:\/\/radarservice.eu\/de\/shop\/\"},{\"@type\":\"ListItem\",\"position\":2,\"name\":\"Bel STi-R Plus festeinbau Radarwarner Europaversion\"}]},{\"@type\":\"WebSite\",\"@id\":\"https:\/\/radarservice.eu\/de\/#website\",\"url\":\"https:\/\/radarservice.eu\/de\/\",\"name\":\"Radar Service\",\"description\":\"Radar detector Laser jammer mobile fix\",\"publisher\":{\"@id\":\"https:\/\/radarservice.eu\/de\/#organization\"},\"potentialAction\":[{\"@type\":\"SearchAction\",\"target\":{\"@type\":\"EntryPoint\",\"urlTemplate\":\"https:\/\/radarservice.eu\/de\/?s={search_term_string}\"},\"query-input\":{\"@type\":\"PropertyValueSpecification\",\"valueRequired\":true,\"valueName\":\"search_term_string\"}}],\"inLanguage\":\"de\"},{\"@type\":\"Organization\",\"@id\":\"https:\/\/radarservice.eu\/de\/#organization\",\"name\":\"RadarService\",\"url\":\"https:\/\/radarservice.eu\/de\/\",\"logo\":{\"@type\":\"ImageObject\",\"inLanguage\":\"de\",\"@id\":\"https:\/\/radarservice.eu\/de\/#\/schema\/logo\/image\/\",\"url\":\"https:\/\/radarservice.eu\/wp-content\/uploads\/2021\/03\/Radar_detector_service.png\",\"contentUrl\":\"https:\/\/radarservice.eu\/wp-content\/uploads\/2021\/03\/Radar_detector_service.png\",\"width\":174,\"height\":48,\"caption\":\"RadarService\"},\"image\":{\"@id\":\"https:\/\/radarservice.eu\/de\/#\/schema\/logo\/image\/\"}}]}<\/script>\n<!-- \/ Yoast SEO plugin. -->","yoast_head_json":{"title":"Bel STi-R Plus festeinbau Radarwarner Europaversion","description":"Bel STi-R Plus externer Radarwarner f\u00fcr den versteckten Festeinbau in der Fahrzeugfront. Geeignet f\u00fcr den Einsatz in ganz Europa.","robots":{"index":"index","follow":"follow","max-snippet":"max-snippet:-1","max-image-preview":"max-image-preview:large","max-video-preview":"max-video-preview:-1"},"canonical":"https:\/\/radarservice.eu\/de\/produkt\/bel-sti-r-plus-festeinbau-radarwarner-europaversion\/","og_locale":"de_DE","og_type":"article","og_title":"Bel STi-R Plus festeinbau Radarwarner Europaversion","og_description":"Bel STi-R Plus externer Radarwarner f\u00fcr den versteckten Festeinbau in der Fahrzeugfront. Geeignet f\u00fcr den Einsatz in ganz Europa.","og_url":"https:\/\/radarservice.eu\/de\/produkt\/bel-sti-r-plus-festeinbau-radarwarner-europaversion\/","og_site_name":"Radar Service","article_modified_time":"2024-02-22T12:48:37+00:00","og_image":[{"width":750,"height":800,"url":"https:\/\/radarservice.eu\/wp-content\/uploads\/2020\/09\/STIR.jpg","type":"image\/jpeg"}],"twitter_card":"summary_large_image","twitter_misc":{"Gesch\u00e4tzte Lesezeit":"1\u00a0Minute"},"schema":{"@context":"https:\/\/schema.org","@graph":[{"@type":"WebPage","@id":"https:\/\/radarservice.eu\/de\/produkt\/bel-sti-r-plus-festeinbau-radarwarner-europaversion\/","url":"https:\/\/radarservice.eu\/de\/produkt\/bel-sti-r-plus-festeinbau-radarwarner-europaversion\/","name":"Bel STi-R Plus festeinbau Radarwarner Europaversion","isPartOf":{"@id":"https:\/\/radarservice.eu\/de\/#website"},"primaryImageOfPage":{"@id":"https:\/\/radarservice.eu\/de\/produkt\/bel-sti-r-plus-festeinbau-radarwarner-europaversion\/#primaryimage"},"image":{"@id":"https:\/\/radarservice.eu\/de\/produkt\/bel-sti-r-plus-festeinbau-radarwarner-europaversion\/#primaryimage"},"thumbnailUrl":"https:\/\/radarservice.eu\/wp-content\/uploads\/2020\/09\/STIR.jpg","datePublished":"2020-09-13T12:47:05+00:00","dateModified":"2024-02-22T12:48:37+00:00","description":"Bel STi-R Plus externer Radarwarner f\u00fcr den versteckten Festeinbau in der Fahrzeugfront. Geeignet f\u00fcr den Einsatz in ganz Europa.","breadcrumb":{"@id":"https:\/\/radarservice.eu\/de\/produkt\/bel-sti-r-plus-festeinbau-radarwarner-europaversion\/#breadcrumb"},"inLanguage":"de","potentialAction":[{"@type":"ReadAction","target":["https:\/\/radarservice.eu\/de\/produkt\/bel-sti-r-plus-festeinbau-radarwarner-europaversion\/"]}]},{"@type":"ImageObject","inLanguage":"de","@id":"https:\/\/radarservice.eu\/de\/produkt\/bel-sti-r-plus-festeinbau-radarwarner-europaversion\/#primaryimage","url":"https:\/\/radarservice.eu\/wp-content\/uploads\/2020\/09\/STIR.jpg","contentUrl":"https:\/\/radarservice.eu\/wp-content\/uploads\/2020\/09\/STIR.jpg","width":750,"height":800,"caption":"Beltronics Bel STI-R Plus"},{"@type":"BreadcrumbList","@id":"https:\/\/radarservice.eu\/de\/produkt\/bel-sti-r-plus-festeinbau-radarwarner-europaversion\/#breadcrumb","itemListElement":[{"@type":"ListItem","position":1,"name":"Radarwarner Shop","item":"https:\/\/radarservice.eu\/de\/shop\/"},{"@type":"ListItem","position":2,"name":"Bel STi-R Plus festeinbau Radarwarner Europaversion"}]},{"@type":"WebSite","@id":"https:\/\/radarservice.eu\/de\/#website","url":"https:\/\/radarservice.eu\/de\/","name":"Radar Service","description":"Radar detector Laser jammer mobile fix","publisher":{"@id":"https:\/\/radarservice.eu\/de\/#organization"},"potentialAction":[{"@type":"SearchAction","target":{"@type":"EntryPoint","urlTemplate":"https:\/\/radarservice.eu\/de\/?s={search_term_string}"},"query-input":{"@type":"PropertyValueSpecification","valueRequired":true,"valueName":"search_term_string"}}],"inLanguage":"de"},{"@type":"Organization","@id":"https:\/\/radarservice.eu\/de\/#organization","name":"RadarService","url":"https:\/\/radarservice.eu\/de\/","logo":{"@type":"ImageObject","inLanguage":"de","@id":"https:\/\/radarservice.eu\/de\/#\/schema\/logo\/image\/","url":"https:\/\/radarservice.eu\/wp-content\/uploads\/2021\/03\/Radar_detector_service.png","contentUrl":"https:\/\/radarservice.eu\/wp-content\/uploads\/2021\/03\/Radar_detector_service.png","width":174,"height":48,"caption":"RadarService"},"image":{"@id":"https:\/\/radarservice.eu\/de\/#\/schema\/logo\/image\/"}}]}},"_links":{"self":[{"href":"https:\/\/radarservice.eu\/de\/wp-json\/wp\/v2\/product\/13644","targetHints":{"allow":["GET"]}}],"collection":[{"href":"https:\/\/radarservice.eu\/de\/wp-json\/wp\/v2\/product"}],"about":[{"href":"https:\/\/radarservice.eu\/de\/wp-json\/wp\/v2\/types\/product"}],"replies":[{"embeddable":true,"href":"https:\/\/radarservice.eu\/de\/wp-json\/wp\/v2\/comments?post=13644"}],"wp:featuredmedia":[{"embeddable":true,"href":"https:\/\/radarservice.eu\/de\/wp-json\/wp\/v2\/media\/13678"}],"wp:attachment":[{"href":"https:\/\/radarservice.eu\/de\/wp-json\/wp\/v2\/media?parent=13644"}],"wp:term":[{"taxonomy":"product_brand","embeddable":true,"href":"https:\/\/radarservice.eu\/de\/wp-json\/wp\/v2\/product_brand?post=13644"},{"taxonomy":"product_cat","embeddable":true,"href":"https:\/\/radarservice.eu\/de\/wp-json\/wp\/v2\/product_cat?post=13644"},{"taxonomy":"product_tag","embeddable":true,"href":"https:\/\/radarservice.eu\/de\/wp-json\/wp\/v2\/product_tag?post=13644"}],"curies":[{"name":"wp","href":"https:\/\/api.w.org\/{rel}","templated":true}]}}