{"id":13643,"date":"2020-09-13T14:47:05","date_gmt":"2020-09-13T12:47:05","guid":{"rendered":"https:\/\/radarservice.eu\/produkt\/valentine-one-rc-europaversion-gps-warner-eu\/"},"modified":"2020-11-09T13:13:58","modified_gmt":"2020-11-09T12:13:58","slug":"valentine-one-rc-europaversion-gps-warner-eu","status":"publish","type":"product","link":"https:\/\/radarservice.eu\/de\/produkt\/valentine-one-rc-europaversion-gps-warner-eu\/","title":{"rendered":"Valentine One RC Europaversion + GPS Warner EU"},"content":{"rendered":"<p>Sparen Sie bis zu 100 Euro mit unserem Bundle-Angebot. Sie erhalten das Komplettpaket aus GPS Warner Europaversion f\u00fcr festinstallierte Blitzer und dem Valentine One RC f\u00fcr mobile Radar- und Laserkontrollen.<\/p>\n<p>Der Valentine One RC ist ein extern, versteckt einbaubarer Radarwarner. Die exakte Frequenzabtastung und hohe Empfindlichkeit bieten eine optimale Erfassung der in Europa eingesetzten Radarger\u00e4te. Durch die permanenten Weiterentwicklungen der Europaversion konnten sowohl die Vorwarnzeiten als auch die Fehlalarmunterdr\u00fcckung verbessert werden.<\/p>\n<p>Bei der Lasererkennung ist der V1 das absolute Spitzenger\u00e4t. Selbst die in der Schweiz, oft als teilstation\u00e4r, eingesetzten Traffic Observer Mesanlagen erkennt der Valentine One zuverl\u00e4ssig.<br \/>\nAchtung! F\u00fcr eine ungest\u00f6rte Lasererkennung mu\u00df beim Einbau in den Motorraum unbedingt darauf geachtet werden, das der Valentine One freie &#8222;Sicht&#8220; nach vorne hat. Sollte das nicht gew\u00fcnscht oder m\u00f6glich sein, verbauen Sie f\u00fcr Laserschutz unbedingt einen zus\u00e4tzlichen Laserblocker.<\/p>\n<p>Die Auslieferung erfolgt in den Europaeinstellungen, auf Wunsch k\u00f6nnen wir den Valentine One RC aber auch individuell auf Ihre Erfordernisse programmieren.<\/p>\n<p><strong>\u00dcbersicht:<\/strong><br \/>\n+ Radarwarner der Oberklasse<br \/>\n+ sehr gute Lasererkennung<br \/>\n+ Warnung vor Radarmessger\u00e4ten<br \/>\n+ Warnung vor Lasermessungen<br \/>\n+ Warnung vor station\u00e4ren Radarger\u00e4ten<br \/>\n+ Warnung vor Rotlicht \u00dcberwachungen<br \/>\n+ Warnung bei Section Control Messungen (Abschnittskontrollen)<br \/>\n+ Konfigurationsm\u00f6glichkeiten mittels deutschem Men\u00fc<br \/>\n+ GPS Empf\u00e4nger ist updatef\u00e4hig<br \/>\n+ geeignet f\u00fcr den Einsatz in Europa<\/p>\n<p><strong>Frequenz\u00fcbersicht:<\/strong><br \/>\n+ 9.410 (X-Band)<br \/>\n+ 13.450 (KU-Band)<br \/>\n+ 24.125 (K-Band)<br \/>\n+ 34.360 (KA-Band)<\/p>\n<p><strong>Einbau:<\/strong><br \/>\n+ der Einbau ist je nach Fahrzeugtyp in ca 2-4 Stunden von einer Fachwerkstatt zu realisieren<\/p>\n<p><strong>Lieferumfang:<\/strong><br \/>\n* Valentine One RC Europaversion (externe Version)<br \/>\n* separates Display<br \/>\n* separates Audiomodul<br \/>\n* GPS Warner Europaausf\u00fchrung<br \/>\n* extra langes Stromanschlusskabel f\u00fcr Anschluss ans Boardnetz<br \/>\n* deutsche Bedienungsanleitung<\/p>\n<p><strong>Hinweis:<\/strong> Der Valentine One RC verf\u00fcgt zwar \u00fcber einen sehr guten Laserempfang, aber f\u00fcr einen sicheren Laserschutz empfehlen wir den Einsatz eines aktiven Laserblockers z.B. Genevo FF2 oder AL Priority.<\/p>\n","protected":false},"excerpt":{"rendered":"<p>Sparen Sie bis zu 100 Euro mit unserem Bundle-Angebot. Sie erhalten das Komplettpaket aus GPS Warner Europaversion f\u00fcr festinstallierte Blitzer und dem Valentine One RC f\u00fcr mobile Radar- und Laserkontrollen. Der Valentine One RC ist ein extern, versteckt einbaubarer Radarwarner. Die exakte Frequenzabtastung und hohe Empfindlichkeit bieten eine optimale Erfassung der in Europa eingesetzten Radarger\u00e4te. [&#8230;]\n","protected":false},"featured_media":13711,"comment_status":"open","ping_status":"closed","template":"","meta":[],"product_brand":[],"product_cat":[187,221],"product_tag":[149,69,89,95,153,152],"class_list":{"0":"post-13643","1":"product","2":"type-product","3":"status-publish","4":"has-post-thumbnail","6":"product_cat-festeinbau-radarwarner","7":"product_cat-valentine-one","8":"product_tag-europaversion","9":"product_tag-festeinbau-radarwarner","10":"product_tag-gps-warner","11":"product_tag-radarfalle","12":"product_tag-v1-rc","13":"product_tag-valentine-one-rc","15":"first","16":"instock","17":"sale","18":"taxable","19":"shipping-taxable","20":"purchasable","21":"product-type-simple"},"yoast_head":"<!-- This site is optimized with the Yoast SEO plugin v27.2 - https:\/\/yoast.com\/product\/yoast-seo-wordpress\/ -->\n<title>Valentine One RC Europaversion + GPS Warner EU | Radar Service<\/title>\n<meta name=\"description\" content=\"Sparen Sie bis zu 100 Euro - Komplettpaket aus GPS POI Warner und dem Valentine One RC Festeinbau f\u00fcr mobile und feste Radarfallen.\" \/>\n<meta name=\"robots\" content=\"index, follow, max-snippet:-1, max-image-preview:large, max-video-preview:-1\" \/>\n<link rel=\"canonical\" href=\"https:\/\/radarservice.eu\/de\/produkt\/valentine-one-rc-europaversion-gps-warner-eu\/\" \/>\n<meta property=\"og:locale\" content=\"de_DE\" \/>\n<meta property=\"og:type\" content=\"article\" \/>\n<meta property=\"og:title\" content=\"Valentine One RC Europaversion + GPS Warner EU | Radar Service\" \/>\n<meta property=\"og:description\" content=\"Sparen Sie bis zu 100 Euro - Komplettpaket aus GPS POI Warner und dem Valentine One RC Festeinbau f\u00fcr mobile und feste Radarfallen.\" \/>\n<meta property=\"og:url\" content=\"https:\/\/radarservice.eu\/de\/produkt\/valentine-one-rc-europaversion-gps-warner-eu\/\" \/>\n<meta property=\"og:site_name\" content=\"Radar Service\" \/>\n<meta property=\"article:modified_time\" content=\"2020-11-09T12:13:58+00:00\" \/>\n<meta property=\"og:image\" content=\"https:\/\/radarservice.eu\/wp-content\/uploads\/2020\/09\/Valentine_One_RC_GPS.jpg\" \/>\n\t<meta property=\"og:image:width\" content=\"800\" \/>\n\t<meta property=\"og:image:height\" content=\"480\" \/>\n\t<meta property=\"og:image:type\" content=\"image\/jpeg\" \/>\n<meta name=\"twitter:card\" content=\"summary_large_image\" \/>\n<meta name=\"twitter:label1\" content=\"Gesch\u00e4tzte Lesezeit\" \/>\n\t<meta name=\"twitter:data1\" content=\"1\u00a0Minute\" \/>\n<script type=\"application\/ld+json\" class=\"yoast-schema-graph\">{\"@context\":\"https:\/\/schema.org\",\"@graph\":[{\"@type\":\"WebPage\",\"@id\":\"https:\/\/radarservice.eu\/de\/produkt\/valentine-one-rc-europaversion-gps-warner-eu\/\",\"url\":\"https:\/\/radarservice.eu\/de\/produkt\/valentine-one-rc-europaversion-gps-warner-eu\/\",\"name\":\"Valentine One RC Europaversion + GPS Warner EU | Radar Service\",\"isPartOf\":{\"@id\":\"https:\/\/radarservice.eu\/de\/#website\"},\"primaryImageOfPage\":{\"@id\":\"https:\/\/radarservice.eu\/de\/produkt\/valentine-one-rc-europaversion-gps-warner-eu\/#primaryimage\"},\"image\":{\"@id\":\"https:\/\/radarservice.eu\/de\/produkt\/valentine-one-rc-europaversion-gps-warner-eu\/#primaryimage\"},\"thumbnailUrl\":\"https:\/\/radarservice.eu\/wp-content\/uploads\/2020\/09\/Valentine_One_RC_GPS.jpg\",\"datePublished\":\"2020-09-13T12:47:05+00:00\",\"dateModified\":\"2020-11-09T12:13:58+00:00\",\"description\":\"Sparen Sie bis zu 100 Euro - Komplettpaket aus GPS POI Warner und dem Valentine One RC Festeinbau f\u00fcr mobile und feste Radarfallen.\",\"breadcrumb\":{\"@id\":\"https:\/\/radarservice.eu\/de\/produkt\/valentine-one-rc-europaversion-gps-warner-eu\/#breadcrumb\"},\"inLanguage\":\"de\",\"potentialAction\":[{\"@type\":\"ReadAction\",\"target\":[\"https:\/\/radarservice.eu\/de\/produkt\/valentine-one-rc-europaversion-gps-warner-eu\/\"]}]},{\"@type\":\"ImageObject\",\"inLanguage\":\"de\",\"@id\":\"https:\/\/radarservice.eu\/de\/produkt\/valentine-one-rc-europaversion-gps-warner-eu\/#primaryimage\",\"url\":\"https:\/\/radarservice.eu\/wp-content\/uploads\/2020\/09\/Valentine_One_RC_GPS.jpg\",\"contentUrl\":\"https:\/\/radarservice.eu\/wp-content\/uploads\/2020\/09\/Valentine_One_RC_GPS.jpg\",\"width\":800,\"height\":480,\"caption\":\"Valentine One RC GPS POI\"},{\"@type\":\"BreadcrumbList\",\"@id\":\"https:\/\/radarservice.eu\/de\/produkt\/valentine-one-rc-europaversion-gps-warner-eu\/#breadcrumb\",\"itemListElement\":[{\"@type\":\"ListItem\",\"position\":1,\"name\":\"Radarwarner Shop\",\"item\":\"https:\/\/radarservice.eu\/de\/shop\/\"},{\"@type\":\"ListItem\",\"position\":2,\"name\":\"Valentine One RC Europaversion + GPS Warner EU\"}]},{\"@type\":\"WebSite\",\"@id\":\"https:\/\/radarservice.eu\/de\/#website\",\"url\":\"https:\/\/radarservice.eu\/de\/\",\"name\":\"Radar Service\",\"description\":\"Radar detector Laser jammer mobile fix\",\"publisher\":{\"@id\":\"https:\/\/radarservice.eu\/de\/#organization\"},\"potentialAction\":[{\"@type\":\"SearchAction\",\"target\":{\"@type\":\"EntryPoint\",\"urlTemplate\":\"https:\/\/radarservice.eu\/de\/?s={search_term_string}\"},\"query-input\":{\"@type\":\"PropertyValueSpecification\",\"valueRequired\":true,\"valueName\":\"search_term_string\"}}],\"inLanguage\":\"de\"},{\"@type\":\"Organization\",\"@id\":\"https:\/\/radarservice.eu\/de\/#organization\",\"name\":\"RadarService\",\"url\":\"https:\/\/radarservice.eu\/de\/\",\"logo\":{\"@type\":\"ImageObject\",\"inLanguage\":\"de\",\"@id\":\"https:\/\/radarservice.eu\/de\/#\/schema\/logo\/image\/\",\"url\":\"https:\/\/radarservice.eu\/wp-content\/uploads\/2021\/03\/Radar_detector_service.png\",\"contentUrl\":\"https:\/\/radarservice.eu\/wp-content\/uploads\/2021\/03\/Radar_detector_service.png\",\"width\":174,\"height\":48,\"caption\":\"RadarService\"},\"image\":{\"@id\":\"https:\/\/radarservice.eu\/de\/#\/schema\/logo\/image\/\"}}]}<\/script>\n<!-- \/ Yoast SEO plugin. -->","yoast_head_json":{"title":"Valentine One RC Europaversion + GPS Warner EU | Radar Service","description":"Sparen Sie bis zu 100 Euro - Komplettpaket aus GPS POI Warner und dem Valentine One RC Festeinbau f\u00fcr mobile und feste Radarfallen.","robots":{"index":"index","follow":"follow","max-snippet":"max-snippet:-1","max-image-preview":"max-image-preview:large","max-video-preview":"max-video-preview:-1"},"canonical":"https:\/\/radarservice.eu\/de\/produkt\/valentine-one-rc-europaversion-gps-warner-eu\/","og_locale":"de_DE","og_type":"article","og_title":"Valentine One RC Europaversion + GPS Warner EU | Radar Service","og_description":"Sparen Sie bis zu 100 Euro - Komplettpaket aus GPS POI Warner und dem Valentine One RC Festeinbau f\u00fcr mobile und feste Radarfallen.","og_url":"https:\/\/radarservice.eu\/de\/produkt\/valentine-one-rc-europaversion-gps-warner-eu\/","og_site_name":"Radar Service","article_modified_time":"2020-11-09T12:13:58+00:00","og_image":[{"width":800,"height":480,"url":"https:\/\/radarservice.eu\/wp-content\/uploads\/2020\/09\/Valentine_One_RC_GPS.jpg","type":"image\/jpeg"}],"twitter_card":"summary_large_image","twitter_misc":{"Gesch\u00e4tzte Lesezeit":"1\u00a0Minute"},"schema":{"@context":"https:\/\/schema.org","@graph":[{"@type":"WebPage","@id":"https:\/\/radarservice.eu\/de\/produkt\/valentine-one-rc-europaversion-gps-warner-eu\/","url":"https:\/\/radarservice.eu\/de\/produkt\/valentine-one-rc-europaversion-gps-warner-eu\/","name":"Valentine One RC Europaversion + GPS Warner EU | Radar Service","isPartOf":{"@id":"https:\/\/radarservice.eu\/de\/#website"},"primaryImageOfPage":{"@id":"https:\/\/radarservice.eu\/de\/produkt\/valentine-one-rc-europaversion-gps-warner-eu\/#primaryimage"},"image":{"@id":"https:\/\/radarservice.eu\/de\/produkt\/valentine-one-rc-europaversion-gps-warner-eu\/#primaryimage"},"thumbnailUrl":"https:\/\/radarservice.eu\/wp-content\/uploads\/2020\/09\/Valentine_One_RC_GPS.jpg","datePublished":"2020-09-13T12:47:05+00:00","dateModified":"2020-11-09T12:13:58+00:00","description":"Sparen Sie bis zu 100 Euro - Komplettpaket aus GPS POI Warner und dem Valentine One RC Festeinbau f\u00fcr mobile und feste Radarfallen.","breadcrumb":{"@id":"https:\/\/radarservice.eu\/de\/produkt\/valentine-one-rc-europaversion-gps-warner-eu\/#breadcrumb"},"inLanguage":"de","potentialAction":[{"@type":"ReadAction","target":["https:\/\/radarservice.eu\/de\/produkt\/valentine-one-rc-europaversion-gps-warner-eu\/"]}]},{"@type":"ImageObject","inLanguage":"de","@id":"https:\/\/radarservice.eu\/de\/produkt\/valentine-one-rc-europaversion-gps-warner-eu\/#primaryimage","url":"https:\/\/radarservice.eu\/wp-content\/uploads\/2020\/09\/Valentine_One_RC_GPS.jpg","contentUrl":"https:\/\/radarservice.eu\/wp-content\/uploads\/2020\/09\/Valentine_One_RC_GPS.jpg","width":800,"height":480,"caption":"Valentine One RC GPS POI"},{"@type":"BreadcrumbList","@id":"https:\/\/radarservice.eu\/de\/produkt\/valentine-one-rc-europaversion-gps-warner-eu\/#breadcrumb","itemListElement":[{"@type":"ListItem","position":1,"name":"Radarwarner Shop","item":"https:\/\/radarservice.eu\/de\/shop\/"},{"@type":"ListItem","position":2,"name":"Valentine One RC Europaversion + GPS Warner EU"}]},{"@type":"WebSite","@id":"https:\/\/radarservice.eu\/de\/#website","url":"https:\/\/radarservice.eu\/de\/","name":"Radar Service","description":"Radar detector Laser jammer mobile fix","publisher":{"@id":"https:\/\/radarservice.eu\/de\/#organization"},"potentialAction":[{"@type":"SearchAction","target":{"@type":"EntryPoint","urlTemplate":"https:\/\/radarservice.eu\/de\/?s={search_term_string}"},"query-input":{"@type":"PropertyValueSpecification","valueRequired":true,"valueName":"search_term_string"}}],"inLanguage":"de"},{"@type":"Organization","@id":"https:\/\/radarservice.eu\/de\/#organization","name":"RadarService","url":"https:\/\/radarservice.eu\/de\/","logo":{"@type":"ImageObject","inLanguage":"de","@id":"https:\/\/radarservice.eu\/de\/#\/schema\/logo\/image\/","url":"https:\/\/radarservice.eu\/wp-content\/uploads\/2021\/03\/Radar_detector_service.png","contentUrl":"https:\/\/radarservice.eu\/wp-content\/uploads\/2021\/03\/Radar_detector_service.png","width":174,"height":48,"caption":"RadarService"},"image":{"@id":"https:\/\/radarservice.eu\/de\/#\/schema\/logo\/image\/"}}]}},"_links":{"self":[{"href":"https:\/\/radarservice.eu\/de\/wp-json\/wp\/v2\/product\/13643","targetHints":{"allow":["GET"]}}],"collection":[{"href":"https:\/\/radarservice.eu\/de\/wp-json\/wp\/v2\/product"}],"about":[{"href":"https:\/\/radarservice.eu\/de\/wp-json\/wp\/v2\/types\/product"}],"replies":[{"embeddable":true,"href":"https:\/\/radarservice.eu\/de\/wp-json\/wp\/v2\/comments?post=13643"}],"wp:featuredmedia":[{"embeddable":true,"href":"https:\/\/radarservice.eu\/de\/wp-json\/wp\/v2\/media\/13711"}],"wp:attachment":[{"href":"https:\/\/radarservice.eu\/de\/wp-json\/wp\/v2\/media?parent=13643"}],"wp:term":[{"taxonomy":"product_brand","embeddable":true,"href":"https:\/\/radarservice.eu\/de\/wp-json\/wp\/v2\/product_brand?post=13643"},{"taxonomy":"product_cat","embeddable":true,"href":"https:\/\/radarservice.eu\/de\/wp-json\/wp\/v2\/product_cat?post=13643"},{"taxonomy":"product_tag","embeddable":true,"href":"https:\/\/radarservice.eu\/de\/wp-json\/wp\/v2\/product_tag?post=13643"}],"curies":[{"name":"wp","href":"https:\/\/api.w.org\/{rel}","templated":true}]}}