{"id":13641,"date":"2020-09-13T14:47:05","date_gmt":"2020-09-13T12:47:05","guid":{"rendered":"https:\/\/radarservice.eu\/produkt\/valentine-one-gps-blitzerwarner\/"},"modified":"2026-02-01T05:11:05","modified_gmt":"2026-02-01T04:11:05","slug":"valentine-one-version-gen-2","status":"publish","type":"product","link":"https:\/\/radarservice.eu\/de\/produkt\/valentine-one-version-gen-2\/","title":{"rendered":"Valentine One Version Gen2"},"content":{"rendered":"<h1>Valentine One Gen2 Radarwarner<\/h1>\n<p><strong>Der neue Valentine One V1 Radarwarner der 2. Generation bietet eine vollst\u00e4ndige Abdeckung sowohl gegen Radar als auch gegen Laser.<\/strong><\/p>\n<p>Der Valentine One Gen2 erkennt Radarfallen vor, neben und hinter dem Fahrzeug. Der V1 scannt den gesamten Bereich um Ihr Auto herum ab. Eine Radarantenne und ein Laserempf\u00e4nger schauen nach vorne, ein zweite Antenne und Laserempf\u00e4nger \u00fcberwachen das Fahrzeugheck.<\/p>\n<p>Die Vorwarnung konnte durch die neue und patentierte SAW D2L Elektronik gegen\u00fcber dem Vorg\u00e4ngermodell nochmal verbessert werden. Die verbesserte Erkennungsrate des Valentine One Gen2 tr\u00e4gt aber auch dazu bei, das mehr unerw\u00fcnschte Signal erkannt werden. Durch die SAW D2L Technik ist der V1 Gen2 in der Lage, unerw\u00fcnschte Fehlalarme von Verkehrsleitsystemen, Spurwechsel- und Fahrzeugassistenzsysteme schneller zu filtern und dadurch Fehlalarme zu vermeiden.<\/p>\n<p><strong>Neuheiten in der Gen2 Version zum Vorg\u00e4nger:<\/strong><br \/>\n* patentierte SAW D2L erh\u00f6ht die Scan-Rate um das hundertfache zum Vorg\u00e4nger<br \/>\n* LNA-Technologie erh\u00f6ht die Vorwarnung und verbessert die Tarnung<br \/>\n* der verbesserte K-Band Filter blockiert K-Band Fehlalarme von Spurwechsel- und Fahrerassistenzsysteme moderner Fahrzeuge<br \/>\n* eingebaute Bluetoothfunktion zum verbinden mit dem Smartphone (Verbindung mit Fahrzeug-Freisprecheinrichtung ist NICHT m\u00f6glich)<\/p>\n<p>Mit der kostenlosen App k\u00f6nnen Sie den Valentine One Gen2 einfach programmieren und Updates installieren. Durch die integrierte Bluetoothfunktion kann der Valentine Radarwarner schnell mit Smartphone und der App verbunden werden.<\/p>\n<p><strong>Lieferumfang:<\/strong><br \/>\n* Valentine One Version Gen2 Radarwarner<br \/>\n* 1x Windschutzscheibenhalterung (Saugn\u00e4pfe) und 1x Sonnenblendenhalterung<br \/>\n* 1x Anschlusskabel gekordelt und 1x Anschlusskabel glatt inklusive 12V Stecker f\u00fcr Zigarettenanz\u00fcnder<br \/>\n* 1x Anschlusskabel f\u00fcr direkten Anschluss an das Bordnetz<\/p>\n<p><strong>Hinweis:<\/strong> Der Valentine One verf\u00fcgt zwar \u00fcber einen sehr guten Laserempfang, aber f\u00fcr einen sicheren Laserschutz empfehlen wir den Einsatz eines aktiven Laserblockers z.B. Antilaser AL Priority oder Lasertrack Flare.<\/p>\n","protected":false},"excerpt":{"rendered":"<p>Valentine One Gen2 Radarwarner Der neue Valentine One V1 Radarwarner der 2. Generation bietet eine vollst\u00e4ndige Abdeckung sowohl gegen Radar als auch gegen Laser. Der Valentine One Gen2 erkennt Radarfallen vor, neben und hinter dem Fahrzeug. Der V1 scannt den gesamten Bereich um Ihr Auto herum ab. Eine Radarantenne und ein Laserempf\u00e4nger schauen nach vorne, [&#8230;]\n","protected":false},"featured_media":13867,"comment_status":"open","ping_status":"closed","template":"","meta":[],"product_brand":[],"product_cat":[250,33,221],"product_tag":[45,149,272,270,89,57,268,271,269],"class_list":{"0":"post-13641","1":"product","2":"type-product","3":"status-publish","4":"has-post-thumbnail","6":"product_cat-empfohlene-radarwarner","7":"product_cat-mobile-radarwarner","8":"product_cat-valentine-one","9":"product_tag-europa","10":"product_tag-europaversion","11":"product_tag-europe","12":"product_tag-gen2","13":"product_tag-gps-warner","14":"product_tag-valentine-one","15":"product_tag-valentine-one-gen2","16":"product_tag-valentine-one-neue-version","17":"product_tag-valentine-one-version-2","19":"first","20":"onbackorder","21":"sale","22":"taxable","23":"shipping-taxable","24":"purchasable","25":"product-type-simple"},"yoast_head":"<!-- This site is optimized with the Yoast SEO plugin v27.2 - https:\/\/yoast.com\/product\/yoast-seo-wordpress\/ -->\n<title>Valentine One Version Gen2 | Radarwarner f\u00fcr Europa<\/title>\n<meta name=\"description\" content=\"Valentine One Gen2 Angebot f\u00fcr nur 649,- Euro. Der neue Valentine One Gen2 erkennt mobile Radarfallen und Laserpistolen in Europa.\" \/>\n<meta name=\"robots\" content=\"index, follow, max-snippet:-1, max-image-preview:large, max-video-preview:-1\" \/>\n<link rel=\"canonical\" href=\"https:\/\/radarservice.eu\/de\/produkt\/valentine-one-version-gen-2\/\" \/>\n<meta property=\"og:locale\" content=\"de_DE\" \/>\n<meta property=\"og:type\" content=\"article\" \/>\n<meta property=\"og:title\" content=\"Valentine One Version Gen2 | Radarwarner f\u00fcr Europa\" \/>\n<meta property=\"og:description\" content=\"Valentine One Gen2 Angebot f\u00fcr nur 649,- Euro. Der neue Valentine One Gen2 erkennt mobile Radarfallen und Laserpistolen in Europa.\" \/>\n<meta property=\"og:url\" content=\"https:\/\/radarservice.eu\/de\/produkt\/valentine-one-version-gen-2\/\" \/>\n<meta property=\"og:site_name\" content=\"Radar Service\" \/>\n<meta property=\"article:modified_time\" content=\"2026-02-01T04:11:05+00:00\" \/>\n<meta property=\"og:image\" content=\"https:\/\/radarservice.eu\/wp-content\/uploads\/2020\/09\/Valentine_One_Version_Gen2.jpg\" \/>\n\t<meta property=\"og:image:width\" content=\"514\" \/>\n\t<meta property=\"og:image:height\" content=\"400\" \/>\n\t<meta property=\"og:image:type\" content=\"image\/jpeg\" \/>\n<meta name=\"twitter:card\" content=\"summary_large_image\" \/>\n<meta name=\"twitter:label1\" content=\"Gesch\u00e4tzte Lesezeit\" \/>\n\t<meta name=\"twitter:data1\" content=\"2\u00a0Minuten\" \/>\n<script type=\"application\/ld+json\" class=\"yoast-schema-graph\">{\"@context\":\"https:\/\/schema.org\",\"@graph\":[{\"@type\":\"WebPage\",\"@id\":\"https:\/\/radarservice.eu\/de\/produkt\/valentine-one-version-gen-2\/\",\"url\":\"https:\/\/radarservice.eu\/de\/produkt\/valentine-one-version-gen-2\/\",\"name\":\"Valentine One Version Gen2 | Radarwarner f\u00fcr Europa\",\"isPartOf\":{\"@id\":\"https:\/\/radarservice.eu\/de\/#website\"},\"primaryImageOfPage\":{\"@id\":\"https:\/\/radarservice.eu\/de\/produkt\/valentine-one-version-gen-2\/#primaryimage\"},\"image\":{\"@id\":\"https:\/\/radarservice.eu\/de\/produkt\/valentine-one-version-gen-2\/#primaryimage\"},\"thumbnailUrl\":\"https:\/\/radarservice.eu\/wp-content\/uploads\/2020\/09\/Valentine_One_Version_Gen2.jpg\",\"datePublished\":\"2020-09-13T12:47:05+00:00\",\"dateModified\":\"2026-02-01T04:11:05+00:00\",\"description\":\"Valentine One Gen2 Angebot f\u00fcr nur 649,- Euro. Der neue Valentine One Gen2 erkennt mobile Radarfallen und Laserpistolen in Europa.\",\"breadcrumb\":{\"@id\":\"https:\/\/radarservice.eu\/de\/produkt\/valentine-one-version-gen-2\/#breadcrumb\"},\"inLanguage\":\"de\",\"potentialAction\":[{\"@type\":\"ReadAction\",\"target\":[\"https:\/\/radarservice.eu\/de\/produkt\/valentine-one-version-gen-2\/\"]}]},{\"@type\":\"ImageObject\",\"inLanguage\":\"de\",\"@id\":\"https:\/\/radarservice.eu\/de\/produkt\/valentine-one-version-gen-2\/#primaryimage\",\"url\":\"https:\/\/radarservice.eu\/wp-content\/uploads\/2020\/09\/Valentine_One_Version_Gen2.jpg\",\"contentUrl\":\"https:\/\/radarservice.eu\/wp-content\/uploads\/2020\/09\/Valentine_One_Version_Gen2.jpg\",\"width\":514,\"height\":400,\"caption\":\"Valentine One Version 2 Gen2\"},{\"@type\":\"BreadcrumbList\",\"@id\":\"https:\/\/radarservice.eu\/de\/produkt\/valentine-one-version-gen-2\/#breadcrumb\",\"itemListElement\":[{\"@type\":\"ListItem\",\"position\":1,\"name\":\"Radarwarner Shop\",\"item\":\"https:\/\/radarservice.eu\/de\/shop\/\"},{\"@type\":\"ListItem\",\"position\":2,\"name\":\"Valentine One Version Gen2\"}]},{\"@type\":\"WebSite\",\"@id\":\"https:\/\/radarservice.eu\/de\/#website\",\"url\":\"https:\/\/radarservice.eu\/de\/\",\"name\":\"Radar Service\",\"description\":\"Radar detector Laser jammer mobile fix\",\"publisher\":{\"@id\":\"https:\/\/radarservice.eu\/de\/#organization\"},\"potentialAction\":[{\"@type\":\"SearchAction\",\"target\":{\"@type\":\"EntryPoint\",\"urlTemplate\":\"https:\/\/radarservice.eu\/de\/?s={search_term_string}\"},\"query-input\":{\"@type\":\"PropertyValueSpecification\",\"valueRequired\":true,\"valueName\":\"search_term_string\"}}],\"inLanguage\":\"de\"},{\"@type\":\"Organization\",\"@id\":\"https:\/\/radarservice.eu\/de\/#organization\",\"name\":\"RadarService\",\"url\":\"https:\/\/radarservice.eu\/de\/\",\"logo\":{\"@type\":\"ImageObject\",\"inLanguage\":\"de\",\"@id\":\"https:\/\/radarservice.eu\/de\/#\/schema\/logo\/image\/\",\"url\":\"https:\/\/radarservice.eu\/wp-content\/uploads\/2021\/03\/Radar_detector_service.png\",\"contentUrl\":\"https:\/\/radarservice.eu\/wp-content\/uploads\/2021\/03\/Radar_detector_service.png\",\"width\":174,\"height\":48,\"caption\":\"RadarService\"},\"image\":{\"@id\":\"https:\/\/radarservice.eu\/de\/#\/schema\/logo\/image\/\"}}]}<\/script>\n<!-- \/ Yoast SEO plugin. -->","yoast_head_json":{"title":"Valentine One Version Gen2 | Radarwarner f\u00fcr Europa","description":"Valentine One Gen2 Angebot f\u00fcr nur 649,- Euro. Der neue Valentine One Gen2 erkennt mobile Radarfallen und Laserpistolen in Europa.","robots":{"index":"index","follow":"follow","max-snippet":"max-snippet:-1","max-image-preview":"max-image-preview:large","max-video-preview":"max-video-preview:-1"},"canonical":"https:\/\/radarservice.eu\/de\/produkt\/valentine-one-version-gen-2\/","og_locale":"de_DE","og_type":"article","og_title":"Valentine One Version Gen2 | Radarwarner f\u00fcr Europa","og_description":"Valentine One Gen2 Angebot f\u00fcr nur 649,- Euro. Der neue Valentine One Gen2 erkennt mobile Radarfallen und Laserpistolen in Europa.","og_url":"https:\/\/radarservice.eu\/de\/produkt\/valentine-one-version-gen-2\/","og_site_name":"Radar Service","article_modified_time":"2026-02-01T04:11:05+00:00","og_image":[{"width":514,"height":400,"url":"https:\/\/radarservice.eu\/wp-content\/uploads\/2020\/09\/Valentine_One_Version_Gen2.jpg","type":"image\/jpeg"}],"twitter_card":"summary_large_image","twitter_misc":{"Gesch\u00e4tzte Lesezeit":"2\u00a0Minuten"},"schema":{"@context":"https:\/\/schema.org","@graph":[{"@type":"WebPage","@id":"https:\/\/radarservice.eu\/de\/produkt\/valentine-one-version-gen-2\/","url":"https:\/\/radarservice.eu\/de\/produkt\/valentine-one-version-gen-2\/","name":"Valentine One Version Gen2 | Radarwarner f\u00fcr Europa","isPartOf":{"@id":"https:\/\/radarservice.eu\/de\/#website"},"primaryImageOfPage":{"@id":"https:\/\/radarservice.eu\/de\/produkt\/valentine-one-version-gen-2\/#primaryimage"},"image":{"@id":"https:\/\/radarservice.eu\/de\/produkt\/valentine-one-version-gen-2\/#primaryimage"},"thumbnailUrl":"https:\/\/radarservice.eu\/wp-content\/uploads\/2020\/09\/Valentine_One_Version_Gen2.jpg","datePublished":"2020-09-13T12:47:05+00:00","dateModified":"2026-02-01T04:11:05+00:00","description":"Valentine One Gen2 Angebot f\u00fcr nur 649,- Euro. Der neue Valentine One Gen2 erkennt mobile Radarfallen und Laserpistolen in Europa.","breadcrumb":{"@id":"https:\/\/radarservice.eu\/de\/produkt\/valentine-one-version-gen-2\/#breadcrumb"},"inLanguage":"de","potentialAction":[{"@type":"ReadAction","target":["https:\/\/radarservice.eu\/de\/produkt\/valentine-one-version-gen-2\/"]}]},{"@type":"ImageObject","inLanguage":"de","@id":"https:\/\/radarservice.eu\/de\/produkt\/valentine-one-version-gen-2\/#primaryimage","url":"https:\/\/radarservice.eu\/wp-content\/uploads\/2020\/09\/Valentine_One_Version_Gen2.jpg","contentUrl":"https:\/\/radarservice.eu\/wp-content\/uploads\/2020\/09\/Valentine_One_Version_Gen2.jpg","width":514,"height":400,"caption":"Valentine One Version 2 Gen2"},{"@type":"BreadcrumbList","@id":"https:\/\/radarservice.eu\/de\/produkt\/valentine-one-version-gen-2\/#breadcrumb","itemListElement":[{"@type":"ListItem","position":1,"name":"Radarwarner Shop","item":"https:\/\/radarservice.eu\/de\/shop\/"},{"@type":"ListItem","position":2,"name":"Valentine One Version Gen2"}]},{"@type":"WebSite","@id":"https:\/\/radarservice.eu\/de\/#website","url":"https:\/\/radarservice.eu\/de\/","name":"Radar Service","description":"Radar detector Laser jammer mobile fix","publisher":{"@id":"https:\/\/radarservice.eu\/de\/#organization"},"potentialAction":[{"@type":"SearchAction","target":{"@type":"EntryPoint","urlTemplate":"https:\/\/radarservice.eu\/de\/?s={search_term_string}"},"query-input":{"@type":"PropertyValueSpecification","valueRequired":true,"valueName":"search_term_string"}}],"inLanguage":"de"},{"@type":"Organization","@id":"https:\/\/radarservice.eu\/de\/#organization","name":"RadarService","url":"https:\/\/radarservice.eu\/de\/","logo":{"@type":"ImageObject","inLanguage":"de","@id":"https:\/\/radarservice.eu\/de\/#\/schema\/logo\/image\/","url":"https:\/\/radarservice.eu\/wp-content\/uploads\/2021\/03\/Radar_detector_service.png","contentUrl":"https:\/\/radarservice.eu\/wp-content\/uploads\/2021\/03\/Radar_detector_service.png","width":174,"height":48,"caption":"RadarService"},"image":{"@id":"https:\/\/radarservice.eu\/de\/#\/schema\/logo\/image\/"}}]}},"_links":{"self":[{"href":"https:\/\/radarservice.eu\/de\/wp-json\/wp\/v2\/product\/13641","targetHints":{"allow":["GET"]}}],"collection":[{"href":"https:\/\/radarservice.eu\/de\/wp-json\/wp\/v2\/product"}],"about":[{"href":"https:\/\/radarservice.eu\/de\/wp-json\/wp\/v2\/types\/product"}],"replies":[{"embeddable":true,"href":"https:\/\/radarservice.eu\/de\/wp-json\/wp\/v2\/comments?post=13641"}],"wp:featuredmedia":[{"embeddable":true,"href":"https:\/\/radarservice.eu\/de\/wp-json\/wp\/v2\/media\/13867"}],"wp:attachment":[{"href":"https:\/\/radarservice.eu\/de\/wp-json\/wp\/v2\/media?parent=13641"}],"wp:term":[{"taxonomy":"product_brand","embeddable":true,"href":"https:\/\/radarservice.eu\/de\/wp-json\/wp\/v2\/product_brand?post=13641"},{"taxonomy":"product_cat","embeddable":true,"href":"https:\/\/radarservice.eu\/de\/wp-json\/wp\/v2\/product_cat?post=13641"},{"taxonomy":"product_tag","embeddable":true,"href":"https:\/\/radarservice.eu\/de\/wp-json\/wp\/v2\/product_tag?post=13641"}],"curies":[{"name":"wp","href":"https:\/\/api.w.org\/{rel}","templated":true}]}}