{"id":13638,"date":"2020-09-13T14:47:04","date_gmt":"2020-09-13T12:47:04","guid":{"rendered":"https:\/\/radarservice.eu\/produkt\/target-blu-eye\/"},"modified":"2023-01-23T15:39:28","modified_gmt":"2023-01-23T14:39:28","slug":"target-blu-eye","status":"publish","type":"product","link":"https:\/\/radarservice.eu\/de\/produkt\/target-blu-eye\/","title":{"rendered":"Target Blu Eye"},"content":{"rendered":"<p>Der Blu Eye ist die legale Art der Erkennung von Einsatzfahrzeugen und Kontrollstellen. Zus\u00e4tzlich warnt der Blu Eye bei Ann\u00e4herung von Zivilstreifen, Polizeiautos, Krankenwagen und Feuerwehrautos. Blu Eye basiert auf dem neuen TETRA-Funknetz das in den meisten EU L\u00e4ndern von Polizei- und Rettungsdiensten eingesetzt wird.<\/p>\n<p>Optische und akustische Warnungen erfolgen \u00fcber ein kleines Bedienpanel. Die Entfernung zu einem Einsatzfahrzeug ist \u00fcber die Empfangst\u00e4rkenanzeige ablesbar.<br \/>\nDie Empfangsempfindlichkeit kann ebenfalls \u00fcber das Bedienpanel eingestellt werden, dazu k\u00f6nnen Sie zwischen Stadt und Autobahnmodus w\u00e4hlen. Je nach Empfindlichkeit sind so Vorwarnungen von wenigen 100 Meter bis zu einem Kilometer m\u00f6glich.<\/p>\n<p><strong>\u00dcbersicht:<\/strong><br \/>\n+ Extrem benutzerfreundlich<br \/>\n+ kompakte Gr\u00f6\u00dfe<br \/>\n+ leicht zu installieren<\/p>\n<p><strong>Lieferumfang:<\/strong><br \/>\n* Target Blu Eye<br \/>\n* kleine Bedien- und Anzeigeeinheit<br \/>\n* externe Antenne<br \/>\n* Kabelset<\/p>\n","protected":false},"excerpt":{"rendered":"<p>Der Blu Eye ist die legale Art der Erkennung von Einsatzfahrzeugen und Kontrollstellen. Zus\u00e4tzlich warnt der Blu Eye bei Ann\u00e4herung von Zivilstreifen, Polizeiautos, Krankenwagen und Feuerwehrautos. Blu Eye basiert auf dem neuen TETRA-Funknetz das in den meisten EU L\u00e4ndern von Polizei- und Rettungsdiensten eingesetzt wird. Optische und akustische Warnungen erfolgen \u00fcber ein kleines Bedienpanel. Die [&#8230;]\n","protected":false},"featured_media":2748,"comment_status":"open","ping_status":"closed","template":"","meta":[],"product_brand":[],"product_cat":[187,229],"product_tag":[138,144,140,143,142,145,137,139,141],"class_list":{"0":"post-13638","1":"product","2":"type-product","3":"status-publish","4":"has-post-thumbnail","6":"product_cat-festeinbau-radarwarner","7":"product_cat-target","8":"product_tag-blu-eye","9":"product_tag-feuerwehr","10":"product_tag-funknetz","11":"product_tag-krankenwagen","12":"product_tag-polizei","13":"product_tag-rettungsdienst","14":"product_tag-target","15":"product_tag-tetra-netz","16":"product_tag-zivilstreife","18":"first","19":"outofstock","20":"taxable","21":"shipping-taxable","22":"purchasable","23":"product-type-simple"},"yoast_head":"<!-- This site is optimized with the Yoast SEO plugin v27.2 - https:\/\/yoast.com\/product\/yoast-seo-wordpress\/ -->\n<title>Target Blu Eye | Radar Service<\/title>\n<meta name=\"description\" content=\"Der Target BluEye ist die legale Art der Erkennung von Einsatzfahrzeugen und Kontrollstellen per Digitalfunk.\" \/>\n<meta name=\"robots\" content=\"index, follow, max-snippet:-1, max-image-preview:large, max-video-preview:-1\" \/>\n<link rel=\"canonical\" href=\"https:\/\/radarservice.eu\/de\/produkt\/target-blu-eye\/\" \/>\n<meta property=\"og:locale\" content=\"de_DE\" \/>\n<meta property=\"og:type\" content=\"article\" \/>\n<meta property=\"og:title\" content=\"Target Blu Eye | Radar Service\" \/>\n<meta property=\"og:description\" content=\"Der Target BluEye ist die legale Art der Erkennung von Einsatzfahrzeugen und Kontrollstellen per Digitalfunk.\" \/>\n<meta property=\"og:url\" content=\"https:\/\/radarservice.eu\/de\/produkt\/target-blu-eye\/\" \/>\n<meta property=\"og:site_name\" content=\"Radar Service\" \/>\n<meta property=\"article:modified_time\" content=\"2023-01-23T14:39:28+00:00\" \/>\n<meta property=\"og:image\" content=\"https:\/\/radarservice.eu\/wp-content\/uploads\/2019\/07\/target_blu_eye_steuergeraet_bedienteil.jpg\" \/>\n\t<meta property=\"og:image:width\" content=\"486\" \/>\n\t<meta property=\"og:image:height\" content=\"252\" \/>\n\t<meta property=\"og:image:type\" content=\"image\/jpeg\" \/>\n<meta name=\"twitter:card\" content=\"summary_large_image\" \/>\n<meta name=\"twitter:label1\" content=\"Gesch\u00e4tzte Lesezeit\" \/>\n\t<meta name=\"twitter:data1\" content=\"1\u00a0Minute\" \/>\n<script type=\"application\/ld+json\" class=\"yoast-schema-graph\">{\"@context\":\"https:\/\/schema.org\",\"@graph\":[{\"@type\":\"WebPage\",\"@id\":\"https:\/\/radarservice.eu\/de\/produkt\/target-blu-eye\/\",\"url\":\"https:\/\/radarservice.eu\/de\/produkt\/target-blu-eye\/\",\"name\":\"Target Blu Eye | Radar Service\",\"isPartOf\":{\"@id\":\"https:\/\/radarservice.eu\/de\/#website\"},\"primaryImageOfPage\":{\"@id\":\"https:\/\/radarservice.eu\/de\/produkt\/target-blu-eye\/#primaryimage\"},\"image\":{\"@id\":\"https:\/\/radarservice.eu\/de\/produkt\/target-blu-eye\/#primaryimage\"},\"thumbnailUrl\":\"https:\/\/radarservice.eu\/wp-content\/uploads\/2019\/07\/target_blu_eye_steuergeraet_bedienteil.jpg\",\"datePublished\":\"2020-09-13T12:47:04+00:00\",\"dateModified\":\"2023-01-23T14:39:28+00:00\",\"description\":\"Der Target BluEye ist die legale Art der Erkennung von Einsatzfahrzeugen und Kontrollstellen per Digitalfunk.\",\"breadcrumb\":{\"@id\":\"https:\/\/radarservice.eu\/de\/produkt\/target-blu-eye\/#breadcrumb\"},\"inLanguage\":\"de\",\"potentialAction\":[{\"@type\":\"ReadAction\",\"target\":[\"https:\/\/radarservice.eu\/de\/produkt\/target-blu-eye\/\"]}]},{\"@type\":\"ImageObject\",\"inLanguage\":\"de\",\"@id\":\"https:\/\/radarservice.eu\/de\/produkt\/target-blu-eye\/#primaryimage\",\"url\":\"https:\/\/radarservice.eu\/wp-content\/uploads\/2019\/07\/target_blu_eye_steuergeraet_bedienteil.jpg\",\"contentUrl\":\"https:\/\/radarservice.eu\/wp-content\/uploads\/2019\/07\/target_blu_eye_steuergeraet_bedienteil.jpg\",\"width\":486,\"height\":252,\"caption\":\"Target Blu Eye Steuerger\u00e4t + Bedienteil\"},{\"@type\":\"BreadcrumbList\",\"@id\":\"https:\/\/radarservice.eu\/de\/produkt\/target-blu-eye\/#breadcrumb\",\"itemListElement\":[{\"@type\":\"ListItem\",\"position\":1,\"name\":\"Radarwarner Shop\",\"item\":\"https:\/\/radarservice.eu\/de\/shop\/\"},{\"@type\":\"ListItem\",\"position\":2,\"name\":\"Target Blu Eye\"}]},{\"@type\":\"WebSite\",\"@id\":\"https:\/\/radarservice.eu\/de\/#website\",\"url\":\"https:\/\/radarservice.eu\/de\/\",\"name\":\"Radar Service\",\"description\":\"Radar detector Laser jammer mobile fix\",\"publisher\":{\"@id\":\"https:\/\/radarservice.eu\/de\/#organization\"},\"potentialAction\":[{\"@type\":\"SearchAction\",\"target\":{\"@type\":\"EntryPoint\",\"urlTemplate\":\"https:\/\/radarservice.eu\/de\/?s={search_term_string}\"},\"query-input\":{\"@type\":\"PropertyValueSpecification\",\"valueRequired\":true,\"valueName\":\"search_term_string\"}}],\"inLanguage\":\"de\"},{\"@type\":\"Organization\",\"@id\":\"https:\/\/radarservice.eu\/de\/#organization\",\"name\":\"RadarService\",\"url\":\"https:\/\/radarservice.eu\/de\/\",\"logo\":{\"@type\":\"ImageObject\",\"inLanguage\":\"de\",\"@id\":\"https:\/\/radarservice.eu\/de\/#\/schema\/logo\/image\/\",\"url\":\"https:\/\/radarservice.eu\/wp-content\/uploads\/2021\/03\/Radar_detector_service.png\",\"contentUrl\":\"https:\/\/radarservice.eu\/wp-content\/uploads\/2021\/03\/Radar_detector_service.png\",\"width\":174,\"height\":48,\"caption\":\"RadarService\"},\"image\":{\"@id\":\"https:\/\/radarservice.eu\/de\/#\/schema\/logo\/image\/\"}}]}<\/script>\n<!-- \/ Yoast SEO plugin. -->","yoast_head_json":{"title":"Target Blu Eye | Radar Service","description":"Der Target BluEye ist die legale Art der Erkennung von Einsatzfahrzeugen und Kontrollstellen per Digitalfunk.","robots":{"index":"index","follow":"follow","max-snippet":"max-snippet:-1","max-image-preview":"max-image-preview:large","max-video-preview":"max-video-preview:-1"},"canonical":"https:\/\/radarservice.eu\/de\/produkt\/target-blu-eye\/","og_locale":"de_DE","og_type":"article","og_title":"Target Blu Eye | Radar Service","og_description":"Der Target BluEye ist die legale Art der Erkennung von Einsatzfahrzeugen und Kontrollstellen per Digitalfunk.","og_url":"https:\/\/radarservice.eu\/de\/produkt\/target-blu-eye\/","og_site_name":"Radar Service","article_modified_time":"2023-01-23T14:39:28+00:00","og_image":[{"width":486,"height":252,"url":"https:\/\/radarservice.eu\/wp-content\/uploads\/2019\/07\/target_blu_eye_steuergeraet_bedienteil.jpg","type":"image\/jpeg"}],"twitter_card":"summary_large_image","twitter_misc":{"Gesch\u00e4tzte Lesezeit":"1\u00a0Minute"},"schema":{"@context":"https:\/\/schema.org","@graph":[{"@type":"WebPage","@id":"https:\/\/radarservice.eu\/de\/produkt\/target-blu-eye\/","url":"https:\/\/radarservice.eu\/de\/produkt\/target-blu-eye\/","name":"Target Blu Eye | Radar Service","isPartOf":{"@id":"https:\/\/radarservice.eu\/de\/#website"},"primaryImageOfPage":{"@id":"https:\/\/radarservice.eu\/de\/produkt\/target-blu-eye\/#primaryimage"},"image":{"@id":"https:\/\/radarservice.eu\/de\/produkt\/target-blu-eye\/#primaryimage"},"thumbnailUrl":"https:\/\/radarservice.eu\/wp-content\/uploads\/2019\/07\/target_blu_eye_steuergeraet_bedienteil.jpg","datePublished":"2020-09-13T12:47:04+00:00","dateModified":"2023-01-23T14:39:28+00:00","description":"Der Target BluEye ist die legale Art der Erkennung von Einsatzfahrzeugen und Kontrollstellen per Digitalfunk.","breadcrumb":{"@id":"https:\/\/radarservice.eu\/de\/produkt\/target-blu-eye\/#breadcrumb"},"inLanguage":"de","potentialAction":[{"@type":"ReadAction","target":["https:\/\/radarservice.eu\/de\/produkt\/target-blu-eye\/"]}]},{"@type":"ImageObject","inLanguage":"de","@id":"https:\/\/radarservice.eu\/de\/produkt\/target-blu-eye\/#primaryimage","url":"https:\/\/radarservice.eu\/wp-content\/uploads\/2019\/07\/target_blu_eye_steuergeraet_bedienteil.jpg","contentUrl":"https:\/\/radarservice.eu\/wp-content\/uploads\/2019\/07\/target_blu_eye_steuergeraet_bedienteil.jpg","width":486,"height":252,"caption":"Target Blu Eye Steuerger\u00e4t + Bedienteil"},{"@type":"BreadcrumbList","@id":"https:\/\/radarservice.eu\/de\/produkt\/target-blu-eye\/#breadcrumb","itemListElement":[{"@type":"ListItem","position":1,"name":"Radarwarner Shop","item":"https:\/\/radarservice.eu\/de\/shop\/"},{"@type":"ListItem","position":2,"name":"Target Blu Eye"}]},{"@type":"WebSite","@id":"https:\/\/radarservice.eu\/de\/#website","url":"https:\/\/radarservice.eu\/de\/","name":"Radar Service","description":"Radar detector Laser jammer mobile fix","publisher":{"@id":"https:\/\/radarservice.eu\/de\/#organization"},"potentialAction":[{"@type":"SearchAction","target":{"@type":"EntryPoint","urlTemplate":"https:\/\/radarservice.eu\/de\/?s={search_term_string}"},"query-input":{"@type":"PropertyValueSpecification","valueRequired":true,"valueName":"search_term_string"}}],"inLanguage":"de"},{"@type":"Organization","@id":"https:\/\/radarservice.eu\/de\/#organization","name":"RadarService","url":"https:\/\/radarservice.eu\/de\/","logo":{"@type":"ImageObject","inLanguage":"de","@id":"https:\/\/radarservice.eu\/de\/#\/schema\/logo\/image\/","url":"https:\/\/radarservice.eu\/wp-content\/uploads\/2021\/03\/Radar_detector_service.png","contentUrl":"https:\/\/radarservice.eu\/wp-content\/uploads\/2021\/03\/Radar_detector_service.png","width":174,"height":48,"caption":"RadarService"},"image":{"@id":"https:\/\/radarservice.eu\/de\/#\/schema\/logo\/image\/"}}]}},"_links":{"self":[{"href":"https:\/\/radarservice.eu\/de\/wp-json\/wp\/v2\/product\/13638","targetHints":{"allow":["GET"]}}],"collection":[{"href":"https:\/\/radarservice.eu\/de\/wp-json\/wp\/v2\/product"}],"about":[{"href":"https:\/\/radarservice.eu\/de\/wp-json\/wp\/v2\/types\/product"}],"replies":[{"embeddable":true,"href":"https:\/\/radarservice.eu\/de\/wp-json\/wp\/v2\/comments?post=13638"}],"wp:featuredmedia":[{"embeddable":true,"href":"https:\/\/radarservice.eu\/de\/wp-json\/wp\/v2\/media\/2748"}],"wp:attachment":[{"href":"https:\/\/radarservice.eu\/de\/wp-json\/wp\/v2\/media?parent=13638"}],"wp:term":[{"taxonomy":"product_brand","embeddable":true,"href":"https:\/\/radarservice.eu\/de\/wp-json\/wp\/v2\/product_brand?post=13638"},{"taxonomy":"product_cat","embeddable":true,"href":"https:\/\/radarservice.eu\/de\/wp-json\/wp\/v2\/product_cat?post=13638"},{"taxonomy":"product_tag","embeddable":true,"href":"https:\/\/radarservice.eu\/de\/wp-json\/wp\/v2\/product_tag?post=13638"}],"curies":[{"name":"wp","href":"https:\/\/api.w.org\/{rel}","templated":true}]}}