{"id":13636,"date":"2020-09-13T14:47:04","date_gmt":"2020-09-13T12:47:04","guid":{"rendered":"https:\/\/radarservice.eu\/produkt\/escort-redline-europaversion\/"},"modified":"2025-06-22T05:10:32","modified_gmt":"2025-06-22T03:10:32","slug":"escort-redline-ex-international-radarwarner","status":"publish","type":"product","link":"https:\/\/radarservice.eu\/de\/produkt\/escort-redline-ex-international-radarwarner\/","title":{"rendered":"Escort RedLine EX International"},"content":{"rendered":"<h2>Escort RedLine EX International Radarwarner<\/h2>\n<p>Der RedLine Serie von Escort ist einer der am meisten gesch\u00e4tzten Radarwarner der letzten Jahre und erhielt viele positive Kundenbewertungen. Mit dem RedLine EX Radarwarner verbessert Escort einen Klassiker, indem ein modernes Farbdisplay und ein verbesserter Fehlalarmfilter entwickelt wurden.<\/p>\n<figure id=\"attachment_13938\" aria-describedby=\"caption-attachment-13938\" style=\"width: 600px\" class=\"wp-caption aligncenter\"><img loading=\"lazy\" decoding=\"async\" src=\"https:\/\/radarservice.eu\/wp-content\/uploads\/2020\/09\/Escort_Redline_Lieferumfang.jpg\" alt=\"Escort Redline EX Lieferumfang\" width=\"600\" height=\"600\" class=\"size-full wp-image-13938\" srcset=\"https:\/\/radarservice.eu\/wp-content\/uploads\/2020\/09\/Escort_Redline_Lieferumfang.jpg 800w, https:\/\/radarservice.eu\/wp-content\/uploads\/2020\/09\/Escort_Redline_Lieferumfang-300x300.jpg 300w, https:\/\/radarservice.eu\/wp-content\/uploads\/2020\/09\/Escort_Redline_Lieferumfang-150x150.jpg 150w, https:\/\/radarservice.eu\/wp-content\/uploads\/2020\/09\/Escort_Redline_Lieferumfang-768x768.jpg 768w, https:\/\/radarservice.eu\/wp-content\/uploads\/2020\/09\/Escort_Redline_Lieferumfang-510x510.jpg 510w, https:\/\/radarservice.eu\/wp-content\/uploads\/2020\/09\/Escort_Redline_Lieferumfang-100x100.jpg 100w\" sizes=\"auto, (max-width: 600px) 100vw, 600px\" \/><figcaption id=\"caption-attachment-13938\" class=\"wp-caption-text\">Escort Redline EX Lieferumfang<\/figcaption><\/figure>\n<h3>verbesserter Fehlalarmfilter<\/h3>\n<p>Mit Einf\u00fchrung der Fahrerassistenzsysteme in modernen Autos entstand f\u00fcr Radarwarner zus\u00e4tzliche Probleme und h\u00e4ufige Fehlalarme.  Da die Assistenzsysteme \u00e4hnliche Frequenzen wie herk\u00f6mmliche Radarfallen verwenden. Der Escort RedLine EX erkennt die Signale der Fahrerassistenzsysteme und trennt sie von den Signalen der wirklichen Radarfallen und vermeidet so unn\u00f6tige Fehlalarme.<\/p>\n<h3>AutoLearn-Technologie<\/h3>\n<p>Die AutoLearn-Funktion des RedLine EX kombiniert GPS-Standortinformationen mit dem einzigartigen Frequenzbereich der empfangenen Radarsignale. Dadurch erkennt der Radarwarner automatisch Fehlalarme und kann diese zuk\u00fcnftig filtern. Sie werden weniger Fehlalarme h\u00f6ren, selbst wenn Sie diese Stellen nicht manuell als Fehlalarm markieren. Bereits nach dreimaligem Auftreten eines Fehlalarms an der gleichen Stelle wird dieser Standort zuk\u00fcnftig vollautomatisch mittels GPS Positionierung gefiltert.<\/p>\n<h3>schnelle Visualisierung von Gefahren<\/h3>\n<p>Das neue OLED-Display gibt Ihnen einen schnellen und \u00fcbersichtlichen \u00dcberblick \u00fcber relevante Informationen zu eingehenden Gefahrenmeldungen. Eindeutige Symbole und eine zus\u00e4tzliche LED bieten eine perfekte visuelle Warnung f\u00fcr zus\u00e4tzlichen Schutz. Die Helligkeit des Displays l\u00e4sst sich stufenweise von hell bis dunkel einstellen und farblich individuell anpassen.<\/p>\n<h3>zwei Antennen f\u00fcr perfekten Empfang<\/h3>\n<p>Zwei Radarantennen bieten Ihnen fr\u00fchestm\u00f6gliche Warnungen f\u00fcr alle europ\u00e4ischen Frequenzen. Auch die neuen GATSO, Multaradar CT (MRCT) \/ Multaradar CD (MRCD) \/ MultaRadar Moving und Gatso Radarfallen werden fr\u00fchzeitig erkannt. Der Redline EX ist zus\u00e4tzlich mit mehreren Lasersensoren ausgestattet. Darunter auch ein spezieller Laserempf\u00e4nger zur Erkennung einer Geschwindigkeitsmessung von hinten. Die patentierte digitale Signalverarbeitung analysiert eingehende \u00dcbertragungen und filtert das Rauschen heraus, wodurch l\u00e4stige Fehlalarme minimiert werden. <\/p>\n<h3>GPS POI Warner mit Blitzerdatenbank Europa<\/h3>\n<p>Der RedLine EX International wird mit einer vorinstallierten Datenbank von festen Geschwindigkeits- und Ampelblitzer und Section-Control Abschnitten in ganz Europa  geliefert. Durch den integrierten GPS Empf\u00e4nger und der Europa Datenbank werden auch festinstallierten Radarfallen zuverl\u00e4ssig gemeldet. Updates f\u00fcr die Datenbank k\u00f6nnen jederzeit heruntergeladen und installiert werden. Sie ben\u00f6tigen ein Abonnement und einen Windows\u00ae-basierten Computer, um die Datenbank des RedLine EX zu aktualisieren. <\/p>\n<h3>Praktisch unsichtbar f\u00fcr die Erkennung<\/h3>\n<p>Die TotalShield-Technologie sorgt daf\u00fcr, dass Sie nicht geortet werden k\u00f6nnen.  Auch die aktuellen VG2 und Spectre Radarwarner Detektoren der Polizei k\u00f6nnen den Escort Radarwarner nicht orten. Mit diesem zus\u00e4tzlichen Vorteil k\u00f6nnen Sie den Escort Redline EX unbesorgt einsetzen.<\/p>\n<h3>Smartphone per Bluetooth verbinden<\/h3>\n<p>Mit der eingebauten Bluetoothschnittstelle k\u00f6nnen Sie den Escort Radarwarner einfach mit Ihrem Telefon koppeln und mit der Escort Live App verbinden. <\/p>\n<h3>Speichern eigener Gefahrenstellen und automatische Stummschaltung<\/h3>\n<p>Per Tastendruck lassen sich eigene Gefahrenstellen abspeichern. Der RedLine EX wird Sie zuk\u00fcnftig an diesen Standorten warnen sobald Sie sich ann\u00e4hern.  Oder dr\u00fccken Sie die Stummschalttaste an einer Stelle an der Sie zuk\u00fcnftig nicht gewarnt werden m\u00f6chten. Der Redline Radarwarner merkt sich die GPS Koordinaten und die Radarfrequenz und schaltet den Alarm stumm, wenn Sie das n\u00e4chste Mal an dem Standort vorbeifahren. Sollte an diesem Standort eine andere Radarfrequenz empfangen werden, zum Beispiel durch eine Radarfalle, wird der Escort EX Sie in der Zukunft trotzdem warnen.<\/p>\n<h3>benutzerfreundliche Bedienung<\/h3>\n<p>Der RedLine EX Radarwarner macht es Ihnen leicht die Vorteile seiner gro\u00dfartigen Technologie zu nutzen. Mit zwei vorkonfigurierten Empfindlichkeitsstufen k\u00f6nnen Sie den Radarwarner f\u00fcr den Einsatz in der Stadt und auf der Autobahn einstellen. Die  digitale Sprachwarnung erfolgt in Englisch oder Spanisch und Sie k\u00f6nnen die Stummschaltung nutzen, um die Lautst\u00e4rke anzupassen oder ganz abzuschalten.<\/p>\n<h3>SmartCord und Reisekoffer<\/h3>\n<p>Ihr Escort RedLine EX wird mit einem Reisekoffer und einem 12-Volt-SmartCord Anschlusskabel f\u00fcr den Zigarettenanz\u00fcnder geliefert.  Die moderne Halterung l\u00e4sst sich sicher an der Windschutzscheibe befestigen und erm\u00f6glicht eine schnelle Befestigung des Radarwarners. Mit der integrierten LED im SmartCord Kabel k\u00f6nnen Sie Warnungen auch bei ausgeschaltetem Display sehen. <\/p>\n<p><strong>Hiweis:<\/strong> Der Escort Redline verf\u00fcgt zwar \u00fcber einen guten Laserempfang, aber f\u00fcr einen sicheren Laserschutz empfehlen wir den Einsatz eines aktiven Laserblockers z.B. AL Priority oder LaserTrack Flare.<\/p>\n","protected":false},"excerpt":{"rendered":"<h2>Escort RedLine EX International<\/h2>\n<p>Radarwarner mit Bluetooth, GPS und Datenbank f\u00fcr Europa. Sehr guter Radarwarner f\u00fcr den Einsatz in Europa.<br \/>\nSpeziell abgestimmt f\u00fcr den Einsatz in Europa, Schutz vor X-, K-, Ka-, MultaRadar, Gatso Radarfallen. <\/p>\n","protected":false},"featured_media":13720,"comment_status":"open","ping_status":"closed","template":"","meta":[],"product_brand":[],"product_cat":[250,226,33],"product_tag":[131,45,78,44,34],"class_list":{"0":"post-13636","1":"product","2":"type-product","3":"status-publish","4":"has-post-thumbnail","6":"product_cat-empfohlene-radarwarner","7":"product_cat-escort","8":"product_cat-mobile-radarwarner","9":"product_tag-escort-redline","10":"product_tag-europa","11":"product_tag-laserwarner","12":"product_tag-mobiler-radarwarner","13":"product_tag-radarwarner","15":"first","16":"onbackorder","17":"sale","18":"taxable","19":"shipping-taxable","20":"purchasable","21":"product-type-simple"},"yoast_head":"<!-- This site is optimized with the Yoast SEO plugin v27.2 - https:\/\/yoast.com\/product\/yoast-seo-wordpress\/ -->\n<title>Escort RedLine EX International | Radar Service<\/title>\n<meta name=\"description\" content=\"Der Escort RedLine EX Radarwarner bietet sehr gute Radarwarnung und bestm\u00f6glichen Schutz gegen mobile Radarfallen und Lasermessungen.\" \/>\n<meta name=\"robots\" content=\"index, follow, max-snippet:-1, max-image-preview:large, max-video-preview:-1\" \/>\n<link rel=\"canonical\" href=\"https:\/\/radarservice.eu\/de\/produkt\/escort-redline-ex-international-radarwarner\/\" \/>\n<meta property=\"og:locale\" content=\"de_DE\" \/>\n<meta property=\"og:type\" content=\"article\" \/>\n<meta property=\"og:title\" content=\"Escort RedLine EX International | Radar Service\" \/>\n<meta property=\"og:description\" content=\"Der Escort RedLine EX Radarwarner bietet sehr gute Radarwarnung und bestm\u00f6glichen Schutz gegen mobile Radarfallen und Lasermessungen.\" \/>\n<meta property=\"og:url\" content=\"https:\/\/radarservice.eu\/de\/produkt\/escort-redline-ex-international-radarwarner\/\" \/>\n<meta property=\"og:site_name\" content=\"Radar Service\" \/>\n<meta property=\"article:modified_time\" content=\"2025-06-22T03:10:32+00:00\" \/>\n<meta property=\"og:image\" content=\"https:\/\/radarservice.eu\/wp-content\/uploads\/2020\/09\/Escort_Redline_EX_International_display.png\" \/>\n\t<meta property=\"og:image:width\" content=\"780\" \/>\n\t<meta property=\"og:image:height\" content=\"440\" \/>\n\t<meta property=\"og:image:type\" content=\"image\/png\" \/>\n<meta name=\"twitter:card\" content=\"summary_large_image\" \/>\n<meta name=\"twitter:label1\" content=\"Gesch\u00e4tzte Lesezeit\" \/>\n\t<meta name=\"twitter:data1\" content=\"4\u00a0Minuten\" \/>\n<script type=\"application\/ld+json\" class=\"yoast-schema-graph\">{\"@context\":\"https:\/\/schema.org\",\"@graph\":[{\"@type\":\"WebPage\",\"@id\":\"https:\/\/radarservice.eu\/de\/produkt\/escort-redline-ex-international-radarwarner\/\",\"url\":\"https:\/\/radarservice.eu\/de\/produkt\/escort-redline-ex-international-radarwarner\/\",\"name\":\"Escort RedLine EX International | Radar Service\",\"isPartOf\":{\"@id\":\"https:\/\/radarservice.eu\/de\/#website\"},\"primaryImageOfPage\":{\"@id\":\"https:\/\/radarservice.eu\/de\/produkt\/escort-redline-ex-international-radarwarner\/#primaryimage\"},\"image\":{\"@id\":\"https:\/\/radarservice.eu\/de\/produkt\/escort-redline-ex-international-radarwarner\/#primaryimage\"},\"thumbnailUrl\":\"https:\/\/radarservice.eu\/wp-content\/uploads\/2020\/09\/Escort_Redline_EX_International_display.png\",\"datePublished\":\"2020-09-13T12:47:04+00:00\",\"dateModified\":\"2025-06-22T03:10:32+00:00\",\"description\":\"Der Escort RedLine EX Radarwarner bietet sehr gute Radarwarnung und bestm\u00f6glichen Schutz gegen mobile Radarfallen und Lasermessungen.\",\"breadcrumb\":{\"@id\":\"https:\/\/radarservice.eu\/de\/produkt\/escort-redline-ex-international-radarwarner\/#breadcrumb\"},\"inLanguage\":\"de\",\"potentialAction\":[{\"@type\":\"ReadAction\",\"target\":[\"https:\/\/radarservice.eu\/de\/produkt\/escort-redline-ex-international-radarwarner\/\"]}]},{\"@type\":\"ImageObject\",\"inLanguage\":\"de\",\"@id\":\"https:\/\/radarservice.eu\/de\/produkt\/escort-redline-ex-international-radarwarner\/#primaryimage\",\"url\":\"https:\/\/radarservice.eu\/wp-content\/uploads\/2020\/09\/Escort_Redline_EX_International_display.png\",\"contentUrl\":\"https:\/\/radarservice.eu\/wp-content\/uploads\/2020\/09\/Escort_Redline_EX_International_display.png\",\"width\":780,\"height\":440,\"caption\":\"Escort Redline EX International Display\"},{\"@type\":\"BreadcrumbList\",\"@id\":\"https:\/\/radarservice.eu\/de\/produkt\/escort-redline-ex-international-radarwarner\/#breadcrumb\",\"itemListElement\":[{\"@type\":\"ListItem\",\"position\":1,\"name\":\"Radarwarner Shop\",\"item\":\"https:\/\/radarservice.eu\/de\/shop\/\"},{\"@type\":\"ListItem\",\"position\":2,\"name\":\"Escort RedLine EX International\"}]},{\"@type\":\"WebSite\",\"@id\":\"https:\/\/radarservice.eu\/de\/#website\",\"url\":\"https:\/\/radarservice.eu\/de\/\",\"name\":\"Radar Service\",\"description\":\"Radar detector Laser jammer mobile fix\",\"publisher\":{\"@id\":\"https:\/\/radarservice.eu\/de\/#organization\"},\"potentialAction\":[{\"@type\":\"SearchAction\",\"target\":{\"@type\":\"EntryPoint\",\"urlTemplate\":\"https:\/\/radarservice.eu\/de\/?s={search_term_string}\"},\"query-input\":{\"@type\":\"PropertyValueSpecification\",\"valueRequired\":true,\"valueName\":\"search_term_string\"}}],\"inLanguage\":\"de\"},{\"@type\":\"Organization\",\"@id\":\"https:\/\/radarservice.eu\/de\/#organization\",\"name\":\"RadarService\",\"url\":\"https:\/\/radarservice.eu\/de\/\",\"logo\":{\"@type\":\"ImageObject\",\"inLanguage\":\"de\",\"@id\":\"https:\/\/radarservice.eu\/de\/#\/schema\/logo\/image\/\",\"url\":\"https:\/\/radarservice.eu\/wp-content\/uploads\/2021\/03\/Radar_detector_service.png\",\"contentUrl\":\"https:\/\/radarservice.eu\/wp-content\/uploads\/2021\/03\/Radar_detector_service.png\",\"width\":174,\"height\":48,\"caption\":\"RadarService\"},\"image\":{\"@id\":\"https:\/\/radarservice.eu\/de\/#\/schema\/logo\/image\/\"}}]}<\/script>\n<!-- \/ Yoast SEO plugin. -->","yoast_head_json":{"title":"Escort RedLine EX International | Radar Service","description":"Der Escort RedLine EX Radarwarner bietet sehr gute Radarwarnung und bestm\u00f6glichen Schutz gegen mobile Radarfallen und Lasermessungen.","robots":{"index":"index","follow":"follow","max-snippet":"max-snippet:-1","max-image-preview":"max-image-preview:large","max-video-preview":"max-video-preview:-1"},"canonical":"https:\/\/radarservice.eu\/de\/produkt\/escort-redline-ex-international-radarwarner\/","og_locale":"de_DE","og_type":"article","og_title":"Escort RedLine EX International | Radar Service","og_description":"Der Escort RedLine EX Radarwarner bietet sehr gute Radarwarnung und bestm\u00f6glichen Schutz gegen mobile Radarfallen und Lasermessungen.","og_url":"https:\/\/radarservice.eu\/de\/produkt\/escort-redline-ex-international-radarwarner\/","og_site_name":"Radar Service","article_modified_time":"2025-06-22T03:10:32+00:00","og_image":[{"width":780,"height":440,"url":"https:\/\/radarservice.eu\/wp-content\/uploads\/2020\/09\/Escort_Redline_EX_International_display.png","type":"image\/png"}],"twitter_card":"summary_large_image","twitter_misc":{"Gesch\u00e4tzte Lesezeit":"4\u00a0Minuten"},"schema":{"@context":"https:\/\/schema.org","@graph":[{"@type":"WebPage","@id":"https:\/\/radarservice.eu\/de\/produkt\/escort-redline-ex-international-radarwarner\/","url":"https:\/\/radarservice.eu\/de\/produkt\/escort-redline-ex-international-radarwarner\/","name":"Escort RedLine EX International | Radar Service","isPartOf":{"@id":"https:\/\/radarservice.eu\/de\/#website"},"primaryImageOfPage":{"@id":"https:\/\/radarservice.eu\/de\/produkt\/escort-redline-ex-international-radarwarner\/#primaryimage"},"image":{"@id":"https:\/\/radarservice.eu\/de\/produkt\/escort-redline-ex-international-radarwarner\/#primaryimage"},"thumbnailUrl":"https:\/\/radarservice.eu\/wp-content\/uploads\/2020\/09\/Escort_Redline_EX_International_display.png","datePublished":"2020-09-13T12:47:04+00:00","dateModified":"2025-06-22T03:10:32+00:00","description":"Der Escort RedLine EX Radarwarner bietet sehr gute Radarwarnung und bestm\u00f6glichen Schutz gegen mobile Radarfallen und Lasermessungen.","breadcrumb":{"@id":"https:\/\/radarservice.eu\/de\/produkt\/escort-redline-ex-international-radarwarner\/#breadcrumb"},"inLanguage":"de","potentialAction":[{"@type":"ReadAction","target":["https:\/\/radarservice.eu\/de\/produkt\/escort-redline-ex-international-radarwarner\/"]}]},{"@type":"ImageObject","inLanguage":"de","@id":"https:\/\/radarservice.eu\/de\/produkt\/escort-redline-ex-international-radarwarner\/#primaryimage","url":"https:\/\/radarservice.eu\/wp-content\/uploads\/2020\/09\/Escort_Redline_EX_International_display.png","contentUrl":"https:\/\/radarservice.eu\/wp-content\/uploads\/2020\/09\/Escort_Redline_EX_International_display.png","width":780,"height":440,"caption":"Escort Redline EX International Display"},{"@type":"BreadcrumbList","@id":"https:\/\/radarservice.eu\/de\/produkt\/escort-redline-ex-international-radarwarner\/#breadcrumb","itemListElement":[{"@type":"ListItem","position":1,"name":"Radarwarner Shop","item":"https:\/\/radarservice.eu\/de\/shop\/"},{"@type":"ListItem","position":2,"name":"Escort RedLine EX International"}]},{"@type":"WebSite","@id":"https:\/\/radarservice.eu\/de\/#website","url":"https:\/\/radarservice.eu\/de\/","name":"Radar Service","description":"Radar detector Laser jammer mobile fix","publisher":{"@id":"https:\/\/radarservice.eu\/de\/#organization"},"potentialAction":[{"@type":"SearchAction","target":{"@type":"EntryPoint","urlTemplate":"https:\/\/radarservice.eu\/de\/?s={search_term_string}"},"query-input":{"@type":"PropertyValueSpecification","valueRequired":true,"valueName":"search_term_string"}}],"inLanguage":"de"},{"@type":"Organization","@id":"https:\/\/radarservice.eu\/de\/#organization","name":"RadarService","url":"https:\/\/radarservice.eu\/de\/","logo":{"@type":"ImageObject","inLanguage":"de","@id":"https:\/\/radarservice.eu\/de\/#\/schema\/logo\/image\/","url":"https:\/\/radarservice.eu\/wp-content\/uploads\/2021\/03\/Radar_detector_service.png","contentUrl":"https:\/\/radarservice.eu\/wp-content\/uploads\/2021\/03\/Radar_detector_service.png","width":174,"height":48,"caption":"RadarService"},"image":{"@id":"https:\/\/radarservice.eu\/de\/#\/schema\/logo\/image\/"}}]}},"_links":{"self":[{"href":"https:\/\/radarservice.eu\/de\/wp-json\/wp\/v2\/product\/13636","targetHints":{"allow":["GET"]}}],"collection":[{"href":"https:\/\/radarservice.eu\/de\/wp-json\/wp\/v2\/product"}],"about":[{"href":"https:\/\/radarservice.eu\/de\/wp-json\/wp\/v2\/types\/product"}],"replies":[{"embeddable":true,"href":"https:\/\/radarservice.eu\/de\/wp-json\/wp\/v2\/comments?post=13636"}],"wp:featuredmedia":[{"embeddable":true,"href":"https:\/\/radarservice.eu\/de\/wp-json\/wp\/v2\/media\/13720"}],"wp:attachment":[{"href":"https:\/\/radarservice.eu\/de\/wp-json\/wp\/v2\/media?parent=13636"}],"wp:term":[{"taxonomy":"product_brand","embeddable":true,"href":"https:\/\/radarservice.eu\/de\/wp-json\/wp\/v2\/product_brand?post=13636"},{"taxonomy":"product_cat","embeddable":true,"href":"https:\/\/radarservice.eu\/de\/wp-json\/wp\/v2\/product_cat?post=13636"},{"taxonomy":"product_tag","embeddable":true,"href":"https:\/\/radarservice.eu\/de\/wp-json\/wp\/v2\/product_tag?post=13636"}],"curies":[{"name":"wp","href":"https:\/\/api.w.org\/{rel}","templated":true}]}}