{"id":13634,"date":"2020-09-13T14:47:04","date_gmt":"2020-09-13T12:47:04","guid":{"rendered":"https:\/\/radarservice.eu\/produkt\/quintezz-drive-control-gps-v4-0\/"},"modified":"2020-11-09T15:10:56","modified_gmt":"2020-11-09T14:10:56","slug":"quintezz-drive-control-gps-v4-0","status":"publish","type":"product","link":"https:\/\/radarservice.eu\/de\/produkt\/quintezz-drive-control-gps-v4-0\/","title":{"rendered":"Quintezz Drive Control GPS V4.0"},"content":{"rendered":"<p>Der mobile Radarwarner Quintezz Drive Control ist ein kosteng\u00fcnstiges Einsteigerger\u00e4t das sich f\u00fcr den Einsatz in Europa eignet. Durch den eingebauten GPS Empf\u00e4nger erhalten Sie neben den Radar- und Laserwarnungen auch Warnungen vor festinstallierten Geschwindigkeits- und Rotlicht\u00fcberwachungsanlagen.<br \/>\nDie Radar- und Laserwarnfunktion k\u00f6nnen bei Bedarf (z.B. Verkehrskontrolle, Grenzverkehr) mit einem Knopfdruck deaktiviert und sp\u00e4ter per Geheimcode wieder aktiviert werden.<\/p>\n<p>Der Quintezz Drive Control ist optimal f\u00fcr Fahrzeugf\u00fchrer die mit durchschnittlicher Performance auskommen und denen eine Grundabsicherung gen\u00fcgt.<\/p>\n<p><strong>Hiweis:<\/strong> Der Quintezz Drive Control verf\u00fcgt zwar \u00fcber einen Laserempfang, aber f\u00fcr einen sicheren Laserschutz empfehlen wir<br \/>\nden Einsatz eines aktiven Laserblockers z.B. Genevo FF2 oder AL Priority.<\/p>\n<p><strong>\u00dcbersicht:<\/strong><br \/>\n+ mobiler Radarwarner mit 12V Zigarettenanz\u00fcnderanschlu\u00df<br \/>\n+ Radar- und Laserwarnung<br \/>\n+ Ka-Schmalband f\u00fcr max. Leistung bei europ\u00e4ischen Multanova Radarger\u00e4ten<br \/>\n+ Ma\u00dfe: 34 x 75 x 117 (H\u00f6he x Breite x L\u00e4nge in mm)<\/p>\n<p><strong>Frequenzbereiche:<\/strong><br \/>\n+ X-Band &#8211; 9.41 GHz, 9.90 GHz, 10.50 GHz, 10.525 GHz, 10.60 GHz<br \/>\n+ K-Band &#8211; 24.10 GHz, 24.125 GHz, 24.150 GHz<br \/>\n+ Ka-Narrow &#8211; 34.00 GHz, 34.30 GHz, 34.36 GHz<br \/>\n+ Ka-Wide &#8211; 35.50 GHz, 35.70 GHz<br \/>\n+ KU-Band &#8211; 13.450 GHz<\/p>\n<p><strong>Lieferumfang:<\/strong><br \/>\n* Quintezz Drive Control V4.0 Radarwarner<br \/>\n* Halterung &amp; 12V Anschlusskabel<br \/>\n* USB Kabel<br \/>\n* Updatesoftware (feste Blitzer)<br \/>\n* deutsche Bedienungsanleitung<\/p>\n","protected":false},"excerpt":{"rendered":"<p>Der mobile Radarwarner Quintezz Drive Control ist ein kosteng\u00fcnstiges Einsteigerger\u00e4t das sich f\u00fcr den Einsatz in Europa eignet. Durch den eingebauten GPS Empf\u00e4nger erhalten Sie neben den Radar- und Laserwarnungen auch Warnungen vor festinstallierten Geschwindigkeits- und Rotlicht\u00fcberwachungsanlagen. Die Radar- und Laserwarnfunktion k\u00f6nnen bei Bedarf (z.B. Verkehrskontrolle, Grenzverkehr) mit einem Knopfdruck deaktiviert und sp\u00e4ter per Geheimcode [&#8230;]\n","protected":false},"featured_media":13712,"comment_status":"open","ping_status":"closed","template":"","meta":[],"product_brand":[],"product_cat":[33,227],"product_tag":[128,45,94,78,116,127,34],"class_list":{"0":"post-13634","1":"product","2":"type-product","3":"status-publish","4":"has-post-thumbnail","6":"product_cat-mobile-radarwarner","7":"product_cat-quintezz","8":"product_tag-einsteigergeraet","9":"product_tag-europa","10":"product_tag-gps","11":"product_tag-laserwarner","12":"product_tag-poi-warner","13":"product_tag-quintezz-drive-control","14":"product_tag-radarwarner","16":"first","17":"instock","18":"taxable","19":"shipping-taxable","20":"purchasable","21":"product-type-simple"},"yoast_head":"<!-- This site is optimized with the Yoast SEO plugin v27.2 - https:\/\/yoast.com\/product\/yoast-seo-wordpress\/ -->\n<title>Quintezz Drive Control GPS V4.0 | Radar Service<\/title>\n<meta name=\"description\" content=\"Der mobile Radarwarner Quintezz Drive Control ist ein kosteng\u00fcnstiges Einsteigerger\u00e4t das sich f\u00fcr den Einsatz in Europa eignet.\" \/>\n<meta name=\"robots\" content=\"index, follow, max-snippet:-1, max-image-preview:large, max-video-preview:-1\" \/>\n<link rel=\"canonical\" href=\"https:\/\/radarservice.eu\/de\/produkt\/quintezz-drive-control-gps-v4-0\/\" \/>\n<meta property=\"og:locale\" content=\"de_DE\" \/>\n<meta property=\"og:type\" content=\"article\" \/>\n<meta property=\"og:title\" content=\"Quintezz Drive Control GPS V4.0 | Radar Service\" \/>\n<meta property=\"og:description\" content=\"Der mobile Radarwarner Quintezz Drive Control ist ein kosteng\u00fcnstiges Einsteigerger\u00e4t das sich f\u00fcr den Einsatz in Europa eignet.\" \/>\n<meta property=\"og:url\" content=\"https:\/\/radarservice.eu\/de\/produkt\/quintezz-drive-control-gps-v4-0\/\" \/>\n<meta property=\"og:site_name\" content=\"Radar Service\" \/>\n<meta property=\"article:modified_time\" content=\"2020-11-09T14:10:56+00:00\" \/>\n<meta property=\"og:image\" content=\"https:\/\/radarservice.eu\/wp-content\/uploads\/2020\/09\/quintezz_drive_control_gps_v4.jpg\" \/>\n\t<meta property=\"og:image:width\" content=\"450\" \/>\n\t<meta property=\"og:image:height\" content=\"450\" \/>\n\t<meta property=\"og:image:type\" content=\"image\/jpeg\" \/>\n<meta name=\"twitter:card\" content=\"summary_large_image\" \/>\n<meta name=\"twitter:label1\" content=\"Gesch\u00e4tzte Lesezeit\" \/>\n\t<meta name=\"twitter:data1\" content=\"1\u00a0Minute\" \/>\n<script type=\"application\/ld+json\" class=\"yoast-schema-graph\">{\"@context\":\"https:\/\/schema.org\",\"@graph\":[{\"@type\":\"WebPage\",\"@id\":\"https:\/\/radarservice.eu\/de\/produkt\/quintezz-drive-control-gps-v4-0\/\",\"url\":\"https:\/\/radarservice.eu\/de\/produkt\/quintezz-drive-control-gps-v4-0\/\",\"name\":\"Quintezz Drive Control GPS V4.0 | Radar Service\",\"isPartOf\":{\"@id\":\"https:\/\/radarservice.eu\/de\/#website\"},\"primaryImageOfPage\":{\"@id\":\"https:\/\/radarservice.eu\/de\/produkt\/quintezz-drive-control-gps-v4-0\/#primaryimage\"},\"image\":{\"@id\":\"https:\/\/radarservice.eu\/de\/produkt\/quintezz-drive-control-gps-v4-0\/#primaryimage\"},\"thumbnailUrl\":\"https:\/\/radarservice.eu\/wp-content\/uploads\/2020\/09\/quintezz_drive_control_gps_v4.jpg\",\"datePublished\":\"2020-09-13T12:47:04+00:00\",\"dateModified\":\"2020-11-09T14:10:56+00:00\",\"description\":\"Der mobile Radarwarner Quintezz Drive Control ist ein kosteng\u00fcnstiges Einsteigerger\u00e4t das sich f\u00fcr den Einsatz in Europa eignet.\",\"breadcrumb\":{\"@id\":\"https:\/\/radarservice.eu\/de\/produkt\/quintezz-drive-control-gps-v4-0\/#breadcrumb\"},\"inLanguage\":\"de\",\"potentialAction\":[{\"@type\":\"ReadAction\",\"target\":[\"https:\/\/radarservice.eu\/de\/produkt\/quintezz-drive-control-gps-v4-0\/\"]}]},{\"@type\":\"ImageObject\",\"inLanguage\":\"de\",\"@id\":\"https:\/\/radarservice.eu\/de\/produkt\/quintezz-drive-control-gps-v4-0\/#primaryimage\",\"url\":\"https:\/\/radarservice.eu\/wp-content\/uploads\/2020\/09\/quintezz_drive_control_gps_v4.jpg\",\"contentUrl\":\"https:\/\/radarservice.eu\/wp-content\/uploads\/2020\/09\/quintezz_drive_control_gps_v4.jpg\",\"width\":450,\"height\":450,\"caption\":\"Quintezz Drive Control GPS V4.0\"},{\"@type\":\"BreadcrumbList\",\"@id\":\"https:\/\/radarservice.eu\/de\/produkt\/quintezz-drive-control-gps-v4-0\/#breadcrumb\",\"itemListElement\":[{\"@type\":\"ListItem\",\"position\":1,\"name\":\"Radarwarner Shop\",\"item\":\"https:\/\/radarservice.eu\/de\/shop\/\"},{\"@type\":\"ListItem\",\"position\":2,\"name\":\"Quintezz Drive Control GPS V4.0\"}]},{\"@type\":\"WebSite\",\"@id\":\"https:\/\/radarservice.eu\/de\/#website\",\"url\":\"https:\/\/radarservice.eu\/de\/\",\"name\":\"Radar Service\",\"description\":\"Radar detector Laser jammer mobile fix\",\"publisher\":{\"@id\":\"https:\/\/radarservice.eu\/de\/#organization\"},\"potentialAction\":[{\"@type\":\"SearchAction\",\"target\":{\"@type\":\"EntryPoint\",\"urlTemplate\":\"https:\/\/radarservice.eu\/de\/?s={search_term_string}\"},\"query-input\":{\"@type\":\"PropertyValueSpecification\",\"valueRequired\":true,\"valueName\":\"search_term_string\"}}],\"inLanguage\":\"de\"},{\"@type\":\"Organization\",\"@id\":\"https:\/\/radarservice.eu\/de\/#organization\",\"name\":\"RadarService\",\"url\":\"https:\/\/radarservice.eu\/de\/\",\"logo\":{\"@type\":\"ImageObject\",\"inLanguage\":\"de\",\"@id\":\"https:\/\/radarservice.eu\/de\/#\/schema\/logo\/image\/\",\"url\":\"https:\/\/radarservice.eu\/wp-content\/uploads\/2021\/03\/Radar_detector_service.png\",\"contentUrl\":\"https:\/\/radarservice.eu\/wp-content\/uploads\/2021\/03\/Radar_detector_service.png\",\"width\":174,\"height\":48,\"caption\":\"RadarService\"},\"image\":{\"@id\":\"https:\/\/radarservice.eu\/de\/#\/schema\/logo\/image\/\"}}]}<\/script>\n<!-- \/ Yoast SEO plugin. -->","yoast_head_json":{"title":"Quintezz Drive Control GPS V4.0 | Radar Service","description":"Der mobile Radarwarner Quintezz Drive Control ist ein kosteng\u00fcnstiges Einsteigerger\u00e4t das sich f\u00fcr den Einsatz in Europa eignet.","robots":{"index":"index","follow":"follow","max-snippet":"max-snippet:-1","max-image-preview":"max-image-preview:large","max-video-preview":"max-video-preview:-1"},"canonical":"https:\/\/radarservice.eu\/de\/produkt\/quintezz-drive-control-gps-v4-0\/","og_locale":"de_DE","og_type":"article","og_title":"Quintezz Drive Control GPS V4.0 | Radar Service","og_description":"Der mobile Radarwarner Quintezz Drive Control ist ein kosteng\u00fcnstiges Einsteigerger\u00e4t das sich f\u00fcr den Einsatz in Europa eignet.","og_url":"https:\/\/radarservice.eu\/de\/produkt\/quintezz-drive-control-gps-v4-0\/","og_site_name":"Radar Service","article_modified_time":"2020-11-09T14:10:56+00:00","og_image":[{"width":450,"height":450,"url":"https:\/\/radarservice.eu\/wp-content\/uploads\/2020\/09\/quintezz_drive_control_gps_v4.jpg","type":"image\/jpeg"}],"twitter_card":"summary_large_image","twitter_misc":{"Gesch\u00e4tzte Lesezeit":"1\u00a0Minute"},"schema":{"@context":"https:\/\/schema.org","@graph":[{"@type":"WebPage","@id":"https:\/\/radarservice.eu\/de\/produkt\/quintezz-drive-control-gps-v4-0\/","url":"https:\/\/radarservice.eu\/de\/produkt\/quintezz-drive-control-gps-v4-0\/","name":"Quintezz Drive Control GPS V4.0 | Radar Service","isPartOf":{"@id":"https:\/\/radarservice.eu\/de\/#website"},"primaryImageOfPage":{"@id":"https:\/\/radarservice.eu\/de\/produkt\/quintezz-drive-control-gps-v4-0\/#primaryimage"},"image":{"@id":"https:\/\/radarservice.eu\/de\/produkt\/quintezz-drive-control-gps-v4-0\/#primaryimage"},"thumbnailUrl":"https:\/\/radarservice.eu\/wp-content\/uploads\/2020\/09\/quintezz_drive_control_gps_v4.jpg","datePublished":"2020-09-13T12:47:04+00:00","dateModified":"2020-11-09T14:10:56+00:00","description":"Der mobile Radarwarner Quintezz Drive Control ist ein kosteng\u00fcnstiges Einsteigerger\u00e4t das sich f\u00fcr den Einsatz in Europa eignet.","breadcrumb":{"@id":"https:\/\/radarservice.eu\/de\/produkt\/quintezz-drive-control-gps-v4-0\/#breadcrumb"},"inLanguage":"de","potentialAction":[{"@type":"ReadAction","target":["https:\/\/radarservice.eu\/de\/produkt\/quintezz-drive-control-gps-v4-0\/"]}]},{"@type":"ImageObject","inLanguage":"de","@id":"https:\/\/radarservice.eu\/de\/produkt\/quintezz-drive-control-gps-v4-0\/#primaryimage","url":"https:\/\/radarservice.eu\/wp-content\/uploads\/2020\/09\/quintezz_drive_control_gps_v4.jpg","contentUrl":"https:\/\/radarservice.eu\/wp-content\/uploads\/2020\/09\/quintezz_drive_control_gps_v4.jpg","width":450,"height":450,"caption":"Quintezz Drive Control GPS V4.0"},{"@type":"BreadcrumbList","@id":"https:\/\/radarservice.eu\/de\/produkt\/quintezz-drive-control-gps-v4-0\/#breadcrumb","itemListElement":[{"@type":"ListItem","position":1,"name":"Radarwarner Shop","item":"https:\/\/radarservice.eu\/de\/shop\/"},{"@type":"ListItem","position":2,"name":"Quintezz Drive Control GPS V4.0"}]},{"@type":"WebSite","@id":"https:\/\/radarservice.eu\/de\/#website","url":"https:\/\/radarservice.eu\/de\/","name":"Radar Service","description":"Radar detector Laser jammer mobile fix","publisher":{"@id":"https:\/\/radarservice.eu\/de\/#organization"},"potentialAction":[{"@type":"SearchAction","target":{"@type":"EntryPoint","urlTemplate":"https:\/\/radarservice.eu\/de\/?s={search_term_string}"},"query-input":{"@type":"PropertyValueSpecification","valueRequired":true,"valueName":"search_term_string"}}],"inLanguage":"de"},{"@type":"Organization","@id":"https:\/\/radarservice.eu\/de\/#organization","name":"RadarService","url":"https:\/\/radarservice.eu\/de\/","logo":{"@type":"ImageObject","inLanguage":"de","@id":"https:\/\/radarservice.eu\/de\/#\/schema\/logo\/image\/","url":"https:\/\/radarservice.eu\/wp-content\/uploads\/2021\/03\/Radar_detector_service.png","contentUrl":"https:\/\/radarservice.eu\/wp-content\/uploads\/2021\/03\/Radar_detector_service.png","width":174,"height":48,"caption":"RadarService"},"image":{"@id":"https:\/\/radarservice.eu\/de\/#\/schema\/logo\/image\/"}}]}},"_links":{"self":[{"href":"https:\/\/radarservice.eu\/de\/wp-json\/wp\/v2\/product\/13634","targetHints":{"allow":["GET"]}}],"collection":[{"href":"https:\/\/radarservice.eu\/de\/wp-json\/wp\/v2\/product"}],"about":[{"href":"https:\/\/radarservice.eu\/de\/wp-json\/wp\/v2\/types\/product"}],"replies":[{"embeddable":true,"href":"https:\/\/radarservice.eu\/de\/wp-json\/wp\/v2\/comments?post=13634"}],"wp:featuredmedia":[{"embeddable":true,"href":"https:\/\/radarservice.eu\/de\/wp-json\/wp\/v2\/media\/13712"}],"wp:attachment":[{"href":"https:\/\/radarservice.eu\/de\/wp-json\/wp\/v2\/media?parent=13634"}],"wp:term":[{"taxonomy":"product_brand","embeddable":true,"href":"https:\/\/radarservice.eu\/de\/wp-json\/wp\/v2\/product_brand?post=13634"},{"taxonomy":"product_cat","embeddable":true,"href":"https:\/\/radarservice.eu\/de\/wp-json\/wp\/v2\/product_cat?post=13634"},{"taxonomy":"product_tag","embeddable":true,"href":"https:\/\/radarservice.eu\/de\/wp-json\/wp\/v2\/product_tag?post=13634"}],"curies":[{"name":"wp","href":"https:\/\/api.w.org\/{rel}","templated":true}]}}