{"id":13633,"date":"2020-09-13T14:47:04","date_gmt":"2020-09-13T12:47:04","guid":{"rendered":"https:\/\/radarservice.eu\/produkt\/eso-lichtschrankenstoerer-funk\/"},"modified":"2020-12-04T11:00:21","modified_gmt":"2020-12-04T10:00:21","slug":"eso-lichtschrankenstoerer-funk","status":"publish","type":"product","link":"https:\/\/radarservice.eu\/de\/produkt\/eso-lichtschrankenstoerer-funk\/","title":{"rendered":"ESO Lichtschrankenst\u00f6rer (Funk)"},"content":{"rendered":"<p>Der ESO Lichtschrankenst\u00f6rer verhindert wirkungsvoll Messungen mittels Lichtschranke, auch &#8222;Dreibeine&#8220; genannt. Die ESO Lichtschranken werden gr\u00f6\u00dftenteils nur in Deutschland eingesetzt.<\/p>\n<p>Das Ger\u00e4t kann sowohl als feste Einbauversion oder als mobile Innenraumausf\u00fchrung (Stromversorgung via Zigarrettenanz\u00fcnder 12V) eingesetzt werden.<br \/>\nAufgrund der kleinen Ma\u00dfe l\u00e4sst sich der ESO St\u00f6rer dezent K\u00fchlergrill oder Handschuhfach verstecken. Aktiviert wird der Lichtschrankenst\u00f6rer \u00fcber die Stromzufuhr (Z\u00fcndungsstrom) des PKW.<\/p>\n<p><strong>\u00dcbersicht:<\/strong><br \/>\n+ st\u00f6rt ESO Funkanlagen (z.B. ESO uP 80\/VI und ESO uP 80\/VI-4, ESO uP 80\/VIII und ESO uP 80\/VIII-4 \/ teilweise ESO FE2.X)<\/p>\n<p><strong>Lieferumfang:<\/strong><br \/>\n* ESO St\u00f6rer<br \/>\n* Anschlu\u00dfkabel<\/p>\n","protected":false},"excerpt":{"rendered":"<p>Der ESO Lichtschrankenst\u00f6rer verhindert wirkungsvoll Messungen mittels Lichtschranke, auch &#8222;Dreibeine&#8220; genannt. Die ESO Lichtschranken werden gr\u00f6\u00dftenteils nur in Deutschland eingesetzt. Das Ger\u00e4t kann sowohl als feste Einbauversion oder als mobile Innenraumausf\u00fchrung (Stromversorgung via Zigarrettenanz\u00fcnder 12V) eingesetzt werden. Aufgrund der kleinen Ma\u00dfe l\u00e4sst sich der ESO St\u00f6rer dezent K\u00fchlergrill oder Handschuhfach verstecken. Aktiviert wird der Lichtschrankenst\u00f6rer [&#8230;]\n","protected":false},"featured_media":2740,"comment_status":"open","ping_status":"closed","template":"","meta":[],"product_brand":[],"product_cat":[196],"product_tag":[122,125,123,124],"class_list":{"0":"post-13633","1":"product","2":"type-product","3":"status-publish","4":"has-post-thumbnail","6":"product_cat-lichtschrankenstoerer","7":"product_tag-eso","8":"product_tag-funk","9":"product_tag-lichtschrankenstoerer","10":"product_tag-up-80","12":"first","13":"outofstock","14":"taxable","15":"shipping-taxable","16":"purchasable","17":"product-type-simple"},"yoast_head":"<!-- This site is optimized with the Yoast SEO plugin v27.2 - https:\/\/yoast.com\/product\/yoast-seo-wordpress\/ -->\n<title>ESO Lichtschrankenst\u00f6rer (Funk) | Radar Service<\/title>\n<meta name=\"description\" content=\"Der ESO Lichtschrankenst\u00f6rer verhindert wirkungsvoll Messungen mittels Lichtschranke, auch &quot;Dreibeine&quot; genannt.\" \/>\n<meta name=\"robots\" content=\"index, follow, max-snippet:-1, max-image-preview:large, max-video-preview:-1\" \/>\n<link rel=\"canonical\" href=\"https:\/\/radarservice.eu\/de\/produkt\/eso-lichtschrankenstoerer-funk\/\" \/>\n<meta property=\"og:locale\" content=\"de_DE\" \/>\n<meta property=\"og:type\" content=\"article\" \/>\n<meta property=\"og:title\" content=\"ESO Lichtschrankenst\u00f6rer (Funk) | Radar Service\" \/>\n<meta property=\"og:description\" content=\"Der ESO Lichtschrankenst\u00f6rer verhindert wirkungsvoll Messungen mittels Lichtschranke, auch &quot;Dreibeine&quot; genannt.\" \/>\n<meta property=\"og:url\" content=\"https:\/\/radarservice.eu\/de\/produkt\/eso-lichtschrankenstoerer-funk\/\" \/>\n<meta property=\"og:site_name\" content=\"Radar Service\" \/>\n<meta property=\"article:modified_time\" content=\"2020-12-04T10:00:21+00:00\" \/>\n<meta property=\"og:image\" content=\"https:\/\/radarservice.eu\/wp-content\/uploads\/2019\/07\/eso_stoerer.jpg\" \/>\n\t<meta property=\"og:image:width\" content=\"500\" \/>\n\t<meta property=\"og:image:height\" content=\"500\" \/>\n\t<meta property=\"og:image:type\" content=\"image\/jpeg\" \/>\n<meta name=\"twitter:card\" content=\"summary_large_image\" \/>\n<meta name=\"twitter:label1\" content=\"Gesch\u00e4tzte Lesezeit\" \/>\n\t<meta name=\"twitter:data1\" content=\"1\u00a0Minute\" \/>\n<script type=\"application\/ld+json\" class=\"yoast-schema-graph\">{\"@context\":\"https:\/\/schema.org\",\"@graph\":[{\"@type\":\"WebPage\",\"@id\":\"https:\/\/radarservice.eu\/de\/produkt\/eso-lichtschrankenstoerer-funk\/\",\"url\":\"https:\/\/radarservice.eu\/de\/produkt\/eso-lichtschrankenstoerer-funk\/\",\"name\":\"ESO Lichtschrankenst\u00f6rer (Funk) | Radar Service\",\"isPartOf\":{\"@id\":\"https:\/\/radarservice.eu\/de\/#website\"},\"primaryImageOfPage\":{\"@id\":\"https:\/\/radarservice.eu\/de\/produkt\/eso-lichtschrankenstoerer-funk\/#primaryimage\"},\"image\":{\"@id\":\"https:\/\/radarservice.eu\/de\/produkt\/eso-lichtschrankenstoerer-funk\/#primaryimage\"},\"thumbnailUrl\":\"https:\/\/radarservice.eu\/wp-content\/uploads\/2019\/07\/eso_stoerer.jpg\",\"datePublished\":\"2020-09-13T12:47:04+00:00\",\"dateModified\":\"2020-12-04T10:00:21+00:00\",\"description\":\"Der ESO Lichtschrankenst\u00f6rer verhindert wirkungsvoll Messungen mittels Lichtschranke, auch \\\"Dreibeine\\\" genannt.\",\"breadcrumb\":{\"@id\":\"https:\/\/radarservice.eu\/de\/produkt\/eso-lichtschrankenstoerer-funk\/#breadcrumb\"},\"inLanguage\":\"de\",\"potentialAction\":[{\"@type\":\"ReadAction\",\"target\":[\"https:\/\/radarservice.eu\/de\/produkt\/eso-lichtschrankenstoerer-funk\/\"]}]},{\"@type\":\"ImageObject\",\"inLanguage\":\"de\",\"@id\":\"https:\/\/radarservice.eu\/de\/produkt\/eso-lichtschrankenstoerer-funk\/#primaryimage\",\"url\":\"https:\/\/radarservice.eu\/wp-content\/uploads\/2019\/07\/eso_stoerer.jpg\",\"contentUrl\":\"https:\/\/radarservice.eu\/wp-content\/uploads\/2019\/07\/eso_stoerer.jpg\",\"width\":500,\"height\":500,\"caption\":\"ESO St\u00f6rer\"},{\"@type\":\"BreadcrumbList\",\"@id\":\"https:\/\/radarservice.eu\/de\/produkt\/eso-lichtschrankenstoerer-funk\/#breadcrumb\",\"itemListElement\":[{\"@type\":\"ListItem\",\"position\":1,\"name\":\"Radarwarner Shop\",\"item\":\"https:\/\/radarservice.eu\/de\/shop\/\"},{\"@type\":\"ListItem\",\"position\":2,\"name\":\"ESO Lichtschrankenst\u00f6rer (Funk)\"}]},{\"@type\":\"WebSite\",\"@id\":\"https:\/\/radarservice.eu\/de\/#website\",\"url\":\"https:\/\/radarservice.eu\/de\/\",\"name\":\"Radar Service\",\"description\":\"Radar detector Laser jammer mobile fix\",\"publisher\":{\"@id\":\"https:\/\/radarservice.eu\/de\/#organization\"},\"potentialAction\":[{\"@type\":\"SearchAction\",\"target\":{\"@type\":\"EntryPoint\",\"urlTemplate\":\"https:\/\/radarservice.eu\/de\/?s={search_term_string}\"},\"query-input\":{\"@type\":\"PropertyValueSpecification\",\"valueRequired\":true,\"valueName\":\"search_term_string\"}}],\"inLanguage\":\"de\"},{\"@type\":\"Organization\",\"@id\":\"https:\/\/radarservice.eu\/de\/#organization\",\"name\":\"RadarService\",\"url\":\"https:\/\/radarservice.eu\/de\/\",\"logo\":{\"@type\":\"ImageObject\",\"inLanguage\":\"de\",\"@id\":\"https:\/\/radarservice.eu\/de\/#\/schema\/logo\/image\/\",\"url\":\"https:\/\/radarservice.eu\/wp-content\/uploads\/2021\/03\/Radar_detector_service.png\",\"contentUrl\":\"https:\/\/radarservice.eu\/wp-content\/uploads\/2021\/03\/Radar_detector_service.png\",\"width\":174,\"height\":48,\"caption\":\"RadarService\"},\"image\":{\"@id\":\"https:\/\/radarservice.eu\/de\/#\/schema\/logo\/image\/\"}}]}<\/script>\n<!-- \/ Yoast SEO plugin. -->","yoast_head_json":{"title":"ESO Lichtschrankenst\u00f6rer (Funk) | Radar Service","description":"Der ESO Lichtschrankenst\u00f6rer verhindert wirkungsvoll Messungen mittels Lichtschranke, auch \"Dreibeine\" genannt.","robots":{"index":"index","follow":"follow","max-snippet":"max-snippet:-1","max-image-preview":"max-image-preview:large","max-video-preview":"max-video-preview:-1"},"canonical":"https:\/\/radarservice.eu\/de\/produkt\/eso-lichtschrankenstoerer-funk\/","og_locale":"de_DE","og_type":"article","og_title":"ESO Lichtschrankenst\u00f6rer (Funk) | Radar Service","og_description":"Der ESO Lichtschrankenst\u00f6rer verhindert wirkungsvoll Messungen mittels Lichtschranke, auch \"Dreibeine\" genannt.","og_url":"https:\/\/radarservice.eu\/de\/produkt\/eso-lichtschrankenstoerer-funk\/","og_site_name":"Radar Service","article_modified_time":"2020-12-04T10:00:21+00:00","og_image":[{"width":500,"height":500,"url":"https:\/\/radarservice.eu\/wp-content\/uploads\/2019\/07\/eso_stoerer.jpg","type":"image\/jpeg"}],"twitter_card":"summary_large_image","twitter_misc":{"Gesch\u00e4tzte Lesezeit":"1\u00a0Minute"},"schema":{"@context":"https:\/\/schema.org","@graph":[{"@type":"WebPage","@id":"https:\/\/radarservice.eu\/de\/produkt\/eso-lichtschrankenstoerer-funk\/","url":"https:\/\/radarservice.eu\/de\/produkt\/eso-lichtschrankenstoerer-funk\/","name":"ESO Lichtschrankenst\u00f6rer (Funk) | Radar Service","isPartOf":{"@id":"https:\/\/radarservice.eu\/de\/#website"},"primaryImageOfPage":{"@id":"https:\/\/radarservice.eu\/de\/produkt\/eso-lichtschrankenstoerer-funk\/#primaryimage"},"image":{"@id":"https:\/\/radarservice.eu\/de\/produkt\/eso-lichtschrankenstoerer-funk\/#primaryimage"},"thumbnailUrl":"https:\/\/radarservice.eu\/wp-content\/uploads\/2019\/07\/eso_stoerer.jpg","datePublished":"2020-09-13T12:47:04+00:00","dateModified":"2020-12-04T10:00:21+00:00","description":"Der ESO Lichtschrankenst\u00f6rer verhindert wirkungsvoll Messungen mittels Lichtschranke, auch \"Dreibeine\" genannt.","breadcrumb":{"@id":"https:\/\/radarservice.eu\/de\/produkt\/eso-lichtschrankenstoerer-funk\/#breadcrumb"},"inLanguage":"de","potentialAction":[{"@type":"ReadAction","target":["https:\/\/radarservice.eu\/de\/produkt\/eso-lichtschrankenstoerer-funk\/"]}]},{"@type":"ImageObject","inLanguage":"de","@id":"https:\/\/radarservice.eu\/de\/produkt\/eso-lichtschrankenstoerer-funk\/#primaryimage","url":"https:\/\/radarservice.eu\/wp-content\/uploads\/2019\/07\/eso_stoerer.jpg","contentUrl":"https:\/\/radarservice.eu\/wp-content\/uploads\/2019\/07\/eso_stoerer.jpg","width":500,"height":500,"caption":"ESO St\u00f6rer"},{"@type":"BreadcrumbList","@id":"https:\/\/radarservice.eu\/de\/produkt\/eso-lichtschrankenstoerer-funk\/#breadcrumb","itemListElement":[{"@type":"ListItem","position":1,"name":"Radarwarner Shop","item":"https:\/\/radarservice.eu\/de\/shop\/"},{"@type":"ListItem","position":2,"name":"ESO Lichtschrankenst\u00f6rer (Funk)"}]},{"@type":"WebSite","@id":"https:\/\/radarservice.eu\/de\/#website","url":"https:\/\/radarservice.eu\/de\/","name":"Radar Service","description":"Radar detector Laser jammer mobile fix","publisher":{"@id":"https:\/\/radarservice.eu\/de\/#organization"},"potentialAction":[{"@type":"SearchAction","target":{"@type":"EntryPoint","urlTemplate":"https:\/\/radarservice.eu\/de\/?s={search_term_string}"},"query-input":{"@type":"PropertyValueSpecification","valueRequired":true,"valueName":"search_term_string"}}],"inLanguage":"de"},{"@type":"Organization","@id":"https:\/\/radarservice.eu\/de\/#organization","name":"RadarService","url":"https:\/\/radarservice.eu\/de\/","logo":{"@type":"ImageObject","inLanguage":"de","@id":"https:\/\/radarservice.eu\/de\/#\/schema\/logo\/image\/","url":"https:\/\/radarservice.eu\/wp-content\/uploads\/2021\/03\/Radar_detector_service.png","contentUrl":"https:\/\/radarservice.eu\/wp-content\/uploads\/2021\/03\/Radar_detector_service.png","width":174,"height":48,"caption":"RadarService"},"image":{"@id":"https:\/\/radarservice.eu\/de\/#\/schema\/logo\/image\/"}}]}},"_links":{"self":[{"href":"https:\/\/radarservice.eu\/de\/wp-json\/wp\/v2\/product\/13633","targetHints":{"allow":["GET"]}}],"collection":[{"href":"https:\/\/radarservice.eu\/de\/wp-json\/wp\/v2\/product"}],"about":[{"href":"https:\/\/radarservice.eu\/de\/wp-json\/wp\/v2\/types\/product"}],"replies":[{"embeddable":true,"href":"https:\/\/radarservice.eu\/de\/wp-json\/wp\/v2\/comments?post=13633"}],"wp:featuredmedia":[{"embeddable":true,"href":"https:\/\/radarservice.eu\/de\/wp-json\/wp\/v2\/media\/2740"}],"wp:attachment":[{"href":"https:\/\/radarservice.eu\/de\/wp-json\/wp\/v2\/media?parent=13633"}],"wp:term":[{"taxonomy":"product_brand","embeddable":true,"href":"https:\/\/radarservice.eu\/de\/wp-json\/wp\/v2\/product_brand?post=13633"},{"taxonomy":"product_cat","embeddable":true,"href":"https:\/\/radarservice.eu\/de\/wp-json\/wp\/v2\/product_cat?post=13633"},{"taxonomy":"product_tag","embeddable":true,"href":"https:\/\/radarservice.eu\/de\/wp-json\/wp\/v2\/product_tag?post=13633"}],"curies":[{"name":"wp","href":"https:\/\/api.w.org\/{rel}","templated":true}]}}