{"id":13631,"date":"2020-09-13T14:47:03","date_gmt":"2020-09-13T12:47:03","guid":{"rendered":"https:\/\/radarservice.eu\/produkt\/genevo-one-s-black-edition\/"},"modified":"2023-12-23T16:47:59","modified_gmt":"2023-12-23T15:47:59","slug":"genevo-one-s-black-edition-radarwarner","status":"publish","type":"product","link":"https:\/\/radarservice.eu\/de\/produkt\/genevo-one-s-black-edition-radarwarner\/","title":{"rendered":"Genevo One S &#8211; Black Radarwarner"},"content":{"rendered":"<p>Mit der neuentwickelten UHD Radarantenne ist der Genevo G1 S Black Edition speziell f\u00fcr den europ\u00e4ischen Markt entwickelt worden.<\/p>\n<p>Bei Bedarf kann bei dem Genevo Black Edition per Knopfdruck ein Legalmodus (nur Geschwindigkeitsanzeige) aktiviert werden,\u00a0 der die nicht erlaubte Radar- und Laserwarnfunktion deaktiviert. Die Radarwarnfunktion kann zu einem sp\u00e4teren Zeitpunkt am Laptop oder heimischen PC wieder reaktiviert werden.<\/p>\n<p>Der Radarwarner Genevo One S Black eignet sich perfekt f\u00fcr den mobilen Radarwarner Einsatz. Er bietet beste Vorwarnergebnisse bei mobilen Geschwindigkeitsmessungen sowie eine europaweite Warnung vor festen Blitzeranlagen.<br \/>\nLebenslange Updates der EU Datenbank f\u00fcr die festen Radafallen sind selbstverst\u00e4ndich inklusive.<\/p>\n<p>Radarfallen meldet der Genevo S Black sowohl im neuen Matrixdisplay mittels Sprachansage. Dabei erh\u00e4lt der Fahrer detailierte Informationen zur erkannten<br \/>\nRadarfalle, POI Warnung oder Lasermessung. Bei Radarerkennung wird zudem die St\u00e4rke des Signals mittels Piepton angezeigt, um die Entfernung zur Radarfalle anzuzeigen.<\/p>\n<p>Der Anwender kann zudem eigene GPS-Orte (POI) speichern oder wieder entfernen, sodass an diesen Orten auf Wunsch eine akustische Warnung erfolgt.<\/p>\n<p>Der Genevo G1 S Black Edition l\u00e4sst sich nach Bedarf mittels deutschem Men\u00fc programmieren und ist somit den jeweiligen Anforderungen und W\u00fcnschen des Kunden anpassbar.<\/p>\n<p><strong>\u00dcbersicht:<\/strong><br \/>\n+ der kompakteste mobile Radarwarner mit Radarantenne f\u00fcr mobile Blitzer sowie GPS Technologie<br \/>\n+ 360\u00b0 Grad Erfassung von allen Radar-Quellen in Europa (X \/ K \/ Ka-Band)<br \/>\n+ Warnung vor Radarmessger\u00e4ten<br \/>\n+ Warnung vor Lasermessungen<br \/>\n+ Warnung vor station\u00e4ren Radarger\u00e4ten<br \/>\n+ Warnung vor Rotlicht \u00dcberwachungen<br \/>\n+ Warnung bei Section Control Messungen (Abschnittskontrollen)<br \/>\n+ Konfigurationsm\u00f6glichkeiten mittels deutschem Men\u00fc<br \/>\n+ updatef\u00e4hig mittels USB Anschlu\u00df<br \/>\n+ EUROPA Datenbank f\u00fcr feste Blitzer ist bereits vorinstalliert<br \/>\n+ Lebenslange Updates EU Datenbank inklusive<br \/>\n+ Alarmsignale und Einstellungen komplett auf Deutsch<br \/>\n+ geeignet f\u00fcr den Einsatz in Europa.<br \/>\n+ eigene Gefahrenpunkte speicherbar<\/p>\n<p><strong>Lieferumfang:<\/strong><br \/>\n* Genevo One S Black Edition Radarwarner mit intergriertem GPS Empf\u00e4nger<br \/>\n* vorinstallierte EU-Datenbank f\u00fcr ganz Europa<br \/>\n* Zubeh\u00f6r f\u00fcr Montage an der Windschutzscheibe (Saugn\u00e4pfe)<br \/>\n* 12V-Stromversorgung mit Zigarettenanz\u00fcnderanschlu\u00df<br \/>\n* Bedienungsanleitung<br \/>\n* 24 Monate Garantie<\/p>\n<p><strong>Hinweis:<\/strong> Der Genevo One S Black Edition verf\u00fcgt zwar \u00fcber einen Laserempfang, aber f\u00fcr einen sicheren Laserschutz empfehlen wir den Einsatz eines aktiven Laserblockers z.B. Antilaser ALP Priority oder Lasertrack Flare.<\/p>\n","protected":false},"excerpt":{"rendered":"<p>Mit der neuentwickelten UHD Radarantenne ist der Genevo G1 S Black Edition speziell f\u00fcr den europ\u00e4ischen Markt entwickelt worden. Bei Bedarf kann bei dem Genevo Black Edition per Knopfdruck ein Legalmodus (nur Geschwindigkeitsanzeige) aktiviert werden,\u00a0 der die nicht erlaubte Radar- und Laserwarnfunktion deaktiviert. Die Radarwarnfunktion kann zu einem sp\u00e4teren Zeitpunkt am Laptop oder heimischen PC [&#8230;]\n","protected":false},"featured_media":13752,"comment_status":"open","ping_status":"closed","template":"","meta":[],"product_brand":[],"product_cat":[219,33],"product_tag":[45,118,117,119,44,120],"class_list":{"0":"post-13631","1":"product","2":"type-product","3":"status-publish","4":"has-post-thumbnail","6":"product_cat-genevo","7":"product_cat-mobile-radarwarner","8":"product_tag-europa","9":"product_tag-genevo-g1-s-black-edition","10":"product_tag-genevo-one-s-black-edition","11":"product_tag-high-end-radarwarner","12":"product_tag-mobiler-radarwarner","13":"product_tag-testsieger","15":"first","16":"instock","17":"taxable","18":"shipping-taxable","19":"purchasable","20":"product-type-simple"},"yoast_head":"<!-- This site is optimized with the Yoast SEO plugin v27.2 - https:\/\/yoast.com\/product\/yoast-seo-wordpress\/ -->\n<title>Genevo One S - Black Radarwarner | Radar Service<\/title>\n<meta name=\"description\" content=\"Mit der neuentwickelten UHD Radarantenne ist der Genevo G1 S Black Edition speziell f\u00fcr den europ\u00e4ischen Markt entwickelt worden.\" \/>\n<meta name=\"robots\" content=\"index, follow, max-snippet:-1, max-image-preview:large, max-video-preview:-1\" \/>\n<link rel=\"canonical\" href=\"https:\/\/radarservice.eu\/de\/produkt\/genevo-one-s-black-edition-radarwarner\/\" \/>\n<meta property=\"og:locale\" content=\"de_DE\" \/>\n<meta property=\"og:type\" content=\"article\" \/>\n<meta property=\"og:title\" content=\"Genevo One S - Black Radarwarner | Radar Service\" \/>\n<meta property=\"og:description\" content=\"Mit der neuentwickelten UHD Radarantenne ist der Genevo G1 S Black Edition speziell f\u00fcr den europ\u00e4ischen Markt entwickelt worden.\" \/>\n<meta property=\"og:url\" content=\"https:\/\/radarservice.eu\/de\/produkt\/genevo-one-s-black-edition-radarwarner\/\" \/>\n<meta property=\"og:site_name\" content=\"Radar Service\" \/>\n<meta property=\"article:modified_time\" content=\"2023-12-23T15:47:59+00:00\" \/>\n<meta property=\"og:image\" content=\"https:\/\/radarservice.eu\/wp-content\/uploads\/2020\/09\/genevo-black-edition-radarwarner.jpg\" \/>\n\t<meta property=\"og:image:width\" content=\"800\" \/>\n\t<meta property=\"og:image:height\" content=\"636\" \/>\n\t<meta property=\"og:image:type\" content=\"image\/jpeg\" \/>\n<meta name=\"twitter:card\" content=\"summary_large_image\" \/>\n<meta name=\"twitter:label1\" content=\"Gesch\u00e4tzte Lesezeit\" \/>\n\t<meta name=\"twitter:data1\" content=\"2\u00a0Minuten\" \/>\n<script type=\"application\/ld+json\" class=\"yoast-schema-graph\">{\"@context\":\"https:\/\/schema.org\",\"@graph\":[{\"@type\":\"WebPage\",\"@id\":\"https:\/\/radarservice.eu\/de\/produkt\/genevo-one-s-black-edition-radarwarner\/\",\"url\":\"https:\/\/radarservice.eu\/de\/produkt\/genevo-one-s-black-edition-radarwarner\/\",\"name\":\"Genevo One S - Black Radarwarner | Radar Service\",\"isPartOf\":{\"@id\":\"https:\/\/radarservice.eu\/de\/#website\"},\"primaryImageOfPage\":{\"@id\":\"https:\/\/radarservice.eu\/de\/produkt\/genevo-one-s-black-edition-radarwarner\/#primaryimage\"},\"image\":{\"@id\":\"https:\/\/radarservice.eu\/de\/produkt\/genevo-one-s-black-edition-radarwarner\/#primaryimage\"},\"thumbnailUrl\":\"https:\/\/radarservice.eu\/wp-content\/uploads\/2020\/09\/genevo-black-edition-radarwarner.jpg\",\"datePublished\":\"2020-09-13T12:47:03+00:00\",\"dateModified\":\"2023-12-23T15:47:59+00:00\",\"description\":\"Mit der neuentwickelten UHD Radarantenne ist der Genevo G1 S Black Edition speziell f\u00fcr den europ\u00e4ischen Markt entwickelt worden.\",\"breadcrumb\":{\"@id\":\"https:\/\/radarservice.eu\/de\/produkt\/genevo-one-s-black-edition-radarwarner\/#breadcrumb\"},\"inLanguage\":\"de\",\"potentialAction\":[{\"@type\":\"ReadAction\",\"target\":[\"https:\/\/radarservice.eu\/de\/produkt\/genevo-one-s-black-edition-radarwarner\/\"]}]},{\"@type\":\"ImageObject\",\"inLanguage\":\"de\",\"@id\":\"https:\/\/radarservice.eu\/de\/produkt\/genevo-one-s-black-edition-radarwarner\/#primaryimage\",\"url\":\"https:\/\/radarservice.eu\/wp-content\/uploads\/2020\/09\/genevo-black-edition-radarwarner.jpg\",\"contentUrl\":\"https:\/\/radarservice.eu\/wp-content\/uploads\/2020\/09\/genevo-black-edition-radarwarner.jpg\",\"width\":800,\"height\":636,\"caption\":\"Genevo One S Black Radarwarner\"},{\"@type\":\"BreadcrumbList\",\"@id\":\"https:\/\/radarservice.eu\/de\/produkt\/genevo-one-s-black-edition-radarwarner\/#breadcrumb\",\"itemListElement\":[{\"@type\":\"ListItem\",\"position\":1,\"name\":\"Radarwarner Shop\",\"item\":\"https:\/\/radarservice.eu\/de\/shop\/\"},{\"@type\":\"ListItem\",\"position\":2,\"name\":\"Genevo One S &#8211; Black Radarwarner\"}]},{\"@type\":\"WebSite\",\"@id\":\"https:\/\/radarservice.eu\/de\/#website\",\"url\":\"https:\/\/radarservice.eu\/de\/\",\"name\":\"Radar Service\",\"description\":\"Radar detector Laser jammer mobile fix\",\"publisher\":{\"@id\":\"https:\/\/radarservice.eu\/de\/#organization\"},\"potentialAction\":[{\"@type\":\"SearchAction\",\"target\":{\"@type\":\"EntryPoint\",\"urlTemplate\":\"https:\/\/radarservice.eu\/de\/?s={search_term_string}\"},\"query-input\":{\"@type\":\"PropertyValueSpecification\",\"valueRequired\":true,\"valueName\":\"search_term_string\"}}],\"inLanguage\":\"de\"},{\"@type\":\"Organization\",\"@id\":\"https:\/\/radarservice.eu\/de\/#organization\",\"name\":\"RadarService\",\"url\":\"https:\/\/radarservice.eu\/de\/\",\"logo\":{\"@type\":\"ImageObject\",\"inLanguage\":\"de\",\"@id\":\"https:\/\/radarservice.eu\/de\/#\/schema\/logo\/image\/\",\"url\":\"https:\/\/radarservice.eu\/wp-content\/uploads\/2021\/03\/Radar_detector_service.png\",\"contentUrl\":\"https:\/\/radarservice.eu\/wp-content\/uploads\/2021\/03\/Radar_detector_service.png\",\"width\":174,\"height\":48,\"caption\":\"RadarService\"},\"image\":{\"@id\":\"https:\/\/radarservice.eu\/de\/#\/schema\/logo\/image\/\"}}]}<\/script>\n<!-- \/ Yoast SEO plugin. -->","yoast_head_json":{"title":"Genevo One S - Black Radarwarner | Radar Service","description":"Mit der neuentwickelten UHD Radarantenne ist der Genevo G1 S Black Edition speziell f\u00fcr den europ\u00e4ischen Markt entwickelt worden.","robots":{"index":"index","follow":"follow","max-snippet":"max-snippet:-1","max-image-preview":"max-image-preview:large","max-video-preview":"max-video-preview:-1"},"canonical":"https:\/\/radarservice.eu\/de\/produkt\/genevo-one-s-black-edition-radarwarner\/","og_locale":"de_DE","og_type":"article","og_title":"Genevo One S - Black Radarwarner | Radar Service","og_description":"Mit der neuentwickelten UHD Radarantenne ist der Genevo G1 S Black Edition speziell f\u00fcr den europ\u00e4ischen Markt entwickelt worden.","og_url":"https:\/\/radarservice.eu\/de\/produkt\/genevo-one-s-black-edition-radarwarner\/","og_site_name":"Radar Service","article_modified_time":"2023-12-23T15:47:59+00:00","og_image":[{"width":800,"height":636,"url":"https:\/\/radarservice.eu\/wp-content\/uploads\/2020\/09\/genevo-black-edition-radarwarner.jpg","type":"image\/jpeg"}],"twitter_card":"summary_large_image","twitter_misc":{"Gesch\u00e4tzte Lesezeit":"2\u00a0Minuten"},"schema":{"@context":"https:\/\/schema.org","@graph":[{"@type":"WebPage","@id":"https:\/\/radarservice.eu\/de\/produkt\/genevo-one-s-black-edition-radarwarner\/","url":"https:\/\/radarservice.eu\/de\/produkt\/genevo-one-s-black-edition-radarwarner\/","name":"Genevo One S - Black Radarwarner | Radar Service","isPartOf":{"@id":"https:\/\/radarservice.eu\/de\/#website"},"primaryImageOfPage":{"@id":"https:\/\/radarservice.eu\/de\/produkt\/genevo-one-s-black-edition-radarwarner\/#primaryimage"},"image":{"@id":"https:\/\/radarservice.eu\/de\/produkt\/genevo-one-s-black-edition-radarwarner\/#primaryimage"},"thumbnailUrl":"https:\/\/radarservice.eu\/wp-content\/uploads\/2020\/09\/genevo-black-edition-radarwarner.jpg","datePublished":"2020-09-13T12:47:03+00:00","dateModified":"2023-12-23T15:47:59+00:00","description":"Mit der neuentwickelten UHD Radarantenne ist der Genevo G1 S Black Edition speziell f\u00fcr den europ\u00e4ischen Markt entwickelt worden.","breadcrumb":{"@id":"https:\/\/radarservice.eu\/de\/produkt\/genevo-one-s-black-edition-radarwarner\/#breadcrumb"},"inLanguage":"de","potentialAction":[{"@type":"ReadAction","target":["https:\/\/radarservice.eu\/de\/produkt\/genevo-one-s-black-edition-radarwarner\/"]}]},{"@type":"ImageObject","inLanguage":"de","@id":"https:\/\/radarservice.eu\/de\/produkt\/genevo-one-s-black-edition-radarwarner\/#primaryimage","url":"https:\/\/radarservice.eu\/wp-content\/uploads\/2020\/09\/genevo-black-edition-radarwarner.jpg","contentUrl":"https:\/\/radarservice.eu\/wp-content\/uploads\/2020\/09\/genevo-black-edition-radarwarner.jpg","width":800,"height":636,"caption":"Genevo One S Black Radarwarner"},{"@type":"BreadcrumbList","@id":"https:\/\/radarservice.eu\/de\/produkt\/genevo-one-s-black-edition-radarwarner\/#breadcrumb","itemListElement":[{"@type":"ListItem","position":1,"name":"Radarwarner Shop","item":"https:\/\/radarservice.eu\/de\/shop\/"},{"@type":"ListItem","position":2,"name":"Genevo One S &#8211; Black Radarwarner"}]},{"@type":"WebSite","@id":"https:\/\/radarservice.eu\/de\/#website","url":"https:\/\/radarservice.eu\/de\/","name":"Radar Service","description":"Radar detector Laser jammer mobile fix","publisher":{"@id":"https:\/\/radarservice.eu\/de\/#organization"},"potentialAction":[{"@type":"SearchAction","target":{"@type":"EntryPoint","urlTemplate":"https:\/\/radarservice.eu\/de\/?s={search_term_string}"},"query-input":{"@type":"PropertyValueSpecification","valueRequired":true,"valueName":"search_term_string"}}],"inLanguage":"de"},{"@type":"Organization","@id":"https:\/\/radarservice.eu\/de\/#organization","name":"RadarService","url":"https:\/\/radarservice.eu\/de\/","logo":{"@type":"ImageObject","inLanguage":"de","@id":"https:\/\/radarservice.eu\/de\/#\/schema\/logo\/image\/","url":"https:\/\/radarservice.eu\/wp-content\/uploads\/2021\/03\/Radar_detector_service.png","contentUrl":"https:\/\/radarservice.eu\/wp-content\/uploads\/2021\/03\/Radar_detector_service.png","width":174,"height":48,"caption":"RadarService"},"image":{"@id":"https:\/\/radarservice.eu\/de\/#\/schema\/logo\/image\/"}}]}},"_links":{"self":[{"href":"https:\/\/radarservice.eu\/de\/wp-json\/wp\/v2\/product\/13631","targetHints":{"allow":["GET"]}}],"collection":[{"href":"https:\/\/radarservice.eu\/de\/wp-json\/wp\/v2\/product"}],"about":[{"href":"https:\/\/radarservice.eu\/de\/wp-json\/wp\/v2\/types\/product"}],"replies":[{"embeddable":true,"href":"https:\/\/radarservice.eu\/de\/wp-json\/wp\/v2\/comments?post=13631"}],"wp:featuredmedia":[{"embeddable":true,"href":"https:\/\/radarservice.eu\/de\/wp-json\/wp\/v2\/media\/13752"}],"wp:attachment":[{"href":"https:\/\/radarservice.eu\/de\/wp-json\/wp\/v2\/media?parent=13631"}],"wp:term":[{"taxonomy":"product_brand","embeddable":true,"href":"https:\/\/radarservice.eu\/de\/wp-json\/wp\/v2\/product_brand?post=13631"},{"taxonomy":"product_cat","embeddable":true,"href":"https:\/\/radarservice.eu\/de\/wp-json\/wp\/v2\/product_cat?post=13631"},{"taxonomy":"product_tag","embeddable":true,"href":"https:\/\/radarservice.eu\/de\/wp-json\/wp\/v2\/product_tag?post=13631"}],"curies":[{"name":"wp","href":"https:\/\/api.w.org\/{rel}","templated":true}]}}