{"id":13630,"date":"2020-09-13T14:47:03","date_gmt":"2020-09-13T12:47:03","guid":{"rendered":"https:\/\/radarservice.eu\/produkt\/cheetah-c50-gps-poi-warner\/"},"modified":"2020-11-11T23:51:42","modified_gmt":"2020-11-11T22:51:42","slug":"cheetah-c50-gps-poi-warner","status":"publish","type":"product","link":"https:\/\/radarservice.eu\/de\/produkt\/cheetah-c50-gps-poi-warner\/","title":{"rendered":"Cheetah C50 GPS POI Warner"},"content":{"rendered":"<p>Der Cheetah C50 ist ein GPS Warner f\u00fcr die Anzeige von festinstallierten Geschwindigkeitsmessanlagen und Rotlicht-Ampel\u00fcberwachungen.<br \/>\nDer GPS Radarwarner warnt Sie mit optisch und akustische (Sprachansage) vor Gefahren wie festen Blitzern, Unfallschwerpunkten und Gefahrenzonen im Stra\u00dfenverkehr.<br \/>\nDie Datenbank l\u00e4sst sich mittels USB Schnittstelle aktualisieren und umfasst feste Anlagen in ganz Europa.<\/p>\n<p><strong>\u00dcbersicht:<\/strong><br \/>\n+ GPS Tachometer-Anzeige (Ihre aktuell gefahrene Geschwindigkeit wird mittels GPS ermittelt und angezeigt)<br \/>\n+ deutsche Sprachansage<br \/>\n+ Warnung vor station\u00e4ren Geschwindigkeits\u00fcberwachungen<br \/>\n+ Warnung vor Rotlicht-\u00dcberwachungen<br \/>\n+ Warnung bei Section Control Messungen (Abschnittskontrollen)<br \/>\n+ Warnung bei Gefahrenzonen und Unfallschwerpunkten<br \/>\n+ Richtungsabh\u00e4ngige Warnung (Warnt bei Blitzer in Fahrtrichtung)<br \/>\n+ automatische Erinnerungen bei veralteter Datenbank<br \/>\n+ hinzuf\u00fcgen &amp; l\u00f6schen von eigenen Gefahrenpunkte (max. 100)<br \/>\n+ Kopfh\u00f6reranschlu\u00df f\u00fcr Motorradeinsatz<\/p>\n<p><strong>Lieferumfang:<\/strong><br \/>\n* Cheetah C50 GPS Warner<br \/>\n* 12V Zigarettenanz\u00fcnderkabel<br \/>\n* Updatsoftware<\/p>\n","protected":false},"excerpt":{"rendered":"<p>Der Cheetah C50 ist ein GPS Warner f\u00fcr die Anzeige von festinstallierten Geschwindigkeitsmessanlagen und Rotlicht-Ampel\u00fcberwachungen. Der GPS Radarwarner warnt Sie mit optisch und akustische (Sprachansage) vor Gefahren wie festen Blitzern, Unfallschwerpunkten und Gefahrenzonen im Stra\u00dfenverkehr. Die Datenbank l\u00e4sst sich mittels USB Schnittstelle aktualisieren und umfasst feste Anlagen in ganz Europa. \u00dcbersicht: + GPS Tachometer-Anzeige (Ihre [&#8230;]\n","protected":false},"featured_media":13753,"comment_status":"open","ping_status":"closed","template":"","meta":[],"product_brand":[],"product_cat":[225,194],"product_tag":[115,114,45,94,116],"class_list":{"0":"post-13630","1":"product","2":"type-product","3":"status-publish","4":"has-post-thumbnail","6":"product_cat-cheetah","7":"product_cat-gps-poi-warner","8":"product_tag-c50","9":"product_tag-cheetah","10":"product_tag-europa","11":"product_tag-gps","12":"product_tag-poi-warner","14":"first","15":"outofstock","16":"taxable","17":"shipping-taxable","18":"purchasable","19":"product-type-simple"},"yoast_head":"<!-- This site is optimized with the Yoast SEO plugin v27.2 - https:\/\/yoast.com\/product\/yoast-seo-wordpress\/ -->\n<title>Cheetah C50 GPS POI Warner | Radar Service<\/title>\n<meta name=\"description\" content=\"Der Cheetah C50 ist ein GPS Warner f\u00fcr die Anzeige von festinstallierten Geschwindigkeitsmessanlagen und Rotlicht-Ampel\u00fcberwachungen.\" \/>\n<meta name=\"robots\" content=\"index, follow, max-snippet:-1, max-image-preview:large, max-video-preview:-1\" \/>\n<link rel=\"canonical\" href=\"https:\/\/radarservice.eu\/de\/produkt\/cheetah-c50-gps-poi-warner\/\" \/>\n<meta property=\"og:locale\" content=\"de_DE\" \/>\n<meta property=\"og:type\" content=\"article\" \/>\n<meta property=\"og:title\" content=\"Cheetah C50 GPS POI Warner | Radar Service\" \/>\n<meta property=\"og:description\" content=\"Der Cheetah C50 ist ein GPS Warner f\u00fcr die Anzeige von festinstallierten Geschwindigkeitsmessanlagen und Rotlicht-Ampel\u00fcberwachungen.\" \/>\n<meta property=\"og:url\" content=\"https:\/\/radarservice.eu\/de\/produkt\/cheetah-c50-gps-poi-warner\/\" \/>\n<meta property=\"og:site_name\" content=\"Radar Service\" \/>\n<meta property=\"article:modified_time\" content=\"2020-11-11T22:51:42+00:00\" \/>\n<meta property=\"og:image\" content=\"https:\/\/radarservice.eu\/wp-content\/uploads\/2020\/09\/cheetah_c50_front.jpg\" \/>\n\t<meta property=\"og:image:width\" content=\"655\" \/>\n\t<meta property=\"og:image:height\" content=\"400\" \/>\n\t<meta property=\"og:image:type\" content=\"image\/jpeg\" \/>\n<meta name=\"twitter:card\" content=\"summary_large_image\" \/>\n<meta name=\"twitter:label1\" content=\"Gesch\u00e4tzte Lesezeit\" \/>\n\t<meta name=\"twitter:data1\" content=\"1\u00a0Minute\" \/>\n<script type=\"application\/ld+json\" class=\"yoast-schema-graph\">{\"@context\":\"https:\/\/schema.org\",\"@graph\":[{\"@type\":\"WebPage\",\"@id\":\"https:\/\/radarservice.eu\/de\/produkt\/cheetah-c50-gps-poi-warner\/\",\"url\":\"https:\/\/radarservice.eu\/de\/produkt\/cheetah-c50-gps-poi-warner\/\",\"name\":\"Cheetah C50 GPS POI Warner | Radar Service\",\"isPartOf\":{\"@id\":\"https:\/\/radarservice.eu\/de\/#website\"},\"primaryImageOfPage\":{\"@id\":\"https:\/\/radarservice.eu\/de\/produkt\/cheetah-c50-gps-poi-warner\/#primaryimage\"},\"image\":{\"@id\":\"https:\/\/radarservice.eu\/de\/produkt\/cheetah-c50-gps-poi-warner\/#primaryimage\"},\"thumbnailUrl\":\"https:\/\/radarservice.eu\/wp-content\/uploads\/2020\/09\/cheetah_c50_front.jpg\",\"datePublished\":\"2020-09-13T12:47:03+00:00\",\"dateModified\":\"2020-11-11T22:51:42+00:00\",\"description\":\"Der Cheetah C50 ist ein GPS Warner f\u00fcr die Anzeige von festinstallierten Geschwindigkeitsmessanlagen und Rotlicht-Ampel\u00fcberwachungen.\",\"breadcrumb\":{\"@id\":\"https:\/\/radarservice.eu\/de\/produkt\/cheetah-c50-gps-poi-warner\/#breadcrumb\"},\"inLanguage\":\"de\",\"potentialAction\":[{\"@type\":\"ReadAction\",\"target\":[\"https:\/\/radarservice.eu\/de\/produkt\/cheetah-c50-gps-poi-warner\/\"]}]},{\"@type\":\"ImageObject\",\"inLanguage\":\"de\",\"@id\":\"https:\/\/radarservice.eu\/de\/produkt\/cheetah-c50-gps-poi-warner\/#primaryimage\",\"url\":\"https:\/\/radarservice.eu\/wp-content\/uploads\/2020\/09\/cheetah_c50_front.jpg\",\"contentUrl\":\"https:\/\/radarservice.eu\/wp-content\/uploads\/2020\/09\/cheetah_c50_front.jpg\",\"width\":655,\"height\":400,\"caption\":\"Cheetah C50\"},{\"@type\":\"BreadcrumbList\",\"@id\":\"https:\/\/radarservice.eu\/de\/produkt\/cheetah-c50-gps-poi-warner\/#breadcrumb\",\"itemListElement\":[{\"@type\":\"ListItem\",\"position\":1,\"name\":\"Radarwarner Shop\",\"item\":\"https:\/\/radarservice.eu\/de\/shop\/\"},{\"@type\":\"ListItem\",\"position\":2,\"name\":\"Cheetah C50 GPS POI Warner\"}]},{\"@type\":\"WebSite\",\"@id\":\"https:\/\/radarservice.eu\/de\/#website\",\"url\":\"https:\/\/radarservice.eu\/de\/\",\"name\":\"Radar Service\",\"description\":\"Radar detector Laser jammer mobile fix\",\"publisher\":{\"@id\":\"https:\/\/radarservice.eu\/de\/#organization\"},\"potentialAction\":[{\"@type\":\"SearchAction\",\"target\":{\"@type\":\"EntryPoint\",\"urlTemplate\":\"https:\/\/radarservice.eu\/de\/?s={search_term_string}\"},\"query-input\":{\"@type\":\"PropertyValueSpecification\",\"valueRequired\":true,\"valueName\":\"search_term_string\"}}],\"inLanguage\":\"de\"},{\"@type\":\"Organization\",\"@id\":\"https:\/\/radarservice.eu\/de\/#organization\",\"name\":\"RadarService\",\"url\":\"https:\/\/radarservice.eu\/de\/\",\"logo\":{\"@type\":\"ImageObject\",\"inLanguage\":\"de\",\"@id\":\"https:\/\/radarservice.eu\/de\/#\/schema\/logo\/image\/\",\"url\":\"https:\/\/radarservice.eu\/wp-content\/uploads\/2021\/03\/Radar_detector_service.png\",\"contentUrl\":\"https:\/\/radarservice.eu\/wp-content\/uploads\/2021\/03\/Radar_detector_service.png\",\"width\":174,\"height\":48,\"caption\":\"RadarService\"},\"image\":{\"@id\":\"https:\/\/radarservice.eu\/de\/#\/schema\/logo\/image\/\"}}]}<\/script>\n<!-- \/ Yoast SEO plugin. -->","yoast_head_json":{"title":"Cheetah C50 GPS POI Warner | Radar Service","description":"Der Cheetah C50 ist ein GPS Warner f\u00fcr die Anzeige von festinstallierten Geschwindigkeitsmessanlagen und Rotlicht-Ampel\u00fcberwachungen.","robots":{"index":"index","follow":"follow","max-snippet":"max-snippet:-1","max-image-preview":"max-image-preview:large","max-video-preview":"max-video-preview:-1"},"canonical":"https:\/\/radarservice.eu\/de\/produkt\/cheetah-c50-gps-poi-warner\/","og_locale":"de_DE","og_type":"article","og_title":"Cheetah C50 GPS POI Warner | Radar Service","og_description":"Der Cheetah C50 ist ein GPS Warner f\u00fcr die Anzeige von festinstallierten Geschwindigkeitsmessanlagen und Rotlicht-Ampel\u00fcberwachungen.","og_url":"https:\/\/radarservice.eu\/de\/produkt\/cheetah-c50-gps-poi-warner\/","og_site_name":"Radar Service","article_modified_time":"2020-11-11T22:51:42+00:00","og_image":[{"width":655,"height":400,"url":"https:\/\/radarservice.eu\/wp-content\/uploads\/2020\/09\/cheetah_c50_front.jpg","type":"image\/jpeg"}],"twitter_card":"summary_large_image","twitter_misc":{"Gesch\u00e4tzte Lesezeit":"1\u00a0Minute"},"schema":{"@context":"https:\/\/schema.org","@graph":[{"@type":"WebPage","@id":"https:\/\/radarservice.eu\/de\/produkt\/cheetah-c50-gps-poi-warner\/","url":"https:\/\/radarservice.eu\/de\/produkt\/cheetah-c50-gps-poi-warner\/","name":"Cheetah C50 GPS POI Warner | Radar Service","isPartOf":{"@id":"https:\/\/radarservice.eu\/de\/#website"},"primaryImageOfPage":{"@id":"https:\/\/radarservice.eu\/de\/produkt\/cheetah-c50-gps-poi-warner\/#primaryimage"},"image":{"@id":"https:\/\/radarservice.eu\/de\/produkt\/cheetah-c50-gps-poi-warner\/#primaryimage"},"thumbnailUrl":"https:\/\/radarservice.eu\/wp-content\/uploads\/2020\/09\/cheetah_c50_front.jpg","datePublished":"2020-09-13T12:47:03+00:00","dateModified":"2020-11-11T22:51:42+00:00","description":"Der Cheetah C50 ist ein GPS Warner f\u00fcr die Anzeige von festinstallierten Geschwindigkeitsmessanlagen und Rotlicht-Ampel\u00fcberwachungen.","breadcrumb":{"@id":"https:\/\/radarservice.eu\/de\/produkt\/cheetah-c50-gps-poi-warner\/#breadcrumb"},"inLanguage":"de","potentialAction":[{"@type":"ReadAction","target":["https:\/\/radarservice.eu\/de\/produkt\/cheetah-c50-gps-poi-warner\/"]}]},{"@type":"ImageObject","inLanguage":"de","@id":"https:\/\/radarservice.eu\/de\/produkt\/cheetah-c50-gps-poi-warner\/#primaryimage","url":"https:\/\/radarservice.eu\/wp-content\/uploads\/2020\/09\/cheetah_c50_front.jpg","contentUrl":"https:\/\/radarservice.eu\/wp-content\/uploads\/2020\/09\/cheetah_c50_front.jpg","width":655,"height":400,"caption":"Cheetah C50"},{"@type":"BreadcrumbList","@id":"https:\/\/radarservice.eu\/de\/produkt\/cheetah-c50-gps-poi-warner\/#breadcrumb","itemListElement":[{"@type":"ListItem","position":1,"name":"Radarwarner Shop","item":"https:\/\/radarservice.eu\/de\/shop\/"},{"@type":"ListItem","position":2,"name":"Cheetah C50 GPS POI Warner"}]},{"@type":"WebSite","@id":"https:\/\/radarservice.eu\/de\/#website","url":"https:\/\/radarservice.eu\/de\/","name":"Radar Service","description":"Radar detector Laser jammer mobile fix","publisher":{"@id":"https:\/\/radarservice.eu\/de\/#organization"},"potentialAction":[{"@type":"SearchAction","target":{"@type":"EntryPoint","urlTemplate":"https:\/\/radarservice.eu\/de\/?s={search_term_string}"},"query-input":{"@type":"PropertyValueSpecification","valueRequired":true,"valueName":"search_term_string"}}],"inLanguage":"de"},{"@type":"Organization","@id":"https:\/\/radarservice.eu\/de\/#organization","name":"RadarService","url":"https:\/\/radarservice.eu\/de\/","logo":{"@type":"ImageObject","inLanguage":"de","@id":"https:\/\/radarservice.eu\/de\/#\/schema\/logo\/image\/","url":"https:\/\/radarservice.eu\/wp-content\/uploads\/2021\/03\/Radar_detector_service.png","contentUrl":"https:\/\/radarservice.eu\/wp-content\/uploads\/2021\/03\/Radar_detector_service.png","width":174,"height":48,"caption":"RadarService"},"image":{"@id":"https:\/\/radarservice.eu\/de\/#\/schema\/logo\/image\/"}}]}},"_links":{"self":[{"href":"https:\/\/radarservice.eu\/de\/wp-json\/wp\/v2\/product\/13630","targetHints":{"allow":["GET"]}}],"collection":[{"href":"https:\/\/radarservice.eu\/de\/wp-json\/wp\/v2\/product"}],"about":[{"href":"https:\/\/radarservice.eu\/de\/wp-json\/wp\/v2\/types\/product"}],"replies":[{"embeddable":true,"href":"https:\/\/radarservice.eu\/de\/wp-json\/wp\/v2\/comments?post=13630"}],"wp:featuredmedia":[{"embeddable":true,"href":"https:\/\/radarservice.eu\/de\/wp-json\/wp\/v2\/media\/13753"}],"wp:attachment":[{"href":"https:\/\/radarservice.eu\/de\/wp-json\/wp\/v2\/media?parent=13630"}],"wp:term":[{"taxonomy":"product_brand","embeddable":true,"href":"https:\/\/radarservice.eu\/de\/wp-json\/wp\/v2\/product_brand?post=13630"},{"taxonomy":"product_cat","embeddable":true,"href":"https:\/\/radarservice.eu\/de\/wp-json\/wp\/v2\/product_cat?post=13630"},{"taxonomy":"product_tag","embeddable":true,"href":"https:\/\/radarservice.eu\/de\/wp-json\/wp\/v2\/product_tag?post=13630"}],"curies":[{"name":"wp","href":"https:\/\/api.w.org\/{rel}","templated":true}]}}