{"id":13629,"date":"2020-09-13T14:47:03","date_gmt":"2020-09-13T12:47:03","guid":{"rendered":"https:\/\/radarservice.eu\/produkt\/genevo-one-g1-radarwarner-oesterreich-version\/"},"modified":"2025-03-05T13:18:29","modified_gmt":"2025-03-05T12:18:29","slug":"genevo-max-radarwarner","status":"publish","type":"product","link":"https:\/\/radarservice.eu\/de\/produkt\/genevo-max-radarwarner\/","title":{"rendered":"Genevo Max Radarwarner"},"content":{"rendered":"<p>Der Radarwarner Genevo Max eignet sich perfekt f\u00fcr den Einsatz in Europa und ist als mobiler Radarwarner mit wenigen Handgriffen flexibel einsetzbar. Der Genevo Max bietet eine sehr gute Vorwarnung bei mobilen Geschwindigkeits- und Lasermessungen. Zus\u00e4tzlich erhalten Sie Warnungen vor festen Geschwindigkeits- und Ampelblitzer und SectioControl Messanlagen.<\/p>\n<p>Radarfallen meldet der Genevo Max sowohl im Display als auch mittels deutscher Sprachansage. Dabei erh\u00e4lt der Fahrer detaillierte Informationen zur erkannten Radarfalle, POI Warnung oder Lasermessung. Bei Radarerkennung wird zudem die St\u00e4rke des Signals mittels Piepton angezeigt, um die Entfernung zur Radarfalle anzuzeigen.<\/p>\n<p>Der Anwender kann zudem eigene GPS-Orte (POI) speichern oder wieder entfernen, sodass an diesen Orten auf Wunsch eine akustische Warnung erfolgt.<\/p>\n<p>Der Genevo Max l\u00e4sst sich nach Bedarf mittels deutschem Men\u00fc programmieren und ist somit den jeweiligen Anforderungen und W\u00fcnschen anpassbar.<\/p>\n<p><strong>\u00dcbersicht:<\/strong><br \/>\n+ der kompakteste mobile Radarwarner mit Radarantenne f\u00fcr mobile Blitzer sowie GPS Technologie<br \/>\n+ 360\u00b0 Grad Erfassung von allen Radar-Quellen in Europa (X \/ K \/ Ka-Band \/ MultaRadar \/ Gatso)<br \/>\n+ Warnung vor Lasermessungen<br \/>\n+ Warnung vor station\u00e4ren Radarger\u00e4ten<br \/>\n+ Warnung vor Rotlicht \u00dcberwachungen<br \/>\n+ Warnung bei Section Control Messungen (Abschnittskontrollen)<br \/>\n+ Konfigurationsm\u00f6glichkeiten mittels deutschem Men\u00fc<br \/>\n+ updatef\u00e4hig mittels USB Anschlu\u00df<br \/>\n+ Alarmsignale und Einstellungen komplett auf Deutsch<br \/>\n+ eigene Gefahrenpunkte speicherbar<\/p>\n<p><strong>Lieferumfang:<\/strong><br \/>\n* Genevo Max Radarwarner mit intergriertem GPS Empf\u00e4nger<br \/>\n* vorinstallierte Europa-Datenbank<br \/>\n* magnetische Frontscheibenhalterung<br \/>\n* Kabelset 12V-Stromversorgung<br \/>\n* deutsche Bedienungsanleitung<\/p>\n<p><strong>Hinweis:<\/strong> Der Genevo Max Radarwarner verf\u00fcgt zwar \u00fcber einen Laserempfang, aber f\u00fcr einen sicheren Laserschutz empfehlen wir den Einsatz eines aktiven Laserblockers z.B. Antilaser ALP Priority oder Lasertrack Flare.<\/p>\n","protected":false},"excerpt":{"rendered":"<p>Der Genevo Max Radarwarner eignet sich perfekt f\u00fcr den Einsatz in Europa.<\/p>\n","protected":false},"featured_media":13777,"comment_status":"open","ping_status":"closed","template":"","meta":[],"product_brand":[],"product_cat":[250,219,33],"product_tag":[45,110,261,34],"class_list":{"0":"post-13629","1":"product","2":"type-product","3":"status-publish","4":"has-post-thumbnail","6":"product_cat-empfohlene-radarwarner","7":"product_cat-genevo","8":"product_cat-mobile-radarwarner","9":"product_tag-europa","10":"product_tag-genevo","11":"product_tag-genevo-max","12":"product_tag-radarwarner","14":"first","15":"instock","16":"sale","17":"taxable","18":"shipping-taxable","19":"purchasable","20":"product-type-simple"},"yoast_head":"<!-- This site is optimized with the Yoast SEO plugin v27.2 - https:\/\/yoast.com\/product\/yoast-seo-wordpress\/ -->\n<title>Genevo Max Radarwarner | Radar Service<\/title>\n<meta name=\"description\" content=\"Der Radarwarner Genevo Max eignet sich perfekt f\u00fcr den Einsatz in Europa und ist als mobiler Radarwarner flexibel einsetzbar.\" \/>\n<meta name=\"robots\" content=\"index, follow, max-snippet:-1, max-image-preview:large, max-video-preview:-1\" \/>\n<link rel=\"canonical\" href=\"https:\/\/radarservice.eu\/de\/produkt\/genevo-max-radarwarner\/\" \/>\n<meta property=\"og:locale\" content=\"de_DE\" \/>\n<meta property=\"og:type\" content=\"article\" \/>\n<meta property=\"og:title\" content=\"Genevo Max Radarwarner | Radar Service\" \/>\n<meta property=\"og:description\" content=\"Der Radarwarner Genevo Max eignet sich perfekt f\u00fcr den Einsatz in Europa und ist als mobiler Radarwarner flexibel einsetzbar.\" \/>\n<meta property=\"og:url\" content=\"https:\/\/radarservice.eu\/de\/produkt\/genevo-max-radarwarner\/\" \/>\n<meta property=\"og:site_name\" content=\"Radar Service\" \/>\n<meta property=\"article:modified_time\" content=\"2025-03-05T12:18:29+00:00\" \/>\n<meta property=\"og:image\" content=\"https:\/\/radarservice.eu\/wp-content\/uploads\/2020\/09\/Genevo_Max_Seite.jpg\" \/>\n\t<meta property=\"og:image:width\" content=\"1096\" \/>\n\t<meta property=\"og:image:height\" content=\"949\" \/>\n\t<meta property=\"og:image:type\" content=\"image\/jpeg\" \/>\n<meta name=\"twitter:card\" content=\"summary_large_image\" \/>\n<meta name=\"twitter:label1\" content=\"Gesch\u00e4tzte Lesezeit\" \/>\n\t<meta name=\"twitter:data1\" content=\"1\u00a0Minute\" \/>\n<script type=\"application\/ld+json\" class=\"yoast-schema-graph\">{\"@context\":\"https:\/\/schema.org\",\"@graph\":[{\"@type\":\"WebPage\",\"@id\":\"https:\/\/radarservice.eu\/de\/produkt\/genevo-max-radarwarner\/\",\"url\":\"https:\/\/radarservice.eu\/de\/produkt\/genevo-max-radarwarner\/\",\"name\":\"Genevo Max Radarwarner | Radar Service\",\"isPartOf\":{\"@id\":\"https:\/\/radarservice.eu\/de\/#website\"},\"primaryImageOfPage\":{\"@id\":\"https:\/\/radarservice.eu\/de\/produkt\/genevo-max-radarwarner\/#primaryimage\"},\"image\":{\"@id\":\"https:\/\/radarservice.eu\/de\/produkt\/genevo-max-radarwarner\/#primaryimage\"},\"thumbnailUrl\":\"https:\/\/radarservice.eu\/wp-content\/uploads\/2020\/09\/Genevo_Max_Seite.jpg\",\"datePublished\":\"2020-09-13T12:47:03+00:00\",\"dateModified\":\"2025-03-05T12:18:29+00:00\",\"description\":\"Der Radarwarner Genevo Max eignet sich perfekt f\u00fcr den Einsatz in Europa und ist als mobiler Radarwarner flexibel einsetzbar.\",\"breadcrumb\":{\"@id\":\"https:\/\/radarservice.eu\/de\/produkt\/genevo-max-radarwarner\/#breadcrumb\"},\"inLanguage\":\"de\",\"potentialAction\":[{\"@type\":\"ReadAction\",\"target\":[\"https:\/\/radarservice.eu\/de\/produkt\/genevo-max-radarwarner\/\"]}]},{\"@type\":\"ImageObject\",\"inLanguage\":\"de\",\"@id\":\"https:\/\/radarservice.eu\/de\/produkt\/genevo-max-radarwarner\/#primaryimage\",\"url\":\"https:\/\/radarservice.eu\/wp-content\/uploads\/2020\/09\/Genevo_Max_Seite.jpg\",\"contentUrl\":\"https:\/\/radarservice.eu\/wp-content\/uploads\/2020\/09\/Genevo_Max_Seite.jpg\",\"width\":1096,\"height\":949,\"caption\":\"Genevo Max Radarwarner\"},{\"@type\":\"BreadcrumbList\",\"@id\":\"https:\/\/radarservice.eu\/de\/produkt\/genevo-max-radarwarner\/#breadcrumb\",\"itemListElement\":[{\"@type\":\"ListItem\",\"position\":1,\"name\":\"Radarwarner Shop\",\"item\":\"https:\/\/radarservice.eu\/de\/shop\/\"},{\"@type\":\"ListItem\",\"position\":2,\"name\":\"Genevo Max Radarwarner\"}]},{\"@type\":\"WebSite\",\"@id\":\"https:\/\/radarservice.eu\/de\/#website\",\"url\":\"https:\/\/radarservice.eu\/de\/\",\"name\":\"Radar Service\",\"description\":\"Radar detector Laser jammer mobile fix\",\"publisher\":{\"@id\":\"https:\/\/radarservice.eu\/de\/#organization\"},\"potentialAction\":[{\"@type\":\"SearchAction\",\"target\":{\"@type\":\"EntryPoint\",\"urlTemplate\":\"https:\/\/radarservice.eu\/de\/?s={search_term_string}\"},\"query-input\":{\"@type\":\"PropertyValueSpecification\",\"valueRequired\":true,\"valueName\":\"search_term_string\"}}],\"inLanguage\":\"de\"},{\"@type\":\"Organization\",\"@id\":\"https:\/\/radarservice.eu\/de\/#organization\",\"name\":\"RadarService\",\"url\":\"https:\/\/radarservice.eu\/de\/\",\"logo\":{\"@type\":\"ImageObject\",\"inLanguage\":\"de\",\"@id\":\"https:\/\/radarservice.eu\/de\/#\/schema\/logo\/image\/\",\"url\":\"https:\/\/radarservice.eu\/wp-content\/uploads\/2021\/03\/Radar_detector_service.png\",\"contentUrl\":\"https:\/\/radarservice.eu\/wp-content\/uploads\/2021\/03\/Radar_detector_service.png\",\"width\":174,\"height\":48,\"caption\":\"RadarService\"},\"image\":{\"@id\":\"https:\/\/radarservice.eu\/de\/#\/schema\/logo\/image\/\"}}]}<\/script>\n<!-- \/ Yoast SEO plugin. -->","yoast_head_json":{"title":"Genevo Max Radarwarner | Radar Service","description":"Der Radarwarner Genevo Max eignet sich perfekt f\u00fcr den Einsatz in Europa und ist als mobiler Radarwarner flexibel einsetzbar.","robots":{"index":"index","follow":"follow","max-snippet":"max-snippet:-1","max-image-preview":"max-image-preview:large","max-video-preview":"max-video-preview:-1"},"canonical":"https:\/\/radarservice.eu\/de\/produkt\/genevo-max-radarwarner\/","og_locale":"de_DE","og_type":"article","og_title":"Genevo Max Radarwarner | Radar Service","og_description":"Der Radarwarner Genevo Max eignet sich perfekt f\u00fcr den Einsatz in Europa und ist als mobiler Radarwarner flexibel einsetzbar.","og_url":"https:\/\/radarservice.eu\/de\/produkt\/genevo-max-radarwarner\/","og_site_name":"Radar Service","article_modified_time":"2025-03-05T12:18:29+00:00","og_image":[{"width":1096,"height":949,"url":"https:\/\/radarservice.eu\/wp-content\/uploads\/2020\/09\/Genevo_Max_Seite.jpg","type":"image\/jpeg"}],"twitter_card":"summary_large_image","twitter_misc":{"Gesch\u00e4tzte Lesezeit":"1\u00a0Minute"},"schema":{"@context":"https:\/\/schema.org","@graph":[{"@type":"WebPage","@id":"https:\/\/radarservice.eu\/de\/produkt\/genevo-max-radarwarner\/","url":"https:\/\/radarservice.eu\/de\/produkt\/genevo-max-radarwarner\/","name":"Genevo Max Radarwarner | Radar Service","isPartOf":{"@id":"https:\/\/radarservice.eu\/de\/#website"},"primaryImageOfPage":{"@id":"https:\/\/radarservice.eu\/de\/produkt\/genevo-max-radarwarner\/#primaryimage"},"image":{"@id":"https:\/\/radarservice.eu\/de\/produkt\/genevo-max-radarwarner\/#primaryimage"},"thumbnailUrl":"https:\/\/radarservice.eu\/wp-content\/uploads\/2020\/09\/Genevo_Max_Seite.jpg","datePublished":"2020-09-13T12:47:03+00:00","dateModified":"2025-03-05T12:18:29+00:00","description":"Der Radarwarner Genevo Max eignet sich perfekt f\u00fcr den Einsatz in Europa und ist als mobiler Radarwarner flexibel einsetzbar.","breadcrumb":{"@id":"https:\/\/radarservice.eu\/de\/produkt\/genevo-max-radarwarner\/#breadcrumb"},"inLanguage":"de","potentialAction":[{"@type":"ReadAction","target":["https:\/\/radarservice.eu\/de\/produkt\/genevo-max-radarwarner\/"]}]},{"@type":"ImageObject","inLanguage":"de","@id":"https:\/\/radarservice.eu\/de\/produkt\/genevo-max-radarwarner\/#primaryimage","url":"https:\/\/radarservice.eu\/wp-content\/uploads\/2020\/09\/Genevo_Max_Seite.jpg","contentUrl":"https:\/\/radarservice.eu\/wp-content\/uploads\/2020\/09\/Genevo_Max_Seite.jpg","width":1096,"height":949,"caption":"Genevo Max Radarwarner"},{"@type":"BreadcrumbList","@id":"https:\/\/radarservice.eu\/de\/produkt\/genevo-max-radarwarner\/#breadcrumb","itemListElement":[{"@type":"ListItem","position":1,"name":"Radarwarner Shop","item":"https:\/\/radarservice.eu\/de\/shop\/"},{"@type":"ListItem","position":2,"name":"Genevo Max Radarwarner"}]},{"@type":"WebSite","@id":"https:\/\/radarservice.eu\/de\/#website","url":"https:\/\/radarservice.eu\/de\/","name":"Radar Service","description":"Radar detector Laser jammer mobile fix","publisher":{"@id":"https:\/\/radarservice.eu\/de\/#organization"},"potentialAction":[{"@type":"SearchAction","target":{"@type":"EntryPoint","urlTemplate":"https:\/\/radarservice.eu\/de\/?s={search_term_string}"},"query-input":{"@type":"PropertyValueSpecification","valueRequired":true,"valueName":"search_term_string"}}],"inLanguage":"de"},{"@type":"Organization","@id":"https:\/\/radarservice.eu\/de\/#organization","name":"RadarService","url":"https:\/\/radarservice.eu\/de\/","logo":{"@type":"ImageObject","inLanguage":"de","@id":"https:\/\/radarservice.eu\/de\/#\/schema\/logo\/image\/","url":"https:\/\/radarservice.eu\/wp-content\/uploads\/2021\/03\/Radar_detector_service.png","contentUrl":"https:\/\/radarservice.eu\/wp-content\/uploads\/2021\/03\/Radar_detector_service.png","width":174,"height":48,"caption":"RadarService"},"image":{"@id":"https:\/\/radarservice.eu\/de\/#\/schema\/logo\/image\/"}}]}},"_links":{"self":[{"href":"https:\/\/radarservice.eu\/de\/wp-json\/wp\/v2\/product\/13629","targetHints":{"allow":["GET"]}}],"collection":[{"href":"https:\/\/radarservice.eu\/de\/wp-json\/wp\/v2\/product"}],"about":[{"href":"https:\/\/radarservice.eu\/de\/wp-json\/wp\/v2\/types\/product"}],"replies":[{"embeddable":true,"href":"https:\/\/radarservice.eu\/de\/wp-json\/wp\/v2\/comments?post=13629"}],"wp:featuredmedia":[{"embeddable":true,"href":"https:\/\/radarservice.eu\/de\/wp-json\/wp\/v2\/media\/13777"}],"wp:attachment":[{"href":"https:\/\/radarservice.eu\/de\/wp-json\/wp\/v2\/media?parent=13629"}],"wp:term":[{"taxonomy":"product_brand","embeddable":true,"href":"https:\/\/radarservice.eu\/de\/wp-json\/wp\/v2\/product_brand?post=13629"},{"taxonomy":"product_cat","embeddable":true,"href":"https:\/\/radarservice.eu\/de\/wp-json\/wp\/v2\/product_cat?post=13629"},{"taxonomy":"product_tag","embeddable":true,"href":"https:\/\/radarservice.eu\/de\/wp-json\/wp\/v2\/product_tag?post=13629"}],"curies":[{"name":"wp","href":"https:\/\/api.w.org\/{rel}","templated":true}]}}