{"id":13627,"date":"2020-09-13T14:47:03","date_gmt":"2020-09-13T12:47:03","guid":{"rendered":"https:\/\/radarservice.eu\/produkt\/genevo-hd-gps-ff2-radarwarner-und-laserblocker\/"},"modified":"2024-02-22T13:45:58","modified_gmt":"2024-02-22T12:45:58","slug":"genevo-hd-gps-ff2-radarwarner-und-laserblocker","status":"publish","type":"product","link":"https:\/\/radarservice.eu\/de\/produkt\/genevo-hd-gps-ff2-radarwarner-und-laserblocker\/","title":{"rendered":"Genevo HD+ &#038; GPS+ &#038; FF2 Radarwarner und Laserblocker"},"content":{"rendered":"<p>Kosteng\u00fcnstiges Einsteigerpaket aus Genevo festeinbau Radarwarner und Laserblocker. <\/p>\n<p> <strong>Drahtloser festeinbau Radarwarner:<\/strong><br \/>Der drahtlose Genevo HD+ Radarwarner ist ein kleiner und leistungsstarker festeinbau Radarwarner f\u00fcr den versteckten Einbau in der Fahrzeugfront. <br \/>Durch das spritzwassergesch\u00fctzte Geh\u00e4use ist eine unsichtbare Installation kein Problem. Die akustischen und optischen Warnungen erfolgen \u00fcber den Genevo GPS+ POI Warner mit deutscher Sprachansage. Der Genevo GPS+ l\u00e4sst sich wahlweise mit Saugn\u00e4pfen an der Windschutzscheibe befestigt oder auch in bequem in der Mittelkonsole platzieren.<br \/>\u00dcber den GPS+ Warner erhalten Sie zus\u00e4tzlich Warnungen vor festinstallierten Geschwindigkeits- und Rotlicht\u00fcberwachungsanlagen in ganz Europa.<\/p>\n<p><strong>\u00dcbersicht:<\/strong><br \/>+ kleiner und leistungsstarker festeinbau Radarwarner<br \/>+ Laserwarnung<br \/>+ drahtlose Montage<br \/>+ X-, K-, KA- und Ku-Band<br \/>+ Warnung vor station\u00e4ren Radarger\u00e4ten<br \/>+ Warnung vor Rotlicht \u00dcberwachungen<br \/>+ Warnung bei Section Control Messungen (Abschnittskontrollen)<br \/>+ Alarmsignale auf Deutsch<br \/>+ geeignet f\u00fcr den Einsatz in Europa<br \/>+ EUROPA Datenbank f\u00fcr feste Blitzer bereits vorinstalliert<\/p>\n<p><strong>Laserblocker:<\/strong><br \/>Der neue Genevo FF2 kann sowohl als legaler Parksensor und\/oder als Laserblocker gegen Geschwindigkeitsmessungen mit Laserpistolen eingesetzt werden. <br \/>Die sehr kleine Bauweise der Sensoren und die speziell daf\u00fcr entwickelte Genevo Nummernschildhalterung f\u00fcr den standardm\u00e4\u00dfig unsichtbaren Einbau erm\u00f6glichen erstmalig ein vollst\u00e4ndig unsichtbaren und gleichzeitig einfachen Einbau von Park- und Laserst\u00f6rer-Sensoren.<br \/>Die Laserblocker-Funktion ist zudem auf Wunsch per Knopfdruck und gem\u00e4\u00df StVO unwiderruflich abschaltbar. Damit ist ein legaler Betrieb jederzeit herstellbar.<\/p>\n<p><strong>\u00dcbersicht:<\/strong><br \/>+ kleinste Lasersensoren am Markt<br \/>+ spezielle Nummernschildhalterung f\u00fcr einfachen &#038; unsichtbaren Einbau (Abma\u00dfe Halterung: 520mm x 110mm &#8211; EU Norm, nicht passend f\u00fcr \u00d6sterreich)<br \/>+ als lasergest\u00fctzter Parkassistent einsetzbar<br \/>+ Laserwarnung oder aktive Laserst\u00f6rung gegen alle Lasermessungen<br \/>+ Legaler Betrieb als reiner Parkassistent per Knopfdruck aktivierbar<br \/>+ CE und E Pr\u00fcfzeichen zertifiziert<\/p>\n<p><strong>Gesamter Lieferumfang:<\/strong><br \/>* externe, drahtlose Radarantenne Genevo HD+ <br \/>* Genevo GPS+ POI Warner<br \/>* Kabelset f\u00fcr Radarwarner<br \/>* komplettes Montagematerial f\u00fcr die Installation des Radarwarners<br \/>* Bedienungsanleitung Radarwarner<br \/>* 2 Lasersensoren<br \/>* Nummerschildhalterung f\u00fcr Lasersensoren<br \/>* Steuerger\u00e4t Laserblocker<br \/>* Kabelset inkl. Lautsprecher und LED f\u00fcr Laserblocker<\/p>\n","protected":false},"excerpt":{"rendered":"<p>Kosteng\u00fcnstiges Einsteigerpaket aus Genevo festeinbau Radarwarner und Laserblocker. Drahtloser festeinbau Radarwarner:Der drahtlose Genevo HD+ Radarwarner ist ein kleiner und leistungsstarker festeinbau Radarwarner f\u00fcr den versteckten Einbau in der Fahrzeugfront. Durch das spritzwassergesch\u00fctzte Geh\u00e4use ist eine unsichtbare Installation kein Problem. Die akustischen und optischen Warnungen erfolgen \u00fcber den Genevo GPS+ POI Warner mit deutscher Sprachansage. Der [&#8230;]\n","protected":false},"featured_media":0,"comment_status":"open","ping_status":"closed","template":"","meta":[],"product_brand":[],"product_cat":[219],"product_tag":[107,105,104,108,76,34],"class_list":{"0":"post-13627","1":"product","2":"type-product","3":"status-publish","5":"product_cat-genevo","6":"product_tag-genevo-ff2","7":"product_tag-genevo-gps","8":"product_tag-genevo-hd","9":"product_tag-laserblinder","10":"product_tag-laserblocker","11":"product_tag-radarwarner","13":"first","14":"instock","15":"sale","16":"taxable","17":"shipping-taxable","18":"purchasable","19":"product-type-simple"},"yoast_head":"<!-- This site is optimized with the Yoast SEO plugin v27.2 - https:\/\/yoast.com\/product\/yoast-seo-wordpress\/ -->\n<title>Genevo HD+ &amp; GPS+ &amp; FF2 Radarwarner und Laserblocker | Radar Service<\/title>\n<meta name=\"description\" content=\"Genevo HD+ &amp; GPS+ &amp; FF2 Radarwarner und Laserblocker | Radar Service\" \/>\n<meta name=\"robots\" content=\"index, follow, max-snippet:-1, max-image-preview:large, max-video-preview:-1\" \/>\n<link rel=\"canonical\" href=\"https:\/\/radarservice.eu\/de\/produkt\/genevo-hd-gps-ff2-radarwarner-und-laserblocker\/\" \/>\n<meta property=\"og:locale\" content=\"de_DE\" \/>\n<meta property=\"og:type\" content=\"article\" \/>\n<meta property=\"og:title\" content=\"Genevo HD+ &amp; GPS+ &amp; FF2 Radarwarner und Laserblocker | Radar Service\" \/>\n<meta property=\"og:description\" content=\"Genevo HD+ &amp; GPS+ &amp; FF2 Radarwarner und Laserblocker | Radar Service\" \/>\n<meta property=\"og:url\" content=\"https:\/\/radarservice.eu\/de\/produkt\/genevo-hd-gps-ff2-radarwarner-und-laserblocker\/\" \/>\n<meta property=\"og:site_name\" content=\"Radar Service\" \/>\n<meta property=\"article:modified_time\" content=\"2024-02-22T12:45:58+00:00\" \/>\n<meta name=\"twitter:card\" content=\"summary_large_image\" \/>\n<meta name=\"twitter:label1\" content=\"Gesch\u00e4tzte Lesezeit\" \/>\n\t<meta name=\"twitter:data1\" content=\"2\u00a0Minuten\" \/>\n<script type=\"application\/ld+json\" class=\"yoast-schema-graph\">{\"@context\":\"https:\/\/schema.org\",\"@graph\":[{\"@type\":\"WebPage\",\"@id\":\"https:\/\/radarservice.eu\/de\/produkt\/genevo-hd-gps-ff2-radarwarner-und-laserblocker\/\",\"url\":\"https:\/\/radarservice.eu\/de\/produkt\/genevo-hd-gps-ff2-radarwarner-und-laserblocker\/\",\"name\":\"Genevo HD+ & GPS+ & FF2 Radarwarner und Laserblocker | Radar Service\",\"isPartOf\":{\"@id\":\"https:\/\/radarservice.eu\/de\/#website\"},\"datePublished\":\"2020-09-13T12:47:03+00:00\",\"dateModified\":\"2024-02-22T12:45:58+00:00\",\"description\":\"Genevo HD+ & GPS+ & FF2 Radarwarner und Laserblocker | Radar Service\",\"breadcrumb\":{\"@id\":\"https:\/\/radarservice.eu\/de\/produkt\/genevo-hd-gps-ff2-radarwarner-und-laserblocker\/#breadcrumb\"},\"inLanguage\":\"de\",\"potentialAction\":[{\"@type\":\"ReadAction\",\"target\":[\"https:\/\/radarservice.eu\/de\/produkt\/genevo-hd-gps-ff2-radarwarner-und-laserblocker\/\"]}]},{\"@type\":\"BreadcrumbList\",\"@id\":\"https:\/\/radarservice.eu\/de\/produkt\/genevo-hd-gps-ff2-radarwarner-und-laserblocker\/#breadcrumb\",\"itemListElement\":[{\"@type\":\"ListItem\",\"position\":1,\"name\":\"Radarwarner Shop\",\"item\":\"https:\/\/radarservice.eu\/de\/shop\/\"},{\"@type\":\"ListItem\",\"position\":2,\"name\":\"Genevo HD+ &#038; GPS+ &#038; FF2 Radarwarner und Laserblocker\"}]},{\"@type\":\"WebSite\",\"@id\":\"https:\/\/radarservice.eu\/de\/#website\",\"url\":\"https:\/\/radarservice.eu\/de\/\",\"name\":\"Radar Service\",\"description\":\"Radar detector Laser jammer mobile fix\",\"publisher\":{\"@id\":\"https:\/\/radarservice.eu\/de\/#organization\"},\"potentialAction\":[{\"@type\":\"SearchAction\",\"target\":{\"@type\":\"EntryPoint\",\"urlTemplate\":\"https:\/\/radarservice.eu\/de\/?s={search_term_string}\"},\"query-input\":{\"@type\":\"PropertyValueSpecification\",\"valueRequired\":true,\"valueName\":\"search_term_string\"}}],\"inLanguage\":\"de\"},{\"@type\":\"Organization\",\"@id\":\"https:\/\/radarservice.eu\/de\/#organization\",\"name\":\"RadarService\",\"url\":\"https:\/\/radarservice.eu\/de\/\",\"logo\":{\"@type\":\"ImageObject\",\"inLanguage\":\"de\",\"@id\":\"https:\/\/radarservice.eu\/de\/#\/schema\/logo\/image\/\",\"url\":\"https:\/\/radarservice.eu\/wp-content\/uploads\/2021\/03\/Radar_detector_service.png\",\"contentUrl\":\"https:\/\/radarservice.eu\/wp-content\/uploads\/2021\/03\/Radar_detector_service.png\",\"width\":174,\"height\":48,\"caption\":\"RadarService\"},\"image\":{\"@id\":\"https:\/\/radarservice.eu\/de\/#\/schema\/logo\/image\/\"}}]}<\/script>\n<!-- \/ Yoast SEO plugin. -->","yoast_head_json":{"title":"Genevo HD+ & GPS+ & FF2 Radarwarner und Laserblocker | Radar Service","description":"Genevo HD+ & GPS+ & FF2 Radarwarner und Laserblocker | Radar Service","robots":{"index":"index","follow":"follow","max-snippet":"max-snippet:-1","max-image-preview":"max-image-preview:large","max-video-preview":"max-video-preview:-1"},"canonical":"https:\/\/radarservice.eu\/de\/produkt\/genevo-hd-gps-ff2-radarwarner-und-laserblocker\/","og_locale":"de_DE","og_type":"article","og_title":"Genevo HD+ & GPS+ & FF2 Radarwarner und Laserblocker | Radar Service","og_description":"Genevo HD+ & GPS+ & FF2 Radarwarner und Laserblocker | Radar Service","og_url":"https:\/\/radarservice.eu\/de\/produkt\/genevo-hd-gps-ff2-radarwarner-und-laserblocker\/","og_site_name":"Radar Service","article_modified_time":"2024-02-22T12:45:58+00:00","twitter_card":"summary_large_image","twitter_misc":{"Gesch\u00e4tzte Lesezeit":"2\u00a0Minuten"},"schema":{"@context":"https:\/\/schema.org","@graph":[{"@type":"WebPage","@id":"https:\/\/radarservice.eu\/de\/produkt\/genevo-hd-gps-ff2-radarwarner-und-laserblocker\/","url":"https:\/\/radarservice.eu\/de\/produkt\/genevo-hd-gps-ff2-radarwarner-und-laserblocker\/","name":"Genevo HD+ & GPS+ & FF2 Radarwarner und Laserblocker | Radar Service","isPartOf":{"@id":"https:\/\/radarservice.eu\/de\/#website"},"datePublished":"2020-09-13T12:47:03+00:00","dateModified":"2024-02-22T12:45:58+00:00","description":"Genevo HD+ & GPS+ & FF2 Radarwarner und Laserblocker | Radar Service","breadcrumb":{"@id":"https:\/\/radarservice.eu\/de\/produkt\/genevo-hd-gps-ff2-radarwarner-und-laserblocker\/#breadcrumb"},"inLanguage":"de","potentialAction":[{"@type":"ReadAction","target":["https:\/\/radarservice.eu\/de\/produkt\/genevo-hd-gps-ff2-radarwarner-und-laserblocker\/"]}]},{"@type":"BreadcrumbList","@id":"https:\/\/radarservice.eu\/de\/produkt\/genevo-hd-gps-ff2-radarwarner-und-laserblocker\/#breadcrumb","itemListElement":[{"@type":"ListItem","position":1,"name":"Radarwarner Shop","item":"https:\/\/radarservice.eu\/de\/shop\/"},{"@type":"ListItem","position":2,"name":"Genevo HD+ &#038; GPS+ &#038; FF2 Radarwarner und Laserblocker"}]},{"@type":"WebSite","@id":"https:\/\/radarservice.eu\/de\/#website","url":"https:\/\/radarservice.eu\/de\/","name":"Radar Service","description":"Radar detector Laser jammer mobile fix","publisher":{"@id":"https:\/\/radarservice.eu\/de\/#organization"},"potentialAction":[{"@type":"SearchAction","target":{"@type":"EntryPoint","urlTemplate":"https:\/\/radarservice.eu\/de\/?s={search_term_string}"},"query-input":{"@type":"PropertyValueSpecification","valueRequired":true,"valueName":"search_term_string"}}],"inLanguage":"de"},{"@type":"Organization","@id":"https:\/\/radarservice.eu\/de\/#organization","name":"RadarService","url":"https:\/\/radarservice.eu\/de\/","logo":{"@type":"ImageObject","inLanguage":"de","@id":"https:\/\/radarservice.eu\/de\/#\/schema\/logo\/image\/","url":"https:\/\/radarservice.eu\/wp-content\/uploads\/2021\/03\/Radar_detector_service.png","contentUrl":"https:\/\/radarservice.eu\/wp-content\/uploads\/2021\/03\/Radar_detector_service.png","width":174,"height":48,"caption":"RadarService"},"image":{"@id":"https:\/\/radarservice.eu\/de\/#\/schema\/logo\/image\/"}}]}},"_links":{"self":[{"href":"https:\/\/radarservice.eu\/de\/wp-json\/wp\/v2\/product\/13627","targetHints":{"allow":["GET"]}}],"collection":[{"href":"https:\/\/radarservice.eu\/de\/wp-json\/wp\/v2\/product"}],"about":[{"href":"https:\/\/radarservice.eu\/de\/wp-json\/wp\/v2\/types\/product"}],"replies":[{"embeddable":true,"href":"https:\/\/radarservice.eu\/de\/wp-json\/wp\/v2\/comments?post=13627"}],"wp:attachment":[{"href":"https:\/\/radarservice.eu\/de\/wp-json\/wp\/v2\/media?parent=13627"}],"wp:term":[{"taxonomy":"product_brand","embeddable":true,"href":"https:\/\/radarservice.eu\/de\/wp-json\/wp\/v2\/product_brand?post=13627"},{"taxonomy":"product_cat","embeddable":true,"href":"https:\/\/radarservice.eu\/de\/wp-json\/wp\/v2\/product_cat?post=13627"},{"taxonomy":"product_tag","embeddable":true,"href":"https:\/\/radarservice.eu\/de\/wp-json\/wp\/v2\/product_tag?post=13627"}],"curies":[{"name":"wp","href":"https:\/\/api.w.org\/{rel}","templated":true}]}}