{"id":13626,"date":"2020-09-13T14:47:03","date_gmt":"2020-09-13T12:47:03","guid":{"rendered":"https:\/\/radarservice.eu\/produkt\/genevo-gps-hd-radarwarnersystem\/"},"modified":"2024-02-22T13:45:27","modified_gmt":"2024-02-22T12:45:27","slug":"genevo-gps-hdm-radarwarner","status":"publish","type":"product","link":"https:\/\/radarservice.eu\/de\/produkt\/genevo-gps-hdm-radarwarner\/","title":{"rendered":"Genevo GPS+ HDM+ Radarwarner"},"content":{"rendered":"<p>Der drahtlose Genevo HDM+ Radarwarner ist ein kleiner und leistungsstarker festeinbau Radarwarner f\u00fcr den versteckten Einbau in der Fahrzeugfront.<br \/>\nDurch das spritzwassergesch\u00fctzte Geh\u00e4use ist eine unsichtbare Installation kein Problem. Die akustischen und optischen Warnungen erfolgen \u00fcber den Genevo GPS+ POI Warner mit deutscher Sprachansage. Der Genevo GPS+ l\u00e4sst sich wahlweise mit Saugn\u00e4pfen an der Windschutzscheibe befestigt oder auch in bequem in der Mittelkonsole platzieren.<br \/>\n\u00dcber den GPS+ Warner erhalten Sie zus\u00e4tzlich Warnungen vor festinstallierten Geschwindigkeits- und Rotlicht\u00fcberwachungsanlagen in ganz Europa.<\/p>\n<p>Die leistungsstarke HDM+ Radarantenne warnt auch zuverl\u00e4ssig vor den neuen MultaRadar (MRCD \/ MRCT \/ Moving) und Gatso Radarfallen in Europa.<\/p>\n<p><strong>\u00dcbersicht:<\/strong><br \/>\n+ kleiner und leistungsstarker festeinbau Radarwarner<br \/>\n+ Laserwarnung<br \/>\n+ drahtlose Montage<br \/>\n+ X-, K-, KA-Band, MultaRadar, Gatso<br \/>\n+ Warnung vor station\u00e4ren Radarger\u00e4ten<br \/>\n+ Warnung vor Rotlicht \u00dcberwachungen<br \/>\n+ Warnung bei Section Control Messungen (Abschnittskontrollen)<br \/>\n+ Alarmsignale auf Deutsch<br \/>\n+ geeignet f\u00fcr den Einsatz in Europa<br \/>\n+ EUROPA Datenbank f\u00fcr feste Blitzer bereits vorinstalliert<\/p>\n<p><strong>Lieferumfang:<\/strong><br \/>\n* externe, drahtlose Radarantenne Genevo HDM+<br \/>\n* Genevo GPS+ POI Warner<br \/>\n* Kabelset<br \/>\n* komplettes Montagematerial f\u00fcr die Installation<br \/>\n* Bedienungsanleitung<\/p>\n<p><strong>Hinweis:<\/strong> Der Genevo HDM+ Radarwarner verf\u00fcgt zwar \u00fcber einen Laserempfang, aber f\u00fcr einen sicheren Laserschutz empfehlen wir den Einsatz eines aktiven Laserblockers z.B. Antilaser ALP Priority und Lasertrack Flare.<\/p>\n","protected":false},"excerpt":{"rendered":"<p>Der drahtlose Genevo HDM+ Radarwarner ist ein kleiner und leistungsstarker festeinbau Radarwarner f\u00fcr den versteckten Einbau in der Fahrzeugfront. Durch das spritzwassergesch\u00fctzte Geh\u00e4use ist eine unsichtbare Installation kein Problem. Die akustischen und optischen Warnungen erfolgen \u00fcber den Genevo GPS+ POI Warner mit deutscher Sprachansage. Der Genevo GPS+ l\u00e4sst sich wahlweise mit Saugn\u00e4pfen an der Windschutzscheibe [&#8230;]\n","protected":false},"featured_media":13784,"comment_status":"open","ping_status":"closed","template":"","meta":[],"product_brand":[],"product_cat":[187,219],"product_tag":[106,45,105,264,265,78,34],"class_list":{"0":"post-13626","1":"product","2":"type-product","3":"status-publish","4":"has-post-thumbnail","6":"product_cat-festeinbau-radarwarner","7":"product_cat-genevo","8":"product_tag-drahtloser-festeinbau","9":"product_tag-europa","10":"product_tag-genevo-gps","11":"product_tag-genevo-hdm","12":"product_tag-hdm-radarantenne","13":"product_tag-laserwarner","14":"product_tag-radarwarner","16":"first","17":"instock","18":"sale","19":"taxable","20":"shipping-taxable","21":"purchasable","22":"product-type-simple"},"yoast_head":"<!-- This site is optimized with the Yoast SEO plugin v27.2 - https:\/\/yoast.com\/product\/yoast-seo-wordpress\/ -->\n<title>Genevo GPS+ HDM+ Radarwarner | Radar Service<\/title>\n<meta name=\"description\" content=\"Der drahtlose Genevo HDM+ Radarwarner ist ein kleiner festeinbau Radarwarner f\u00fcr den versteckten Einbau in der Fahrzeugfront.\" \/>\n<meta name=\"robots\" content=\"index, follow, max-snippet:-1, max-image-preview:large, max-video-preview:-1\" \/>\n<link rel=\"canonical\" href=\"https:\/\/radarservice.eu\/de\/produkt\/genevo-gps-hdm-radarwarner\/\" \/>\n<meta property=\"og:locale\" content=\"de_DE\" \/>\n<meta property=\"og:type\" content=\"article\" \/>\n<meta property=\"og:title\" content=\"Genevo GPS+ HDM+ Radarwarner | Radar Service\" \/>\n<meta property=\"og:description\" content=\"Der drahtlose Genevo HDM+ Radarwarner ist ein kleiner festeinbau Radarwarner f\u00fcr den versteckten Einbau in der Fahrzeugfront.\" \/>\n<meta property=\"og:url\" content=\"https:\/\/radarservice.eu\/de\/produkt\/genevo-gps-hdm-radarwarner\/\" \/>\n<meta property=\"og:site_name\" content=\"Radar Service\" \/>\n<meta property=\"article:modified_time\" content=\"2024-02-22T12:45:27+00:00\" \/>\n<meta property=\"og:image\" content=\"https:\/\/radarservice.eu\/wp-content\/uploads\/2020\/09\/genevo_gpshdm_radarwarner.jpg\" \/>\n\t<meta property=\"og:image:width\" content=\"990\" \/>\n\t<meta property=\"og:image:height\" content=\"720\" \/>\n\t<meta property=\"og:image:type\" content=\"image\/jpeg\" \/>\n<meta name=\"twitter:card\" content=\"summary_large_image\" \/>\n<meta name=\"twitter:label1\" content=\"Gesch\u00e4tzte Lesezeit\" \/>\n\t<meta name=\"twitter:data1\" content=\"1\u00a0Minute\" \/>\n<script type=\"application\/ld+json\" class=\"yoast-schema-graph\">{\"@context\":\"https:\/\/schema.org\",\"@graph\":[{\"@type\":\"WebPage\",\"@id\":\"https:\/\/radarservice.eu\/de\/produkt\/genevo-gps-hdm-radarwarner\/\",\"url\":\"https:\/\/radarservice.eu\/de\/produkt\/genevo-gps-hdm-radarwarner\/\",\"name\":\"Genevo GPS+ HDM+ Radarwarner | Radar Service\",\"isPartOf\":{\"@id\":\"https:\/\/radarservice.eu\/de\/#website\"},\"primaryImageOfPage\":{\"@id\":\"https:\/\/radarservice.eu\/de\/produkt\/genevo-gps-hdm-radarwarner\/#primaryimage\"},\"image\":{\"@id\":\"https:\/\/radarservice.eu\/de\/produkt\/genevo-gps-hdm-radarwarner\/#primaryimage\"},\"thumbnailUrl\":\"https:\/\/radarservice.eu\/wp-content\/uploads\/2020\/09\/genevo_gpshdm_radarwarner.jpg\",\"datePublished\":\"2020-09-13T12:47:03+00:00\",\"dateModified\":\"2024-02-22T12:45:27+00:00\",\"description\":\"Der drahtlose Genevo HDM+ Radarwarner ist ein kleiner festeinbau Radarwarner f\u00fcr den versteckten Einbau in der Fahrzeugfront.\",\"breadcrumb\":{\"@id\":\"https:\/\/radarservice.eu\/de\/produkt\/genevo-gps-hdm-radarwarner\/#breadcrumb\"},\"inLanguage\":\"de\",\"potentialAction\":[{\"@type\":\"ReadAction\",\"target\":[\"https:\/\/radarservice.eu\/de\/produkt\/genevo-gps-hdm-radarwarner\/\"]}]},{\"@type\":\"ImageObject\",\"inLanguage\":\"de\",\"@id\":\"https:\/\/radarservice.eu\/de\/produkt\/genevo-gps-hdm-radarwarner\/#primaryimage\",\"url\":\"https:\/\/radarservice.eu\/wp-content\/uploads\/2020\/09\/genevo_gpshdm_radarwarner.jpg\",\"contentUrl\":\"https:\/\/radarservice.eu\/wp-content\/uploads\/2020\/09\/genevo_gpshdm_radarwarner.jpg\",\"width\":990,\"height\":720,\"caption\":\"Genevo HDM+ GPS Radarwarner\"},{\"@type\":\"BreadcrumbList\",\"@id\":\"https:\/\/radarservice.eu\/de\/produkt\/genevo-gps-hdm-radarwarner\/#breadcrumb\",\"itemListElement\":[{\"@type\":\"ListItem\",\"position\":1,\"name\":\"Radarwarner Shop\",\"item\":\"https:\/\/radarservice.eu\/de\/shop\/\"},{\"@type\":\"ListItem\",\"position\":2,\"name\":\"Genevo GPS+ HDM+ Radarwarner\"}]},{\"@type\":\"WebSite\",\"@id\":\"https:\/\/radarservice.eu\/de\/#website\",\"url\":\"https:\/\/radarservice.eu\/de\/\",\"name\":\"Radar Service\",\"description\":\"Radar detector Laser jammer mobile fix\",\"publisher\":{\"@id\":\"https:\/\/radarservice.eu\/de\/#organization\"},\"potentialAction\":[{\"@type\":\"SearchAction\",\"target\":{\"@type\":\"EntryPoint\",\"urlTemplate\":\"https:\/\/radarservice.eu\/de\/?s={search_term_string}\"},\"query-input\":{\"@type\":\"PropertyValueSpecification\",\"valueRequired\":true,\"valueName\":\"search_term_string\"}}],\"inLanguage\":\"de\"},{\"@type\":\"Organization\",\"@id\":\"https:\/\/radarservice.eu\/de\/#organization\",\"name\":\"RadarService\",\"url\":\"https:\/\/radarservice.eu\/de\/\",\"logo\":{\"@type\":\"ImageObject\",\"inLanguage\":\"de\",\"@id\":\"https:\/\/radarservice.eu\/de\/#\/schema\/logo\/image\/\",\"url\":\"https:\/\/radarservice.eu\/wp-content\/uploads\/2021\/03\/Radar_detector_service.png\",\"contentUrl\":\"https:\/\/radarservice.eu\/wp-content\/uploads\/2021\/03\/Radar_detector_service.png\",\"width\":174,\"height\":48,\"caption\":\"RadarService\"},\"image\":{\"@id\":\"https:\/\/radarservice.eu\/de\/#\/schema\/logo\/image\/\"}}]}<\/script>\n<!-- \/ Yoast SEO plugin. -->","yoast_head_json":{"title":"Genevo GPS+ HDM+ Radarwarner | Radar Service","description":"Der drahtlose Genevo HDM+ Radarwarner ist ein kleiner festeinbau Radarwarner f\u00fcr den versteckten Einbau in der Fahrzeugfront.","robots":{"index":"index","follow":"follow","max-snippet":"max-snippet:-1","max-image-preview":"max-image-preview:large","max-video-preview":"max-video-preview:-1"},"canonical":"https:\/\/radarservice.eu\/de\/produkt\/genevo-gps-hdm-radarwarner\/","og_locale":"de_DE","og_type":"article","og_title":"Genevo GPS+ HDM+ Radarwarner | Radar Service","og_description":"Der drahtlose Genevo HDM+ Radarwarner ist ein kleiner festeinbau Radarwarner f\u00fcr den versteckten Einbau in der Fahrzeugfront.","og_url":"https:\/\/radarservice.eu\/de\/produkt\/genevo-gps-hdm-radarwarner\/","og_site_name":"Radar Service","article_modified_time":"2024-02-22T12:45:27+00:00","og_image":[{"width":990,"height":720,"url":"https:\/\/radarservice.eu\/wp-content\/uploads\/2020\/09\/genevo_gpshdm_radarwarner.jpg","type":"image\/jpeg"}],"twitter_card":"summary_large_image","twitter_misc":{"Gesch\u00e4tzte Lesezeit":"1\u00a0Minute"},"schema":{"@context":"https:\/\/schema.org","@graph":[{"@type":"WebPage","@id":"https:\/\/radarservice.eu\/de\/produkt\/genevo-gps-hdm-radarwarner\/","url":"https:\/\/radarservice.eu\/de\/produkt\/genevo-gps-hdm-radarwarner\/","name":"Genevo GPS+ HDM+ Radarwarner | Radar Service","isPartOf":{"@id":"https:\/\/radarservice.eu\/de\/#website"},"primaryImageOfPage":{"@id":"https:\/\/radarservice.eu\/de\/produkt\/genevo-gps-hdm-radarwarner\/#primaryimage"},"image":{"@id":"https:\/\/radarservice.eu\/de\/produkt\/genevo-gps-hdm-radarwarner\/#primaryimage"},"thumbnailUrl":"https:\/\/radarservice.eu\/wp-content\/uploads\/2020\/09\/genevo_gpshdm_radarwarner.jpg","datePublished":"2020-09-13T12:47:03+00:00","dateModified":"2024-02-22T12:45:27+00:00","description":"Der drahtlose Genevo HDM+ Radarwarner ist ein kleiner festeinbau Radarwarner f\u00fcr den versteckten Einbau in der Fahrzeugfront.","breadcrumb":{"@id":"https:\/\/radarservice.eu\/de\/produkt\/genevo-gps-hdm-radarwarner\/#breadcrumb"},"inLanguage":"de","potentialAction":[{"@type":"ReadAction","target":["https:\/\/radarservice.eu\/de\/produkt\/genevo-gps-hdm-radarwarner\/"]}]},{"@type":"ImageObject","inLanguage":"de","@id":"https:\/\/radarservice.eu\/de\/produkt\/genevo-gps-hdm-radarwarner\/#primaryimage","url":"https:\/\/radarservice.eu\/wp-content\/uploads\/2020\/09\/genevo_gpshdm_radarwarner.jpg","contentUrl":"https:\/\/radarservice.eu\/wp-content\/uploads\/2020\/09\/genevo_gpshdm_radarwarner.jpg","width":990,"height":720,"caption":"Genevo HDM+ GPS Radarwarner"},{"@type":"BreadcrumbList","@id":"https:\/\/radarservice.eu\/de\/produkt\/genevo-gps-hdm-radarwarner\/#breadcrumb","itemListElement":[{"@type":"ListItem","position":1,"name":"Radarwarner Shop","item":"https:\/\/radarservice.eu\/de\/shop\/"},{"@type":"ListItem","position":2,"name":"Genevo GPS+ HDM+ Radarwarner"}]},{"@type":"WebSite","@id":"https:\/\/radarservice.eu\/de\/#website","url":"https:\/\/radarservice.eu\/de\/","name":"Radar Service","description":"Radar detector Laser jammer mobile fix","publisher":{"@id":"https:\/\/radarservice.eu\/de\/#organization"},"potentialAction":[{"@type":"SearchAction","target":{"@type":"EntryPoint","urlTemplate":"https:\/\/radarservice.eu\/de\/?s={search_term_string}"},"query-input":{"@type":"PropertyValueSpecification","valueRequired":true,"valueName":"search_term_string"}}],"inLanguage":"de"},{"@type":"Organization","@id":"https:\/\/radarservice.eu\/de\/#organization","name":"RadarService","url":"https:\/\/radarservice.eu\/de\/","logo":{"@type":"ImageObject","inLanguage":"de","@id":"https:\/\/radarservice.eu\/de\/#\/schema\/logo\/image\/","url":"https:\/\/radarservice.eu\/wp-content\/uploads\/2021\/03\/Radar_detector_service.png","contentUrl":"https:\/\/radarservice.eu\/wp-content\/uploads\/2021\/03\/Radar_detector_service.png","width":174,"height":48,"caption":"RadarService"},"image":{"@id":"https:\/\/radarservice.eu\/de\/#\/schema\/logo\/image\/"}}]}},"_links":{"self":[{"href":"https:\/\/radarservice.eu\/de\/wp-json\/wp\/v2\/product\/13626","targetHints":{"allow":["GET"]}}],"collection":[{"href":"https:\/\/radarservice.eu\/de\/wp-json\/wp\/v2\/product"}],"about":[{"href":"https:\/\/radarservice.eu\/de\/wp-json\/wp\/v2\/types\/product"}],"replies":[{"embeddable":true,"href":"https:\/\/radarservice.eu\/de\/wp-json\/wp\/v2\/comments?post=13626"}],"wp:featuredmedia":[{"embeddable":true,"href":"https:\/\/radarservice.eu\/de\/wp-json\/wp\/v2\/media\/13784"}],"wp:attachment":[{"href":"https:\/\/radarservice.eu\/de\/wp-json\/wp\/v2\/media?parent=13626"}],"wp:term":[{"taxonomy":"product_brand","embeddable":true,"href":"https:\/\/radarservice.eu\/de\/wp-json\/wp\/v2\/product_brand?post=13626"},{"taxonomy":"product_cat","embeddable":true,"href":"https:\/\/radarservice.eu\/de\/wp-json\/wp\/v2\/product_cat?post=13626"},{"taxonomy":"product_tag","embeddable":true,"href":"https:\/\/radarservice.eu\/de\/wp-json\/wp\/v2\/product_tag?post=13626"}],"curies":[{"name":"wp","href":"https:\/\/api.w.org\/{rel}","templated":true}]}}