{"id":13625,"date":"2020-09-13T14:47:03","date_gmt":"2020-09-13T12:47:03","guid":{"rendered":"https:\/\/radarservice.eu\/produkt\/genevo-ff-laserblocker-und-parkassistent\/"},"modified":"2024-02-22T13:45:12","modified_gmt":"2024-02-22T12:45:12","slug":"genevo-ff-laserstoerer-laserblocker","status":"publish","type":"product","link":"https:\/\/radarservice.eu\/de\/produkt\/genevo-ff-laserstoerer-laserblocker\/","title":{"rendered":"Genevo FF Laserst\u00f6rer | Laserblocker"},"content":{"rendered":"<p>Das neue Genevo FF Lasersystem kann sowohl als legaler Parksensor und\/oder als Laserst\u00f6rer gegen Geschwindigkeitsmessungen mit Laserpistolen eingesetzt werden.<br \/>\nDie sehr kleine Bauweise der Sensoren und die speziell daf\u00fcr entwickelte Genevo Nummernschildhalterung f\u00fcr den standardm\u00e4\u00dfig unsichtbaren Einbau erm\u00f6glichen erstmalig ein vollst\u00e4ndig unsichtbaren und gleichzeitig einfachen Einbau von Park- und Laserst\u00f6rer-Sensoren.<br \/>\nDie Laserst\u00f6rer-Funktion ist zudem auf Wunsch per Knopfdruck und gem\u00e4\u00df StVO unwiderruflich abschaltbar. Damit ist ein legaler Betrieb jederzeit herstellbar.<\/p>\n<p><strong>Hinweis:<\/strong> Um die Fahrzeugfl\u00e4che komplett abzudecken empfehlen wir f\u00fcr den Einsatz an einem PKW oder SUV die Genevo FF2 Ausf\u00fchrung mit 2 Sensoren.<br \/>\nM\u00f6chten Sie neben der Fahrzeugfront auch das Fahrzeugheck absichern, empfiehlt sich bei PKWs oder SUVs die FF2x2 Ausf\u00fchrung.<br \/>\nMotorr\u00e4der ben\u00f6tigen nur die einfache Genevo FF Ausf\u00fchrung mit einem Sensor bzw. die Genevo FF2 f\u00fcr die Front- und Heckabsicherung.<br \/>\nDie Genevo FF4 Ausf\u00fchrung mit 4 Sensoren empfiehlt sich f\u00fcr LKWs und Reisebusse und bei Front und Heckabsicherung die Version FF4x4 mit 8 Sensoren.<\/p>\n<p><strong>\u00dcbersicht:<\/strong><br \/>\n+ kleinste Lasersensoren am Markt<br \/>\n+ spezielle Nummernschildhalterung f\u00fcr einfachen &amp; unsichtbaren Einbau (Abma\u00dfe Halterung: 520mm x 110mm &#8211; EU Norm, nicht passend f\u00fcr \u00d6sterreich)<br \/>\n+ als lasergest\u00fctzter Parkassistent einsetzbar<br \/>\n+ Laserwarnung oder aktive Laserst\u00f6rung gegen alle Lasermessungen<br \/>\n+ Legaler Betrieb als reiner Parkassistent per Knopfdruck aktivierbar<br \/>\n+ CE und E Pr\u00fcfzeichen zertifiziert<\/p>\n<p><strong>Lieferumfang:<\/strong><br \/>\n* Lasersensoren (ja nach Auswahl 1 \/ 2 \/ 4 oder 8 Sensoren)<br \/>\n* Steuerger\u00e4t<br \/>\n* Kabelset inkl. Lautsprecher und LED<\/p>\n","protected":false},"excerpt":{"rendered":"<p>Das neue Genevo FF Lasersystem kann sowohl als legaler Parksensor und\/oder als Laserst\u00f6rer gegen Geschwindigkeitsmessungen mit Laserpistolen eingesetzt werden. Die sehr kleine Bauweise der Sensoren und die speziell daf\u00fcr entwickelte Genevo Nummernschildhalterung f\u00fcr den standardm\u00e4\u00dfig unsichtbaren Einbau erm\u00f6glichen erstmalig ein vollst\u00e4ndig unsichtbaren und gleichzeitig einfachen Einbau von Park- und Laserst\u00f6rer-Sensoren. Die Laserst\u00f6rer-Funktion ist zudem auf [&#8230;]\n","protected":false},"featured_media":13741,"comment_status":"open","ping_status":"closed","template":"","meta":[],"product_brand":[],"product_cat":[219,190],"product_tag":[101,76,102,75,103],"class_list":{"0":"post-13625","1":"product","2":"type-product","3":"status-publish","4":"has-post-thumbnail","6":"product_cat-genevo","7":"product_cat-laserstoerer","8":"product_tag-genevo-ff","9":"product_tag-laserblocker","10":"product_tag-lasersensoren","11":"product_tag-laserstoerer","12":"product_tag-parksensoren","14":"first","15":"onbackorder","16":"taxable","17":"shipping-taxable","18":"purchasable","19":"product-type-simple"},"yoast_head":"<!-- This site is optimized with the Yoast SEO plugin v27.2 - https:\/\/yoast.com\/product\/yoast-seo-wordpress\/ -->\n<title>Genevo FF Laserst\u00f6rer | Laserblocker | Radar Service<\/title>\n<meta name=\"description\" content=\"Der Genevo FF Antilaser kann als legaler Parksensor und Laserblocker gegen Geschwindigkeitsmessungen mit Laserpistolen eingesetzt werden.\" \/>\n<meta name=\"robots\" content=\"index, follow, max-snippet:-1, max-image-preview:large, max-video-preview:-1\" \/>\n<link rel=\"canonical\" href=\"https:\/\/radarservice.eu\/de\/produkt\/genevo-ff-laserstoerer-laserblocker\/\" \/>\n<meta property=\"og:locale\" content=\"de_DE\" \/>\n<meta property=\"og:type\" content=\"article\" \/>\n<meta property=\"og:title\" content=\"Genevo FF Laserst\u00f6rer | Laserblocker | Radar Service\" \/>\n<meta property=\"og:description\" content=\"Der Genevo FF Antilaser kann als legaler Parksensor und Laserblocker gegen Geschwindigkeitsmessungen mit Laserpistolen eingesetzt werden.\" \/>\n<meta property=\"og:url\" content=\"https:\/\/radarservice.eu\/de\/produkt\/genevo-ff-laserstoerer-laserblocker\/\" \/>\n<meta property=\"og:site_name\" content=\"Radar Service\" \/>\n<meta property=\"article:modified_time\" content=\"2024-02-22T12:45:12+00:00\" \/>\n<meta property=\"og:image\" content=\"https:\/\/radarservice.eu\/wp-content\/uploads\/2020\/09\/GENEVO_FF_Nummerschildhalterung.png\" \/>\n\t<meta property=\"og:image:width\" content=\"725\" \/>\n\t<meta property=\"og:image:height\" content=\"472\" \/>\n\t<meta property=\"og:image:type\" content=\"image\/png\" \/>\n<meta name=\"twitter:card\" content=\"summary_large_image\" \/>\n<meta name=\"twitter:label1\" content=\"Gesch\u00e4tzte Lesezeit\" \/>\n\t<meta name=\"twitter:data1\" content=\"1\u00a0Minute\" \/>\n<script type=\"application\/ld+json\" class=\"yoast-schema-graph\">{\"@context\":\"https:\/\/schema.org\",\"@graph\":[{\"@type\":\"WebPage\",\"@id\":\"https:\/\/radarservice.eu\/de\/produkt\/genevo-ff-laserstoerer-laserblocker\/\",\"url\":\"https:\/\/radarservice.eu\/de\/produkt\/genevo-ff-laserstoerer-laserblocker\/\",\"name\":\"Genevo FF Laserst\u00f6rer | Laserblocker | Radar Service\",\"isPartOf\":{\"@id\":\"https:\/\/radarservice.eu\/de\/#website\"},\"primaryImageOfPage\":{\"@id\":\"https:\/\/radarservice.eu\/de\/produkt\/genevo-ff-laserstoerer-laserblocker\/#primaryimage\"},\"image\":{\"@id\":\"https:\/\/radarservice.eu\/de\/produkt\/genevo-ff-laserstoerer-laserblocker\/#primaryimage\"},\"thumbnailUrl\":\"https:\/\/radarservice.eu\/wp-content\/uploads\/2020\/09\/GENEVO_FF_Nummerschildhalterung.png\",\"datePublished\":\"2020-09-13T12:47:03+00:00\",\"dateModified\":\"2024-02-22T12:45:12+00:00\",\"description\":\"Der Genevo FF Antilaser kann als legaler Parksensor und Laserblocker gegen Geschwindigkeitsmessungen mit Laserpistolen eingesetzt werden.\",\"breadcrumb\":{\"@id\":\"https:\/\/radarservice.eu\/de\/produkt\/genevo-ff-laserstoerer-laserblocker\/#breadcrumb\"},\"inLanguage\":\"de\",\"potentialAction\":[{\"@type\":\"ReadAction\",\"target\":[\"https:\/\/radarservice.eu\/de\/produkt\/genevo-ff-laserstoerer-laserblocker\/\"]}]},{\"@type\":\"ImageObject\",\"inLanguage\":\"de\",\"@id\":\"https:\/\/radarservice.eu\/de\/produkt\/genevo-ff-laserstoerer-laserblocker\/#primaryimage\",\"url\":\"https:\/\/radarservice.eu\/wp-content\/uploads\/2020\/09\/GENEVO_FF_Nummerschildhalterung.png\",\"contentUrl\":\"https:\/\/radarservice.eu\/wp-content\/uploads\/2020\/09\/GENEVO_FF_Nummerschildhalterung.png\",\"width\":725,\"height\":472,\"caption\":\"GENEVO FF Nummerschildhalterung\"},{\"@type\":\"BreadcrumbList\",\"@id\":\"https:\/\/radarservice.eu\/de\/produkt\/genevo-ff-laserstoerer-laserblocker\/#breadcrumb\",\"itemListElement\":[{\"@type\":\"ListItem\",\"position\":1,\"name\":\"Radarwarner Shop\",\"item\":\"https:\/\/radarservice.eu\/de\/shop\/\"},{\"@type\":\"ListItem\",\"position\":2,\"name\":\"Genevo FF Laserst\u00f6rer | Laserblocker\"}]},{\"@type\":\"WebSite\",\"@id\":\"https:\/\/radarservice.eu\/de\/#website\",\"url\":\"https:\/\/radarservice.eu\/de\/\",\"name\":\"Radar Service\",\"description\":\"Radar detector Laser jammer mobile fix\",\"publisher\":{\"@id\":\"https:\/\/radarservice.eu\/de\/#organization\"},\"potentialAction\":[{\"@type\":\"SearchAction\",\"target\":{\"@type\":\"EntryPoint\",\"urlTemplate\":\"https:\/\/radarservice.eu\/de\/?s={search_term_string}\"},\"query-input\":{\"@type\":\"PropertyValueSpecification\",\"valueRequired\":true,\"valueName\":\"search_term_string\"}}],\"inLanguage\":\"de\"},{\"@type\":\"Organization\",\"@id\":\"https:\/\/radarservice.eu\/de\/#organization\",\"name\":\"RadarService\",\"url\":\"https:\/\/radarservice.eu\/de\/\",\"logo\":{\"@type\":\"ImageObject\",\"inLanguage\":\"de\",\"@id\":\"https:\/\/radarservice.eu\/de\/#\/schema\/logo\/image\/\",\"url\":\"https:\/\/radarservice.eu\/wp-content\/uploads\/2021\/03\/Radar_detector_service.png\",\"contentUrl\":\"https:\/\/radarservice.eu\/wp-content\/uploads\/2021\/03\/Radar_detector_service.png\",\"width\":174,\"height\":48,\"caption\":\"RadarService\"},\"image\":{\"@id\":\"https:\/\/radarservice.eu\/de\/#\/schema\/logo\/image\/\"}}]}<\/script>\n<!-- \/ Yoast SEO plugin. -->","yoast_head_json":{"title":"Genevo FF Laserst\u00f6rer | Laserblocker | Radar Service","description":"Der Genevo FF Antilaser kann als legaler Parksensor und Laserblocker gegen Geschwindigkeitsmessungen mit Laserpistolen eingesetzt werden.","robots":{"index":"index","follow":"follow","max-snippet":"max-snippet:-1","max-image-preview":"max-image-preview:large","max-video-preview":"max-video-preview:-1"},"canonical":"https:\/\/radarservice.eu\/de\/produkt\/genevo-ff-laserstoerer-laserblocker\/","og_locale":"de_DE","og_type":"article","og_title":"Genevo FF Laserst\u00f6rer | Laserblocker | Radar Service","og_description":"Der Genevo FF Antilaser kann als legaler Parksensor und Laserblocker gegen Geschwindigkeitsmessungen mit Laserpistolen eingesetzt werden.","og_url":"https:\/\/radarservice.eu\/de\/produkt\/genevo-ff-laserstoerer-laserblocker\/","og_site_name":"Radar Service","article_modified_time":"2024-02-22T12:45:12+00:00","og_image":[{"width":725,"height":472,"url":"https:\/\/radarservice.eu\/wp-content\/uploads\/2020\/09\/GENEVO_FF_Nummerschildhalterung.png","type":"image\/png"}],"twitter_card":"summary_large_image","twitter_misc":{"Gesch\u00e4tzte Lesezeit":"1\u00a0Minute"},"schema":{"@context":"https:\/\/schema.org","@graph":[{"@type":"WebPage","@id":"https:\/\/radarservice.eu\/de\/produkt\/genevo-ff-laserstoerer-laserblocker\/","url":"https:\/\/radarservice.eu\/de\/produkt\/genevo-ff-laserstoerer-laserblocker\/","name":"Genevo FF Laserst\u00f6rer | Laserblocker | Radar Service","isPartOf":{"@id":"https:\/\/radarservice.eu\/de\/#website"},"primaryImageOfPage":{"@id":"https:\/\/radarservice.eu\/de\/produkt\/genevo-ff-laserstoerer-laserblocker\/#primaryimage"},"image":{"@id":"https:\/\/radarservice.eu\/de\/produkt\/genevo-ff-laserstoerer-laserblocker\/#primaryimage"},"thumbnailUrl":"https:\/\/radarservice.eu\/wp-content\/uploads\/2020\/09\/GENEVO_FF_Nummerschildhalterung.png","datePublished":"2020-09-13T12:47:03+00:00","dateModified":"2024-02-22T12:45:12+00:00","description":"Der Genevo FF Antilaser kann als legaler Parksensor und Laserblocker gegen Geschwindigkeitsmessungen mit Laserpistolen eingesetzt werden.","breadcrumb":{"@id":"https:\/\/radarservice.eu\/de\/produkt\/genevo-ff-laserstoerer-laserblocker\/#breadcrumb"},"inLanguage":"de","potentialAction":[{"@type":"ReadAction","target":["https:\/\/radarservice.eu\/de\/produkt\/genevo-ff-laserstoerer-laserblocker\/"]}]},{"@type":"ImageObject","inLanguage":"de","@id":"https:\/\/radarservice.eu\/de\/produkt\/genevo-ff-laserstoerer-laserblocker\/#primaryimage","url":"https:\/\/radarservice.eu\/wp-content\/uploads\/2020\/09\/GENEVO_FF_Nummerschildhalterung.png","contentUrl":"https:\/\/radarservice.eu\/wp-content\/uploads\/2020\/09\/GENEVO_FF_Nummerschildhalterung.png","width":725,"height":472,"caption":"GENEVO FF Nummerschildhalterung"},{"@type":"BreadcrumbList","@id":"https:\/\/radarservice.eu\/de\/produkt\/genevo-ff-laserstoerer-laserblocker\/#breadcrumb","itemListElement":[{"@type":"ListItem","position":1,"name":"Radarwarner Shop","item":"https:\/\/radarservice.eu\/de\/shop\/"},{"@type":"ListItem","position":2,"name":"Genevo FF Laserst\u00f6rer | Laserblocker"}]},{"@type":"WebSite","@id":"https:\/\/radarservice.eu\/de\/#website","url":"https:\/\/radarservice.eu\/de\/","name":"Radar Service","description":"Radar detector Laser jammer mobile fix","publisher":{"@id":"https:\/\/radarservice.eu\/de\/#organization"},"potentialAction":[{"@type":"SearchAction","target":{"@type":"EntryPoint","urlTemplate":"https:\/\/radarservice.eu\/de\/?s={search_term_string}"},"query-input":{"@type":"PropertyValueSpecification","valueRequired":true,"valueName":"search_term_string"}}],"inLanguage":"de"},{"@type":"Organization","@id":"https:\/\/radarservice.eu\/de\/#organization","name":"RadarService","url":"https:\/\/radarservice.eu\/de\/","logo":{"@type":"ImageObject","inLanguage":"de","@id":"https:\/\/radarservice.eu\/de\/#\/schema\/logo\/image\/","url":"https:\/\/radarservice.eu\/wp-content\/uploads\/2021\/03\/Radar_detector_service.png","contentUrl":"https:\/\/radarservice.eu\/wp-content\/uploads\/2021\/03\/Radar_detector_service.png","width":174,"height":48,"caption":"RadarService"},"image":{"@id":"https:\/\/radarservice.eu\/de\/#\/schema\/logo\/image\/"}}]}},"_links":{"self":[{"href":"https:\/\/radarservice.eu\/de\/wp-json\/wp\/v2\/product\/13625","targetHints":{"allow":["GET"]}}],"collection":[{"href":"https:\/\/radarservice.eu\/de\/wp-json\/wp\/v2\/product"}],"about":[{"href":"https:\/\/radarservice.eu\/de\/wp-json\/wp\/v2\/types\/product"}],"replies":[{"embeddable":true,"href":"https:\/\/radarservice.eu\/de\/wp-json\/wp\/v2\/comments?post=13625"}],"wp:featuredmedia":[{"embeddable":true,"href":"https:\/\/radarservice.eu\/de\/wp-json\/wp\/v2\/media\/13741"}],"wp:attachment":[{"href":"https:\/\/radarservice.eu\/de\/wp-json\/wp\/v2\/media?parent=13625"}],"wp:term":[{"taxonomy":"product_brand","embeddable":true,"href":"https:\/\/radarservice.eu\/de\/wp-json\/wp\/v2\/product_brand?post=13625"},{"taxonomy":"product_cat","embeddable":true,"href":"https:\/\/radarservice.eu\/de\/wp-json\/wp\/v2\/product_cat?post=13625"},{"taxonomy":"product_tag","embeddable":true,"href":"https:\/\/radarservice.eu\/de\/wp-json\/wp\/v2\/product_tag?post=13625"}],"curies":[{"name":"wp","href":"https:\/\/api.w.org\/{rel}","templated":true}]}}