{"id":13624,"date":"2020-09-13T14:47:03","date_gmt":"2020-09-13T12:47:03","guid":{"rendered":"https:\/\/radarservice.eu\/produkt\/escort-x50-euro-deutschland-edition\/"},"modified":"2025-08-20T15:06:40","modified_gmt":"2025-08-20T13:06:40","slug":"escort-redline-360c-international","status":"publish","type":"product","link":"https:\/\/radarservice.eu\/de\/produkt\/escort-redline-360c-international\/","title":{"rendered":"Escort Redline 360c International"},"content":{"rendered":"<p>Der Escort Redline 360c ist nicht f\u00fcr jedermann, sondern nur f\u00fcr diejenigen, die das Beste erwarten. Dank der extremen Reichweite (2x gr\u00f6\u00dfere Reichweite im Vergleich zum Escort Redline EX) wissen Sie genau, was vor Ihnen, hinter Ihnen und \u00fcberall um Sie herum passiert. Der Escort Redline 360c Radarwarner erkennt zuverl\u00e4ssig Radarfallen und Lasermessungen. Auch die neuen MultaRadar (MRCD \/ MRCT \/ Moving) und Gatso Radarger\u00e4te werden rechtzeitig gemeldet. Die festen Blitzer und Sektion-Control-Abschnitte werden durch den integrierten GPS Empf\u00e4nger und einer Europa Datenbank zuverl\u00e4ssig gemeldet.<\/p>\n<p>Dank des neuen Fehlalarm-Filters werden Fehlmeldungen gezielt ausgeblendet.<\/p>\n<p>Die fortschrittliche Stealth-Technologie des Escort Redline 360c gew\u00e4hrleistet einen zuverl\u00e4ssigen Schutz vor Radarwarner-Detektoren der franz\u00f6sischen und niederl\u00e4ndischen Polizei.<\/p>\n<p><strong>\u00dcbersicht:<\/strong><br \/>\n+ mobiler Radarwarner mit 12V Zigarettenanz\u00fcnderanschlu\u00df<br \/>\n+ Radar- und Laserwarnung (X-Band \/ K-Band \/ KA-Band \/ MultaRadar \/ Gatso und Laser)<br \/>\n+ True-Lock GPS AutoLearn-Technologie zur Fehlalarm-Unterdr\u00fcckung<br \/>\n+ GPS Tachometer<br \/>\n+ elektronischer Schutz vor Ortung durch Radarwarner Detektoren<br \/>\n+ Multi-Farb OLED-Display<br \/>\n+ mehrstufige Helligkeitsregulierung plus Dunkel Modus<br \/>\n+ vielf\u00e4ltige Einstellm\u00f6glichkeiten<\/p>\n<p><strong>Lieferumfang:<\/strong><br \/>\n* Escort Redline 360c Radarwarner<br \/>\n* Zubeh\u00f6r f\u00fcr Montage an der Windschutzscheibe (Saugn\u00e4pfe)<br \/>\n* 12V-Stromversorgung mit Zigarettenanz\u00fcnderanschlu\u00df<br \/>\n* Bedienungsanleitung<\/p>\n<p><strong>Hinweis:<\/strong> Der Escort Redline 360c verf\u00fcgt zwar \u00fcber einen Laserempfang, aber f\u00fcr einen sicheren Laserschutz empfehlen wir den Einsatz eines aktiven Laserblockers z.B. Antilaser ALP Priority oder Lasertrack Flare.<\/p>\n","protected":false},"excerpt":{"rendered":"<p>Der Escort Redline 360c ist nicht f\u00fcr jedermann, sondern nur f\u00fcr diejenigen, die das Beste erwarten. Dank der extremen Reichweite (2x gr\u00f6\u00dfere Reichweite im Vergleich zum Escort Redline EX) wissen Sie genau, was vor Ihnen, hinter Ihnen und \u00fcberall um Sie herum passiert. Der Escort Redline 360c Radarwarner erkennt zuverl\u00e4ssig Radarfallen und Lasermessungen. Auch die [&#8230;]\n","protected":false},"featured_media":13731,"comment_status":"open","ping_status":"closed","template":"","meta":[],"product_brand":[],"product_cat":[226,33],"product_tag":[98,100,131,258,45,99,34,259],"class_list":{"0":"post-13624","1":"product","2":"type-product","3":"status-publish","4":"has-post-thumbnail","6":"product_cat-escort","7":"product_cat-mobile-radarwarner","8":"product_tag-deutschland","9":"product_tag-einsteigermodell","10":"product_tag-escort-redline","11":"product_tag-escort-redline-360c","12":"product_tag-europa","13":"product_tag-guenstig","14":"product_tag-radarwarner","15":"product_tag-redline-360c","17":"first","18":"onbackorder","19":"sale","20":"taxable","21":"shipping-taxable","22":"purchasable","23":"product-type-simple"},"yoast_head":"<!-- This site is optimized with the Yoast SEO plugin v27.2 - https:\/\/yoast.com\/product\/yoast-seo-wordpress\/ -->\n<title>Escort Redline 360c International | Radar Service<\/title>\n<meta name=\"description\" content=\"Escort Redline 360c International | Radar Service\" \/>\n<meta name=\"robots\" content=\"index, follow, max-snippet:-1, max-image-preview:large, max-video-preview:-1\" \/>\n<link rel=\"canonical\" href=\"https:\/\/radarservice.eu\/de\/produkt\/escort-redline-360c-international\/\" \/>\n<meta property=\"og:locale\" content=\"de_DE\" \/>\n<meta property=\"og:type\" content=\"article\" \/>\n<meta property=\"og:title\" content=\"Escort Redline 360c International | Radar Service\" \/>\n<meta property=\"og:description\" content=\"Escort Redline 360c International | Radar Service\" \/>\n<meta property=\"og:url\" content=\"https:\/\/radarservice.eu\/de\/produkt\/escort-redline-360c-international\/\" \/>\n<meta property=\"og:site_name\" content=\"Radar Service\" \/>\n<meta property=\"article:modified_time\" content=\"2025-08-20T13:06:40+00:00\" \/>\n<meta property=\"og:image\" content=\"https:\/\/radarservice.eu\/wp-content\/uploads\/2020\/09\/Escort_Redline_360c_International_display.jpg\" \/>\n\t<meta property=\"og:image:width\" content=\"800\" \/>\n\t<meta property=\"og:image:height\" content=\"800\" \/>\n\t<meta property=\"og:image:type\" content=\"image\/jpeg\" \/>\n<meta name=\"twitter:card\" content=\"summary_large_image\" \/>\n<meta name=\"twitter:label1\" content=\"Gesch\u00e4tzte Lesezeit\" \/>\n\t<meta name=\"twitter:data1\" content=\"2\u00a0Minuten\" \/>\n<script type=\"application\/ld+json\" class=\"yoast-schema-graph\">{\"@context\":\"https:\/\/schema.org\",\"@graph\":[{\"@type\":\"WebPage\",\"@id\":\"https:\/\/radarservice.eu\/de\/produkt\/escort-redline-360c-international\/\",\"url\":\"https:\/\/radarservice.eu\/de\/produkt\/escort-redline-360c-international\/\",\"name\":\"Escort Redline 360c International | Radar Service\",\"isPartOf\":{\"@id\":\"https:\/\/radarservice.eu\/de\/#website\"},\"primaryImageOfPage\":{\"@id\":\"https:\/\/radarservice.eu\/de\/produkt\/escort-redline-360c-international\/#primaryimage\"},\"image\":{\"@id\":\"https:\/\/radarservice.eu\/de\/produkt\/escort-redline-360c-international\/#primaryimage\"},\"thumbnailUrl\":\"https:\/\/radarservice.eu\/wp-content\/uploads\/2020\/09\/Escort_Redline_360c_International_display.jpg\",\"datePublished\":\"2020-09-13T12:47:03+00:00\",\"dateModified\":\"2025-08-20T13:06:40+00:00\",\"description\":\"Escort Redline 360c International | Radar Service\",\"breadcrumb\":{\"@id\":\"https:\/\/radarservice.eu\/de\/produkt\/escort-redline-360c-international\/#breadcrumb\"},\"inLanguage\":\"de\",\"potentialAction\":[{\"@type\":\"ReadAction\",\"target\":[\"https:\/\/radarservice.eu\/de\/produkt\/escort-redline-360c-international\/\"]}]},{\"@type\":\"ImageObject\",\"inLanguage\":\"de\",\"@id\":\"https:\/\/radarservice.eu\/de\/produkt\/escort-redline-360c-international\/#primaryimage\",\"url\":\"https:\/\/radarservice.eu\/wp-content\/uploads\/2020\/09\/Escort_Redline_360c_International_display.jpg\",\"contentUrl\":\"https:\/\/radarservice.eu\/wp-content\/uploads\/2020\/09\/Escort_Redline_360c_International_display.jpg\",\"width\":800,\"height\":800,\"caption\":\"Escort Redline 360c International\"},{\"@type\":\"BreadcrumbList\",\"@id\":\"https:\/\/radarservice.eu\/de\/produkt\/escort-redline-360c-international\/#breadcrumb\",\"itemListElement\":[{\"@type\":\"ListItem\",\"position\":1,\"name\":\"Radarwarner Shop\",\"item\":\"https:\/\/radarservice.eu\/de\/shop\/\"},{\"@type\":\"ListItem\",\"position\":2,\"name\":\"Escort Redline 360c International\"}]},{\"@type\":\"WebSite\",\"@id\":\"https:\/\/radarservice.eu\/de\/#website\",\"url\":\"https:\/\/radarservice.eu\/de\/\",\"name\":\"Radar Service\",\"description\":\"Radar detector Laser jammer mobile fix\",\"publisher\":{\"@id\":\"https:\/\/radarservice.eu\/de\/#organization\"},\"potentialAction\":[{\"@type\":\"SearchAction\",\"target\":{\"@type\":\"EntryPoint\",\"urlTemplate\":\"https:\/\/radarservice.eu\/de\/?s={search_term_string}\"},\"query-input\":{\"@type\":\"PropertyValueSpecification\",\"valueRequired\":true,\"valueName\":\"search_term_string\"}}],\"inLanguage\":\"de\"},{\"@type\":\"Organization\",\"@id\":\"https:\/\/radarservice.eu\/de\/#organization\",\"name\":\"RadarService\",\"url\":\"https:\/\/radarservice.eu\/de\/\",\"logo\":{\"@type\":\"ImageObject\",\"inLanguage\":\"de\",\"@id\":\"https:\/\/radarservice.eu\/de\/#\/schema\/logo\/image\/\",\"url\":\"https:\/\/radarservice.eu\/wp-content\/uploads\/2021\/03\/Radar_detector_service.png\",\"contentUrl\":\"https:\/\/radarservice.eu\/wp-content\/uploads\/2021\/03\/Radar_detector_service.png\",\"width\":174,\"height\":48,\"caption\":\"RadarService\"},\"image\":{\"@id\":\"https:\/\/radarservice.eu\/de\/#\/schema\/logo\/image\/\"}}]}<\/script>\n<!-- \/ Yoast SEO plugin. -->","yoast_head_json":{"title":"Escort Redline 360c International | Radar Service","description":"Escort Redline 360c International | Radar Service","robots":{"index":"index","follow":"follow","max-snippet":"max-snippet:-1","max-image-preview":"max-image-preview:large","max-video-preview":"max-video-preview:-1"},"canonical":"https:\/\/radarservice.eu\/de\/produkt\/escort-redline-360c-international\/","og_locale":"de_DE","og_type":"article","og_title":"Escort Redline 360c International | Radar Service","og_description":"Escort Redline 360c International | Radar Service","og_url":"https:\/\/radarservice.eu\/de\/produkt\/escort-redline-360c-international\/","og_site_name":"Radar Service","article_modified_time":"2025-08-20T13:06:40+00:00","og_image":[{"width":800,"height":800,"url":"https:\/\/radarservice.eu\/wp-content\/uploads\/2020\/09\/Escort_Redline_360c_International_display.jpg","type":"image\/jpeg"}],"twitter_card":"summary_large_image","twitter_misc":{"Gesch\u00e4tzte Lesezeit":"2\u00a0Minuten"},"schema":{"@context":"https:\/\/schema.org","@graph":[{"@type":"WebPage","@id":"https:\/\/radarservice.eu\/de\/produkt\/escort-redline-360c-international\/","url":"https:\/\/radarservice.eu\/de\/produkt\/escort-redline-360c-international\/","name":"Escort Redline 360c International | Radar Service","isPartOf":{"@id":"https:\/\/radarservice.eu\/de\/#website"},"primaryImageOfPage":{"@id":"https:\/\/radarservice.eu\/de\/produkt\/escort-redline-360c-international\/#primaryimage"},"image":{"@id":"https:\/\/radarservice.eu\/de\/produkt\/escort-redline-360c-international\/#primaryimage"},"thumbnailUrl":"https:\/\/radarservice.eu\/wp-content\/uploads\/2020\/09\/Escort_Redline_360c_International_display.jpg","datePublished":"2020-09-13T12:47:03+00:00","dateModified":"2025-08-20T13:06:40+00:00","description":"Escort Redline 360c International | Radar Service","breadcrumb":{"@id":"https:\/\/radarservice.eu\/de\/produkt\/escort-redline-360c-international\/#breadcrumb"},"inLanguage":"de","potentialAction":[{"@type":"ReadAction","target":["https:\/\/radarservice.eu\/de\/produkt\/escort-redline-360c-international\/"]}]},{"@type":"ImageObject","inLanguage":"de","@id":"https:\/\/radarservice.eu\/de\/produkt\/escort-redline-360c-international\/#primaryimage","url":"https:\/\/radarservice.eu\/wp-content\/uploads\/2020\/09\/Escort_Redline_360c_International_display.jpg","contentUrl":"https:\/\/radarservice.eu\/wp-content\/uploads\/2020\/09\/Escort_Redline_360c_International_display.jpg","width":800,"height":800,"caption":"Escort Redline 360c International"},{"@type":"BreadcrumbList","@id":"https:\/\/radarservice.eu\/de\/produkt\/escort-redline-360c-international\/#breadcrumb","itemListElement":[{"@type":"ListItem","position":1,"name":"Radarwarner Shop","item":"https:\/\/radarservice.eu\/de\/shop\/"},{"@type":"ListItem","position":2,"name":"Escort Redline 360c International"}]},{"@type":"WebSite","@id":"https:\/\/radarservice.eu\/de\/#website","url":"https:\/\/radarservice.eu\/de\/","name":"Radar Service","description":"Radar detector Laser jammer mobile fix","publisher":{"@id":"https:\/\/radarservice.eu\/de\/#organization"},"potentialAction":[{"@type":"SearchAction","target":{"@type":"EntryPoint","urlTemplate":"https:\/\/radarservice.eu\/de\/?s={search_term_string}"},"query-input":{"@type":"PropertyValueSpecification","valueRequired":true,"valueName":"search_term_string"}}],"inLanguage":"de"},{"@type":"Organization","@id":"https:\/\/radarservice.eu\/de\/#organization","name":"RadarService","url":"https:\/\/radarservice.eu\/de\/","logo":{"@type":"ImageObject","inLanguage":"de","@id":"https:\/\/radarservice.eu\/de\/#\/schema\/logo\/image\/","url":"https:\/\/radarservice.eu\/wp-content\/uploads\/2021\/03\/Radar_detector_service.png","contentUrl":"https:\/\/radarservice.eu\/wp-content\/uploads\/2021\/03\/Radar_detector_service.png","width":174,"height":48,"caption":"RadarService"},"image":{"@id":"https:\/\/radarservice.eu\/de\/#\/schema\/logo\/image\/"}}]}},"_links":{"self":[{"href":"https:\/\/radarservice.eu\/de\/wp-json\/wp\/v2\/product\/13624","targetHints":{"allow":["GET"]}}],"collection":[{"href":"https:\/\/radarservice.eu\/de\/wp-json\/wp\/v2\/product"}],"about":[{"href":"https:\/\/radarservice.eu\/de\/wp-json\/wp\/v2\/types\/product"}],"replies":[{"embeddable":true,"href":"https:\/\/radarservice.eu\/de\/wp-json\/wp\/v2\/comments?post=13624"}],"wp:featuredmedia":[{"embeddable":true,"href":"https:\/\/radarservice.eu\/de\/wp-json\/wp\/v2\/media\/13731"}],"wp:attachment":[{"href":"https:\/\/radarservice.eu\/de\/wp-json\/wp\/v2\/media?parent=13624"}],"wp:term":[{"taxonomy":"product_brand","embeddable":true,"href":"https:\/\/radarservice.eu\/de\/wp-json\/wp\/v2\/product_brand?post=13624"},{"taxonomy":"product_cat","embeddable":true,"href":"https:\/\/radarservice.eu\/de\/wp-json\/wp\/v2\/product_cat?post=13624"},{"taxonomy":"product_tag","embeddable":true,"href":"https:\/\/radarservice.eu\/de\/wp-json\/wp\/v2\/product_tag?post=13624"}],"curies":[{"name":"wp","href":"https:\/\/api.w.org\/{rel}","templated":true}]}}