{"id":13620,"date":"2020-09-13T14:47:02","date_gmt":"2020-09-13T12:47:02","guid":{"rendered":"https:\/\/radarservice.eu\/produkt\/canbus-interface-fuer-mercedes-benz-fahrzeuge\/"},"modified":"2024-02-22T13:50:34","modified_gmt":"2024-02-22T12:50:34","slug":"canbus-interface-fuer-mercedes-benz-fahrzeuge","status":"publish","type":"product","link":"https:\/\/radarservice.eu\/de\/produkt\/canbus-interface-fuer-mercedes-benz-fahrzeuge\/","title":{"rendered":"CANbus Interface f\u00fcr Mercedes-Benz Fahrzeuge"},"content":{"rendered":"<p>CANbus Interface f\u00fcr STiR Plus und Mercedes-Benz, zur komplett unsichtbaren Anbindung des Radarwarnsystems an die Mercedes-Benz Bordanzeige und das Lenkradbediensystem.<\/p>\n<p><strong>\u00dcbersicht:<\/strong><br \/>\n+ alle Radarmeldungen bzw. Warnungen erscheinen direkt im Mercedes Cockpit<br \/>\n+ komplette Bedienung \u00fcber Lenkrad m\u00f6glich<br \/>\n+ original STiR Plus Anzeige- und Bedienmodul k\u00f6nnen komplett unsichtbar verbaut werden<br \/>\n+ einfacher Anschlu\u00df an das CANbus System Ihres Mercedes-Benz Fahrzeuges<\/p>\n<p><strong>Lieferumfang:<\/strong><br \/>\n* CANbus Modul<br \/>\n* Anleitungen zur Installation f\u00fcr Ihr jeweiliges Modell werden mitgeliefert<\/p>\n<p><strong>Kompatibilil\u00e4t:<\/strong><br \/>\n* Mercedes C-Klasse (ab Baujahr 2008)<br \/>\n* Mercedes CL (ab Baujahr 2007)<br \/>\n* Mercedes CLS (ab Baujahr 2009)<br \/>\n* Mercedes E-Klasse (ab Baujahr 2009)<br \/>\n* Mercedes GL (ab Baujahr 2006)<br \/>\n* Mercedes GLK (ab Baujahr. 2008)<br \/>\n* Mercedes ML (ab Baujahr 2006)<br \/>\n* Mercedes R-Klasse (ab Baujahr 2006)<br \/>\n* Mercedes S-Klasse (ab Baujahr 2007)<br \/>\n* Mercedes SL (ab Baujahr 2004)<\/p>\n","protected":false},"excerpt":{"rendered":"<p>CANbus Interface f\u00fcr STiR Plus und Mercedes-Benz, zur komplett unsichtbaren Anbindung des Radarwarnsystems an die Mercedes-Benz Bordanzeige und das Lenkradbediensystem. \u00dcbersicht: + alle Radarmeldungen bzw. Warnungen erscheinen direkt im Mercedes Cockpit + komplette Bedienung \u00fcber Lenkrad m\u00f6glich + original STiR Plus Anzeige- und Bedienmodul k\u00f6nnen komplett unsichtbar verbaut werden + einfacher Anschlu\u00df an das CANbus [&#8230;]\n","protected":false},"featured_media":13754,"comment_status":"open","ping_status":"closed","template":"","meta":[],"product_brand":[],"product_cat":[222,192],"product_tag":[62,61,85,86,34,84],"class_list":{"0":"post-13620","1":"product","2":"type-product","3":"status-publish","4":"has-post-thumbnail","6":"product_cat-beltronics","7":"product_cat-zubehoer","8":"product_tag-bel","9":"product_tag-beltronics","10":"product_tag-canbus","11":"product_tag-mercedes-benz","12":"product_tag-radarwarner","13":"product_tag-sti-r","15":"first","16":"onbackorder","17":"taxable","18":"shipping-taxable","19":"purchasable","20":"product-type-simple"},"yoast_head":"<!-- This site is optimized with the Yoast SEO plugin v27.2 - https:\/\/yoast.com\/product\/yoast-seo-wordpress\/ -->\n<title>CANbus Interface f\u00fcr Mercedes-Benz Fahrzeuge | Radar Service<\/title>\n<meta name=\"description\" content=\"CANbus Interface f\u00fcr STiR Plus und Mercedes-Benz, zur komplett unsichtbaren Anbindung des Radarwarners an das Mercedes Interface.\" \/>\n<meta name=\"robots\" content=\"index, follow, max-snippet:-1, max-image-preview:large, max-video-preview:-1\" \/>\n<link rel=\"canonical\" href=\"https:\/\/radarservice.eu\/de\/produkt\/canbus-interface-fuer-mercedes-benz-fahrzeuge\/\" \/>\n<meta property=\"og:locale\" content=\"de_DE\" \/>\n<meta property=\"og:type\" content=\"article\" \/>\n<meta property=\"og:title\" content=\"CANbus Interface f\u00fcr Mercedes-Benz Fahrzeuge | Radar Service\" \/>\n<meta property=\"og:description\" content=\"CANbus Interface f\u00fcr STiR Plus und Mercedes-Benz, zur komplett unsichtbaren Anbindung des Radarwarners an das Mercedes Interface.\" \/>\n<meta property=\"og:url\" content=\"https:\/\/radarservice.eu\/de\/produkt\/canbus-interface-fuer-mercedes-benz-fahrzeuge\/\" \/>\n<meta property=\"og:site_name\" content=\"Radar Service\" \/>\n<meta property=\"article:modified_time\" content=\"2024-02-22T12:50:34+00:00\" \/>\n<meta property=\"og:image\" content=\"https:\/\/radarservice.eu\/wp-content\/uploads\/2020\/09\/canbus_mercedes_beltronics.jpg\" \/>\n\t<meta property=\"og:image:width\" content=\"712\" \/>\n\t<meta property=\"og:image:height\" content=\"400\" \/>\n\t<meta property=\"og:image:type\" content=\"image\/jpeg\" \/>\n<meta name=\"twitter:card\" content=\"summary_large_image\" \/>\n<meta name=\"twitter:label1\" content=\"Gesch\u00e4tzte Lesezeit\" \/>\n\t<meta name=\"twitter:data1\" content=\"1\u00a0Minute\" \/>\n<script type=\"application\/ld+json\" class=\"yoast-schema-graph\">{\"@context\":\"https:\/\/schema.org\",\"@graph\":[{\"@type\":\"WebPage\",\"@id\":\"https:\/\/radarservice.eu\/de\/produkt\/canbus-interface-fuer-mercedes-benz-fahrzeuge\/\",\"url\":\"https:\/\/radarservice.eu\/de\/produkt\/canbus-interface-fuer-mercedes-benz-fahrzeuge\/\",\"name\":\"CANbus Interface f\u00fcr Mercedes-Benz Fahrzeuge | Radar Service\",\"isPartOf\":{\"@id\":\"https:\/\/radarservice.eu\/de\/#website\"},\"primaryImageOfPage\":{\"@id\":\"https:\/\/radarservice.eu\/de\/produkt\/canbus-interface-fuer-mercedes-benz-fahrzeuge\/#primaryimage\"},\"image\":{\"@id\":\"https:\/\/radarservice.eu\/de\/produkt\/canbus-interface-fuer-mercedes-benz-fahrzeuge\/#primaryimage\"},\"thumbnailUrl\":\"https:\/\/radarservice.eu\/wp-content\/uploads\/2020\/09\/canbus_mercedes_beltronics.jpg\",\"datePublished\":\"2020-09-13T12:47:02+00:00\",\"dateModified\":\"2024-02-22T12:50:34+00:00\",\"description\":\"CANbus Interface f\u00fcr STiR Plus und Mercedes-Benz, zur komplett unsichtbaren Anbindung des Radarwarners an das Mercedes Interface.\",\"breadcrumb\":{\"@id\":\"https:\/\/radarservice.eu\/de\/produkt\/canbus-interface-fuer-mercedes-benz-fahrzeuge\/#breadcrumb\"},\"inLanguage\":\"de\",\"potentialAction\":[{\"@type\":\"ReadAction\",\"target\":[\"https:\/\/radarservice.eu\/de\/produkt\/canbus-interface-fuer-mercedes-benz-fahrzeuge\/\"]}]},{\"@type\":\"ImageObject\",\"inLanguage\":\"de\",\"@id\":\"https:\/\/radarservice.eu\/de\/produkt\/canbus-interface-fuer-mercedes-benz-fahrzeuge\/#primaryimage\",\"url\":\"https:\/\/radarservice.eu\/wp-content\/uploads\/2020\/09\/canbus_mercedes_beltronics.jpg\",\"contentUrl\":\"https:\/\/radarservice.eu\/wp-content\/uploads\/2020\/09\/canbus_mercedes_beltronics.jpg\",\"width\":712,\"height\":400,\"caption\":\"Canbus Mercedes Beltronics\"},{\"@type\":\"BreadcrumbList\",\"@id\":\"https:\/\/radarservice.eu\/de\/produkt\/canbus-interface-fuer-mercedes-benz-fahrzeuge\/#breadcrumb\",\"itemListElement\":[{\"@type\":\"ListItem\",\"position\":1,\"name\":\"Radarwarner Shop\",\"item\":\"https:\/\/radarservice.eu\/de\/shop\/\"},{\"@type\":\"ListItem\",\"position\":2,\"name\":\"CANbus Interface f\u00fcr Mercedes-Benz Fahrzeuge\"}]},{\"@type\":\"WebSite\",\"@id\":\"https:\/\/radarservice.eu\/de\/#website\",\"url\":\"https:\/\/radarservice.eu\/de\/\",\"name\":\"Radar Service\",\"description\":\"Radar detector Laser jammer mobile fix\",\"publisher\":{\"@id\":\"https:\/\/radarservice.eu\/de\/#organization\"},\"potentialAction\":[{\"@type\":\"SearchAction\",\"target\":{\"@type\":\"EntryPoint\",\"urlTemplate\":\"https:\/\/radarservice.eu\/de\/?s={search_term_string}\"},\"query-input\":{\"@type\":\"PropertyValueSpecification\",\"valueRequired\":true,\"valueName\":\"search_term_string\"}}],\"inLanguage\":\"de\"},{\"@type\":\"Organization\",\"@id\":\"https:\/\/radarservice.eu\/de\/#organization\",\"name\":\"RadarService\",\"url\":\"https:\/\/radarservice.eu\/de\/\",\"logo\":{\"@type\":\"ImageObject\",\"inLanguage\":\"de\",\"@id\":\"https:\/\/radarservice.eu\/de\/#\/schema\/logo\/image\/\",\"url\":\"https:\/\/radarservice.eu\/wp-content\/uploads\/2021\/03\/Radar_detector_service.png\",\"contentUrl\":\"https:\/\/radarservice.eu\/wp-content\/uploads\/2021\/03\/Radar_detector_service.png\",\"width\":174,\"height\":48,\"caption\":\"RadarService\"},\"image\":{\"@id\":\"https:\/\/radarservice.eu\/de\/#\/schema\/logo\/image\/\"}}]}<\/script>\n<!-- \/ Yoast SEO plugin. -->","yoast_head_json":{"title":"CANbus Interface f\u00fcr Mercedes-Benz Fahrzeuge | Radar Service","description":"CANbus Interface f\u00fcr STiR Plus und Mercedes-Benz, zur komplett unsichtbaren Anbindung des Radarwarners an das Mercedes Interface.","robots":{"index":"index","follow":"follow","max-snippet":"max-snippet:-1","max-image-preview":"max-image-preview:large","max-video-preview":"max-video-preview:-1"},"canonical":"https:\/\/radarservice.eu\/de\/produkt\/canbus-interface-fuer-mercedes-benz-fahrzeuge\/","og_locale":"de_DE","og_type":"article","og_title":"CANbus Interface f\u00fcr Mercedes-Benz Fahrzeuge | Radar Service","og_description":"CANbus Interface f\u00fcr STiR Plus und Mercedes-Benz, zur komplett unsichtbaren Anbindung des Radarwarners an das Mercedes Interface.","og_url":"https:\/\/radarservice.eu\/de\/produkt\/canbus-interface-fuer-mercedes-benz-fahrzeuge\/","og_site_name":"Radar Service","article_modified_time":"2024-02-22T12:50:34+00:00","og_image":[{"width":712,"height":400,"url":"https:\/\/radarservice.eu\/wp-content\/uploads\/2020\/09\/canbus_mercedes_beltronics.jpg","type":"image\/jpeg"}],"twitter_card":"summary_large_image","twitter_misc":{"Gesch\u00e4tzte Lesezeit":"1\u00a0Minute"},"schema":{"@context":"https:\/\/schema.org","@graph":[{"@type":"WebPage","@id":"https:\/\/radarservice.eu\/de\/produkt\/canbus-interface-fuer-mercedes-benz-fahrzeuge\/","url":"https:\/\/radarservice.eu\/de\/produkt\/canbus-interface-fuer-mercedes-benz-fahrzeuge\/","name":"CANbus Interface f\u00fcr Mercedes-Benz Fahrzeuge | Radar Service","isPartOf":{"@id":"https:\/\/radarservice.eu\/de\/#website"},"primaryImageOfPage":{"@id":"https:\/\/radarservice.eu\/de\/produkt\/canbus-interface-fuer-mercedes-benz-fahrzeuge\/#primaryimage"},"image":{"@id":"https:\/\/radarservice.eu\/de\/produkt\/canbus-interface-fuer-mercedes-benz-fahrzeuge\/#primaryimage"},"thumbnailUrl":"https:\/\/radarservice.eu\/wp-content\/uploads\/2020\/09\/canbus_mercedes_beltronics.jpg","datePublished":"2020-09-13T12:47:02+00:00","dateModified":"2024-02-22T12:50:34+00:00","description":"CANbus Interface f\u00fcr STiR Plus und Mercedes-Benz, zur komplett unsichtbaren Anbindung des Radarwarners an das Mercedes Interface.","breadcrumb":{"@id":"https:\/\/radarservice.eu\/de\/produkt\/canbus-interface-fuer-mercedes-benz-fahrzeuge\/#breadcrumb"},"inLanguage":"de","potentialAction":[{"@type":"ReadAction","target":["https:\/\/radarservice.eu\/de\/produkt\/canbus-interface-fuer-mercedes-benz-fahrzeuge\/"]}]},{"@type":"ImageObject","inLanguage":"de","@id":"https:\/\/radarservice.eu\/de\/produkt\/canbus-interface-fuer-mercedes-benz-fahrzeuge\/#primaryimage","url":"https:\/\/radarservice.eu\/wp-content\/uploads\/2020\/09\/canbus_mercedes_beltronics.jpg","contentUrl":"https:\/\/radarservice.eu\/wp-content\/uploads\/2020\/09\/canbus_mercedes_beltronics.jpg","width":712,"height":400,"caption":"Canbus Mercedes Beltronics"},{"@type":"BreadcrumbList","@id":"https:\/\/radarservice.eu\/de\/produkt\/canbus-interface-fuer-mercedes-benz-fahrzeuge\/#breadcrumb","itemListElement":[{"@type":"ListItem","position":1,"name":"Radarwarner Shop","item":"https:\/\/radarservice.eu\/de\/shop\/"},{"@type":"ListItem","position":2,"name":"CANbus Interface f\u00fcr Mercedes-Benz Fahrzeuge"}]},{"@type":"WebSite","@id":"https:\/\/radarservice.eu\/de\/#website","url":"https:\/\/radarservice.eu\/de\/","name":"Radar Service","description":"Radar detector Laser jammer mobile fix","publisher":{"@id":"https:\/\/radarservice.eu\/de\/#organization"},"potentialAction":[{"@type":"SearchAction","target":{"@type":"EntryPoint","urlTemplate":"https:\/\/radarservice.eu\/de\/?s={search_term_string}"},"query-input":{"@type":"PropertyValueSpecification","valueRequired":true,"valueName":"search_term_string"}}],"inLanguage":"de"},{"@type":"Organization","@id":"https:\/\/radarservice.eu\/de\/#organization","name":"RadarService","url":"https:\/\/radarservice.eu\/de\/","logo":{"@type":"ImageObject","inLanguage":"de","@id":"https:\/\/radarservice.eu\/de\/#\/schema\/logo\/image\/","url":"https:\/\/radarservice.eu\/wp-content\/uploads\/2021\/03\/Radar_detector_service.png","contentUrl":"https:\/\/radarservice.eu\/wp-content\/uploads\/2021\/03\/Radar_detector_service.png","width":174,"height":48,"caption":"RadarService"},"image":{"@id":"https:\/\/radarservice.eu\/de\/#\/schema\/logo\/image\/"}}]}},"_links":{"self":[{"href":"https:\/\/radarservice.eu\/de\/wp-json\/wp\/v2\/product\/13620","targetHints":{"allow":["GET"]}}],"collection":[{"href":"https:\/\/radarservice.eu\/de\/wp-json\/wp\/v2\/product"}],"about":[{"href":"https:\/\/radarservice.eu\/de\/wp-json\/wp\/v2\/types\/product"}],"replies":[{"embeddable":true,"href":"https:\/\/radarservice.eu\/de\/wp-json\/wp\/v2\/comments?post=13620"}],"wp:featuredmedia":[{"embeddable":true,"href":"https:\/\/radarservice.eu\/de\/wp-json\/wp\/v2\/media\/13754"}],"wp:attachment":[{"href":"https:\/\/radarservice.eu\/de\/wp-json\/wp\/v2\/media?parent=13620"}],"wp:term":[{"taxonomy":"product_brand","embeddable":true,"href":"https:\/\/radarservice.eu\/de\/wp-json\/wp\/v2\/product_brand?post=13620"},{"taxonomy":"product_cat","embeddable":true,"href":"https:\/\/radarservice.eu\/de\/wp-json\/wp\/v2\/product_cat?post=13620"},{"taxonomy":"product_tag","embeddable":true,"href":"https:\/\/radarservice.eu\/de\/wp-json\/wp\/v2\/product_tag?post=13620"}],"curies":[{"name":"wp","href":"https:\/\/api.w.org\/{rel}","templated":true}]}}