{"id":13619,"date":"2020-09-13T14:47:02","date_gmt":"2020-09-13T12:47:02","guid":{"rendered":"https:\/\/radarservice.eu\/produkt\/blinder-m27-m47-xtreme-laserstoerer\/"},"modified":"2024-11-08T18:24:04","modified_gmt":"2024-11-08T17:24:04","slug":"blinder-m27-m47-xtreme-laserstoerer","status":"publish","type":"product","link":"https:\/\/radarservice.eu\/de\/produkt\/blinder-m27-m47-xtreme-laserstoerer\/","title":{"rendered":"Blinder M27 &#038; M47 XTREME Laserst\u00f6rer"},"content":{"rendered":"<p>Der Blinder M27 &amp; M47 X-TREME ist der Vorg\u00e4nger des Blinder HP 905 und setzt noch auf LEDs f\u00fcr den Laserschutz. Daher ist der Einsatz in Europa nur bedingt zu empfehlen.<br \/>\nDer Nachfolger HP905 arbeitet mit Laserdioden und ist dadurch fast 100-fach Leistungsst\u00e4rker und auch in den Abmessungen deutlich kleiner.<br \/>\nDer M27 &amp; M47 l\u00e4sst sich \u00fcber die verschiedenen Einstellm\u00f6glichkeiten sowohl als reiner Parkassistent, Laserwarner oder auch als Laserst\u00f6rer konfigurieren.<\/p>\n<p><strong>\u00dcbersicht:<\/strong><br \/>\n+ Parking Assist \/ Jamming \/ Detection-Modus einstellbar<br \/>\n+ wasserdichtes Sensorgeh\u00e4use<br \/>\n+ akustischer Alarm<br \/>\n+ Sensor Abmessungen: 90,0 x 17,0 x 50,0 mm<\/p>\n<p><strong>Lieferumfang:<\/strong><br \/>\n* Blinder-Sensoren<br \/>\n* Steuereinheit mit USB Anschlu\u00df<br \/>\n* Lautsprecher<br \/>\n* Montagematerial<br \/>\n* Bedienungsanleitung<\/p>\n<p><strong>Hinweis:<\/strong> f\u00fcr den Einsatz in West-Europa empfehlen wir die Laserblocker Blinder HP905, Genevo FF2 oder AL Priority.<\/p>\n","protected":false},"excerpt":{"rendered":"<p>Der Blinder M27 &amp; M47 X-TREME ist der Vorg\u00e4nger des Blinder HP 905 und setzt noch auf LEDs f\u00fcr den Laserschutz. Daher ist der Einsatz in Europa nur bedingt zu empfehlen. Der Nachfolger HP905 arbeitet mit Laserdioden und ist dadurch fast 100-fach Leistungsst\u00e4rker und auch in den Abmessungen deutlich kleiner. Der M27 &amp; M47 l\u00e4sst [&#8230;]\n","protected":false},"featured_media":13756,"comment_status":"open","ping_status":"closed","template":"","meta":[],"product_brand":[],"product_cat":[223,190],"product_tag":[79,82,76,75,80,81],"class_list":{"0":"post-13619","1":"product","2":"type-product","3":"status-publish","4":"has-post-thumbnail","6":"product_cat-blinder","7":"product_cat-laserstoerer","8":"product_tag-blinder","9":"product_tag-blinder-x-treme","10":"product_tag-laserblocker","11":"product_tag-laserstoerer","12":"product_tag-m27","13":"product_tag-m47","15":"first","16":"outofstock","17":"taxable","18":"shipping-taxable","19":"purchasable","20":"product-type-simple"},"yoast_head":"<!-- This site is optimized with the Yoast SEO plugin v27.2 - https:\/\/yoast.com\/product\/yoast-seo-wordpress\/ -->\n<title>Blinder M27 &amp; M47 XTREME Laserst\u00f6rer | Radar Service<\/title>\n<meta name=\"description\" content=\"Blinder M27 &amp; M47 XTREME Laserst\u00f6rer | Radar Service\" \/>\n<meta name=\"robots\" content=\"index, follow, max-snippet:-1, max-image-preview:large, max-video-preview:-1\" \/>\n<link rel=\"canonical\" href=\"https:\/\/radarservice.eu\/de\/produkt\/blinder-m27-m47-xtreme-laserstoerer\/\" \/>\n<meta property=\"og:locale\" content=\"de_DE\" \/>\n<meta property=\"og:type\" content=\"article\" \/>\n<meta property=\"og:title\" content=\"Blinder M27 &amp; M47 XTREME Laserst\u00f6rer | Radar Service\" \/>\n<meta property=\"og:description\" content=\"Blinder M27 &amp; M47 XTREME Laserst\u00f6rer | Radar Service\" \/>\n<meta property=\"og:url\" content=\"https:\/\/radarservice.eu\/de\/produkt\/blinder-m27-m47-xtreme-laserstoerer\/\" \/>\n<meta property=\"og:site_name\" content=\"Radar Service\" \/>\n<meta property=\"article:modified_time\" content=\"2024-11-08T17:24:04+00:00\" \/>\n<meta property=\"og:image\" content=\"https:\/\/radarservice.eu\/wp-content\/uploads\/2020\/09\/blinder_m27_xtreme.jpg\" \/>\n\t<meta property=\"og:image:width\" content=\"750\" \/>\n\t<meta property=\"og:image:height\" content=\"563\" \/>\n\t<meta property=\"og:image:type\" content=\"image\/jpeg\" \/>\n<meta name=\"twitter:card\" content=\"summary_large_image\" \/>\n<meta name=\"twitter:label1\" content=\"Gesch\u00e4tzte Lesezeit\" \/>\n\t<meta name=\"twitter:data1\" content=\"1\u00a0Minute\" \/>\n<script type=\"application\/ld+json\" class=\"yoast-schema-graph\">{\"@context\":\"https:\/\/schema.org\",\"@graph\":[{\"@type\":\"WebPage\",\"@id\":\"https:\/\/radarservice.eu\/de\/produkt\/blinder-m27-m47-xtreme-laserstoerer\/\",\"url\":\"https:\/\/radarservice.eu\/de\/produkt\/blinder-m27-m47-xtreme-laserstoerer\/\",\"name\":\"Blinder M27 & M47 XTREME Laserst\u00f6rer | Radar Service\",\"isPartOf\":{\"@id\":\"https:\/\/radarservice.eu\/de\/#website\"},\"primaryImageOfPage\":{\"@id\":\"https:\/\/radarservice.eu\/de\/produkt\/blinder-m27-m47-xtreme-laserstoerer\/#primaryimage\"},\"image\":{\"@id\":\"https:\/\/radarservice.eu\/de\/produkt\/blinder-m27-m47-xtreme-laserstoerer\/#primaryimage\"},\"thumbnailUrl\":\"https:\/\/radarservice.eu\/wp-content\/uploads\/2020\/09\/blinder_m27_xtreme.jpg\",\"datePublished\":\"2020-09-13T12:47:02+00:00\",\"dateModified\":\"2024-11-08T17:24:04+00:00\",\"description\":\"Blinder M27 & M47 XTREME Laserst\u00f6rer | Radar Service\",\"breadcrumb\":{\"@id\":\"https:\/\/radarservice.eu\/de\/produkt\/blinder-m27-m47-xtreme-laserstoerer\/#breadcrumb\"},\"inLanguage\":\"de\",\"potentialAction\":[{\"@type\":\"ReadAction\",\"target\":[\"https:\/\/radarservice.eu\/de\/produkt\/blinder-m27-m47-xtreme-laserstoerer\/\"]}]},{\"@type\":\"ImageObject\",\"inLanguage\":\"de\",\"@id\":\"https:\/\/radarservice.eu\/de\/produkt\/blinder-m27-m47-xtreme-laserstoerer\/#primaryimage\",\"url\":\"https:\/\/radarservice.eu\/wp-content\/uploads\/2020\/09\/blinder_m27_xtreme.jpg\",\"contentUrl\":\"https:\/\/radarservice.eu\/wp-content\/uploads\/2020\/09\/blinder_m27_xtreme.jpg\",\"width\":750,\"height\":563,\"caption\":\"Blinder M27 xtreme\"},{\"@type\":\"BreadcrumbList\",\"@id\":\"https:\/\/radarservice.eu\/de\/produkt\/blinder-m27-m47-xtreme-laserstoerer\/#breadcrumb\",\"itemListElement\":[{\"@type\":\"ListItem\",\"position\":1,\"name\":\"Radarwarner Shop\",\"item\":\"https:\/\/radarservice.eu\/de\/shop\/\"},{\"@type\":\"ListItem\",\"position\":2,\"name\":\"Blinder M27 &#038; M47 XTREME Laserst\u00f6rer\"}]},{\"@type\":\"WebSite\",\"@id\":\"https:\/\/radarservice.eu\/de\/#website\",\"url\":\"https:\/\/radarservice.eu\/de\/\",\"name\":\"Radar Service\",\"description\":\"Radar detector Laser jammer mobile fix\",\"publisher\":{\"@id\":\"https:\/\/radarservice.eu\/de\/#organization\"},\"potentialAction\":[{\"@type\":\"SearchAction\",\"target\":{\"@type\":\"EntryPoint\",\"urlTemplate\":\"https:\/\/radarservice.eu\/de\/?s={search_term_string}\"},\"query-input\":{\"@type\":\"PropertyValueSpecification\",\"valueRequired\":true,\"valueName\":\"search_term_string\"}}],\"inLanguage\":\"de\"},{\"@type\":\"Organization\",\"@id\":\"https:\/\/radarservice.eu\/de\/#organization\",\"name\":\"RadarService\",\"url\":\"https:\/\/radarservice.eu\/de\/\",\"logo\":{\"@type\":\"ImageObject\",\"inLanguage\":\"de\",\"@id\":\"https:\/\/radarservice.eu\/de\/#\/schema\/logo\/image\/\",\"url\":\"https:\/\/radarservice.eu\/wp-content\/uploads\/2021\/03\/Radar_detector_service.png\",\"contentUrl\":\"https:\/\/radarservice.eu\/wp-content\/uploads\/2021\/03\/Radar_detector_service.png\",\"width\":174,\"height\":48,\"caption\":\"RadarService\"},\"image\":{\"@id\":\"https:\/\/radarservice.eu\/de\/#\/schema\/logo\/image\/\"}}]}<\/script>\n<!-- \/ Yoast SEO plugin. -->","yoast_head_json":{"title":"Blinder M27 & M47 XTREME Laserst\u00f6rer | Radar Service","description":"Blinder M27 & M47 XTREME Laserst\u00f6rer | Radar Service","robots":{"index":"index","follow":"follow","max-snippet":"max-snippet:-1","max-image-preview":"max-image-preview:large","max-video-preview":"max-video-preview:-1"},"canonical":"https:\/\/radarservice.eu\/de\/produkt\/blinder-m27-m47-xtreme-laserstoerer\/","og_locale":"de_DE","og_type":"article","og_title":"Blinder M27 & M47 XTREME Laserst\u00f6rer | Radar Service","og_description":"Blinder M27 & M47 XTREME Laserst\u00f6rer | Radar Service","og_url":"https:\/\/radarservice.eu\/de\/produkt\/blinder-m27-m47-xtreme-laserstoerer\/","og_site_name":"Radar Service","article_modified_time":"2024-11-08T17:24:04+00:00","og_image":[{"width":750,"height":563,"url":"https:\/\/radarservice.eu\/wp-content\/uploads\/2020\/09\/blinder_m27_xtreme.jpg","type":"image\/jpeg"}],"twitter_card":"summary_large_image","twitter_misc":{"Gesch\u00e4tzte Lesezeit":"1\u00a0Minute"},"schema":{"@context":"https:\/\/schema.org","@graph":[{"@type":"WebPage","@id":"https:\/\/radarservice.eu\/de\/produkt\/blinder-m27-m47-xtreme-laserstoerer\/","url":"https:\/\/radarservice.eu\/de\/produkt\/blinder-m27-m47-xtreme-laserstoerer\/","name":"Blinder M27 & M47 XTREME Laserst\u00f6rer | Radar Service","isPartOf":{"@id":"https:\/\/radarservice.eu\/de\/#website"},"primaryImageOfPage":{"@id":"https:\/\/radarservice.eu\/de\/produkt\/blinder-m27-m47-xtreme-laserstoerer\/#primaryimage"},"image":{"@id":"https:\/\/radarservice.eu\/de\/produkt\/blinder-m27-m47-xtreme-laserstoerer\/#primaryimage"},"thumbnailUrl":"https:\/\/radarservice.eu\/wp-content\/uploads\/2020\/09\/blinder_m27_xtreme.jpg","datePublished":"2020-09-13T12:47:02+00:00","dateModified":"2024-11-08T17:24:04+00:00","description":"Blinder M27 & M47 XTREME Laserst\u00f6rer | Radar Service","breadcrumb":{"@id":"https:\/\/radarservice.eu\/de\/produkt\/blinder-m27-m47-xtreme-laserstoerer\/#breadcrumb"},"inLanguage":"de","potentialAction":[{"@type":"ReadAction","target":["https:\/\/radarservice.eu\/de\/produkt\/blinder-m27-m47-xtreme-laserstoerer\/"]}]},{"@type":"ImageObject","inLanguage":"de","@id":"https:\/\/radarservice.eu\/de\/produkt\/blinder-m27-m47-xtreme-laserstoerer\/#primaryimage","url":"https:\/\/radarservice.eu\/wp-content\/uploads\/2020\/09\/blinder_m27_xtreme.jpg","contentUrl":"https:\/\/radarservice.eu\/wp-content\/uploads\/2020\/09\/blinder_m27_xtreme.jpg","width":750,"height":563,"caption":"Blinder M27 xtreme"},{"@type":"BreadcrumbList","@id":"https:\/\/radarservice.eu\/de\/produkt\/blinder-m27-m47-xtreme-laserstoerer\/#breadcrumb","itemListElement":[{"@type":"ListItem","position":1,"name":"Radarwarner Shop","item":"https:\/\/radarservice.eu\/de\/shop\/"},{"@type":"ListItem","position":2,"name":"Blinder M27 &#038; M47 XTREME Laserst\u00f6rer"}]},{"@type":"WebSite","@id":"https:\/\/radarservice.eu\/de\/#website","url":"https:\/\/radarservice.eu\/de\/","name":"Radar Service","description":"Radar detector Laser jammer mobile fix","publisher":{"@id":"https:\/\/radarservice.eu\/de\/#organization"},"potentialAction":[{"@type":"SearchAction","target":{"@type":"EntryPoint","urlTemplate":"https:\/\/radarservice.eu\/de\/?s={search_term_string}"},"query-input":{"@type":"PropertyValueSpecification","valueRequired":true,"valueName":"search_term_string"}}],"inLanguage":"de"},{"@type":"Organization","@id":"https:\/\/radarservice.eu\/de\/#organization","name":"RadarService","url":"https:\/\/radarservice.eu\/de\/","logo":{"@type":"ImageObject","inLanguage":"de","@id":"https:\/\/radarservice.eu\/de\/#\/schema\/logo\/image\/","url":"https:\/\/radarservice.eu\/wp-content\/uploads\/2021\/03\/Radar_detector_service.png","contentUrl":"https:\/\/radarservice.eu\/wp-content\/uploads\/2021\/03\/Radar_detector_service.png","width":174,"height":48,"caption":"RadarService"},"image":{"@id":"https:\/\/radarservice.eu\/de\/#\/schema\/logo\/image\/"}}]}},"_links":{"self":[{"href":"https:\/\/radarservice.eu\/de\/wp-json\/wp\/v2\/product\/13619","targetHints":{"allow":["GET"]}}],"collection":[{"href":"https:\/\/radarservice.eu\/de\/wp-json\/wp\/v2\/product"}],"about":[{"href":"https:\/\/radarservice.eu\/de\/wp-json\/wp\/v2\/types\/product"}],"replies":[{"embeddable":true,"href":"https:\/\/radarservice.eu\/de\/wp-json\/wp\/v2\/comments?post=13619"}],"wp:featuredmedia":[{"embeddable":true,"href":"https:\/\/radarservice.eu\/de\/wp-json\/wp\/v2\/media\/13756"}],"wp:attachment":[{"href":"https:\/\/radarservice.eu\/de\/wp-json\/wp\/v2\/media?parent=13619"}],"wp:term":[{"taxonomy":"product_brand","embeddable":true,"href":"https:\/\/radarservice.eu\/de\/wp-json\/wp\/v2\/product_brand?post=13619"},{"taxonomy":"product_cat","embeddable":true,"href":"https:\/\/radarservice.eu\/de\/wp-json\/wp\/v2\/product_cat?post=13619"},{"taxonomy":"product_tag","embeddable":true,"href":"https:\/\/radarservice.eu\/de\/wp-json\/wp\/v2\/product_tag?post=13619"}],"curies":[{"name":"wp","href":"https:\/\/api.w.org\/{rel}","templated":true}]}}