{"id":13616,"date":"2020-09-13T14:47:02","date_gmt":"2020-09-13T12:47:02","guid":{"rendered":"https:\/\/radarservice.eu\/produkt\/beltronics-evo-997-europa-version\/"},"modified":"2024-02-22T13:50:00","modified_gmt":"2024-02-22T12:50:00","slug":"beltronics-evo-997-europa-version","status":"publish","type":"product","link":"https:\/\/radarservice.eu\/de\/produkt\/beltronics-evo-997-europa-version\/","title":{"rendered":"Beltronics EVO 997 Europa Version"},"content":{"rendered":"<p>Der Beltronics EVO 997 ist im Vergleich zum Bel 966NEW ca. 30% Leistungsst\u00e4rker und kann versteckt in der Fahrzeugfront verbaut werden.<br \/>\nDurch das spritzwassergesch\u00fctzte Geh\u00e4use ist eine unsichtbare Installation kein Problem. Die Warnungen und Einstellungen erfolgen \u00fcber ein sehr kleines Bedienpanel im Innenraum des Fahrzeuges.<\/p>\n<p>Optional kann der Bel EVO997 mit Silent Start bestellt werden, der die akustisch Selbsttestphase w\u00e4hrend des Einschaltens stumm schaltet.<\/p>\n<p><strong>Hinweis:<\/strong> Der Bel EVO 997 ist ein reiner Radarwarner und verf\u00fcgt \u00fcber keine Laserwarnung. Die optional erh\u00e4ltlichen original Laserempfangsmodule sind in Europa nicht empfehlenswert. Wenn Sie einen Laserschutz ben\u00f6tigen empfiehlt sich der Einsatz eines aktiven Laserblockers z.B. Genevo FF2 oder AL Priority.<\/p>\n<p><strong>\u00dcbersicht:<\/strong><br \/>\n+ BEL EVO 997 mit 30% mehr Empfangsleistung als der Bel 966NEW<br \/>\n+ X-, K-, KA- und Ku-Band<br \/>\n+ Ka-Schmalband f\u00fcr max. Leistung bei europ\u00e4ischen Multanova Radarger\u00e4ten<br \/>\n+ K-Band und Ku-Band auf Knopfdruck abschaltbar<br \/>\n+ Optional: \u201eSilent Start\u201c<\/p>\n<p><strong>Frequenzbereiche:<\/strong><br \/>\n+ X-band &#8211; 10.525 GHz \u00b1 25 MHz<br \/>\n+ K-band &#8211; 24.150 GHz \u00b1 100 MHz<br \/>\n+ Ka-band &#8211; 34.700 GHz \u00b1 1300 MHz<br \/>\n+ Ka Narrow &#8211; 34.0, 34.3, 34.7 und 35.5 GHz \u00b1 80 MHz<br \/>\n+ KU-Band &#8211; 13.450 MHz<\/p>\n<p><strong>Lieferumfang:<\/strong><br \/>\n* externe Radarantenne Bel EVO 997<br \/>\n* Steuerungseinheit mit Display<br \/>\n* Bedienungsanleitung<br \/>\n* komplettes Montagematerial f\u00fcr die Installation<\/p>\n","protected":false},"excerpt":{"rendered":"<p>Der Beltronics EVO 997 ist im Vergleich zum Bel 966NEW ca. 30% Leistungsst\u00e4rker und kann versteckt in der Fahrzeugfront verbaut werden. Durch das spritzwassergesch\u00fctzte Geh\u00e4use ist eine unsichtbare Installation kein Problem. Die Warnungen und Einstellungen erfolgen \u00fcber ein sehr kleines Bedienpanel im Innenraum des Fahrzeuges. Optional kann der Bel EVO997 mit Silent Start bestellt werden, [&#8230;]\n","protected":false},"featured_media":13766,"comment_status":"open","ping_status":"closed","template":"","meta":[],"product_brand":[],"product_cat":[222,187],"product_tag":[62,61,66,64,34,67],"class_list":{"0":"post-13616","1":"product","2":"type-product","3":"status-publish","4":"has-post-thumbnail","6":"product_cat-beltronics","7":"product_cat-festeinbau-radarwarner","8":"product_tag-bel","9":"product_tag-beltronics","10":"product_tag-evo-997","11":"product_tag-festeinbau","12":"product_tag-radarwarner","13":"product_tag-versteckter-einbau","15":"first","16":"instock","17":"sale","18":"taxable","19":"shipping-taxable","20":"purchasable","21":"product-type-simple"},"yoast_head":"<!-- This site is optimized with the Yoast SEO plugin v27.2 - https:\/\/yoast.com\/product\/yoast-seo-wordpress\/ -->\n<title>Beltronics EVO 997 Europa Version | Radar Service<\/title>\n<meta name=\"description\" content=\"Der Beltronics EVO 997 ist im Vergleich zum Bel 966NEW ca. 30% Leistungsst\u00e4rker und kann versteckt in der Fahrzeugfront verbaut werden.\" \/>\n<meta name=\"robots\" content=\"index, follow, max-snippet:-1, max-image-preview:large, max-video-preview:-1\" \/>\n<link rel=\"canonical\" href=\"https:\/\/radarservice.eu\/de\/produkt\/beltronics-evo-997-europa-version\/\" \/>\n<meta property=\"og:locale\" content=\"de_DE\" \/>\n<meta property=\"og:type\" content=\"article\" \/>\n<meta property=\"og:title\" content=\"Beltronics EVO 997 Europa Version | Radar Service\" \/>\n<meta property=\"og:description\" content=\"Der Beltronics EVO 997 ist im Vergleich zum Bel 966NEW ca. 30% Leistungsst\u00e4rker und kann versteckt in der Fahrzeugfront verbaut werden.\" \/>\n<meta property=\"og:url\" content=\"https:\/\/radarservice.eu\/de\/produkt\/beltronics-evo-997-europa-version\/\" \/>\n<meta property=\"og:site_name\" content=\"Radar Service\" \/>\n<meta property=\"article:modified_time\" content=\"2024-02-22T12:50:00+00:00\" \/>\n<meta property=\"og:image\" content=\"https:\/\/radarservice.eu\/wp-content\/uploads\/2020\/09\/Bel_997_Euro.jpg\" \/>\n\t<meta property=\"og:image:width\" content=\"800\" \/>\n\t<meta property=\"og:image:height\" content=\"531\" \/>\n\t<meta property=\"og:image:type\" content=\"image\/jpeg\" \/>\n<meta name=\"twitter:card\" content=\"summary_large_image\" \/>\n<meta name=\"twitter:label1\" content=\"Gesch\u00e4tzte Lesezeit\" \/>\n\t<meta name=\"twitter:data1\" content=\"1\u00a0Minute\" \/>\n<script type=\"application\/ld+json\" class=\"yoast-schema-graph\">{\"@context\":\"https:\/\/schema.org\",\"@graph\":[{\"@type\":\"WebPage\",\"@id\":\"https:\/\/radarservice.eu\/de\/produkt\/beltronics-evo-997-europa-version\/\",\"url\":\"https:\/\/radarservice.eu\/de\/produkt\/beltronics-evo-997-europa-version\/\",\"name\":\"Beltronics EVO 997 Europa Version | Radar Service\",\"isPartOf\":{\"@id\":\"https:\/\/radarservice.eu\/de\/#website\"},\"primaryImageOfPage\":{\"@id\":\"https:\/\/radarservice.eu\/de\/produkt\/beltronics-evo-997-europa-version\/#primaryimage\"},\"image\":{\"@id\":\"https:\/\/radarservice.eu\/de\/produkt\/beltronics-evo-997-europa-version\/#primaryimage\"},\"thumbnailUrl\":\"https:\/\/radarservice.eu\/wp-content\/uploads\/2020\/09\/Bel_997_Euro.jpg\",\"datePublished\":\"2020-09-13T12:47:02+00:00\",\"dateModified\":\"2024-02-22T12:50:00+00:00\",\"description\":\"Der Beltronics EVO 997 ist im Vergleich zum Bel 966NEW ca. 30% Leistungsst\u00e4rker und kann versteckt in der Fahrzeugfront verbaut werden.\",\"breadcrumb\":{\"@id\":\"https:\/\/radarservice.eu\/de\/produkt\/beltronics-evo-997-europa-version\/#breadcrumb\"},\"inLanguage\":\"de\",\"potentialAction\":[{\"@type\":\"ReadAction\",\"target\":[\"https:\/\/radarservice.eu\/de\/produkt\/beltronics-evo-997-europa-version\/\"]}]},{\"@type\":\"ImageObject\",\"inLanguage\":\"de\",\"@id\":\"https:\/\/radarservice.eu\/de\/produkt\/beltronics-evo-997-europa-version\/#primaryimage\",\"url\":\"https:\/\/radarservice.eu\/wp-content\/uploads\/2020\/09\/Bel_997_Euro.jpg\",\"contentUrl\":\"https:\/\/radarservice.eu\/wp-content\/uploads\/2020\/09\/Bel_997_Euro.jpg\",\"width\":800,\"height\":531,\"caption\":\"Bel 997 Euro\"},{\"@type\":\"BreadcrumbList\",\"@id\":\"https:\/\/radarservice.eu\/de\/produkt\/beltronics-evo-997-europa-version\/#breadcrumb\",\"itemListElement\":[{\"@type\":\"ListItem\",\"position\":1,\"name\":\"Radarwarner Shop\",\"item\":\"https:\/\/radarservice.eu\/de\/shop\/\"},{\"@type\":\"ListItem\",\"position\":2,\"name\":\"Beltronics EVO 997 Europa Version\"}]},{\"@type\":\"WebSite\",\"@id\":\"https:\/\/radarservice.eu\/de\/#website\",\"url\":\"https:\/\/radarservice.eu\/de\/\",\"name\":\"Radar Service\",\"description\":\"Radar detector Laser jammer mobile fix\",\"publisher\":{\"@id\":\"https:\/\/radarservice.eu\/de\/#organization\"},\"potentialAction\":[{\"@type\":\"SearchAction\",\"target\":{\"@type\":\"EntryPoint\",\"urlTemplate\":\"https:\/\/radarservice.eu\/de\/?s={search_term_string}\"},\"query-input\":{\"@type\":\"PropertyValueSpecification\",\"valueRequired\":true,\"valueName\":\"search_term_string\"}}],\"inLanguage\":\"de\"},{\"@type\":\"Organization\",\"@id\":\"https:\/\/radarservice.eu\/de\/#organization\",\"name\":\"RadarService\",\"url\":\"https:\/\/radarservice.eu\/de\/\",\"logo\":{\"@type\":\"ImageObject\",\"inLanguage\":\"de\",\"@id\":\"https:\/\/radarservice.eu\/de\/#\/schema\/logo\/image\/\",\"url\":\"https:\/\/radarservice.eu\/wp-content\/uploads\/2021\/03\/Radar_detector_service.png\",\"contentUrl\":\"https:\/\/radarservice.eu\/wp-content\/uploads\/2021\/03\/Radar_detector_service.png\",\"width\":174,\"height\":48,\"caption\":\"RadarService\"},\"image\":{\"@id\":\"https:\/\/radarservice.eu\/de\/#\/schema\/logo\/image\/\"}}]}<\/script>\n<!-- \/ Yoast SEO plugin. -->","yoast_head_json":{"title":"Beltronics EVO 997 Europa Version | Radar Service","description":"Der Beltronics EVO 997 ist im Vergleich zum Bel 966NEW ca. 30% Leistungsst\u00e4rker und kann versteckt in der Fahrzeugfront verbaut werden.","robots":{"index":"index","follow":"follow","max-snippet":"max-snippet:-1","max-image-preview":"max-image-preview:large","max-video-preview":"max-video-preview:-1"},"canonical":"https:\/\/radarservice.eu\/de\/produkt\/beltronics-evo-997-europa-version\/","og_locale":"de_DE","og_type":"article","og_title":"Beltronics EVO 997 Europa Version | Radar Service","og_description":"Der Beltronics EVO 997 ist im Vergleich zum Bel 966NEW ca. 30% Leistungsst\u00e4rker und kann versteckt in der Fahrzeugfront verbaut werden.","og_url":"https:\/\/radarservice.eu\/de\/produkt\/beltronics-evo-997-europa-version\/","og_site_name":"Radar Service","article_modified_time":"2024-02-22T12:50:00+00:00","og_image":[{"width":800,"height":531,"url":"https:\/\/radarservice.eu\/wp-content\/uploads\/2020\/09\/Bel_997_Euro.jpg","type":"image\/jpeg"}],"twitter_card":"summary_large_image","twitter_misc":{"Gesch\u00e4tzte Lesezeit":"1\u00a0Minute"},"schema":{"@context":"https:\/\/schema.org","@graph":[{"@type":"WebPage","@id":"https:\/\/radarservice.eu\/de\/produkt\/beltronics-evo-997-europa-version\/","url":"https:\/\/radarservice.eu\/de\/produkt\/beltronics-evo-997-europa-version\/","name":"Beltronics EVO 997 Europa Version | Radar Service","isPartOf":{"@id":"https:\/\/radarservice.eu\/de\/#website"},"primaryImageOfPage":{"@id":"https:\/\/radarservice.eu\/de\/produkt\/beltronics-evo-997-europa-version\/#primaryimage"},"image":{"@id":"https:\/\/radarservice.eu\/de\/produkt\/beltronics-evo-997-europa-version\/#primaryimage"},"thumbnailUrl":"https:\/\/radarservice.eu\/wp-content\/uploads\/2020\/09\/Bel_997_Euro.jpg","datePublished":"2020-09-13T12:47:02+00:00","dateModified":"2024-02-22T12:50:00+00:00","description":"Der Beltronics EVO 997 ist im Vergleich zum Bel 966NEW ca. 30% Leistungsst\u00e4rker und kann versteckt in der Fahrzeugfront verbaut werden.","breadcrumb":{"@id":"https:\/\/radarservice.eu\/de\/produkt\/beltronics-evo-997-europa-version\/#breadcrumb"},"inLanguage":"de","potentialAction":[{"@type":"ReadAction","target":["https:\/\/radarservice.eu\/de\/produkt\/beltronics-evo-997-europa-version\/"]}]},{"@type":"ImageObject","inLanguage":"de","@id":"https:\/\/radarservice.eu\/de\/produkt\/beltronics-evo-997-europa-version\/#primaryimage","url":"https:\/\/radarservice.eu\/wp-content\/uploads\/2020\/09\/Bel_997_Euro.jpg","contentUrl":"https:\/\/radarservice.eu\/wp-content\/uploads\/2020\/09\/Bel_997_Euro.jpg","width":800,"height":531,"caption":"Bel 997 Euro"},{"@type":"BreadcrumbList","@id":"https:\/\/radarservice.eu\/de\/produkt\/beltronics-evo-997-europa-version\/#breadcrumb","itemListElement":[{"@type":"ListItem","position":1,"name":"Radarwarner Shop","item":"https:\/\/radarservice.eu\/de\/shop\/"},{"@type":"ListItem","position":2,"name":"Beltronics EVO 997 Europa Version"}]},{"@type":"WebSite","@id":"https:\/\/radarservice.eu\/de\/#website","url":"https:\/\/radarservice.eu\/de\/","name":"Radar Service","description":"Radar detector Laser jammer mobile fix","publisher":{"@id":"https:\/\/radarservice.eu\/de\/#organization"},"potentialAction":[{"@type":"SearchAction","target":{"@type":"EntryPoint","urlTemplate":"https:\/\/radarservice.eu\/de\/?s={search_term_string}"},"query-input":{"@type":"PropertyValueSpecification","valueRequired":true,"valueName":"search_term_string"}}],"inLanguage":"de"},{"@type":"Organization","@id":"https:\/\/radarservice.eu\/de\/#organization","name":"RadarService","url":"https:\/\/radarservice.eu\/de\/","logo":{"@type":"ImageObject","inLanguage":"de","@id":"https:\/\/radarservice.eu\/de\/#\/schema\/logo\/image\/","url":"https:\/\/radarservice.eu\/wp-content\/uploads\/2021\/03\/Radar_detector_service.png","contentUrl":"https:\/\/radarservice.eu\/wp-content\/uploads\/2021\/03\/Radar_detector_service.png","width":174,"height":48,"caption":"RadarService"},"image":{"@id":"https:\/\/radarservice.eu\/de\/#\/schema\/logo\/image\/"}}]}},"_links":{"self":[{"href":"https:\/\/radarservice.eu\/de\/wp-json\/wp\/v2\/product\/13616","targetHints":{"allow":["GET"]}}],"collection":[{"href":"https:\/\/radarservice.eu\/de\/wp-json\/wp\/v2\/product"}],"about":[{"href":"https:\/\/radarservice.eu\/de\/wp-json\/wp\/v2\/types\/product"}],"replies":[{"embeddable":true,"href":"https:\/\/radarservice.eu\/de\/wp-json\/wp\/v2\/comments?post=13616"}],"wp:featuredmedia":[{"embeddable":true,"href":"https:\/\/radarservice.eu\/de\/wp-json\/wp\/v2\/media\/13766"}],"wp:attachment":[{"href":"https:\/\/radarservice.eu\/de\/wp-json\/wp\/v2\/media?parent=13616"}],"wp:term":[{"taxonomy":"product_brand","embeddable":true,"href":"https:\/\/radarservice.eu\/de\/wp-json\/wp\/v2\/product_brand?post=13616"},{"taxonomy":"product_cat","embeddable":true,"href":"https:\/\/radarservice.eu\/de\/wp-json\/wp\/v2\/product_cat?post=13616"},{"taxonomy":"product_tag","embeddable":true,"href":"https:\/\/radarservice.eu\/de\/wp-json\/wp\/v2\/product_tag?post=13616"}],"curies":[{"name":"wp","href":"https:\/\/api.w.org\/{rel}","templated":true}]}}