{"id":13330,"date":"2020-09-10T14:25:19","date_gmt":"2020-09-10T12:25:19","guid":{"rendered":"https:\/\/radarservice.eu\/produkt\/escort-9500ix-europa-radarwarner\/"},"modified":"2022-07-06T17:09:37","modified_gmt":"2022-07-06T15:09:37","slug":"escort-9500ix-europa-radarwarner","status":"publish","type":"product","link":"https:\/\/radarservice.eu\/de\/produkt\/escort-9500ix-europa-radarwarner\/","title":{"rendered":"Escort 9500iX Europa Radarwarner"},"content":{"rendered":"<p>Der Escort 9500ix Radarwarner bietet Ihnen perfekten Schutz vor Radarfallen, Lasermessungen und allen festinstallierten Blitzern in ganz Europa. Mit dem Escort 9500 iX EU bietet die Firma Escort eine Alternative zu den bekannten Bel und Valentine One Radarwarnern. Durch einen neu entwickelten Radar- und Laserempf\u00e4nger in Kombination mit dem integriertem GPS Chip, konnten die Fehlalarme auf ein Minimum reduziert werden.<\/p>\n<p>Der 9500iX GPS ist nicht nur ein einfacher GPS Radarwarner, der feste Blitzer anzeigt, sondern auch ein aktiver Radar- und Laserwarner, der vor mobilen Radarkontrollen warnt. Je nach Messmethode und Radarmessger\u00e4t warnt der Escort 9500 Europa ca. 200 &#8211; 500 Meter vor einer Radar- und Lasermessung. Diese Vorwarndistanzen sind vergleichbar mit anderen Spitzenger\u00e4ten.<\/p>\n<p><strong>\u00dcbersicht:<\/strong><br \/>\n+ mobiler Radarwarner<br \/>\n+ hochaufl\u00f6sendes Textdisplay<br \/>\n+ 360\u00b0 Grad Erfassung von allen Radar-Quellen in Europa (X \/ K \/ Ka-Band)<br \/>\n+ Warnung vor Radarmessger\u00e4ten<br \/>\n+ Warnung vor Lasermessungen<br \/>\n+ Warnung vor station\u00e4ren Radarger\u00e4ten<br \/>\n+ Warnung vor Rotlicht \u00dcberwachungen<br \/>\n+ Warnung bei Section Control Messungen (Abschnittskontrollen)<br \/>\n+ updatef\u00e4hig mittels USB Anschlu\u00df<br \/>\n+ EUROPA Datenbank f\u00fcr feste Blitzer ist bereits vorinstalliert<br \/>\n+ geeignet f\u00fcr den Einsatz in Europa.<br \/>\n+ eigene Gefahrenpunkte speicherbar<br \/>\n+ Ma\u00dfe (BxLxH in mm): 70 x 115 x 32<\/p>\n<p><strong>Frequenz\u00fcbersicht:<\/strong><br \/>\n+ 10.525-10.575 GHz (X-Band)<br \/>\n+ 24.050-24.250 GHz (K-Band &#8211; SuperWide)<br \/>\nselektierbar in:<br \/>\n+ 24.050-24.110 GHz (K-Band 1)<br \/>\n+ 24.111-24.185 GHz (K-Band 2)<br \/>\n+ 24.186-24.250 GHz (K-Band 3)<br \/>\n+ 33.400-36.000 GHz (KA-Band &#8211; SuperWide)<br \/>\nselektierbar in:<br \/>\n+ 33.720-33.910 GHz (KA-Band 1)<br \/>\n+ 34.200-34.390 GHz (KA-Band 2)<br \/>\n+ 34.700-34.790 GHz (KA-Band 3)<br \/>\n+ 35.400-35.590 GHz (KA-Band 4)<\/p>\n<p><strong>Lieferumfang:<\/strong><br \/>\n* Escort 9500 iX Radarwarner Europaversion<br \/>\n* Travel Box<br \/>\n* Windschutzscheibenhalterung (Saugn\u00e4pfe)<br \/>\n* 12V Stromanschlusskabel f\u00fcr Zigarettenanz\u00fcnder<br \/>\n* Bedienungsanleitung<\/p>\n<p><strong>Hinweis:<\/strong> Der Escort 9500ix Europa verf\u00fcgt zwar \u00fcber einen Laserempfang, aber f\u00fcr einen sicheren Laserschutz empfehlen wir den Einsatz eines aktiven Laserblockers z.B. Antilaser ALP Priority oder Lasertrack Flare.<\/p>\n","protected":false},"excerpt":{"rendered":"<p>\u27a8 Escort 9500ix EU Radarwarner jetzt g\u00fcnstig bestellen<\/p>\n","protected":false},"featured_media":13747,"comment_status":"open","ping_status":"closed","template":"","meta":[],"product_brand":[],"product_cat":[226,33],"product_tag":[160,45,162,161,72,34],"class_list":{"0":"post-13330","1":"product","2":"type-product","3":"status-publish","4":"has-post-thumbnail","6":"product_cat-escort","7":"product_cat-mobile-radarwarner","8":"product_tag-escort-9500ix","9":"product_tag-europa","10":"product_tag-festinstallierte-radarfallen","11":"product_tag-gps-empfaenger","12":"product_tag-laserwarnung","13":"product_tag-radarwarner","15":"first","16":"onbackorder","17":"taxable","18":"shipping-taxable","19":"purchasable","20":"product-type-simple"},"yoast_head":"<!-- This site is optimized with the Yoast SEO plugin v27.2 - https:\/\/yoast.com\/product\/yoast-seo-wordpress\/ -->\n<title>Escort 9500iX Europa Radarwarner | Radar Service<\/title>\n<meta name=\"description\" content=\"Escort 9500iX Europa Radarwarner | Radar Service\" \/>\n<meta name=\"robots\" content=\"index, follow, max-snippet:-1, max-image-preview:large, max-video-preview:-1\" \/>\n<link rel=\"canonical\" href=\"https:\/\/radarservice.eu\/de\/produkt\/escort-9500ix-europa-radarwarner\/\" \/>\n<meta property=\"og:locale\" content=\"de_DE\" \/>\n<meta property=\"og:type\" content=\"article\" \/>\n<meta property=\"og:title\" content=\"Escort 9500iX Europa Radarwarner | Radar Service\" \/>\n<meta property=\"og:description\" content=\"Escort 9500iX Europa Radarwarner | Radar Service\" \/>\n<meta property=\"og:url\" content=\"https:\/\/radarservice.eu\/de\/produkt\/escort-9500ix-europa-radarwarner\/\" \/>\n<meta property=\"og:site_name\" content=\"Radar Service\" \/>\n<meta property=\"article:modified_time\" content=\"2022-07-06T15:09:37+00:00\" \/>\n<meta property=\"og:image\" content=\"https:\/\/radarservice.eu\/wp-content\/uploads\/2020\/09\/Escort_9500ix_EU_solo.jpg\" \/>\n\t<meta property=\"og:image:width\" content=\"500\" \/>\n\t<meta property=\"og:image:height\" content=\"500\" \/>\n\t<meta property=\"og:image:type\" content=\"image\/jpeg\" \/>\n<meta name=\"twitter:card\" content=\"summary_large_image\" \/>\n<meta name=\"twitter:label1\" content=\"Gesch\u00e4tzte Lesezeit\" \/>\n\t<meta name=\"twitter:data1\" content=\"1\u00a0Minute\" \/>\n<script type=\"application\/ld+json\" class=\"yoast-schema-graph\">{\"@context\":\"https:\/\/schema.org\",\"@graph\":[{\"@type\":\"WebPage\",\"@id\":\"https:\/\/radarservice.eu\/de\/produkt\/escort-9500ix-europa-radarwarner\/\",\"url\":\"https:\/\/radarservice.eu\/de\/produkt\/escort-9500ix-europa-radarwarner\/\",\"name\":\"Escort 9500iX Europa Radarwarner | Radar Service\",\"isPartOf\":{\"@id\":\"https:\/\/radarservice.eu\/de\/#website\"},\"primaryImageOfPage\":{\"@id\":\"https:\/\/radarservice.eu\/de\/produkt\/escort-9500ix-europa-radarwarner\/#primaryimage\"},\"image\":{\"@id\":\"https:\/\/radarservice.eu\/de\/produkt\/escort-9500ix-europa-radarwarner\/#primaryimage\"},\"thumbnailUrl\":\"https:\/\/radarservice.eu\/wp-content\/uploads\/2020\/09\/Escort_9500ix_EU_solo.jpg\",\"datePublished\":\"2020-09-10T12:25:19+00:00\",\"dateModified\":\"2022-07-06T15:09:37+00:00\",\"description\":\"Escort 9500iX Europa Radarwarner | Radar Service\",\"breadcrumb\":{\"@id\":\"https:\/\/radarservice.eu\/de\/produkt\/escort-9500ix-europa-radarwarner\/#breadcrumb\"},\"inLanguage\":\"de\",\"potentialAction\":[{\"@type\":\"ReadAction\",\"target\":[\"https:\/\/radarservice.eu\/de\/produkt\/escort-9500ix-europa-radarwarner\/\"]}]},{\"@type\":\"ImageObject\",\"inLanguage\":\"de\",\"@id\":\"https:\/\/radarservice.eu\/de\/produkt\/escort-9500ix-europa-radarwarner\/#primaryimage\",\"url\":\"https:\/\/radarservice.eu\/wp-content\/uploads\/2020\/09\/Escort_9500ix_EU_solo.jpg\",\"contentUrl\":\"https:\/\/radarservice.eu\/wp-content\/uploads\/2020\/09\/Escort_9500ix_EU_solo.jpg\",\"width\":500,\"height\":500,\"caption\":\"Escort 9500ix Europa\"},{\"@type\":\"BreadcrumbList\",\"@id\":\"https:\/\/radarservice.eu\/de\/produkt\/escort-9500ix-europa-radarwarner\/#breadcrumb\",\"itemListElement\":[{\"@type\":\"ListItem\",\"position\":1,\"name\":\"Radarwarner Shop\",\"item\":\"https:\/\/radarservice.eu\/de\/shop\/\"},{\"@type\":\"ListItem\",\"position\":2,\"name\":\"Escort 9500iX Europa Radarwarner\"}]},{\"@type\":\"WebSite\",\"@id\":\"https:\/\/radarservice.eu\/de\/#website\",\"url\":\"https:\/\/radarservice.eu\/de\/\",\"name\":\"Radar Service\",\"description\":\"Radar detector Laser jammer mobile fix\",\"publisher\":{\"@id\":\"https:\/\/radarservice.eu\/de\/#organization\"},\"potentialAction\":[{\"@type\":\"SearchAction\",\"target\":{\"@type\":\"EntryPoint\",\"urlTemplate\":\"https:\/\/radarservice.eu\/de\/?s={search_term_string}\"},\"query-input\":{\"@type\":\"PropertyValueSpecification\",\"valueRequired\":true,\"valueName\":\"search_term_string\"}}],\"inLanguage\":\"de\"},{\"@type\":\"Organization\",\"@id\":\"https:\/\/radarservice.eu\/de\/#organization\",\"name\":\"RadarService\",\"url\":\"https:\/\/radarservice.eu\/de\/\",\"logo\":{\"@type\":\"ImageObject\",\"inLanguage\":\"de\",\"@id\":\"https:\/\/radarservice.eu\/de\/#\/schema\/logo\/image\/\",\"url\":\"https:\/\/radarservice.eu\/wp-content\/uploads\/2021\/03\/Radar_detector_service.png\",\"contentUrl\":\"https:\/\/radarservice.eu\/wp-content\/uploads\/2021\/03\/Radar_detector_service.png\",\"width\":174,\"height\":48,\"caption\":\"RadarService\"},\"image\":{\"@id\":\"https:\/\/radarservice.eu\/de\/#\/schema\/logo\/image\/\"}}]}<\/script>\n<!-- \/ Yoast SEO plugin. -->","yoast_head_json":{"title":"Escort 9500iX Europa Radarwarner | Radar Service","description":"Escort 9500iX Europa Radarwarner | Radar Service","robots":{"index":"index","follow":"follow","max-snippet":"max-snippet:-1","max-image-preview":"max-image-preview:large","max-video-preview":"max-video-preview:-1"},"canonical":"https:\/\/radarservice.eu\/de\/produkt\/escort-9500ix-europa-radarwarner\/","og_locale":"de_DE","og_type":"article","og_title":"Escort 9500iX Europa Radarwarner | Radar Service","og_description":"Escort 9500iX Europa Radarwarner | Radar Service","og_url":"https:\/\/radarservice.eu\/de\/produkt\/escort-9500ix-europa-radarwarner\/","og_site_name":"Radar Service","article_modified_time":"2022-07-06T15:09:37+00:00","og_image":[{"width":500,"height":500,"url":"https:\/\/radarservice.eu\/wp-content\/uploads\/2020\/09\/Escort_9500ix_EU_solo.jpg","type":"image\/jpeg"}],"twitter_card":"summary_large_image","twitter_misc":{"Gesch\u00e4tzte Lesezeit":"1\u00a0Minute"},"schema":{"@context":"https:\/\/schema.org","@graph":[{"@type":"WebPage","@id":"https:\/\/radarservice.eu\/de\/produkt\/escort-9500ix-europa-radarwarner\/","url":"https:\/\/radarservice.eu\/de\/produkt\/escort-9500ix-europa-radarwarner\/","name":"Escort 9500iX Europa Radarwarner | Radar Service","isPartOf":{"@id":"https:\/\/radarservice.eu\/de\/#website"},"primaryImageOfPage":{"@id":"https:\/\/radarservice.eu\/de\/produkt\/escort-9500ix-europa-radarwarner\/#primaryimage"},"image":{"@id":"https:\/\/radarservice.eu\/de\/produkt\/escort-9500ix-europa-radarwarner\/#primaryimage"},"thumbnailUrl":"https:\/\/radarservice.eu\/wp-content\/uploads\/2020\/09\/Escort_9500ix_EU_solo.jpg","datePublished":"2020-09-10T12:25:19+00:00","dateModified":"2022-07-06T15:09:37+00:00","description":"Escort 9500iX Europa Radarwarner | Radar Service","breadcrumb":{"@id":"https:\/\/radarservice.eu\/de\/produkt\/escort-9500ix-europa-radarwarner\/#breadcrumb"},"inLanguage":"de","potentialAction":[{"@type":"ReadAction","target":["https:\/\/radarservice.eu\/de\/produkt\/escort-9500ix-europa-radarwarner\/"]}]},{"@type":"ImageObject","inLanguage":"de","@id":"https:\/\/radarservice.eu\/de\/produkt\/escort-9500ix-europa-radarwarner\/#primaryimage","url":"https:\/\/radarservice.eu\/wp-content\/uploads\/2020\/09\/Escort_9500ix_EU_solo.jpg","contentUrl":"https:\/\/radarservice.eu\/wp-content\/uploads\/2020\/09\/Escort_9500ix_EU_solo.jpg","width":500,"height":500,"caption":"Escort 9500ix Europa"},{"@type":"BreadcrumbList","@id":"https:\/\/radarservice.eu\/de\/produkt\/escort-9500ix-europa-radarwarner\/#breadcrumb","itemListElement":[{"@type":"ListItem","position":1,"name":"Radarwarner Shop","item":"https:\/\/radarservice.eu\/de\/shop\/"},{"@type":"ListItem","position":2,"name":"Escort 9500iX Europa Radarwarner"}]},{"@type":"WebSite","@id":"https:\/\/radarservice.eu\/de\/#website","url":"https:\/\/radarservice.eu\/de\/","name":"Radar Service","description":"Radar detector Laser jammer mobile fix","publisher":{"@id":"https:\/\/radarservice.eu\/de\/#organization"},"potentialAction":[{"@type":"SearchAction","target":{"@type":"EntryPoint","urlTemplate":"https:\/\/radarservice.eu\/de\/?s={search_term_string}"},"query-input":{"@type":"PropertyValueSpecification","valueRequired":true,"valueName":"search_term_string"}}],"inLanguage":"de"},{"@type":"Organization","@id":"https:\/\/radarservice.eu\/de\/#organization","name":"RadarService","url":"https:\/\/radarservice.eu\/de\/","logo":{"@type":"ImageObject","inLanguage":"de","@id":"https:\/\/radarservice.eu\/de\/#\/schema\/logo\/image\/","url":"https:\/\/radarservice.eu\/wp-content\/uploads\/2021\/03\/Radar_detector_service.png","contentUrl":"https:\/\/radarservice.eu\/wp-content\/uploads\/2021\/03\/Radar_detector_service.png","width":174,"height":48,"caption":"RadarService"},"image":{"@id":"https:\/\/radarservice.eu\/de\/#\/schema\/logo\/image\/"}}]}},"_links":{"self":[{"href":"https:\/\/radarservice.eu\/de\/wp-json\/wp\/v2\/product\/13330","targetHints":{"allow":["GET"]}}],"collection":[{"href":"https:\/\/radarservice.eu\/de\/wp-json\/wp\/v2\/product"}],"about":[{"href":"https:\/\/radarservice.eu\/de\/wp-json\/wp\/v2\/types\/product"}],"replies":[{"embeddable":true,"href":"https:\/\/radarservice.eu\/de\/wp-json\/wp\/v2\/comments?post=13330"}],"wp:featuredmedia":[{"embeddable":true,"href":"https:\/\/radarservice.eu\/de\/wp-json\/wp\/v2\/media\/13747"}],"wp:attachment":[{"href":"https:\/\/radarservice.eu\/de\/wp-json\/wp\/v2\/media?parent=13330"}],"wp:term":[{"taxonomy":"product_brand","embeddable":true,"href":"https:\/\/radarservice.eu\/de\/wp-json\/wp\/v2\/product_brand?post=13330"},{"taxonomy":"product_cat","embeddable":true,"href":"https:\/\/radarservice.eu\/de\/wp-json\/wp\/v2\/product_cat?post=13330"},{"taxonomy":"product_tag","embeddable":true,"href":"https:\/\/radarservice.eu\/de\/wp-json\/wp\/v2\/product_tag?post=13330"}],"curies":[{"name":"wp","href":"https:\/\/api.w.org\/{rel}","templated":true}]}}